{"id":667,"date":"2020-03-30T18:52:48","date_gmt":"2020-03-30T18:52:48","guid":{"rendered":"https:\/\/sacod.ufpr.br\/coordesign\/?page_id=667"},"modified":"2020-06-09T12:11:03","modified_gmt":"2020-06-09T12:11:03","slug":"tramitacao-do-estagio-durante-o-regime-de-trabalho-remoto","status":"publish","type":"page","link":"https:\/\/sacod.ufpr.br\/coordesign\/estagio-orientacoes\/tramitacao-do-estagio-durante-o-regime-de-trabalho-remoto\/","title":{"rendered":"Tramita\u00e7\u00e3o do Est\u00e1gio durante o regime de trabalho remoto"},"content":{"rendered":"<p>1) O aluno encaminhar\u00e1 para a Coordena\u00e7\u00e3o do Curso, via e-mail, o contrato assinado pelo Estudante, pelo Concedente e agente de integra\u00e7\u00e3o (se for o caso), no formato PDF.<\/p>\n<p>2) A Coordena\u00e7\u00e3o do Curso abrir\u00e1 processo SEI e encaminhar\u00e1 para que a COE e o professor orientador possam emitir o parecer por meio de Despacho. Sugere-se um despacho simples: \u201cA COE do Curso de Design Gr\u00e1fico manifesta-se favor\u00e1vel \u00e0 realiza\u00e7\u00e3o do Est\u00e1gio [obrigat\u00f3rio ou n\u00e3o obrigat\u00f3rio] do estudante xxxxxxxxx.\u201d \u201cComo professor orientador de est\u00e1gio do Curso de Design Gr\u00e1fico sou favor\u00e1vel \u00e0 realiza\u00e7\u00e3o do Est\u00e1gio [obrigat\u00f3rio ou n\u00e3o obrigat\u00f3rio] do estudante xxxxxxxxx.\u201d<\/p>\n<p>3) A COE enviar\u00e1 o processo para a Coordena\u00e7\u00e3o do Curso que emitir\u00e1 um novo Despacho. \u201cA Coordena\u00e7\u00e3o do Curso xxxxxx manifesta-se favor\u00e1vel \u00e0 realiza\u00e7\u00e3o do Est\u00e1gio [obrigat\u00f3rio ou n\u00e3o obrigat\u00f3rio] do estudante xxxxxxxxx.\u201d<\/p>\n<p>4) A Coordena\u00e7\u00e3o do Curso encaminhar\u00e1 o processo para a COAFE.<\/p>\n<p>5) Ap\u00f3s as assinaturas a COAFE encaminhar\u00e1 o processo para a Cordena\u00e7\u00e3o do Curso.<\/p>\n","protected":false},"excerpt":{"rendered":"<p>1) O aluno encaminhar\u00e1 para a Coordena\u00e7\u00e3o do Curso, via e-mail, o contrato assinado pelo Estudante, pelo Concedente e agente de integra\u00e7\u00e3o (se for o caso), no formato PDF. 2) A Coordena\u00e7\u00e3o do Curso abrir\u00e1 processo SEI e encaminhar\u00e1 para que a COE e o professor orientador possam emitir o parecer por meio de Despacho. [&hellip;]<\/p>\n","protected":false},"author":1766,"featured_media":0,"parent":535,"menu_order":0,"comment_status":"closed","ping_status":"closed","template":"","meta":{"_acf_changed":false,"ngg_post_thumbnail":0,"footnotes":""},"class_list":["post-667","page","type-page","status-publish","hentry"],"acf":[],"_links":{"self":[{"href":"https:\/\/sacod.ufpr.br\/coordesign\/wp-json\/wp\/v2\/pages\/667","targetHints":{"allow":["GET"]}}],"collection":[{"href":"https:\/\/sacod.ufpr.br\/coordesign\/wp-json\/wp\/v2\/pages"}],"about":[{"href":"https:\/\/sacod.ufpr.br\/coordesign\/wp-json\/wp\/v2\/types\/page"}],"author":[{"embeddable":true,"href":"https:\/\/sacod.ufpr.br\/coordesign\/wp-json\/wp\/v2\/users\/1766"}],"replies":[{"embeddable":true,"href":"https:\/\/sacod.ufpr.br\/coordesign\/wp-json\/wp\/v2\/comments?post=667"}],"version-history":[{"count":2,"href":"https:\/\/sacod.ufpr.br\/coordesign\/wp-json\/wp\/v2\/pages\/667\/revisions"}],"predecessor-version":[{"id":711,"href":"https:\/\/sacod.ufpr.br\/coordesign\/wp-json\/wp\/v2\/pages\/667\/revisions\/711"}],"up":[{"embeddable":true,"href":"https:\/\/sacod.ufpr.br\/coordesign\/wp-json\/wp\/v2\/pages\/535"}],"wp:attachment":[{"href":"https:\/\/sacod.ufpr.br\/coordesign\/wp-json\/wp\/v2\/media?parent=667"}],"curies":[{"name":"wp","href":"https:\/\/api.w.org\/{rel}","templated":true}]}}