{"id":617,"date":"2019-09-24T19:50:51","date_gmt":"2019-09-24T19:50:51","guid":{"rendered":"https:\/\/sacod.ufpr.br\/coordesign\/?page_id=617"},"modified":"2021-05-29T18:02:18","modified_gmt":"2021-05-29T18:02:18","slug":"orientacoes","status":"publish","type":"page","link":"https:\/\/sacod.ufpr.br\/coordesign\/orientacoes\/","title":{"rendered":"Orienta\u00e7\u00f5es e Utilidades Design Gr\u00e1fico"},"content":{"rendered":"<h3>Covid19<\/h3>\n<p>Acolhimento psicologico da PRAE durante a pandemia: <a href=\"http:\/\/www.prae.ufpr.br\/prae\/noticias\/acolhimento-psicologico-da-prae-durante-a-pandemia\/\">http:\/\/www.prae.ufpr.br\/prae\/noticias\/acolhimento-psicologico-da-prae-durante-a-pandemia\/<\/a><\/p>\n<h3>UFPR ConVIDA: <a href=\"http:\/\/convida.ufpr.br\/\">convida.ufpr.br<\/a><\/h3>\n<p>e mais informa\u00e7\u00f5es na PRAE: <a href=\"http:\/\/www.prae.ufpr.br\/prae\/\" target=\"_blank\" rel=\"noopener\">http:\/\/www.prae.ufpr.br\/prae\/<\/a><\/p>\n<h3>1. Declara\u00e7\u00e3o de prov\u00e1vel formando<\/h3>\n<div>\n<div>Fazer solicita\u00e7\u00e3o para o e-mail <a href=\"mailto:atendimento@ufpr.br\" target=\"_blank\" rel=\"noopener\">atendimento@ufpr.br<\/a><\/div>\n<div>Na solicita\u00e7\u00e3o informar o motivo da solicita\u00e7\u00e3o, curso, Nome e GRR&nbsp;<\/div>\n<div>juntamente com CPF e c\u00f3pia de um documento com fotografia.<\/div>\n<div>Quem emite este documento \u00e9 o NAA e demora uns 5 dias \u00fateis<\/div>\n<\/div>\n<h3>2. Utilidades<\/h3>\n<p>Formul\u00e1rio para inclus\u00e3o de pauta para reuni\u00e3o de colegiado (Uso exclusivo para professores)<\/p>\n<p><a href=\"https:\/\/forms.gle\/roCYJK3EEuB9pNnD7\" target=\"_blank\" rel=\"noopener\">Link do formul\u00e1rio<\/a><\/p>\n<h3>3. Plano de Adequa\u00e7\u00e3o curricular (2020)<\/h3>\n<p><a href=\"https:\/\/sacod.ufpr.br\/coordesign\/wp-content\/uploads\/sites\/5\/2020\/02\/Plano-de-Adequa\u00e7\u00e3o-Curricular-Design-Gr\u00e1fico-2020.pdf\">Plano de Adequa\u00e7\u00e3o Curricular Design Gr\u00e1fico 2020<\/a><\/p>\n<h3>4. Tramita\u00e7\u00f5es do estagio durante o regime de trabalho remoto<\/h3>\n<div><a href=\"https:\/\/sacod.ufpr.br\/coordesign\/estagio-orientacoes\/tramitacao-do-estagio-durante-o-regime-de-trabalho-remoto\/\">https:\/\/sacod.ufpr.br\/coordesign\/estagio-orientacoes\/tramitacao-do-estagio-durante-o-regime-de-trabalho-remoto\/<\/a><\/div>\n<div>\n<div>&nbsp;<\/div>\n<\/div>\n","protected":false},"excerpt":{"rendered":"<p>Covid19 Acolhimento psicologico da PRAE durante a pandemia: http:\/\/www.prae.ufpr.br\/prae\/noticias\/acolhimento-psicologico-da-prae-durante-a-pandemia\/ UFPR ConVIDA: convida.ufpr.br e mais informa\u00e7\u00f5es na PRAE: http:\/\/www.prae.ufpr.br\/prae\/ 1. Declara\u00e7\u00e3o de prov\u00e1vel formando Fazer solicita\u00e7\u00e3o para o e-mail atendimento@ufpr.br Na solicita\u00e7\u00e3o informar o motivo da solicita\u00e7\u00e3o, curso, Nome e GRR&nbsp; juntamente com CPF e c\u00f3pia de um documento com fotografia. Quem emite este documento \u00e9 [&hellip;]<\/p>\n","protected":false},"author":1766,"featured_media":0,"parent":0,"menu_order":0,"comment_status":"closed","ping_status":"closed","template":"","meta":{"_acf_changed":false,"ngg_post_thumbnail":0,"footnotes":""},"class_list":["post-617","page","type-page","status-publish","hentry"],"acf":[],"_links":{"self":[{"href":"https:\/\/sacod.ufpr.br\/coordesign\/wp-json\/wp\/v2\/pages\/617","targetHints":{"allow":["GET"]}}],"collection":[{"href":"https:\/\/sacod.ufpr.br\/coordesign\/wp-json\/wp\/v2\/pages"}],"about":[{"href":"https:\/\/sacod.ufpr.br\/coordesign\/wp-json\/wp\/v2\/types\/page"}],"author":[{"embeddable":true,"href":"https:\/\/sacod.ufpr.br\/coordesign\/wp-json\/wp\/v2\/users\/1766"}],"replies":[{"embeddable":true,"href":"https:\/\/sacod.ufpr.br\/coordesign\/wp-json\/wp\/v2\/comments?post=617"}],"version-history":[{"count":13,"href":"https:\/\/sacod.ufpr.br\/coordesign\/wp-json\/wp\/v2\/pages\/617\/revisions"}],"predecessor-version":[{"id":1017,"href":"https:\/\/sacod.ufpr.br\/coordesign\/wp-json\/wp\/v2\/pages\/617\/revisions\/1017"}],"wp:attachment":[{"href":"https:\/\/sacod.ufpr.br\/coordesign\/wp-json\/wp\/v2\/media?parent=617"}],"curies":[{"name":"wp","href":"https:\/\/api.w.org\/{rel}","templated":true}]}}