{"id":603,"date":"2019-08-30T18:30:48","date_gmt":"2019-08-30T18:30:48","guid":{"rendered":"https:\/\/sacod.ufpr.br\/coordesign\/?page_id=603"},"modified":"2020-04-08T17:09:07","modified_gmt":"2020-04-08T17:09:07","slug":"estagio-design-de-produto","status":"publish","type":"page","link":"https:\/\/sacod.ufpr.br\/coordesign\/estagio-design-de-produto\/","title":{"rendered":"Est\u00e1gio &#8211; Design de Produto"},"content":{"rendered":"<h3>1. Regulamento de est\u00e1gio<\/h3>\n<p><a href=\"https:\/\/sacod.ufpr.br\/coordesign\/wp-content\/uploads\/sites\/5\/2019\/08\/Regulamento-Est\u00e1gio-Atualizado-2019-1.pdf\">Regulamento Est\u00e1gio DP 2019<\/a><\/p>\n<h3>2. Carga hor\u00e1ria<\/h3>\n<p>Para concluir o curso, estudantes de Design de Produto devem integralizar 360 horas de est\u00e1gio obrigat\u00f3rio.<\/p>\n<p>Para n\u00e3o esquecer : 3 meses &gt;12 semanas &gt; 5 dias por semana &gt; 6 horas de trabalho por dia 12*5*6 = 360 horas<\/p>\n<h3>3. Manual de Est\u00e1gios da UFPR<\/h3>\n<p>O documento apresenta, de forma detalhada, informa\u00e7\u00f5es sobre os procedimentos para est\u00e1gios obrigat\u00f3rios e n\u00e3o obrigat\u00f3rios.&nbsp;<\/p>\n<p><a href=\"http:\/\/naolab.nexodesign.com.br\/wp-content\/uploads\/2018\/11\/Manual-de-Est\u00e1gios-da-UFPR.pdf\">Manual de Est\u00e1gios da UFPR<\/a><\/p>\n<h3>4. Documentos\/ Formul\u00e1rios<\/h3>\n<p><a href=\"http:\/\/200.17.193.102\/tela_estagio_formularios\/\">http:\/\/200.17.193.102\/tela_estagio_formularios\/<\/a><\/p>\n<h3>5. Informa\u00e7\u00f5es sobre est\u00e1gios no contexto da pandemia de COVID19<\/h3>\n<p><a href=\"https:\/\/sacod.ufpr.br\/coordesign\/wp-content\/uploads\/sites\/5\/2020\/04\/Orientac\u0327o\u0303es-PROGRAD_Esta\u0301gio.pdf\">Orientac\u0327o\u0303es PROGRAD_Esta\u0301gio<\/a>&nbsp;<\/p>\n<p><a href=\"https:\/\/sacod.ufpr.br\/coordesign\/wp-content\/uploads\/sites\/5\/2020\/04\/Carta-esta\u0301gios.pdf\">Orienta\u00e7\u00f5es da COE &#8211; Design de Produto<\/a><\/p>\n","protected":false},"excerpt":{"rendered":"<p>1. Regulamento de est\u00e1gio Regulamento Est\u00e1gio DP 2019 2. Carga hor\u00e1ria Para concluir o curso, estudantes de Design de Produto devem integralizar 360 horas de est\u00e1gio obrigat\u00f3rio. Para n\u00e3o esquecer : 3 meses &gt;12 semanas &gt; 5 dias por semana &gt; 6 horas de trabalho por dia 12*5*6 = 360 horas 3. Manual de Est\u00e1gios [&hellip;]<\/p>\n","protected":false},"author":1767,"featured_media":0,"parent":0,"menu_order":0,"comment_status":"closed","ping_status":"closed","template":"","meta":{"_acf_changed":false,"ngg_post_thumbnail":0,"footnotes":""},"class_list":["post-603","page","type-page","status-publish","hentry"],"acf":[],"_links":{"self":[{"href":"https:\/\/sacod.ufpr.br\/coordesign\/wp-json\/wp\/v2\/pages\/603","targetHints":{"allow":["GET"]}}],"collection":[{"href":"https:\/\/sacod.ufpr.br\/coordesign\/wp-json\/wp\/v2\/pages"}],"about":[{"href":"https:\/\/sacod.ufpr.br\/coordesign\/wp-json\/wp\/v2\/types\/page"}],"author":[{"embeddable":true,"href":"https:\/\/sacod.ufpr.br\/coordesign\/wp-json\/wp\/v2\/users\/1767"}],"replies":[{"embeddable":true,"href":"https:\/\/sacod.ufpr.br\/coordesign\/wp-json\/wp\/v2\/comments?post=603"}],"version-history":[{"count":5,"href":"https:\/\/sacod.ufpr.br\/coordesign\/wp-json\/wp\/v2\/pages\/603\/revisions"}],"predecessor-version":[{"id":684,"href":"https:\/\/sacod.ufpr.br\/coordesign\/wp-json\/wp\/v2\/pages\/603\/revisions\/684"}],"wp:attachment":[{"href":"https:\/\/sacod.ufpr.br\/coordesign\/wp-json\/wp\/v2\/media?parent=603"}],"curies":[{"name":"wp","href":"https:\/\/api.w.org\/{rel}","templated":true}]}}