{"id":585,"date":"2019-08-30T18:13:42","date_gmt":"2019-08-30T18:13:42","guid":{"rendered":"https:\/\/sacod.ufpr.br\/coordesign\/?page_id=585"},"modified":"2024-08-15T18:04:38","modified_gmt":"2024-08-15T18:04:38","slug":"horas-formativas-design-de-produto","status":"publish","type":"page","link":"https:\/\/sacod.ufpr.br\/coordesign\/horas-formativas-design-de-produto\/","title":{"rendered":"Atividades formativas &#8211; Design de Produto"},"content":{"rendered":"<p>Para a conclus\u00e3o do curso de Design de Produto as\/os estudantes dever\u00e3o comprovar a realiza\u00e7\u00e3o de 180 horas de Atividades Formativas Complementares (AFC&#8217;s), que dever\u00e3o ser avaliadas e aprovadas pela Comiss\u00e3o Permanente de Avalia\u00e7\u00e3o de Atividades Formativas Complementares do curso.&nbsp;<\/p>\n<p>ATEN\u00c7\u00c3O!!&nbsp;<br \/>\nAs solicita\u00e7\u00e3o para o primeiro semestre de 2024 devem ser encaminhadas at\u00e9 o dia <strong>19 de agosto de 2024<\/strong> \u00e0s 23h59<br \/>\nAs solicita\u00e7\u00e3o para o segundo semestre de 2024 devem ser encaminhadas at\u00e9 o dia <strong>22 de novembro&nbsp;de 2024<\/strong>&nbsp;\u00e0s 23h59.<\/p>\n<p><strong>Procedimento para solicita\u00e7\u00e3o de avalia\u00e7\u00e3o de Atividades Formativas Complementares:<\/strong><\/p>\n<p>Deve-se realizar a leitura do&nbsp;<a href=\"https:\/\/sacod.ufpr.br\/coordesign\/wp-content\/uploads\/sites\/5\/2023\/09\/Regulamento_Atividades-Formativas_2023_Design-de-Produto.pdf\">Regulamento de Atividades Formativas do Curso de Design de Produto.<\/a><\/p>\n<p>Realizar o download da&nbsp;<a href=\"https:\/\/sacod.ufpr.br\/coordesign\/wp-content\/uploads\/sites\/5\/2022\/08\/Planilha_Atividades_Formativas_2022_V1.docx\">Planilha Atividades Formativas DP (.DOCX)<\/a>&nbsp;ou&nbsp;<a href=\"https:\/\/sacod.ufpr.br\/coordesign\/wp-content\/uploads\/sites\/5\/2022\/08\/Planilha_Atividades_Formativas_2022_V1.pdf\">Planilha Atividades Formativas DP (.PDF)<\/a>, preencher as informa\u00e7\u00f5es conforme atividades realizadas.<\/p>\n<p>Anexar documenta\u00e7\u00e3o comprobat\u00f3ria e gerar um arquivo em formato .pdf e assinar este arquivo.<\/p>\n<p>Baixar a <a href=\"https:\/\/sacod.ufpr.br\/coordesign\/wp-content\/uploads\/sites\/5\/2023\/09\/Declaracao-de-veracidade_DesignProduto.docx\">Declara\u00e7\u00e3o de Veracidade<\/a>, preencher e assinar o documento, gerando um segundo arquivo em formato .pdf.<\/p>\n<p>Acessar o <a href=\"https:\/\/forms.office.com\/r\/Af63JwVCRR\">formul\u00e1rio digital de Solicita\u00e7\u00e3o de Avalia\u00e7\u00e3o de Atividades Formativas Complementares<\/a>, preencher os campos, anexar a Planilha de Atividades Formativas (preenchida, assinada e constando a documenta\u00e7\u00e3o comprobat\u00f3ria) e a Declara\u00e7\u00e3o de Veracidade (preenchida e assinada).&nbsp;<\/p>\n<p>O resultado da avalia\u00e7\u00e3o de AFC&#8217;s ser\u00e1 publicada em edital pela Comiss\u00e3o Permanente de Avalia\u00e7\u00e3o de Atividades Formativas Complementares do curso.<\/p>\n<p>&nbsp;<\/p>\n<p><strong>D\u00favidas? <\/strong><br \/>\nencaminhar e-mail para coord.design.produto@ufpr.br ou comparecer nos hor\u00e1rios de atendimento da secretaria.<\/p>\n<p>&nbsp;<\/p>\n","protected":false},"excerpt":{"rendered":"<p>Para a conclus\u00e3o do curso de Design de Produto as\/os estudantes dever\u00e3o comprovar a realiza\u00e7\u00e3o de 180 horas de Atividades Formativas Complementares (AFC&#8217;s), que dever\u00e3o ser avaliadas e aprovadas pela Comiss\u00e3o Permanente de Avalia\u00e7\u00e3o de Atividades Formativas Complementares do curso.&nbsp; ATEN\u00c7\u00c3O!!&nbsp; As solicita\u00e7\u00e3o para o primeiro semestre de 2024 devem ser encaminhadas at\u00e9 o dia [&hellip;]<\/p>\n","protected":false},"author":1767,"featured_media":0,"parent":0,"menu_order":0,"comment_status":"closed","ping_status":"closed","template":"","meta":{"_acf_changed":false,"ngg_post_thumbnail":0,"footnotes":""},"class_list":["post-585","page","type-page","status-publish","hentry"],"acf":[],"_links":{"self":[{"href":"https:\/\/sacod.ufpr.br\/coordesign\/wp-json\/wp\/v2\/pages\/585","targetHints":{"allow":["GET"]}}],"collection":[{"href":"https:\/\/sacod.ufpr.br\/coordesign\/wp-json\/wp\/v2\/pages"}],"about":[{"href":"https:\/\/sacod.ufpr.br\/coordesign\/wp-json\/wp\/v2\/types\/page"}],"author":[{"embeddable":true,"href":"https:\/\/sacod.ufpr.br\/coordesign\/wp-json\/wp\/v2\/users\/1767"}],"replies":[{"embeddable":true,"href":"https:\/\/sacod.ufpr.br\/coordesign\/wp-json\/wp\/v2\/comments?post=585"}],"version-history":[{"count":11,"href":"https:\/\/sacod.ufpr.br\/coordesign\/wp-json\/wp\/v2\/pages\/585\/revisions"}],"predecessor-version":[{"id":1459,"href":"https:\/\/sacod.ufpr.br\/coordesign\/wp-json\/wp\/v2\/pages\/585\/revisions\/1459"}],"wp:attachment":[{"href":"https:\/\/sacod.ufpr.br\/coordesign\/wp-json\/wp\/v2\/media?parent=585"}],"curies":[{"name":"wp","href":"https:\/\/api.w.org\/{rel}","templated":true}]}}