{"id":535,"date":"2019-02-19T11:26:10","date_gmt":"2019-02-19T11:26:10","guid":{"rendered":"https:\/\/sacod.ufpr.br\/coordesign\/?page_id=535"},"modified":"2024-02-27T09:36:49","modified_gmt":"2024-02-27T09:36:49","slug":"estagio-orientacoes","status":"publish","type":"page","link":"https:\/\/sacod.ufpr.br\/coordesign\/estagio-orientacoes\/","title":{"rendered":"Est\u00e1gio &#8211; Design Gr\u00e1fico"},"content":{"rendered":"<h2><span style=\"color: #ff6600\">Est\u00e1gios para o Curso de Design Gr\u00e1fico<\/span><\/h2>\n<p><span style=\"font-weight: 400\">O Projeto Pedag\u00f3gico do Curso de Design Gr\u00e1fico do Setor de Artes, Comunica\u00e7\u00e3o e Design da UFPR prev\u00ea a realiza\u00e7\u00e3o de Est\u00e1gio nas modalidades de <strong>Est\u00e1gio Obrigat\u00f3rio<\/strong> e de <strong>Est\u00e1gio N\u00e3o Obrigat\u00f3rio<\/strong>, em conformidade com as diretrizes curriculares \u2013 Resolu\u00e7\u00e3o CNE\/CES n\u00ba 2\/2006, Lei n\u00ba 11.788\/2008, Resolu\u00e7\u00e3o n\u00ba 70\/04-CEPE, Resolu\u00e7\u00e3o n\u00ba 46\/10-CEPE e Instru\u00e7\u00f5es Normativas decorrentes e ser\u00e3o desenvolvidos conforme o estabelecido no presente Regulamento.<\/span><\/p>\n<p>&nbsp;<\/p>\n<h3><span style=\"color: #ff6600\">1. Prograd | COAFE &#8211; Unidade de Est\u00e1gios<\/span><\/h3>\n<ul>\n<li><a href=\"http:\/\/www.prograd.ufpr.br\/portal\/coafe\/wp-content\/uploads\/sites\/15\/2019\/08\/Manual-de-Est%C3%A1gios-Vers%C3%A3o-Final.pdf\">Manual do Est\u00e1gio da UFPR<\/a><\/li>\n<li><a href=\"http:\/\/www.prograd.ufpr.br\/cge\/perguntas-frequentes\/\"><span style=\"color: #333333\">Perguntas frequentes<\/span><\/a><\/li>\n<li><a href=\"http:\/\/www.prograd.ufpr.br\/estagio\/formularios\/\">Formul\u00e1rios da UFPR<\/a><\/li>\n<\/ul>\n<h3>&nbsp;<\/h3>\n<h3><span style=\"color: #ff6600\">2. Regulamento de Est\u00e1gio do Curso de Design Gr\u00e1fico<\/span><\/h3>\n<p><a href=\"https:\/\/drive.google.com\/file\/d\/1XMi1pC2ePTalKdz_z8yphwqhcKO0_VIz\/view?usp=sharing\">REGULAMENTO DE EST\u00c1GIO (23022024).<\/a><\/p>\n<p>&nbsp;<\/p>\n<h3><span style=\"color: #ff6600\">3. Informa\u00e7\u00f5es e Fluxo de documentos<\/span><\/h3>\n<p><span style=\"color: #ff6600\"><strong>Est\u00e1gio N\u00e3o Obrigat\u00f3rio<\/strong><\/span><\/p>\n<ul>\n<li>podem realizar Est\u00e1gio N\u00e3o Obrigat\u00f3rio, discentes que estejam matriculades regularmente no curso<\/li>\n<li>o Est\u00e1gio n\u00e3o pode coincidir com as atividades acad\u00eamicas, nem em dias e\/ou hor\u00e1rios<\/li>\n<li>o\/a supervisor\/a do Est\u00e1gio na empresa precisa ser da \u00e1rea do Design ou afins (caso n\u00e3o seja preencher <a href=\"http:\/\/200.17.193.102\/tela_estagio_formularios\/formularios\/form_declaracao_experiencia.php\">Declara\u00e7\u00e3o de Experi\u00eancia<\/a>)<\/li>\n<li>preencher e assinar o TCE &#8211; Termo de Compromisso de Est\u00e1gio (<span style=\"font-size: 16px\">as assinaturas podem ser f\u00edsicas, digitais ou eletr\u00f4nicas)<\/span><\/li>\n<li>enviar o TCE, com no <strong>m\u00ednimo 10 dias \u00fateis de anteced\u00eancia<\/strong> ao in\u00edcio do Est\u00e1gio, em arquivo PDF, por email para <span style=\"color: #0000ff\">coordi@ufpr.br<\/span><\/li>\n<li>a coordena\u00e7\u00e3o ir\u00e1 analisar as informa\u00e7\u00f5es, abrir processo SEI e gerar um despacho para enviar a COAFE<\/li>\n<li>a COAFE analisar\u00e1 as informa\u00e7\u00f5es e far\u00e1 o &#8220;registro&#8221; do Est\u00e1gio na UFPR ou poder\u00e1 solicitar ajuste e\/ou complementa\u00e7\u00f5es documentais no processo.<\/li>\n<li>ap\u00f3s deferimento a coordena\u00e7\u00e3o enviar\u00e1 os documentos ao\/a discente<\/li>\n<li>a cada 6 meses o\/a discente precisa enviar, por email, Relat\u00f3rio parcial<\/li>\n<li>ao final do Est\u00e1gio,&nbsp;o\/a discente precisa enviar, por email, Relat\u00f3rio Final.<\/li>\n<\/ul>\n<div>\n<div>&nbsp;<\/div>\n<div><span style=\"color: #ff6600\"><strong>Est\u00e1gio Obrigat\u00f3rio<\/strong><\/span><\/div>\n<div>\n<ul>\n<li>somente discentes matriculades e cursando a Disciplina de Est\u00e1gio Supervisionado (OD501\/ODDA5) podem realizar Est\u00e1gio Obrigat\u00f3rio<\/li>\n<li>o Est\u00e1gio n\u00e3o pode coincidir com as atividades acad\u00eamicas, nem em dias e\/ou hor\u00e1rios<\/li>\n<li>o Est\u00e1gio precisa ocorrer no per\u00edodo da disciplina (observar datas de in\u00edcio e fim do ano letivo)<\/li>\n<li>o\/a supervisor\/a do Est\u00e1gio na empresa precisa ser da \u00e1rea do Design ou afins (caso n\u00e3o seja preencher <a href=\"http:\/\/200.17.193.102\/tela_estagio_formularios\/formularios\/form_declaracao_experiencia.php\">Declara\u00e7\u00e3o de Experi\u00eancia<\/a>)<\/li>\n<li>preencher e assinar o TCE &#8211; Termo de Compromisso de Est\u00e1gio (<span style=\"font-size: 16px\">as assinaturas podem ser f\u00edsicas, digitais ou eletr\u00f4nicas)<\/span><\/li>\n<li>enviar o TCE, com no <strong>m\u00ednimo 10 dias \u00fateis de anteced\u00eancia<\/strong> ao in\u00edcio do Est\u00e1gio, em arquivo PDF, por email para <span style=\"color: #0000ff\">coordi@ufpr.br<\/span><\/li>\n<li>a coordena\u00e7\u00e3o ir\u00e1 analisar as informa\u00e7\u00f5es, abrir processo SEI e gerar um despacho para enviar a docente da&nbsp;Disciplina de Est\u00e1gio Supervisionado (OD501\/ODDA5)<\/li>\n<li>a docente da&nbsp;Disciplina de Est\u00e1gio Supervisionado (OD501\/ODDA5) precisa gerar um despacho e retornar o processo para a coordena\u00e7\u00e3o<\/li>\n<li>a coordena\u00e7\u00e3o de curso envia processo para a COAFE<\/li>\n<li>a COAFE analisar\u00e1 as informa\u00e7\u00f5es e far\u00e1 o &#8220;registro&#8221; do Est\u00e1gio na UFPR ou poder\u00e1 solicitar ajuste e\/ou complementa\u00e7\u00f5es documentais no processo.<\/li>\n<li>ap\u00f3s deferimento a coordena\u00e7\u00e3o enviar\u00e1 os documentos ao\/a discente<\/li>\n<li>a cada 6 meses o\/a discente precisa enviar, por email, Relat\u00f3rio parcial<\/li>\n<li>ao final do Est\u00e1gio,&nbsp;o\/a discente precisa enviar, por email, Relat\u00f3rio Final.<\/li>\n<\/ul>\n<p style=\"padding-left: 30px\"><span style=\"color: #ff6600\"><strong>Convalida\u00e7\u00e3o de Est\u00e1gio<\/strong><\/span><\/p>\n<p style=\"padding-left: 30px\"><span style=\"font-weight: 400\">A convalida\u00e7\u00e3o de horas em atividades espec\u00edficas (IC, Extens\u00e3o, trabalho com carteira assinada ou atividade profissional freelancer) poder\u00e1 ser solicitada \u00e0 COE &#8211; Comiss\u00e3o Orientadora de Est\u00e1gio do curso, em at\u00e9 <\/span><span style=\"color: #0000ff\"><b>30 dias antes<\/b><\/span><span style=\"font-weight: 400;color: #0000ff\"> do final do semestre letivo.<\/span><\/p>\n<\/div>\n<\/div>\n<p>&nbsp;<\/p>\n<h3><span style=\"color: #ff6600\">4. Solicita\u00e7\u00f5es \u00e0 COE do Curso<\/span><\/h3>\n<ul>\n<li>Convalida\u00e7\u00e3o est\u00e1gio: <a href=\"https:\/\/docs.google.com\/forms\/d\/e\/1FAIpQLSeum_rsemCHa1Rp7E1PMcodgvIpvHg_hSZKH_MBMwFas9b1KQ\/viewform?usp=sf_link\" target=\"_blank\" rel=\"noopener\">Form convalida\u00e7\u00e3o<\/a><\/li>\n<li>Outras solicita\u00e7\u00f5es:&nbsp;<a href=\"https:\/\/forms.gle\/4s24KTMUYrZu8Z8W6\" target=\"_blank\" rel=\"noopener\">Outras solicita\u00e7\u00f5es<\/a><\/li>\n<\/ul>\n<p>_____________________________________<\/p>\n<p>&nbsp;<\/p>\n<h3>&nbsp;<\/h3>\n<h3>4. Carga hor\u00e1ria do Est\u00e1gio Obrigat\u00f3rio<\/h3>\n<ul>\n<li><strong>A carga hor\u00e1ria \u00e9 de 360 horas.<\/strong><\/li>\n<li><span style=\"color: #ff6600\"><strong>12&nbsp;<\/strong>semanas&nbsp; x&nbsp;&nbsp;<strong> 5&nbsp;<\/strong>dias\/semana&nbsp; x<strong>&nbsp; 6 <\/strong>horas por dia<strong> = 360 horas<\/strong><\/span><\/li>\n<li>Para n\u00e3o esquecer!! : 3 meses ou <strong>12<\/strong> semanas, atuando <strong>5<\/strong> dias por semana e com <strong>6<\/strong> horas de trabalho por dia.<\/li>\n<\/ul>\n<h3>&nbsp;<\/h3>\n<h3><span style=\"color: #ff6600\">6. Dados para o TCE | Supervis\u00e3o de Est\u00e1gios<\/span><\/h3>\n<ul>\n<li>Nome do Orientador:&nbsp; nome do\/a atual coordenador\/a do curso<\/li>\n<li>Sigla da Unidade de Lota\u00e7\u00e3o (UORG):&nbsp; Departamento de Design<\/li>\n<li>Telefone com DDD: (41) 3360-5103<\/li>\n<li>Email: coordi@ufpr.br<\/li>\n<li>\u00c1rea de forma\u00e7\u00e3o acad\u00eamica: Design.<\/li>\n<\/ul>\n<p>&nbsp;<\/p>\n<h3><span style=\"color: #ff6600\">7. Disciplina de Est\u00e1gio Supervisionado<\/span><\/h3>\n<ul>\n<li>participa\u00e7\u00e3o em atividades com a turma (conferir cronograma com a docente respons\u00e1vel pela disciplina);<\/li>\n<li>orienta\u00e7\u00f5es aos\/as discente;<\/li>\n<li>ver plano de ensino da disciplina;<\/li>\n<li>d\u00favidas: e-mail&nbsp;<b>ufpr.design.estagio@gmail.com<\/b><\/li>\n<\/ul>\n<div>\n<div>\n<div dir=\"ltr\">\n<div dir=\"ltr\">\n<div>\n<div dir=\"ltr\">\n<div>\n<div dir=\"ltr\">\n<div dir=\"ltr\">\n<div>___________________________<\/div>\n<\/div>\n<\/div>\n<\/div>\n<\/div>\n<\/div>\n<\/div>\n<\/div>\n<\/div>\n<\/div>\n<p>&nbsp;<\/p>\n","protected":false},"excerpt":{"rendered":"<p>Est\u00e1gios para o Curso de Design Gr\u00e1fico O Projeto Pedag\u00f3gico do Curso de Design Gr\u00e1fico do Setor de Artes, Comunica\u00e7\u00e3o e Design da UFPR prev\u00ea a realiza\u00e7\u00e3o de Est\u00e1gio nas modalidades de Est\u00e1gio Obrigat\u00f3rio e de Est\u00e1gio N\u00e3o Obrigat\u00f3rio, em conformidade com as diretrizes curriculares \u2013 Resolu\u00e7\u00e3o CNE\/CES n\u00ba 2\/2006, Lei n\u00ba 11.788\/2008, Resolu\u00e7\u00e3o n\u00ba [&hellip;]<\/p>\n","protected":false},"author":1766,"featured_media":0,"parent":0,"menu_order":0,"comment_status":"closed","ping_status":"closed","template":"","meta":{"_acf_changed":false,"ngg_post_thumbnail":0,"footnotes":""},"class_list":["post-535","page","type-page","status-publish","hentry"],"acf":[],"_links":{"self":[{"href":"https:\/\/sacod.ufpr.br\/coordesign\/wp-json\/wp\/v2\/pages\/535","targetHints":{"allow":["GET"]}}],"collection":[{"href":"https:\/\/sacod.ufpr.br\/coordesign\/wp-json\/wp\/v2\/pages"}],"about":[{"href":"https:\/\/sacod.ufpr.br\/coordesign\/wp-json\/wp\/v2\/types\/page"}],"author":[{"embeddable":true,"href":"https:\/\/sacod.ufpr.br\/coordesign\/wp-json\/wp\/v2\/users\/1766"}],"replies":[{"embeddable":true,"href":"https:\/\/sacod.ufpr.br\/coordesign\/wp-json\/wp\/v2\/comments?post=535"}],"version-history":[{"count":28,"href":"https:\/\/sacod.ufpr.br\/coordesign\/wp-json\/wp\/v2\/pages\/535\/revisions"}],"predecessor-version":[{"id":1417,"href":"https:\/\/sacod.ufpr.br\/coordesign\/wp-json\/wp\/v2\/pages\/535\/revisions\/1417"}],"wp:attachment":[{"href":"https:\/\/sacod.ufpr.br\/coordesign\/wp-json\/wp\/v2\/media?parent=535"}],"curies":[{"name":"wp","href":"https:\/\/api.w.org\/{rel}","templated":true}]}}