{"id":48,"date":"2013-12-19T20:22:00","date_gmt":"2013-12-19T20:22:00","guid":{"rendered":"https:\/\/sacod.ufpr.br\/coordesign\/?page_id=48"},"modified":"2024-08-15T15:07:44","modified_gmt":"2024-08-15T15:07:44","slug":"tcc-design-grafico","status":"publish","type":"page","link":"https:\/\/sacod.ufpr.br\/coordesign\/tcc-design-grafico\/","title":{"rendered":"TCC &#8211; Design Gr\u00e1fico"},"content":{"rendered":"<p><a href=\"https:\/\/drive.google.com\/file\/d\/1vFaNWxDuYsZfqWElJVVZpXvUAyXixKqN\/view?usp=drive_link\">2024_2025 Regulamento TCC-DG.<\/a><\/p>\n<p><a href=\"https:\/\/drive.google.com\/file\/d\/165nlWzRgMtBFiVF2XS8-6FCbPvYY5qAQ\/view?usp=sharing\">Como fazer a&nbsp;descri\u00e7\u00e3o e tornar&nbsp;seu post do TCC&nbsp;acess\u00edvel?<\/a><br \/>\nCaroline Rodrigues de Lima<\/p>\n<p><a href=\"https:\/\/drive.google.com\/drive\/folders\/1itIim0ydRLzjcET02xhdOQTiUTDSUiV5?usp=sharing\">Biblioteca de TCCs DG&nbsp;<\/a><\/p>\n","protected":false},"excerpt":{"rendered":"<p>2024_2025 Regulamento TCC-DG. Como fazer a&nbsp;descri\u00e7\u00e3o e tornar&nbsp;seu post do TCC&nbsp;acess\u00edvel? Caroline Rodrigues de Lima Biblioteca de TCCs DG&nbsp;<\/p>\n","protected":false},"author":3,"featured_media":0,"parent":0,"menu_order":0,"comment_status":"open","ping_status":"closed","template":"","meta":{"_acf_changed":false,"ngg_post_thumbnail":0,"footnotes":""},"class_list":["post-48","page","type-page","status-publish","hentry"],"acf":[],"_links":{"self":[{"href":"https:\/\/sacod.ufpr.br\/coordesign\/wp-json\/wp\/v2\/pages\/48","targetHints":{"allow":["GET"]}}],"collection":[{"href":"https:\/\/sacod.ufpr.br\/coordesign\/wp-json\/wp\/v2\/pages"}],"about":[{"href":"https:\/\/sacod.ufpr.br\/coordesign\/wp-json\/wp\/v2\/types\/page"}],"author":[{"embeddable":true,"href":"https:\/\/sacod.ufpr.br\/coordesign\/wp-json\/wp\/v2\/users\/3"}],"replies":[{"embeddable":true,"href":"https:\/\/sacod.ufpr.br\/coordesign\/wp-json\/wp\/v2\/comments?post=48"}],"version-history":[{"count":33,"href":"https:\/\/sacod.ufpr.br\/coordesign\/wp-json\/wp\/v2\/pages\/48\/revisions"}],"predecessor-version":[{"id":1454,"href":"https:\/\/sacod.ufpr.br\/coordesign\/wp-json\/wp\/v2\/pages\/48\/revisions\/1454"}],"wp:attachment":[{"href":"https:\/\/sacod.ufpr.br\/coordesign\/wp-json\/wp\/v2\/media?parent=48"}],"curies":[{"name":"wp","href":"https:\/\/api.w.org\/{rel}","templated":true}]}}