{"id":216,"date":"2014-07-22T17:32:12","date_gmt":"2014-07-22T17:32:12","guid":{"rendered":"https:\/\/sacod.ufpr.br\/coordesign\/?page_id=216"},"modified":"2022-02-15T13:09:41","modified_gmt":"2022-02-15T13:09:41","slug":"corpo-docente","status":"publish","type":"page","link":"https:\/\/sacod.ufpr.br\/coordesign\/corpo-docente\/","title":{"rendered":"Docentes"},"content":{"rendered":"<p><a href=\"https:\/\/sacod.ufpr.br\/coordesign\/wp-content\/uploads\/sites\/5\/2022\/02\/Adriano-Heemann.jpg\"><img loading=\"lazy\" decoding=\"async\" class=\"alignnone size-full\" src=\"https:\/\/sacod.ufpr.br\/coordesign\/wp-content\/uploads\/sites\/5\/2022\/02\/Adriano-Heemann.jpg\" alt=\"Foto do Professor\" width=\"100\" height=\"119\"><\/a><\/p>\n<p><span style=\"color: #ff9900\"><strong>Adriano Heemann<\/strong><\/span><\/p>\n<p><span style=\"color: #999999\"><span style=\"color: #ffcc99\"><em><a style=\"color: #ffcc99\" href=\"http:\/\/lattes.cnpq.br\/7612203716879696\">Link para curr\u00edculo Lattes.<\/a><\/em><\/span><\/span><\/p>\n<p>Graduado em Design de Produto pela UFPR, especialista em Design pelo Carl Duisberg Gesellschaft (Alemanha), mestre em Tecnologia pelo CEFET do Paran\u00e1, doutor em Engenharia Mec\u00e2nica pela Universidade de Braunschweig (Alemanha), p\u00f3s doutor pela Universidad Nacional de Cuyo, UNCuyo, Argentina (2019) e pela UFSC (2005 &#8211; 2006). Atualmente \u00e9 professor adjunto do Departamento de Design da UFPR e professor permanente do Programa de P\u00f3s-gradua\u00e7\u00e3o em Design. Foi bolsista de produtividade em pesquisa da Funda\u00e7\u00e3o Arauc\u00e1ria &#8211; Paran\u00e1 (2014-2016). \u00c9 l\u00edder do grupo de pesquisa Design Colaborativo e Co-cria\u00e7\u00e3o (diret\u00f3rio do CNPq). \u00c9 membro de comit\u00eas cient\u00edficos de peri\u00f3dicos e congressos da \u00e1rea de Design. Pesquisa a colabora\u00e7\u00e3o no processo de Design.<br \/>\n&nbsp;<\/p>\n<p><a href=\"https:\/\/sacod.ufpr.br\/coordesign\/wp-content\/uploads\/sites\/5\/2022\/02\/Aguinaldo-dos-Santos.jpg\"><img loading=\"lazy\" decoding=\"async\" class=\"alignnone size-full\" src=\"https:\/\/sacod.ufpr.br\/coordesign\/wp-content\/uploads\/sites\/5\/2022\/02\/Aguinaldo-dos-Santos.jpg\" alt=\"Foto do Professor\" width=\"100\" height=\"119\"><\/a><\/p>\n<p><span style=\"color: #ff9900\"><strong>Aguinaldo dos Santos<\/strong><\/span><\/p>\n<p><span style=\"color: #999999\"><span style=\"color: #ffcc99\"><em><a style=\"color: #ffcc99\" href=\"http:\/\/lattes.cnpq.br\/7834194247765889\">Link para curr\u00edculo Lattes.<\/a><\/em><\/span><\/span><\/p>\n<p>T\u00e9cnico em Mec\u00e2nica de Autom\u00f3veis pelo SENAI\/PR (1984), gradua\u00e7\u00e3o em Engenharia Civil pela Universidade Federal do Paran\u00e1 (1992), mestrado em Engenharia pela Universidade Federal do Rio Grande do Sul (1995), doutorado em Gest\u00e3o da Produ\u00e7\u00e3o pela Salford University (1999) e P\u00f3s-doutorado em Design Sustent\u00e1vel pelo Politecnico di Milano (2009). \u00c9 bolsista produtividade n\u00edvel 2 do CNPq onde coordenou o Comit\u00ea Assessor de Design de 2005 a 2007. Foi professor visitante da Escuela Militar del Ecuador (Equador) e da Strathclyde University (Esc\u00f3cia) e do Mestrado em Design Estrat\u00e9gico do Politecnico di Milano (It\u00e1lia). \u00c9 professor Associado I do Departamento de Design da Universidade Federal do Paran\u00e1 desde 2002, tendo atuado no Mestrado em Constru\u00e7\u00e3o Civil (2000 a 2011) e Mestrado em Design (2005 at\u00e9 o presente). Foi coordenador de Transfer\u00eancia de Tecnologia da Ag\u00eancia de Inova\u00e7\u00e3o da UFPR de julho de 2009 a julho de 2010 e coordenador do Programa de P\u00f3s-Gradua\u00e7\u00e3o em Design da UFPR entre agosto de 2011 e agosto de 2013. \u00c9 membro do conselho editorial dos peri\u00f3dicos Product (IGDP), Revista Tecnologia e Sociedade e International Journal of Disaster Resilience in the Built Environment, al\u00e9m de revisor ad hoc dos peri\u00f3dicos Ambiente Constru\u00eddo, Construction Management &amp; Economics, Design em Foco, Estudos em Design, Journal Household and Personal Care Today, Journal of Construction on Developing Countries e Produ\u00e7\u00e3o. Sua \u00e1rea de atua\u00e7\u00e3o inclui a lean production e o design para a sustentabilidade, tendo como objeto de pesquisa principal a habita\u00e7\u00e3o de interesse social e sistemas produto+servi\u00e7o. \u00c9 coordenador do N\u00facleo de Design &amp; Sustentabilidade da UFPR desde 2002.<br \/>\n&nbsp;<\/p>\n<p><a href=\"https:\/\/sacod.ufpr.br\/coordesign\/wp-content\/uploads\/sites\/5\/2022\/02\/Claudia-Regina-Hasegawa-Zacar.jpg\"><img loading=\"lazy\" decoding=\"async\" class=\"alignnone size-full\" src=\"https:\/\/sacod.ufpr.br\/coordesign\/wp-content\/uploads\/sites\/5\/2022\/02\/Claudia-Regina-Hasegawa-Zacar.jpg\" alt=\"Foto da Professora\" width=\"100\" height=\"119\"><\/a><\/p>\n<p><span style=\"color: #ff9900\"><strong>Cl\u00e1udia Regina Hasegawa Zacar<\/strong><\/span><\/p>\n<p><span style=\"color: #999999\"><span style=\"color: #ffcc99\"><em><a style=\"color: #ffcc99\" href=\"http:\/\/lattes.cnpq.br\/6755771950134149\">Link para curr\u00edculo Lattes.<\/a><\/em><\/span><\/span><\/p>\n<p>Possui gradua\u00e7\u00e3o (2006) e Mestrado (2009) em Design pela Universidade Federal do Paran\u00e1 (UFPR) e Doutorado (2018) em Tecnologia e Sociedade pela Universidade Tecnol\u00f3gica Federal do Paran\u00e1 (UTFPR). Atualmente \u00e9 professora do Departamento de Design da Universidade Federal do Paran\u00e1 (UFPR) e coordenadora do curso de Design de Produto. Tem experi\u00eancia na \u00e1rea de Design, atuando principalmente nos seguintes temas: design de produto, cultural material e rela\u00e7\u00f5es de g\u00eanero.<br \/>\n&nbsp;<\/p>\n<p><a href=\"https:\/\/sacod.ufpr.br\/coordesign\/wp-content\/uploads\/sites\/5\/2022\/02\/Daniella-Rosito-Michelena-Munhoz.jpg\"><img loading=\"lazy\" decoding=\"async\" class=\"alignnone size-full\" src=\"https:\/\/sacod.ufpr.br\/coordesign\/wp-content\/uploads\/sites\/5\/2022\/02\/Daniella-Rosito-Michelena-Munhoz.jpg\" alt=\"Foto da Professora\" width=\"100\" height=\"119\"><\/a><\/p>\n<p><span style=\"color: #ff9900\"><strong>Daniella Rosito Michelena Munhoz<\/strong><\/span><\/p>\n<p><span style=\"color: #999999\"><span style=\"color: #ffcc99\"><em><a style=\"color: #ffcc99\" href=\"http:\/\/lattes.cnpq.br\/3545346396599339\">Link para curr\u00edculo Lattes.<\/a><\/em><\/span><\/span><\/p>\n<p>\u00c9 PhD em Design de Sistemas de Informa\u00e7\u00e3o [PPGDesign\/UFPR], com pesquisa em Design de Sistemas de Jogos. \u00c9 mestre em Antropologia Social [UFPR], especialista em Computa\u00e7\u00e3o Gr\u00e1fica [PUC-PR] e Promo\u00e7\u00e3o e Propaganda [UFPR], \u00e9 bacharel em Comunica\u00e7\u00e3o Visual [UFPR]. Professora e pesquisadora da UFPR Universidade Federal do Paran\u00e1 pelo LabDSI Laborat\u00f3rio de Design de Sistemas de Informa\u00e7\u00e3o. Integrante dos grupos de pesquisa: Design digital e da informa\u00e7\u00e3o [UFPR] e do grupo SAITE Tecnologia e Inova\u00e7\u00e3o em Educa\u00e7\u00e3o na Sa\u00fade [UFMA]. Tem experi\u00eancia na \u00e1rea audiovisual, anima\u00e7\u00e3o, fotografia e design com \u00eanfase no design de jogos.<br \/>\n&nbsp;<\/p>\n<p><a href=\"https:\/\/sacod.ufpr.br\/coordesign\/wp-content\/uploads\/sites\/5\/2022\/02\/Dulce-de-Meira-Albach.jpg\"><img loading=\"lazy\" decoding=\"async\" class=\"alignnone size-full\" src=\"https:\/\/sacod.ufpr.br\/coordesign\/wp-content\/uploads\/sites\/5\/2022\/02\/Dulce-de-Meira-Albach.jpg\" alt=\"Foto da Professora\" width=\"100\" height=\"119\"><\/a><\/p>\n<p><span style=\"color: #ff9900\"><strong>Dulce de Meira Albach<\/strong><\/span><\/p>\n<p><span style=\"color: #999999\"><span style=\"color: #ffcc99\"><em><a style=\"color: #ffcc99\" href=\"http:\/\/lattes.cnpq.br\/0203890358904977\">Link para curr\u00edculo Lattes.<\/a><\/em><\/span><\/span><\/p>\n<p>Doutora pelo Programa de P\u00f3s-Gradua\u00e7\u00e3o em Design da UFPR na linha de pesquisa Sistemas de Produ\u00e7\u00e3o e Utiliza\u00e7\u00e3o (2017). Bolsista CAPES pelo PSDE &#8211; Programa de Doutorado Sandu\u00edche no Exterior 2015\/2016 no DesignStudio da Universidade do Porto, Portugal. Mestre pelo Mestrado Profissional em Gest\u00e3o Ambiental da Universidade Positivo (2007). Graduada em Design Industrial pela Universidade Federal do Paran\u00e1 (1987), com habilita\u00e7\u00e3o em Projeto de Produto. Atualmente \u00e9 professora do Curso de Design da UFPR das disciplinas de Projeto de Produto e Materiais e Processos cer\u00e2micos e polim\u00e9ricos, e orientadora de TCC &#8211; Trabalho de Conclus\u00e3o de Curso. \u00c9 pesquisadora da \u00e1rea de embalagens com \u00eanfase em Design para Sustentabilidade e Future Studies.<br \/>\n&nbsp;<\/p>\n<p><a href=\"https:\/\/sacod.ufpr.br\/coordesign\/wp-content\/uploads\/sites\/5\/2022\/02\/Elisa-Strobel-do-Nascimento.jpg\"><img loading=\"lazy\" decoding=\"async\" class=\"alignnone size-full\" src=\"https:\/\/sacod.ufpr.br\/coordesign\/wp-content\/uploads\/sites\/5\/2022\/02\/Elisa-Strobel-do-Nascimento.jpg\" alt=\"Foto da Professora\" width=\"100\" height=\"119\"><\/a><\/p>\n<p><span style=\"color: #ff9900\"><strong>Elisa Strobel do Nascimento<\/strong><\/span><\/p>\n<p><span style=\"color: #999999\"><span style=\"color: #ffcc99\"><em><a style=\"color: #ffcc99\" href=\"http:\/\/lattes.cnpq.br\/7574066110870901\">Link para curr\u00edculo Lattes.<\/a><\/em><\/span><\/span><\/p>\n<p>Graduada em Design de Produtos e Mestre em M\u00e9todos para Fatores Humanos (Ergonomia) pela UDESC. Trabalhou na TipoD Innovative Thinkers e foi s\u00f3cia fundadora da 2:1 &#8211; Design Industrial em Florian\u00f3polis. Colaborou com projetos em diferentes segmentos como m\u00e1quinas e equipamentos, utilit\u00e1rios dom\u00e9sticos, brinquedos, embalagens, j\u00f3ias, do planejamento estrat\u00e9gico \u00e0 prepara\u00e7\u00e3o para produ\u00e7\u00e3o. Com estas equipes recebeu pr\u00eamios como Talentos do Design Fiat Mueller, Michelin Challenge Design e IDEA Brasil. Atuou como coordenadora de ensino e professora na escola 4ED de design. Atualmente \u00e9 professora no Departamento de Design da UFPR e doutoranda no Programa de P\u00f3s Gradua\u00e7\u00e3o em Design da mesma institui\u00e7\u00e3o.<br \/>\n&nbsp;<\/p>\n<p><a href=\"https:\/\/sacod.ufpr.br\/coordesign\/wp-content\/uploads\/sites\/5\/2022\/02\/Gabriel-Chemin-Rosenmann.jpg\"><img loading=\"lazy\" decoding=\"async\" class=\"alignnone size-full\" src=\"https:\/\/sacod.ufpr.br\/coordesign\/wp-content\/uploads\/sites\/5\/2022\/02\/Gabriel-Chemin-Rosenmann.jpg\" alt=\"Foto do Professor\" width=\"100\" height=\"119\"><\/a><\/p>\n<p><span style=\"color: #ff9900\"><strong>Gabriel Chemin Rosenmann<\/strong><\/span><\/p>\n<p><span style=\"color: #999999\"><span style=\"color: #ffcc99\"><em><a style=\"color: #ffcc99\" href=\"http:\/\/lattes.cnpq.br\/4096556971271116\">Link para curr\u00edculo Lattes.<\/a><\/em><\/span><\/span><\/p>\n<p>Doutorando do Programa de P\u00f3s-Gradua\u00e7\u00e3o em Design da Universidade Federal do Paran\u00e1, na linha de pesquisa de sistemas de produ\u00e7\u00e3o e utiliza\u00e7\u00e3o. Mestre pelo Programa de P\u00f3s Gradua\u00e7\u00e3o em Engenharia Mec\u00e2nica e Materiais da Universidade Tecnol\u00f3gica Federal do Paran\u00e1. \u00c9 integrante da Rede de Pesquisa e Desenvolvimento em Tecnologia Assistiva (RPDTA). Participa do N\u00facleo de Pesquisa em Manufatura Aditiva e Ferramental e do grupo de pesquisa em modelos e prot\u00f3tipos para o Design. Possui gradua\u00e7\u00e3o em Tecnologia em Artes Gr\u00e1ficas pela Universidade Tecnol\u00f3gica Federal do Paran\u00e1 (2014) e gradua\u00e7\u00e3o em Desenho Industrial pela Pontif\u00edcia Universidade Cat\u00f3lica do Paran\u00e1 (2010). Tem experi\u00eancia na \u00e1rea de Desenho de Produto, atuando principalmente nos seguintes temas: Tecnologia Assistiva, Acessibilidade, Design Universal, Manufatura Aditiva, Prototipagem, Gest\u00e3o do desenvolvimento de produtos, Sistemas de produto+servi\u00e7o, Design Participativo, Colabora\u00e7\u00e3o, Co-design e Co-Cria\u00e7\u00e3o.<br \/>\n&nbsp;<\/p>\n<p><a href=\"https:\/\/sacod.ufpr.br\/coordesign\/wp-content\/uploads\/sites\/5\/2022\/02\/Gheysa-Caroline-Prado.jpg\"><img loading=\"lazy\" decoding=\"async\" class=\"alignnone size-full\" src=\"https:\/\/sacod.ufpr.br\/coordesign\/wp-content\/uploads\/sites\/5\/2022\/02\/Gheysa-Caroline-Prado.jpg\" alt=\"Foto do Professor\" width=\"100\" height=\"119\"><\/a><\/p>\n<p><span style=\"color: #ff9900\"><strong>Gheysa Caroline Prado<\/strong><\/span><\/p>\n<p><span style=\"color: #999999\"><span style=\"color: #ffcc99\"><em><a style=\"color: #ffcc99\" href=\"http:\/\/lattes.cnpq.br\/1133160732078327\">Link para curr\u00edculo Lattes.<\/a><\/em><\/span><\/span><\/p>\n<p>Possui gradua\u00e7\u00e3o em Tecnologia Em Design de M\u00f3veis pela Universidade Tecnol\u00f3gica Federal do Paran\u00e1 (2007), especializa\u00e7\u00e3o em Ergonomia (2008), mestrado (2011) e doutorado (2019) em Design pela Universidade Federal do Paran\u00e1. \u00c9 Professora do Magist\u00e9rio Superior na Universidade Federal do Paran\u00e1. Tem experi\u00eancia na \u00e1rea de Design com \u00eanfase nos seguintes temas: design, design para sustentabilidade, design de servi\u00e7os, ergonomia, m\u00f3veis, pessoas com necessidades especiais e inova\u00e7\u00e3o social.<br \/>\n&nbsp;<\/p>\n<p><a href=\"https:\/\/sacod.ufpr.br\/coordesign\/wp-content\/uploads\/sites\/5\/2022\/02\/Ken-Fl\u00e1vio-Ono-Fonseca.jpg\"><img loading=\"lazy\" decoding=\"async\" class=\"alignnone size-full\" src=\"https:\/\/sacod.ufpr.br\/coordesign\/wp-content\/uploads\/sites\/5\/2022\/02\/Ken-Fl\u00e1vio-Ono-Fonseca.jpg\" alt=\"Foto do Professor\" width=\"100\" height=\"119\"><\/a><\/p>\n<p><span style=\"color: #ff9900\"><strong>Ken Fl\u00e1vio Ono Fonseca<\/strong><\/span><\/p>\n<p><span style=\"color: #999999\"><span style=\"color: #ffcc99\"><em><a style=\"color: #ffcc99\" href=\"http:\/\/lattes.cnpq.br\/5467180980495358\">Link para curr\u00edculo Lattes.<\/a><\/em><\/span><\/span><\/p>\n<p>Possui gradua\u00e7\u00e3o pela Pontif\u00edcia Universidade Cat\u00f3lica do Paran\u00e1 (2002) e mestrado em Tecnologia pela Universidade Tecnol\u00f3gica Federal do Paran\u00e1 (2006) e \u00e9&nbsp; doutorando no Programa de P\u00f3s-Gradua\u00e7\u00e3o em Design &#8211; PPGDESIGN da UFPR. Atualmente \u00e9 professor do curso de Design da Universidade Federal do Paran\u00e1. Tamb\u00e9m atua como colaborador do Centro Brasil Design. Tem experi\u00eancia na \u00e1rea de Design de Produto, atuando principalmente nos seguintes temas: design de produto, gest\u00e3o de design, programas e pol\u00edticas de promo\u00e7\u00e3o do design, design para micro e pequenas empresas.<br \/>\n&nbsp;<\/p>\n<p><a><img class=\"alignnone size-full\" alt=\"Foto do Professor\" width=\"100\" height=\"119\"><\/a><\/p>\n<p><span style=\"color: #ff9900\"><strong>Ronaldo de Oliveira Correa<\/strong><\/span><\/p>\n<p><span style=\"color: #999999\"><span style=\"color: #ffcc99\"><em><a style=\"color: #ffcc99\" href=\"http:\/\/lattes.cnpq.br\/3869130149433615\">Link para curr\u00edculo Lattes.<\/a><\/em><\/span><\/span><\/p>\n<p>Mestre pelo PPGTE\/UTFPR (2003), sob a orienta\u00e7\u00e3o da Dra. Mar\u00edlia Gomes de Carvalho. Doutor pelo PPGICH\/UFSC (2008), sob a orienta\u00e7\u00e3o da Dra. Carmem Rial e do Dr. Gilson Queluz. Em 2007 realizou est\u00e1gio de doutoramento no M\u00e9xico, no Posgrado en Ci\u00e9ncias Antropol\u00f3gicas da Universidad Aut\u00f3noma Metropolitana &#8211; Unidad Iztapalapa, sob a orienta\u00e7\u00e3o do Dr. N\u00e9stor Garcia Canclini, na \u00e1rea de pol\u00edticas culturais. Recebeu o Pr\u00eamio Capes de Teses &#8211; edi\u00e7\u00e3o de 2009. Est\u00e1gio de p\u00f3s-doutorado CAPES no PPGAS\/UFRGS (jul de 2012 a jul de 2013), sob a supervis\u00e3o da Dra. Corn\u00e9lia Eckert. Atualmente \u00e9 professor na Universidade Federal do Paran\u00e1 UFPR, onde atua na gradua\u00e7\u00e3o e p\u00f3s-gradua\u00e7\u00e3o. \u00c1reas de interesse: cultura material, mem\u00f3ria e trabalho, sistemas t\u00e9cnicos e tecnologia, produ\u00e7\u00e3o e cr\u00edtica de imagem.<br \/>\n&nbsp;<\/p>\n<p><a><img class=\"alignnone size-full\" alt=\"Foto do Professor\" width=\"100\" height=\"119\"><\/a><\/p>\n<p><span style=\"color: #ff9900\"><strong>Vin\u00edcius Miranda de Morais<\/strong><\/span><\/p>\n<p><span style=\"color: #999999\"><span style=\"color: #ffcc99\"><em><a style=\"color: #ffcc99\" href=\"http:\/\/lattes.cnpq.br\/9680196680903045\">Link para curr\u00edculo Lattes.<\/a><\/em><\/span><\/span><\/p>\n<p>Possui gradua\u00e7\u00e3o em Design industrial habilita\u00e7\u00e3o em projeto de produto pela Universidade Federal do Paran\u00e1 (2004), mestrado em tecnologia (2015) pelo Programa de P\u00f3s-gradua\u00e7\u00e3o em Tecnologia da Universidade Tecnol\u00f3gica Federal do Paran\u00e1. Atualmente \u00e9 professor do departamento de Design da UFPR e doutorando no Programa de P\u00f3s-gradua\u00e7\u00e3o em Tecnologia da UTFPR. Como pesquisador procura evidenciar como os valores s\u00f3cio-culturais permeiam e constituem as materialidades. Dedica-se especificamente aos seguintes temas: design de produto; cultura e sociedade, rela\u00e7\u00f5es de g\u00eanero e cultura material.<br \/>\n&nbsp;<\/p>\n<p><a href=\"https:\/\/sacod.ufpr.br\/coordesign\/wp-content\/uploads\/sites\/5\/2022\/02\/Viviane-Gaspar-Ribas-El-Marghani.jpg\"><img loading=\"lazy\" decoding=\"async\" class=\"alignnone size-full\" src=\"https:\/\/sacod.ufpr.br\/coordesign\/wp-content\/uploads\/sites\/5\/2022\/02\/Viviane-Gaspar-Ribas-El-Marghani.jpg\" alt=\"Foto da Professora\" width=\"100\" height=\"119\"><\/a><\/p>\n<p><span style=\"color: #ff9900\"><strong>Viviane Gaspar Ribas El Marghani<\/strong><\/span><\/p>\n<p><span style=\"color: #999999\"><span style=\"color: #ffcc99\"><em><a style=\"color: #ffcc99\" href=\"http:\/\/lattes.cnpq.br\/5245498021013059\">Link para curr\u00edculo Lattes.<\/a><\/em><\/span><\/span><\/p>\n<p>Doutora em Engenharia Aeron\u00e1utica e Mec\u00e2nica pelo ITA (2010); Mestre em Engenharia de Produ\u00e7\u00e3o pela UFSC (2001); Especialista em Magist\u00e9rio Superior pela UTP (1998); Bacharel em Design de Produto pela PUC PR (1997).<br \/>\n&nbsp;<\/p>\n<p><a href=\"https:\/\/sacod.ufpr.br\/coordesign\/wp-content\/uploads\/sites\/5\/2022\/01\/Yasmin-Fabris1.jpg\"><img loading=\"lazy\" decoding=\"async\" class=\"alignnone size-full\" src=\"https:\/\/sacod.ufpr.br\/coordesign\/wp-content\/uploads\/sites\/5\/2022\/01\/Yasmin-Fabris1.jpg\" alt=\"Foto da Professora\" width=\"100\" height=\"119\"><\/a><\/p>\n<p><span style=\"color: #ff9900\"><strong>Yasmin Fabris<\/strong><\/span><\/p>\n<p><span style=\"color: #999999\"><span style=\"color: #ffcc99\"><em><a style=\"color: #ffcc99\" href=\"http:\/\/lattes.cnpq.br\/5245498021013059\">Link para curr\u00edculo Lattes.<\/a><\/em><\/span><\/span><\/p>\n<p>Professora adjunta do Departamento de Design da Universidade Federal do Paran\u00e1. Doutora em Design pela Universidade Federal do Paran\u00e1 e Doutora em regime de cotutela em Ci\u00eancias Sociais na Universidad de Chile. Mestre em Tecnologia e Sociedade pela Universidade Tecnol\u00f3gica Federal do Paran\u00e1, na linha de pesquisa Media\u00e7\u00f5es e Culturas. Possui gradua\u00e7\u00e3o em Bacharelado em Design pela UTFPR, com habilita\u00e7\u00e3o em design gr\u00e1fico e de produto. \u00c9 coordenadora de rela\u00e7\u00f5es internacionais, integrando a equipe executiva, do Laboratorio de Estudios Interdisciplinarios e Investigaci\u00f3n Aplicada: Museos y Museolog\u00edas en el Chile Contempor\u00e1neo. \u00c9 investigadora do projeto de pesquisa &#8220;La participaci\u00f3n chilena en la I Bienal Latinoamericana&#8221; selecionado pelo Fondo Nacional para el Desarrollo Cultural y las Artes do Chile (2021-2022). Participa do grupo de pesquisa Design e Cultura (UTFPR), do Grupo de Estudos Discursivos em Arte e Design (UFPR) e do N\u00facleo de Sociolog\u00eda del Arte y las Pr\u00e1cticas Culturales da Universidad de Chile, respons\u00e1vel pela linha Museos, Instituciones y Pol\u00edticas Culturales. Realiza pesquisa sobre as seguintes tem\u00e1ticas: design e cultura, cultura popular, cultura material, hist\u00f3ria do design e mem\u00f3ria e patrim\u00f4nio.<br \/>\n&nbsp;<\/p>\n","protected":false},"excerpt":{"rendered":"<p>Adriano Heemann Link para curr\u00edculo Lattes. Graduado em Design de Produto pela UFPR, especialista em Design pelo Carl Duisberg Gesellschaft (Alemanha), mestre em Tecnologia pelo CEFET do Paran\u00e1, doutor em Engenharia Mec\u00e2nica pela Universidade de Braunschweig (Alemanha), p\u00f3s doutor pela Universidad Nacional de Cuyo, UNCuyo, Argentina (2019) e pela UFSC (2005 &#8211; 2006). Atualmente \u00e9 [&hellip;]<\/p>\n","protected":false},"author":3,"featured_media":0,"parent":0,"menu_order":0,"comment_status":"open","ping_status":"open","template":"","meta":{"_acf_changed":false,"ngg_post_thumbnail":0,"footnotes":""},"class_list":["post-216","page","type-page","status-publish","hentry"],"acf":[],"_links":{"self":[{"href":"https:\/\/sacod.ufpr.br\/coordesign\/wp-json\/wp\/v2\/pages\/216","targetHints":{"allow":["GET"]}}],"collection":[{"href":"https:\/\/sacod.ufpr.br\/coordesign\/wp-json\/wp\/v2\/pages"}],"about":[{"href":"https:\/\/sacod.ufpr.br\/coordesign\/wp-json\/wp\/v2\/types\/page"}],"author":[{"embeddable":true,"href":"https:\/\/sacod.ufpr.br\/coordesign\/wp-json\/wp\/v2\/users\/3"}],"replies":[{"embeddable":true,"href":"https:\/\/sacod.ufpr.br\/coordesign\/wp-json\/wp\/v2\/comments?post=216"}],"version-history":[{"count":31,"href":"https:\/\/sacod.ufpr.br\/coordesign\/wp-json\/wp\/v2\/pages\/216\/revisions"}],"predecessor-version":[{"id":1230,"href":"https:\/\/sacod.ufpr.br\/coordesign\/wp-json\/wp\/v2\/pages\/216\/revisions\/1230"}],"wp:attachment":[{"href":"https:\/\/sacod.ufpr.br\/coordesign\/wp-json\/wp\/v2\/media?parent=216"}],"curies":[{"name":"wp","href":"https:\/\/api.w.org\/{rel}","templated":true}]}}