{"id":158,"date":"2014-07-16T21:09:02","date_gmt":"2014-07-16T21:09:02","guid":{"rendered":"https:\/\/sacod.ufpr.br\/coordesign\/?page_id=158"},"modified":"2023-06-19T16:50:04","modified_gmt":"2023-06-19T16:50:04","slug":"cursos","status":"publish","type":"page","link":"https:\/\/sacod.ufpr.br\/coordesign\/","title":{"rendered":"Cursos"},"content":{"rendered":"<p style=\"text-align: left\"><span style=\"color: #808080\">A gradua\u00e7\u00e3o em Design da UFPR possui dois cursos: Design Gr\u00e1fico e Design de Produto. Ambos voltados \u00e0 atividade intelectual, t\u00e9cnica e criativa, dentro de contextos espec\u00edficos de forma\u00e7\u00e3o e atua\u00e7\u00e3o, associados ao dom\u00ednio de t\u00e9cnicas e m\u00e9todos projetuais.<\/span><\/p>\n<p style=\"text-align: left\"><strong><span style=\"color: #808080\">DESIGN GR\u00c1FICO<\/span><\/strong><\/p>\n<p style=\"text-align: left\"><span style=\"color: #808080\">O Design Gr\u00e1fico caracteriza-se como atividade projetual relacionada \u00e0 produ\u00e7\u00e3o e gest\u00e3o de imagens e textos, tendo em vista, a an\u00e1lise, a organiza\u00e7\u00e3o e os m\u00e9todos de apresenta\u00e7\u00e3o de solu\u00e7\u00f5es visuais para problemas de comunica\u00e7\u00e3o. Durante o Curso s\u00e3o abordados conte\u00fados de representa\u00e7\u00e3o gr\u00e1fica, hist\u00f3ria da arte, teoria da cor, ilustra\u00e7\u00e3o, tipografia, fotografia e outras disciplinas de forma\u00e7\u00e3o b\u00e1sica. Neste contexto associa-se ao dom\u00ednio das t\u00e9cnicas e m\u00e9todos projetuais nas \u00e1reas de identidade visual, design de embalagens, design editorial, web design, entre outras.<\/span><\/p>\n<p style=\"text-align: left\"><strong><span style=\"color: #808080\">DESIGN DE PRODUTO<\/span><\/strong><\/p>\n<p style=\"text-align: left\"><span style=\"color: #808080\">O Design de Produto visa determinar as propriedades formais, estruturais e funcionais dos objetos produzidos industrialmente e suas rela\u00e7\u00f5es com o ser humano e o meio ambiente. Durante o Curso s\u00e3o abordados os conte\u00fados de representa\u00e7\u00f5es gr\u00e1ficas, ergonomia, materiais e processos, fotografia, hist\u00f3ria da arte e outras disciplinas de forma\u00e7\u00e3o b\u00e1sica. Associa-se ao dom\u00ednio de t\u00e9cnicas e m\u00e9todos projetuais em \u00e1reas como mobili\u00e1rio, cer\u00e2micos, eletrodom\u00e9sticos, entre outras.<\/span><\/p>\n<p style=\"text-align: left\"><span style=\"color: #808080\">Os Cursos de Design da UFPR possuem um corpo docente formado, em sua maioria, por professores mestres e doutores com destacada produ\u00e7\u00e3o cient\u00edfica. Seus egressos atuam em empresas referenciais no mercado paranaense e brasileiro. Os cursos se beneficiam ainda de conv\u00eanios com institui\u00e7\u00f5es nacionais e internacionais e de um Programa de P\u00f3s-Gradua\u00e7\u00e3o em Design, com cursos de mestrado e doutorado.<\/span><\/p>\n<p style=\"text-align: left\"><span style=\"color: #808080\">Dura\u00e7\u00e3o: 4 anos<\/span><br \/>\n<span style=\"color: #808080\"> Turno: integral (Design Gr\u00e1fico) e matutino (Design de Produto)<\/span><br \/>\n<span style=\"color: #808080\"> Vagas: 33 para Design Gr\u00e1fico e 33 para Design de Produto<\/span><br \/>\n<span style=\"color: #808080\"> Local: Campus Reitoria<\/span><\/p>\n<p>&nbsp;<\/p>\n","protected":false},"excerpt":{"rendered":"<p>A gradua\u00e7\u00e3o em Design da UFPR possui dois cursos: Design Gr\u00e1fico e Design de Produto. Ambos voltados \u00e0 atividade intelectual, t\u00e9cnica e criativa, dentro de contextos espec\u00edficos de forma\u00e7\u00e3o e atua\u00e7\u00e3o, associados ao dom\u00ednio de t\u00e9cnicas e m\u00e9todos projetuais. DESIGN GR\u00c1FICO O Design Gr\u00e1fico caracteriza-se como atividade projetual relacionada \u00e0 produ\u00e7\u00e3o e gest\u00e3o de imagens [&hellip;]<\/p>\n","protected":false},"author":3,"featured_media":0,"parent":0,"menu_order":0,"comment_status":"closed","ping_status":"closed","template":"","meta":{"_acf_changed":false,"ngg_post_thumbnail":0,"footnotes":""},"class_list":["post-158","page","type-page","status-publish","hentry"],"acf":[],"_links":{"self":[{"href":"https:\/\/sacod.ufpr.br\/coordesign\/wp-json\/wp\/v2\/pages\/158","targetHints":{"allow":["GET"]}}],"collection":[{"href":"https:\/\/sacod.ufpr.br\/coordesign\/wp-json\/wp\/v2\/pages"}],"about":[{"href":"https:\/\/sacod.ufpr.br\/coordesign\/wp-json\/wp\/v2\/types\/page"}],"author":[{"embeddable":true,"href":"https:\/\/sacod.ufpr.br\/coordesign\/wp-json\/wp\/v2\/users\/3"}],"replies":[{"embeddable":true,"href":"https:\/\/sacod.ufpr.br\/coordesign\/wp-json\/wp\/v2\/comments?post=158"}],"version-history":[{"count":6,"href":"https:\/\/sacod.ufpr.br\/coordesign\/wp-json\/wp\/v2\/pages\/158\/revisions"}],"predecessor-version":[{"id":1357,"href":"https:\/\/sacod.ufpr.br\/coordesign\/wp-json\/wp\/v2\/pages\/158\/revisions\/1357"}],"wp:attachment":[{"href":"https:\/\/sacod.ufpr.br\/coordesign\/wp-json\/wp\/v2\/media?parent=158"}],"curies":[{"name":"wp","href":"https:\/\/api.w.org\/{rel}","templated":true}]}}