{"id":1422,"date":"2024-02-28T13:02:31","date_gmt":"2024-02-28T13:02:31","guid":{"rendered":"https:\/\/sacod.ufpr.br\/coordesign\/?page_id=1422"},"modified":"2024-03-01T18:08:34","modified_gmt":"2024-03-01T18:08:34","slug":"planejamento-estrategico","status":"publish","type":"page","link":"https:\/\/sacod.ufpr.br\/coordesign\/planejamento-estrategico\/","title":{"rendered":"Planejamento Estrat\u00e9gico &#8211; Design de Produto"},"content":{"rendered":"\n<h3 class=\"wp-block-heading\">Planejamento Estrat\u00e9gico do Curso de Design de Produto 2024-2027<\/h3>\n\n\n\n<p>Este documento visa estabelecer metas a serem cumpridas para permitir que o curso se torne refer\u00eancia na forma\u00e7\u00e3o de profissionais na \u00e1rea de Design de Produto por meio do ensino p\u00fablico, gratuito e de qualidade, em articula\u00e7\u00e3o com atividades de pesquisa e extens\u00e3o. As metas s\u00e3o atreladas aos Objetivos Estrat\u00e9gicos do Plano de Desenvolvimento Institucional UFPR 2022-2026 (PDI UFPR), \u00e0s metas e diretrizes estabelecidas no Planejamento Estrat\u00e9gico do Setor de Artes, Comunica\u00e7\u00e3o e Design 2023 (PE SACOD) e no Planejamento Estrat\u00e9gico do Departamento de Design 2022-2025 (PE DeDesign).<br>Acesso ao documento completo: <a href=\"https:\/\/sacod.ufpr.br\/coordesign\/wp-content\/uploads\/sites\/5\/2024\/03\/Planejamento-Estrategico-Coord-DP-2024-2027_V3.pdf\">Planejamento Estrat\u00e9gico do Curso de Design de Produto 2024-2027<\/a><\/p>\n","protected":false},"excerpt":{"rendered":"<p>Planejamento Estrat\u00e9gico do Curso de Design de Produto 2024-2027 Este documento visa estabelecer metas a serem cumpridas para permitir que o curso se torne refer\u00eancia na forma\u00e7\u00e3o de profissionais na \u00e1rea de Design de Produto por meio do ensino p\u00fablico, gratuito e de qualidade, em articula\u00e7\u00e3o com atividades de pesquisa e extens\u00e3o. As metas s\u00e3o [&hellip;]<\/p>\n","protected":false},"author":1766,"featured_media":0,"parent":0,"menu_order":0,"comment_status":"closed","ping_status":"closed","template":"","meta":{"_acf_changed":false,"ngg_post_thumbnail":0,"footnotes":""},"class_list":["post-1422","page","type-page","status-publish","hentry"],"acf":[],"_links":{"self":[{"href":"https:\/\/sacod.ufpr.br\/coordesign\/wp-json\/wp\/v2\/pages\/1422","targetHints":{"allow":["GET"]}}],"collection":[{"href":"https:\/\/sacod.ufpr.br\/coordesign\/wp-json\/wp\/v2\/pages"}],"about":[{"href":"https:\/\/sacod.ufpr.br\/coordesign\/wp-json\/wp\/v2\/types\/page"}],"author":[{"embeddable":true,"href":"https:\/\/sacod.ufpr.br\/coordesign\/wp-json\/wp\/v2\/users\/1766"}],"replies":[{"embeddable":true,"href":"https:\/\/sacod.ufpr.br\/coordesign\/wp-json\/wp\/v2\/comments?post=1422"}],"version-history":[{"count":6,"href":"https:\/\/sacod.ufpr.br\/coordesign\/wp-json\/wp\/v2\/pages\/1422\/revisions"}],"predecessor-version":[{"id":1441,"href":"https:\/\/sacod.ufpr.br\/coordesign\/wp-json\/wp\/v2\/pages\/1422\/revisions\/1441"}],"wp:attachment":[{"href":"https:\/\/sacod.ufpr.br\/coordesign\/wp-json\/wp\/v2\/media?parent=1422"}],"curies":[{"name":"wp","href":"https:\/\/api.w.org\/{rel}","templated":true}]}}