{"id":1361,"date":"2023-07-03T03:32:29","date_gmt":"2023-07-03T03:32:29","guid":{"rendered":"https:\/\/sacod.ufpr.br\/coordesign\/?page_id=1361"},"modified":"2026-02-10T13:22:53","modified_gmt":"2026-02-10T13:22:53","slug":"2026-1o-semestre-design-grafico-2","status":"publish","type":"page","link":"https:\/\/sacod.ufpr.br\/coordesign\/2026-1o-semestre-design-grafico-2\/","title":{"rendered":"2026 \u2013 1\u00ba semestre . Design Gr\u00e1fico"},"content":{"rendered":"<p><strong>Ol\u00e1, pessoal!!!&nbsp;<\/strong><\/p>\n<p><strong>Informa\u00e7\u00f5es, importantes para 2026.<\/strong><\/p>\n<p>\u2026\u2026\u2026\u2026\u2026\u2026\u2026\u2026\u2026\u2026\u2026\u2026\u2026\u2026\u2026\u2026\u2026\u2026\u2026\u2026\u2026\u2026\u2026\u2026\u2026\u2026\u2026\u2026\u2026\u2026\u2026\u2026\u2026\u2026\u2026\u2026\u2026\u2026\u2026\u2026\u2026<\/p>\n<p><strong>| Matr\u00edculas&nbsp;&nbsp;<\/strong><\/p>\n<p data-olk-copy-source=\"MessageBody\">Importante lembrar as datas:&nbsp;<\/p>\n<ol>\n<li>Matr\u00edculas&nbsp;<strong>no SIGA&nbsp;<\/strong>de 29\/01 at\u00e9 02\/02.&nbsp;<\/li>\n<li>Ajuste<strong>&nbsp;no SIGA<\/strong>&nbsp;05\/02 e 06\/02.<\/li>\n<li>Ajustes de matr\u00edcula&nbsp;<strong>pela Coordena\u00e7\u00e3o de Curso&nbsp;<\/strong>de<strong>&nbsp;<\/strong>10\/02 at\u00e9 04\/03.<\/li>\n<\/ol>\n<p>E se voc\u00ea est\u00e1 utilizando o SIGA pela primeira vez, veja os tutoriais para matr\u00edcula e outros temas na&nbsp;<a href=\"https:\/\/ufpraberta.ufpr.br\/course\/view.php?id=9\" target=\"_blank\" rel=\"noopener\">UFPR aberta<\/a>.<\/p>\n<p>\u2026\u2026\u2026\u2026\u2026\u2026\u2026\u2026\u2026\u2026\u2026\u2026\u2026\u2026\u2026\u2026\u2026\u2026\u2026\u2026\u2026\u2026\u2026\u2026\u2026\u2026\u2026\u2026\u2026\u2026\u2026\u2026\u2026\u2026\u2026\u2026\u2026\u2026\u2026\u2026\u2026\u2026\u2026.<\/p>\n<p><strong>| Disciplinas, planos de ensino, grade&nbsp;hor\u00e1ria e resolu\u00e7\u00f5es<\/strong><\/p>\n<p>Veja nestes links abaixo:<\/p>\n<p><a href=\"https:\/\/ufprbr0-my.sharepoint.com\/:b:\/g\/personal\/design_grafico_ufpr_br\/IQB9HP-CGT70SpvR1KTnS2hvAep3e3ESjM07R5L9dZsCwzs?e=a6j59n\" target=\"_blank\" rel=\"noopener\">&gt;&gt;&nbsp;<strong>GRADE HOR\u00c1RIA<\/strong> do 1\u00ba semestre\/2026<\/a><\/p>\n<p><a href=\"https:\/\/ufprbr0-my.sharepoint.com\/:f:\/g\/personal\/design_grafico_ufpr_br\/IgAsD3LTsGD4R7ywiepPE5NTAf1Y4KawZC4tzWBzrUFp4rg?e=erB5z5\" target=\"_blank\" rel=\"noopener\">&gt;&gt;&nbsp;<strong>PLANOS DE ENSINO<\/strong> das Disciplinas para 1\u00ba semestre\/2026<\/a><\/p>\n<p>&nbsp;<\/p>\n<p>Resolu\u00e7\u00f5es vigentes&nbsp;<a href=\"https:\/\/drive.google.com\/drive\/folders\/1iNSpICK3XnKzgU3y1Hb46dQNjE4pHRbI?usp=sharing\" target=\"_blank\" rel=\"noopener\">link<\/a><\/p>\n<p>\u2026\u2026\u2026\u2026\u2026\u2026\u2026\u2026\u2026\u2026\u2026\u2026\u2026\u2026\u2026\u2026\u2026\u2026\u2026\u2026\u2026\u2026\u2026\u2026\u2026\u2026\u2026\u2026\u2026\u2026\u2026\u2026\u2026\u2026\u2026\u2026\u2026\u2026\u2026\u2026\u2026<\/p>\n<p>&nbsp;<\/p>\n<p>Voc\u00ea encontra o <a href=\"https:\/\/ufprbr0-my.sharepoint.com\/:b:\/g\/personal\/design_grafico_ufpr_br\/IQDizfo1OjPrSYuJmwa5Zw1NASvWvDmGb3eB5TgDlJHrycg?e=z2THP3\" target=\"_blank\" rel=\"noopener\">calend\u00e1rio 2026<\/a> completo da UFPR <a href=\"https:\/\/ufprbr0-my.sharepoint.com\/:b:\/g\/personal\/design_grafico_ufpr_br\/IQDizfo1OjPrSYuJmwa5Zw1NASvWvDmGb3eB5TgDlJHrycg?e=z2THP3\" target=\"_blank\" rel=\"noopener\">aqui<\/a>.<\/p>\n<p>&nbsp;<\/p>\n<p>\u25cd Se ainda tiver alguma d\u00favida, nos escreva &lt;design.grafico@ufpr.br&gt;. &#8211;&gt;<\/p>\n<p>&nbsp;<\/p>\n<p><strong>Um excelente ano!&nbsp;<\/strong><\/p>\n<p>coord.DG<\/p>\n\n\n<pre class=\"wp-block-code\"><code><\/code><\/pre>\n","protected":false},"excerpt":{"rendered":"<p>Ol\u00e1, pessoal!!!&nbsp; Informa\u00e7\u00f5es, importantes para 2026. \u2026\u2026\u2026\u2026\u2026\u2026\u2026\u2026\u2026\u2026\u2026\u2026\u2026\u2026\u2026\u2026\u2026\u2026\u2026\u2026\u2026\u2026\u2026\u2026\u2026\u2026\u2026\u2026\u2026\u2026\u2026\u2026\u2026\u2026\u2026\u2026\u2026\u2026\u2026\u2026\u2026 | Matr\u00edculas&nbsp;&nbsp; Importante lembrar as datas:&nbsp; Matr\u00edculas&nbsp;no SIGA&nbsp;de 29\/01 at\u00e9 02\/02.&nbsp; Ajuste&nbsp;no SIGA&nbsp;05\/02 e 06\/02. Ajustes de matr\u00edcula&nbsp;pela Coordena\u00e7\u00e3o de Curso&nbsp;de&nbsp;10\/02 at\u00e9 04\/03. E se voc\u00ea est\u00e1 utilizando o SIGA pela primeira vez, veja os tutoriais para matr\u00edcula e outros temas na&nbsp;UFPR aberta. \u2026\u2026\u2026\u2026\u2026\u2026\u2026\u2026\u2026\u2026\u2026\u2026\u2026\u2026\u2026\u2026\u2026\u2026\u2026\u2026\u2026\u2026\u2026\u2026\u2026\u2026\u2026\u2026\u2026\u2026\u2026\u2026\u2026\u2026\u2026\u2026\u2026\u2026\u2026\u2026\u2026\u2026\u2026. | Disciplinas, planos de [&hellip;]<\/p>\n","protected":false},"author":1766,"featured_media":0,"parent":0,"menu_order":0,"comment_status":"closed","ping_status":"closed","template":"","meta":{"_acf_changed":false,"ngg_post_thumbnail":0,"footnotes":""},"class_list":["post-1361","page","type-page","status-publish","hentry"],"acf":[],"_links":{"self":[{"href":"https:\/\/sacod.ufpr.br\/coordesign\/wp-json\/wp\/v2\/pages\/1361","targetHints":{"allow":["GET"]}}],"collection":[{"href":"https:\/\/sacod.ufpr.br\/coordesign\/wp-json\/wp\/v2\/pages"}],"about":[{"href":"https:\/\/sacod.ufpr.br\/coordesign\/wp-json\/wp\/v2\/types\/page"}],"author":[{"embeddable":true,"href":"https:\/\/sacod.ufpr.br\/coordesign\/wp-json\/wp\/v2\/users\/1766"}],"replies":[{"embeddable":true,"href":"https:\/\/sacod.ufpr.br\/coordesign\/wp-json\/wp\/v2\/comments?post=1361"}],"version-history":[{"count":20,"href":"https:\/\/sacod.ufpr.br\/coordesign\/wp-json\/wp\/v2\/pages\/1361\/revisions"}],"predecessor-version":[{"id":1498,"href":"https:\/\/sacod.ufpr.br\/coordesign\/wp-json\/wp\/v2\/pages\/1361\/revisions\/1498"}],"wp:attachment":[{"href":"https:\/\/sacod.ufpr.br\/coordesign\/wp-json\/wp\/v2\/media?parent=1361"}],"curies":[{"name":"wp","href":"https:\/\/api.w.org\/{rel}","templated":true}]}}