{"id":1332,"date":"2023-03-07T02:13:49","date_gmt":"2023-03-07T02:13:49","guid":{"rendered":"https:\/\/sacod.ufpr.br\/coordesign\/?page_id=1332"},"modified":"2023-03-07T02:16:18","modified_gmt":"2023-03-07T02:16:18","slug":"2023-01-semestre-design-grafico","status":"publish","type":"page","link":"https:\/\/sacod.ufpr.br\/coordesign\/2023-01-semestre-design-grafico\/","title":{"rendered":"2023 &#8211; 1\u00ba semestre . Design Gr\u00e1fico"},"content":{"rendered":"<p>1\u00ba semestre 2023 . Design Gr\u00e1fico<\/p>\n<p><strong>Ol\u00e1, pessoal!!!&nbsp;<\/strong><\/p>\n<p><strong>Informa\u00e7\u00f5es, arquivos e links para matr\u00edcula no 1<\/strong>\u00ba semestre\/2023.<\/p>\n<p>&nbsp;<\/p>\n<p>\u2026\u2026\u2026\u2026\u2026\u2026\u2026\u2026\u2026\u2026\u2026\u2026\u2026\u2026\u2026\u2026\u2026\u2026\u2026\u2026\u2026\u2026\u2026\u2026\u2026\u2026\u2026\u2026\u2026\u2026\u2026\u2026\u2026\u2026\u2026\u2026\u2026\u2026\u2026\u2026\u2026\u2026\u2026.<\/p>\n<p>&nbsp;<\/p>\n<p><strong>&nbsp;DATAS IMPORTANTES!!<\/strong><\/p>\n<p><strong>&gt;&nbsp; 11 a 14mar | Solicita\u00e7\u00e3o de MATR\u00cdCULA pelos\/as discentes, direto no SIGA;<\/strong><\/p>\n<p><strong>&gt;&nbsp; 15 e 16mar | Processamento de MATR\u00cdCULAS;<\/strong><\/p>\n<p><strong>&gt;&nbsp; 17mar | Ajuste interno de &nbsp;MATR\u00cdCULAS pela coordena\u00e7\u00e3o;<\/strong><\/p>\n<p><strong>&gt;&nbsp; 18 a 20mar| AJUSTE de matr\u00edcula pelos\/as discentes, direto no SIGA;<\/strong><\/p>\n<p><strong>&gt;&nbsp; 22 mar a 03abr | Per\u00edodo de solicita\u00e7\u00e3o de AJUSTE de matr\u00edcula na Coordena\u00e7\u00e3o do Curso.<\/strong><\/p>\n<p>&nbsp;<\/p>\n<p><strong>&gt;&nbsp; 20mar\u00e7o | In\u00edcio das aulas do 1\u00ba semestre de 2023, para os cursos de 15 semanas!<\/strong><\/p>\n<p>Voc\u00ea encontra o calend\u00e1rio completo da UFPR aqui.<\/p>\n<p>&nbsp;<\/p>\n<p>\u2026\u2026\u2026\u2026\u2026\u2026\u2026\u2026\u2026\u2026\u2026\u2026\u2026\u2026\u2026\u2026\u2026\u2026\u2026\u2026\u2026\u2026\u2026\u2026\u2026\u2026\u2026\u2026\u2026\u2026\u2026\u2026\u2026\u2026\u2026\u2026\u2026\u2026\u2026\u2026\u2026\u2026\u2026.<\/p>\n<p>&nbsp;<\/p>\n<p><strong>| Matr\u00edculas&nbsp;&nbsp;<\/strong><\/p>\n<p>Nos dias&nbsp;<strong>11&nbsp;e 14 de mar\u00e7o<\/strong>, via&nbsp;<a href=\"https:\/\/www.prppg.ufpr.br\/siga\/login\">SIGA-UFPR&nbsp;<\/a>.<\/p>\n<p>Se voc\u00ea est\u00e1 utilizando o SIGA pela primeira vez, veja os tutoriais para matr\u00edcula e outros temas na&nbsp;<a href=\"https:\/\/ufpraberta.ufpr.br\/course\/view.php?id=9\">UFPR aberta<\/a>.<\/p>\n<p>Calouras e calouros 2023, voc\u00eas j\u00e1 ingressam automaticamente matriculadas\/os nas disciplinas obrigat\u00f3rias neste 1\u00ba semestre.<\/p>\n<p>&nbsp;<\/p>\n<p><strong>***Aten\u00e7\u00e3o!!<\/strong><\/p>\n<p>\u25cd&nbsp;Discentes de GRR2020, 2021 e 2022 devem se matricular&nbsp;<strong>somente<\/strong>&nbsp;em c\u00f3digos do seu&nbsp;<strong>curr\u00edculo 2020<\/strong>&nbsp;(por exemplo,&nbsp;<strong>ODTE5<\/strong>)<\/p>\n<p>\u25cd&nbsp;Veteranos\/as de GRR2019\u2026 2014 devem se matricular somente nas&nbsp;<strong>\u201cdisciplinas espelho\u201d<\/strong>, em seus c\u00f3digos, do seu curr\u00edculo&nbsp;<strong>anterior<\/strong>&nbsp;2016 (por exemplo:&nbsp;<strong>OD120<\/strong>)<\/p>\n<p>\u25cd&nbsp;Teccendas\/os matriculem-se em ODDA6 nas letras da disciplina de&nbsp;<strong>seus\/as Orientadores\/as<\/strong>.&nbsp;<\/p>\n<p>&nbsp;<\/p>\n<p>\u2026\u2026\u2026\u2026\u2026\u2026\u2026\u2026\u2026\u2026\u2026\u2026\u2026\u2026\u2026\u2026\u2026\u2026\u2026\u2026\u2026\u2026\u2026\u2026\u2026\u2026\u2026\u2026\u2026\u2026\u2026\u2026\u2026\u2026\u2026\u2026\u2026\u2026\u2026\u2026\u2026\u2026\u2026.<\/p>\n<p>&nbsp;<\/p>\n<p><strong>| Disciplinas, planos de ensino, grade&nbsp;hor\u00e1ria e resolu\u00e7\u00f5es<\/strong><\/p>\n<p>Veja nestes links abaixo:<\/p>\n<p>&gt;&gt;<strong>Grade hor\u00e1ria<\/strong> do 1\u00ba semestre\/2023&nbsp;<a href=\"https:\/\/docs.google.com\/spreadsheets\/d\/1yiGro5dQDsvK90BmRFsS-CEHkJj32nREEutiUdWx5Eo\/edit?usp=share_link\">link<\/a><\/p>\n<p>&gt;&gt;<strong>Planos de Ensino<\/strong> da Disciplinas para 1\u00ba semestre\/2023&nbsp;<a href=\"https:\/\/drive.google.com\/drive\/folders\/1Om059QWphbXQjrFzglJAX6U__BjdCOyD?usp=sharing\">link<\/a><\/p>\n<p>Resolu\u00e7\u00f5es vigentes&nbsp;<a href=\"https:\/\/drive.google.com\/drive\/folders\/1K0djmOmKbfl53cSsqHAF8QDAdJR6kgnv?usp=share_link\">link<\/a><\/p>\n<p>&nbsp;<\/p>\n<p>\u2026\u2026\u2026\u2026\u2026\u2026\u2026\u2026\u2026\u2026\u2026\u2026\u2026\u2026\u2026\u2026\u2026\u2026\u2026\u2026\u2026\u2026\u2026\u2026\u2026\u2026\u2026\u2026\u2026\u2026\u2026\u2026\u2026\u2026\u2026\u2026\u2026\u2026\u2026\u2026\u2026\u2026\u2026.<\/p>\n<p>&nbsp;<\/p>\n<p><strong>| Ajuste de matr\u00edcula<\/strong><\/p>\n<p><strong>06 e 07 out<\/strong>&nbsp;\u2013&nbsp;Processamento das solicita\u00e7\u00f5es de matr\u00edculas. ***&nbsp;Conferir se sua solicita\u00e7\u00e3o foi efetivada.<br \/>\n<strong>10out&nbsp;<\/strong>&nbsp;\u2013 Ajuste (corre\u00e7\u00e3o) das matr\u00edculas pelos\/as discentes&nbsp;via SIGA.<\/p>\n<p><strong>13 a 27 out<\/strong>&nbsp;\u2013 Per\u00edodo para a ajuste (corre\u00e7\u00e3o) das matr\u00edculas junto a&nbsp;Coordena\u00e7\u00e3o de Curso DG.<\/p>\n<p>&nbsp;<\/p>\n<p>obs. Turmas com n\u00famero inferior a 10 (dez) matr\u00edculas podem ser canceladas e estes\/as discentes, caso queiram, podem ser remanejados\/as para outras turmas que tenham vagas.<\/p>\n<p>&nbsp;<\/p>\n<p>\u2026\u2026\u2026\u2026\u2026\u2026\u2026\u2026\u2026\u2026\u2026\u2026\u2026\u2026\u2026\u2026\u2026\u2026\u2026\u2026\u2026\u2026\u2026\u2026\u2026\u2026\u2026\u2026\u2026\u2026\u2026\u2026\u2026\u2026\u2026\u2026\u2026\u2026\u2026\u2026\u2026\u2026\u2026.<\/p>\n<p>&nbsp;<\/p>\n<p><strong>| Disciplinas eletivas<\/strong><\/p>\n<p>Aten\u00e7\u00e3o discentes de outros cursos que se interessem a cursar disciplinas em nosso curso, solicitar matr\u00edcula somente em c\u00f3digos do curr\u00edculo 2020. Solicita\u00e7\u00f5es em c\u00f3digos do curr\u00edculo 2016 ser\u00e3o desconsideradas.<\/p>\n<p>&nbsp;<\/p>\n<p>\u2026\u2026\u2026\u2026\u2026\u2026\u2026\u2026\u2026\u2026\u2026\u2026\u2026\u2026\u2026\u2026\u2026\u2026\u2026\u2026\u2026\u2026\u2026\u2026\u2026\u2026\u2026\u2026\u2026\u2026\u2026\u2026\u2026\u2026\u2026\u2026\u2026\u2026\u2026\u2026\u2026\u2026\u2026.<\/p>\n<p>&nbsp;<\/p>\n<p><strong>Recomenda\u00e7\u00f5es !!!<\/strong><\/p>\n<p>\u25cd&nbsp;Nesta oferta a&nbsp;<strong>carga hor\u00e1ria m\u00ednima<\/strong>&nbsp;a se matricular ser\u00e1 de 130h para o curr\u00edculo novo e para o curr\u00edculo antigo.<\/p>\n<p>\u25cd&nbsp;Al\u00e9m das disciplinas do semestre, a coordena\u00e7\u00e3o sugere se atentar \u00e0s Atividades de Extens\u00e3o (procure saber que projetos de extens\u00e3o temos no curso) e Atividades Formativas Complementares (AFCs).&nbsp;&nbsp;<\/p>\n<p>\u25cd&nbsp;Se&nbsp;ainda tiver alguma d\u00favida, nos escreva &lt;ufpr.design.coord@gmail.com&gt;.<\/p>\n<p>&nbsp;<\/p>\n<p><strong>Um excelente 2023!&nbsp;<\/strong><\/p>\n<p>Juliana Bueno | coord.DG<\/p>\n<p>&nbsp;<\/p>\n","protected":false},"excerpt":{"rendered":"<p>1\u00ba semestre 2023 . Design Gr\u00e1fico Ol\u00e1, pessoal!!!&nbsp; Informa\u00e7\u00f5es, arquivos e links para matr\u00edcula no 1\u00ba semestre\/2023. &nbsp; \u2026\u2026\u2026\u2026\u2026\u2026\u2026\u2026\u2026\u2026\u2026\u2026\u2026\u2026\u2026\u2026\u2026\u2026\u2026\u2026\u2026\u2026\u2026\u2026\u2026\u2026\u2026\u2026\u2026\u2026\u2026\u2026\u2026\u2026\u2026\u2026\u2026\u2026\u2026\u2026\u2026\u2026\u2026. &nbsp; &nbsp;DATAS IMPORTANTES!! &gt;&nbsp; 11 a 14mar | Solicita\u00e7\u00e3o de MATR\u00cdCULA pelos\/as discentes, direto no SIGA; &gt;&nbsp; 15 e 16mar | Processamento de MATR\u00cdCULAS; &gt;&nbsp; 17mar | Ajuste interno de &nbsp;MATR\u00cdCULAS pela coordena\u00e7\u00e3o; &gt;&nbsp; 18 a [&hellip;]<\/p>\n","protected":false},"author":1766,"featured_media":0,"parent":0,"menu_order":0,"comment_status":"closed","ping_status":"closed","template":"","meta":{"_acf_changed":false,"ngg_post_thumbnail":0,"footnotes":""},"class_list":["post-1332","page","type-page","status-publish","hentry"],"acf":[],"_links":{"self":[{"href":"https:\/\/sacod.ufpr.br\/coordesign\/wp-json\/wp\/v2\/pages\/1332","targetHints":{"allow":["GET"]}}],"collection":[{"href":"https:\/\/sacod.ufpr.br\/coordesign\/wp-json\/wp\/v2\/pages"}],"about":[{"href":"https:\/\/sacod.ufpr.br\/coordesign\/wp-json\/wp\/v2\/types\/page"}],"author":[{"embeddable":true,"href":"https:\/\/sacod.ufpr.br\/coordesign\/wp-json\/wp\/v2\/users\/1766"}],"replies":[{"embeddable":true,"href":"https:\/\/sacod.ufpr.br\/coordesign\/wp-json\/wp\/v2\/comments?post=1332"}],"version-history":[{"count":3,"href":"https:\/\/sacod.ufpr.br\/coordesign\/wp-json\/wp\/v2\/pages\/1332\/revisions"}],"predecessor-version":[{"id":1335,"href":"https:\/\/sacod.ufpr.br\/coordesign\/wp-json\/wp\/v2\/pages\/1332\/revisions\/1335"}],"wp:attachment":[{"href":"https:\/\/sacod.ufpr.br\/coordesign\/wp-json\/wp\/v2\/media?parent=1332"}],"curies":[{"name":"wp","href":"https:\/\/api.w.org\/{rel}","templated":true}]}}