{"id":1289,"date":"2022-08-01T21:19:43","date_gmt":"2022-08-01T21:19:43","guid":{"rendered":"https:\/\/sacod.ufpr.br\/coordesign\/?page_id=1289"},"modified":"2022-08-01T21:19:43","modified_gmt":"2022-08-01T21:19:43","slug":"ace-atividades-curriculares-de-extensao-design-grafico","status":"publish","type":"page","link":"https:\/\/sacod.ufpr.br\/coordesign\/ace-atividades-curriculares-de-extensao-design-grafico\/","title":{"rendered":"ACE Atividades Curriculares de Extens\u00e3o Design Gr\u00e1fico"},"content":{"rendered":"<h3><span style=\"color: #008000\"><b>Atividades Curriculares de Extens\u00e3o no Curso de Design Gr\u00e1fico&nbsp;<\/b><\/span><\/h3>\n<p><span style=\"font-weight: 400\">Em atendimento \u00e0 resolu\u00e7\u00e3o 86\/2020 do CEPE, que disp\u00f5e sobre a credita\u00e7\u00e3o das Atividades Curriculares de Extens\u00e3o nos curr\u00edculos plenos dos cursos de gradua\u00e7\u00e3o da UFPR. O Curso de Gradua\u00e7\u00e3o em Design Gr\u00e1fico definiu, em reuni\u00f5es de Colegiado e de Planejamento, os seguintes procedimentos para viabilizar a implanta\u00e7\u00e3o da credita\u00e7\u00e3o da Extens\u00e3o.<\/span><\/p>\n<p><span style=\"font-weight: 400\">O novo curr\u00edculo de Design Gr\u00e1fico, implantando em 2020, demanda a integraliza\u00e7\u00e3o de <strong>240 horas<\/strong> em atividades extensionistas, 10% da carga hor\u00e1ria total do curso&nbsp; de 2400 horas, nas seguintes modalidades:<\/span><\/p>\n<ul>\n<li><b><span style=\"color: #008000\">ACE I | Disciplina introdut\u00f3ria de fundamenta\u00e7\u00e3o da extens\u00e3<\/span>o<\/b><\/li>\n<\/ul>\n<p style=\"padding-left: 60px\">&#8211; ODACE 1 &#8211; T\u00f3picos de Atividades de Extens\u00e3o em Design Gr\u00e1fico 1 &#8211; 30h&nbsp;<\/p>\n<ul>\n<li><span style=\"color: #008000\"><b>ACE II | Disciplinas com parte ou totalidade da carga destinada \u00e0 participa\u00e7\u00e3o em extens\u00e3o<\/b><\/span><\/li>\n<\/ul>\n<p style=\"padding-left: 60px\">&#8211; ODACE 2 &#8211; T\u00f3picos de Atividades de Extens\u00e3o em Design Gr\u00e1fico 2 &#8211; 90h&nbsp;<\/p>\n<p style=\"padding-left: 60px\">&#8211; ODACE 3 &#8211; T\u00f3picos de Atividades de Extens\u00e3o em Design Gr\u00e1fico 3 &#8211; 90h&nbsp;<\/p>\n<ul>\n<li><span style=\"color: #008000\"><strong>ACE III | Participa\u00e7\u00e3o estudantil em Programas ou Projetos de Extens\u00e3o da UFPR&nbsp;<\/strong><\/span><\/li>\n<li><span style=\"color: #008000\"><strong>ACE IV | Participa\u00e7\u00e3o estudantil como organizador \/ ministrante<\/strong><\/span><\/li>\n<li><span style=\"color: #008000\"><strong>ACE V |&nbsp; Participa\u00e7\u00e3o estudantil em Programas ou Projetos de Extens\u00e3o em outras IES<\/strong><\/span><\/li>\n<\/ul>\n<p>&nbsp;<\/p>\n<p>Veja o&nbsp;<b><a href=\"https:\/\/drive.google.com\/file\/d\/1byfxYrDyCAeTw34JW56EgT38fZNO23Rr\/view?usp=sharing\"><span style=\"color: #008000\">Regulamento para Atividades Curriculares de Extens\u00e3o no Curso de Gradua\u00e7\u00e3o em Design Gr\u00e1fico.<\/span><\/a>&nbsp;<\/b><\/p>\n<p>_________________________________<\/p>\n","protected":false},"excerpt":{"rendered":"<p>Atividades Curriculares de Extens\u00e3o no Curso de Design Gr\u00e1fico&nbsp; Em atendimento \u00e0 resolu\u00e7\u00e3o 86\/2020 do CEPE, que disp\u00f5e sobre a credita\u00e7\u00e3o das Atividades Curriculares de Extens\u00e3o nos curr\u00edculos plenos dos cursos de gradua\u00e7\u00e3o da UFPR. O Curso de Gradua\u00e7\u00e3o em Design Gr\u00e1fico definiu, em reuni\u00f5es de Colegiado e de Planejamento, os seguintes procedimentos para viabilizar [&hellip;]<\/p>\n","protected":false},"author":1766,"featured_media":0,"parent":0,"menu_order":0,"comment_status":"closed","ping_status":"closed","template":"","meta":{"_acf_changed":false,"ngg_post_thumbnail":0,"footnotes":""},"class_list":["post-1289","page","type-page","status-publish","hentry"],"acf":[],"_links":{"self":[{"href":"https:\/\/sacod.ufpr.br\/coordesign\/wp-json\/wp\/v2\/pages\/1289","targetHints":{"allow":["GET"]}}],"collection":[{"href":"https:\/\/sacod.ufpr.br\/coordesign\/wp-json\/wp\/v2\/pages"}],"about":[{"href":"https:\/\/sacod.ufpr.br\/coordesign\/wp-json\/wp\/v2\/types\/page"}],"author":[{"embeddable":true,"href":"https:\/\/sacod.ufpr.br\/coordesign\/wp-json\/wp\/v2\/users\/1766"}],"replies":[{"embeddable":true,"href":"https:\/\/sacod.ufpr.br\/coordesign\/wp-json\/wp\/v2\/comments?post=1289"}],"version-history":[{"count":1,"href":"https:\/\/sacod.ufpr.br\/coordesign\/wp-json\/wp\/v2\/pages\/1289\/revisions"}],"predecessor-version":[{"id":1290,"href":"https:\/\/sacod.ufpr.br\/coordesign\/wp-json\/wp\/v2\/pages\/1289\/revisions\/1290"}],"wp:attachment":[{"href":"https:\/\/sacod.ufpr.br\/coordesign\/wp-json\/wp\/v2\/media?parent=1289"}],"curies":[{"name":"wp","href":"https:\/\/api.w.org\/{rel}","templated":true}]}}