{"id":1059,"date":"2021-09-13T17:21:40","date_gmt":"2021-09-13T17:21:40","guid":{"rendered":"https:\/\/sacod.ufpr.br\/coordesign\/?page_id=1059"},"modified":"2023-07-17T19:02:42","modified_gmt":"2023-07-17T19:02:42","slug":"calendario-2023-1","status":"publish","type":"page","link":"https:\/\/sacod.ufpr.br\/coordesign\/calendario-2023-1\/","title":{"rendered":"Calend\u00e1rio 2023"},"content":{"rendered":"<h2><strong>Matr\u00edcula 2023.2<\/strong><\/h2>\n<p>DATAS IMPORTANTES!!<\/p>\n<p><strong>15 a 18 de julho&nbsp;<\/strong>| Solicita\u00e7\u00e3o de MATR\u00cdCULA pelos\/as discentes, direto no SIGA;<br \/>\n<strong>22 a 24 de julho&nbsp;<\/strong>| AJUSTE de matr\u00edcula pelos\/as discentes, direto no SIGA;<br \/>\n<strong>24 de julho&nbsp;<\/strong>| In\u00edcio do per\u00edodo letivo de 2023\/02;<br \/>\n<strong>26 de julho a 7 de agosto&nbsp;<\/strong>| Per\u00edodo de solicita\u00e7\u00e3o de AJUSTE de matr\u00edcula na Coordena\u00e7\u00e3o do Curso.<\/p>\n<p>&nbsp;<\/p>\n<p>As matr\u00edculas ser\u00e3o feitas via&nbsp;SIGA.<\/p>\n<p class=\"p1\">Link para acessar o SIGA:&nbsp;<a href=\"https:\/\/www.prppg.ufpr.br\/siga\/\">SIGA UFPR<\/a><\/p>\n<p class=\"p1\">Link para tutoriais sobre o SIGA:&nbsp;<a href=\"https:\/\/ufpraberta.ufpr.br\/course\/view.php?id=9\">UFPR Aberta<\/a><\/p>\n<p>&nbsp;<\/p>\n<h2><strong>Vis\u00e3o geral&nbsp;<\/strong><\/h2>\n<p class=\"p1\">Disciplinas ofertadas:<br \/>\n<a href=\"https:\/\/sacod.ufpr.br\/coordesign\/wp-content\/uploads\/sites\/5\/2023\/07\/GradeHor\u00e1ria_2023_2_atualizada.pdf\">Grade Hor\u00e1ria 2023.2<\/a><br \/>\n<a href=\"https:\/\/sacod.ufpr.br\/coordesign\/wp-content\/uploads\/sites\/5\/2023\/03\/GradeHoraria_DesignProduto_2023_1semestre.pdf\">Grade Hor\u00e1ria 2023.1<\/a><\/p>\n<p>&nbsp;<\/p>\n<h2><strong>Optativas&nbsp;<\/strong><\/h2>\n<p>Disciplinas Optativas &#8211; Design de Produto &#8211; 2023.2<\/p>\n<table style=\"border-collapse: collapse;width: 479pt\" width=\"639\">\n<colgroup>\n<col style=\"width: 48pt\" width=\"64\">\n<col style=\"width: 108pt\" width=\"144\">\n<col style=\"width: 141pt\" width=\"188\">\n<col style=\"width: 63pt\" width=\"84\">\n<col style=\"width: 71pt\" width=\"95\">\n<col style=\"width: 48pt\" width=\"64\"><\/colgroup>\n<tbody>\n<tr style=\"height: 15.0pt\">\n<td class=\"xl253\" style=\"width: 48pt;height: 15.0pt\" width=\"64\" height=\"20\"><strong>C\u00f3digo<\/strong><\/td>\n<td class=\"xl253\" style=\"width: 108pt\" width=\"144\"><strong>Disciplina<\/strong><\/td>\n<td class=\"xl253\" style=\"width: 141pt\" width=\"188\"><strong>Tem\u00e1tica<\/strong><\/td>\n<td class=\"xl253\" style=\"width: 63pt\" width=\"84\"><strong>Docente<\/strong><\/td>\n<td class=\"xl253\" style=\"width: 71pt\" width=\"95\"><strong>Hor\u00e1rio<\/strong><\/td>\n<td class=\"xl253\" style=\"width: 48pt\" width=\"64\"><strong>Vagas<\/strong><\/td>\n<\/tr>\n<tr style=\"height: 30.75pt\">\n<td class=\"xl253\" style=\"width: 48pt;height: 30.75pt\" width=\"64\" height=\"41\">OD608<\/td>\n<td class=\"xl251\" style=\"width: 108pt\" width=\"144\">Temas Emergentes em Design de Produto 8<\/td>\n<td class=\"xl251\" style=\"width: 141pt\" width=\"188\">Design de Joias<\/td>\n<td class=\"xl251\" style=\"width: 63pt\" width=\"84\">Elisa<\/td>\n<td class=\"xl251\" style=\"width: 71pt\" width=\"95\">Sexta-feira 10:30\/12:30<\/td>\n<td class=\"xl252\" style=\"width: 48pt\" width=\"64\">20<\/td>\n<\/tr>\n<tr style=\"height: 30.75pt\">\n<td class=\"xl253\" style=\"width: 48pt;height: 30.75pt\" width=\"64\" height=\"41\">OD609<\/td>\n<td class=\"xl251\" style=\"width: 108pt\" width=\"144\">Temas Emergentes em Design de Produto 9<\/td>\n<td class=\"xl251\" style=\"width: 141pt\" width=\"188\">Design e Intelig\u00eancia Artificial<\/td>\n<td class=\"xl251\" style=\"width: 63pt\" width=\"84\">Aguinaldo<\/td>\n<td class=\"xl251\" style=\"width: 71pt\" width=\"95\">Sexta-feira 10:30\/12:30<\/td>\n<td class=\"xl252\" style=\"width: 48pt\" width=\"64\">12<\/td>\n<\/tr>\n<tr style=\"height: 30.75pt\">\n<td class=\"xl253\" style=\"width: 48pt;height: 30.75pt\" width=\"64\" height=\"41\">OD611<\/td>\n<td class=\"xl251\" style=\"width: 108pt\" width=\"144\">Temas Emergentes em Design de Produto 11<\/td>\n<td class=\"xl251\" style=\"width: 141pt\" width=\"188\">Design e Rela\u00e7\u00f5es de G\u00eanero<\/td>\n<td class=\"xl251\" style=\"width: 63pt\" width=\"84\">Cl\u00e1udia<\/td>\n<td class=\"xl251\" style=\"width: 71pt\" width=\"95\">Ter\u00e7a-feira 10:30\/12:30<\/td>\n<td class=\"xl252\" style=\"width: 48pt\" width=\"64\">25<\/td>\n<\/tr>\n<tr style=\"height: 30.75pt\">\n<td class=\"xl253\" style=\"width: 48pt;height: 30.75pt\" width=\"64\" height=\"41\">OD612<\/td>\n<td class=\"xl251\" style=\"width: 108pt\" width=\"144\">Temas Emergentes em Design de Produto 12<\/td>\n<td class=\"xl251\" style=\"width: 141pt\" width=\"188\">Design e Ativismo<\/td>\n<td class=\"xl251\" style=\"width: 63pt\" width=\"84\">Gheysa<\/td>\n<td class=\"xl251\" style=\"width: 71pt\" width=\"95\">Sexta-Feira &#8211; 14:00 &#8211; 15:00<\/td>\n<td class=\"xl252\" style=\"width: 48pt\" width=\"64\">15<\/td>\n<\/tr>\n<\/tbody>\n<\/table>\n<p>&nbsp;<\/p>\n<p><a href=\"https:\/\/sacod.ufpr.br\/coordesign\/wp-content\/uploads\/sites\/5\/2023\/02\/Optativas-2023.1.pdf\">Disciplinas Optativas &#8211; Design de Produto &#8211; 2023.1<\/a><\/p>\n<p>OD603 | TEDP 3 | Pessankas B\u00e1sico I | Prof.\u00aa Viviane<br \/>\nOD604 | TEDP 4 | Design de Mobili\u00e1rio Seriado | Prof.\u00aa Michele<br \/>\nOD611 | TEDP 11 | Produ\u00e7\u00e3o de Produtos em Madeira | Prof. Vin\u00edcius<br \/>\nOD612 | TEDP 12 | Design para Manufatura Aditiva | Prof. Gabriel<br \/>\nOD613 | TEDP 13 |&nbsp;Inova\u00e7\u00e3o em Design de M\u00f3veis | Prof. Ken<\/p>\n<p>&nbsp;<\/p>\n<h2><strong>Planos de ensino<\/strong><\/h2>\n<p><a>OD110 \u2013 Semin\u00e1rio de TCC<\/a><br \/>\n<a href=\"https:\/\/sacod.ufpr.br\/coordesign\/wp-content\/uploads\/sites\/5\/2022\/05\/2022_A_OD107_Topicos_Especiais_DesignJogosComProposito_Plano_1sem2022.pdf\">OD117 \u2013 T\u00f3picos Especiais em DP &#8211; Design de Jogos com Prop\u00f3sito<\/a><br \/>\n<a href=\"https:\/\/sacod.ufpr.br\/designposgraduacao\/wp-content\/uploads\/sites\/7\/2021\/09\/OA309_Hist\u00f3ria_da_arte_2021.pdf\">OA309 &#8211; Hist\u00f3ria da Arte<\/a><br \/>\n<a href=\"https:\/\/sacod.ufpr.br\/designposgraduacao\/wp-content\/uploads\/sites\/7\/2021\/09\/OD500_Ergonomia_Aplicada_ao_Produto_2021.pdf\">OD500 \u2013 Ergonomia Aplicada ao Produto<\/a><br \/>\n<a href=\"https:\/\/ufprbr0-my.sharepoint.com\/:b:\/r\/personal\/gabrielrosenmann_ufpr_br\/Documents\/Coordena%C3%A7%C3%A3o%202021-2023\/Planos%20de%20ensino_ficha2_calend%C3%A1rio2021\/OD501_Estagio_Supervisionado_2021.pdf?csf=1&amp;web=1&amp;e=FsidBI\">OD501 \u2013 Est\u00e1gio Supervisionado<\/a><br \/>\n<a href=\"https:\/\/sacod.ufpr.br\/designposgraduacao\/wp-content\/uploads\/sites\/7\/2021\/09\/OD502_Fotografia_aplicada_ao_produto_2021.pdf\">OD502 &#8211; Fotografia Aplicada ao Produto<\/a><br \/>\n<a href=\"https:\/\/sacod.ufpr.br\/designposgraduacao\/wp-content\/uploads\/sites\/7\/2021\/09\/OD503_Gest\u00e3o_Aplicada_ao_Design_I_2021.pdf\">OD503 &#8211; Gest\u00e3o Aplicada do Design de Produto I<\/a><br \/>\n<a href=\"https:\/\/sacod.ufpr.br\/designposgraduacao\/wp-content\/uploads\/sites\/7\/2021\/09\/OD504_Gest\u00e3o_Aplicada_ao_Design_II_2021.pdf\">OD504 &#8211; Gest\u00e3o Aplicada do Design de Produto II<\/a><br \/>\n<a href=\"https:\/\/sacod.ufpr.br\/designposgraduacao\/wp-content\/uploads\/sites\/7\/2021\/09\/OD505_Hist\u00f3ria_do_Design_de_Produto_2021.pdf\">OD505 &#8211; Hist\u00f3ria do Design de Produto<\/a><br \/>\n<a href=\"https:\/\/sacod.ufpr.br\/designposgraduacao\/wp-content\/uploads\/sites\/7\/2021\/09\/OD506_Mat_Proc_I_2021.pdf\">OD506 \u2013 Materiais e Processos I<\/a><br \/>\n<a href=\"https:\/\/sacod.ufpr.br\/coordesign\/wp-content\/uploads\/sites\/5\/2021\/09\/OD507_Materiais_e_Processos_II_2021.pdf\">OD507 \u2013 Materiais e Processos II<\/a><br \/>\n<a href=\"https:\/\/sacod.ufpr.br\/designposgraduacao\/wp-content\/uploads\/sites\/7\/2021\/09\/OD508_Mat_Proc_III_2021.pdf\">OD508 \u2013 Materiais e Processos III<\/a><br \/>\n<a href=\"https:\/\/sacod.ufpr.br\/designposgraduacao\/wp-content\/uploads\/sites\/7\/2021\/09\/OD509_Metodologia_Visual_I.pdf\">OD509 \u2013 Metodologia Visual Aplicada ao Produto I<\/a><br \/>\n<a href=\"https:\/\/sacod.ufpr.br\/designposgraduacao\/wp-content\/uploads\/sites\/7\/2021\/09\/OD510_Metodologia_Visual_II.pdf\">OD510 \u2013 Metodologia Visual Aplicada ao Produto II<\/a><br \/>\n<a href=\"https:\/\/sacod.ufpr.br\/designposgraduacao\/wp-content\/uploads\/sites\/7\/2021\/09\/OD511_PROJETO_DE_PRODUTO_I_2021_1.pdf\">OD511 \u2013 Projeto de Produto I_1<\/a> E <a href=\"https:\/\/sacod.ufpr.br\/designposgraduacao\/wp-content\/uploads\/sites\/7\/2021\/09\/OD511_Projeto_de_Produto_I_2021_2.pdf\">Projeto de Produto I_2<\/a><br \/>\n<a href=\"https:\/\/sacod.ufpr.br\/designposgraduacao\/wp-content\/uploads\/sites\/7\/2021\/09\/OD512_Projeto_de_Produto_II_2021_1e2.pdf\">OD512 \u2013 Projeto de Produto II<\/a><br \/>\n<a href=\"https:\/\/sacod.ufpr.br\/designposgraduacao\/wp-content\/uploads\/sites\/7\/2021\/09\/OD513_Projeto_III_2021.pdf\">OD513 \u2013 Projeto de Produto III<\/a><br \/>\n<a href=\"https:\/\/sacod.ufpr.br\/designposgraduacao\/wp-content\/uploads\/sites\/7\/2021\/09\/OD515_Representa\u00e7\u00e3o_3D_I_2021.pdf\">OD515 \u2013 Representa\u00e7\u00e3o 3D I<\/a><br \/>\n<a href=\"https:\/\/sacod.ufpr.br\/designposgraduacao\/wp-content\/uploads\/sites\/7\/2021\/09\/OD516_Representa\u00e7\u00e3o_3D_II_2021.pdf\">OD516 \u2013 Representa\u00e7\u00e3o 3D II<\/a><br \/>\n<a href=\"https:\/\/sacod.ufpr.br\/designposgraduacao\/wp-content\/uploads\/sites\/7\/2021\/09\/OD517_Representa\u00e7\u00e3o3D_III_2021.pdf\">OD517 \u2013 Representa\u00e7\u00e3o 3D III<\/a><br \/>\n<a href=\"https:\/\/sacod.ufpr.br\/designposgraduacao\/wp-content\/uploads\/sites\/7\/2021\/09\/OD518_Representacao_Grafica_I_2021.pdf\">OD518 \u2013 Representa\u00e7\u00e3o Gr\u00e1fica I<\/a><br \/>\n<a href=\"https:\/\/sacod.ufpr.br\/designposgraduacao\/wp-content\/uploads\/sites\/7\/2021\/09\/OD519_Representac\u00e3o_Gr\u00e1fica_II_2021.pdf\">OD519 \u2013 Representa\u00e7\u00e3o Gr\u00e1fica II<\/a><br \/>\n<a href=\"https:\/\/sacod.ufpr.br\/designposgraduacao\/wp-content\/uploads\/sites\/7\/2021\/09\/OD520_Representacao_Grafica_III_2021.pdf\">OD520 \u2013 Representa\u00e7\u00e3o Gr\u00e1fica III<\/a><br \/>\n<a href=\"https:\/\/sacod.ufpr.br\/designposgraduacao\/wp-content\/uploads\/sites\/7\/2021\/09\/OD521_Semiotica_Aplicada_ao_Design_de_Produto_2021.pdf\">OD521 &#8211; Semi\u00f3tica Aplicada ao Design de Produto<\/a><\/p>\n<p>&nbsp;<br \/>\n&nbsp;<\/p>\n<p><a href=\"https:\/\/sacod.ufpr.br\/designposgraduacao\/wp-content\/uploads\/sites\/7\/2021\/09\/OD109_Topicos_Especiais_Design_jogos_com_proposito_2021.pdf\">OD109 &#8211; Design de Jogos com prop\u00f3sito<\/a><br \/>\n<a href=\"https:\/\/sacod.ufpr.br\/coordesign\/wp-content\/uploads\/sites\/5\/2021\/09\/OD111c-DESIGN-P\u00d3S-ANTROPOC\u00caNTRICO-revisado.pdf\">OD111c &#8211; Design p\u00f3s-antropoc\u00eantrico<\/a><br \/>\n<a href=\"https:\/\/sacod.ufpr.br\/designposgraduacao\/wp-content\/uploads\/sites\/7\/2021\/09\/OD129e_Livro_independente_experimental_2021.pdf\">OD129e &#8211; Livro independente experimental<\/a><br \/>\n<a href=\"https:\/\/sacod.ufpr.br\/designposgraduacao\/wp-content\/uploads\/sites\/7\/2021\/09\/OD130_Materiais_Gr\u00e1ficos_Letramento_Bilingue_Criancas_Surdas_2021.pdf\">OD130 &#8211; Materiais Gr\u00e1ficos para Letramento Bil\u00edngue de Crian\u00e7a Surda<\/a><\/p>\n<p>&nbsp;<\/p>\n<p>&nbsp;<\/p>\n<h2><strong>Mais informa\u00e7\u00f5es<\/strong><\/h2>\n<p><a href=\"http:\/\/www.prograd.ufpr.br\/wp-content\/uploads\/2022\/11\/6222-15-Semanas.pdf\">Calend\u00e1rio Acad\u00eamico 2023 | 15 semanas<\/a><\/p>\n<p><a href=\"https:\/\/sacod.ufpr.br\/coordesign\/wp-content\/uploads\/sites\/5\/2021\/04\/RESOLU%C3%87%C3%83O-N%C2%BA-22-21-CEPE-1.pdf\">RESOLU\u00c7\u00c3O N\u00ba 22\/21-CEPE<\/a><\/p>\n<p><a href=\"http:\/\/www.soc.ufpr.br\/wp-content\/uploads\/2021\/09\/Resolu%C3%A7%C3%A3o-n%C2%BA-56-21-CEPE.pdf\">RESOLU\u00c7\u00c3O N\u00ba 56\/21-CEPE<\/a><\/p>\n<p><a href=\"http:\/\/www.prograd.ufpr.br\/wp-content\/uploads\/2021\/09\/INSTRUCAO-NORMATIVA-PROGRAD-N%C2%B0-02_2021.pdf\">Instru\u00e7\u00e3o Normativa N\u00ba02\/21-CEPE<\/a><\/p>\n<p><a href=\"http:\/\/www.cipead.ufpr.br1\/index.php\/cipead\/periodo-especial-ufpr\/principais-duvidas-faq\/\">FAQ<\/a><\/p>\n","protected":false},"excerpt":{"rendered":"<p>Matr\u00edcula 2023.2 DATAS IMPORTANTES!! 15 a 18 de julho&nbsp;| Solicita\u00e7\u00e3o de MATR\u00cdCULA pelos\/as discentes, direto no SIGA; 22 a 24 de julho&nbsp;| AJUSTE de matr\u00edcula pelos\/as discentes, direto no SIGA; 24 de julho&nbsp;| In\u00edcio do per\u00edodo letivo de 2023\/02; 26 de julho a 7 de agosto&nbsp;| Per\u00edodo de solicita\u00e7\u00e3o de AJUSTE de matr\u00edcula na Coordena\u00e7\u00e3o [&hellip;]<\/p>\n","protected":false},"author":1765,"featured_media":0,"parent":0,"menu_order":0,"comment_status":"closed","ping_status":"closed","template":"","meta":{"_acf_changed":false,"ngg_post_thumbnail":0,"footnotes":""},"class_list":["post-1059","page","type-page","status-publish","hentry"],"acf":[],"_links":{"self":[{"href":"https:\/\/sacod.ufpr.br\/coordesign\/wp-json\/wp\/v2\/pages\/1059","targetHints":{"allow":["GET"]}}],"collection":[{"href":"https:\/\/sacod.ufpr.br\/coordesign\/wp-json\/wp\/v2\/pages"}],"about":[{"href":"https:\/\/sacod.ufpr.br\/coordesign\/wp-json\/wp\/v2\/types\/page"}],"author":[{"embeddable":true,"href":"https:\/\/sacod.ufpr.br\/coordesign\/wp-json\/wp\/v2\/users\/1765"}],"replies":[{"embeddable":true,"href":"https:\/\/sacod.ufpr.br\/coordesign\/wp-json\/wp\/v2\/comments?post=1059"}],"version-history":[{"count":50,"href":"https:\/\/sacod.ufpr.br\/coordesign\/wp-json\/wp\/v2\/pages\/1059\/revisions"}],"predecessor-version":[{"id":1373,"href":"https:\/\/sacod.ufpr.br\/coordesign\/wp-json\/wp\/v2\/pages\/1059\/revisions\/1373"}],"wp:attachment":[{"href":"https:\/\/sacod.ufpr.br\/coordesign\/wp-json\/wp\/v2\/media?parent=1059"}],"curies":[{"name":"wp","href":"https:\/\/api.w.org\/{rel}","templated":true}]}}