{"id":1981,"date":"2015-08-14T15:27:57","date_gmt":"2015-08-14T15:27:57","guid":{"rendered":"https:\/\/sacod.ufpr.br\/comunicacaomestrado\/?page_id=1981"},"modified":"2018-08-08T13:58:31","modified_gmt":"2018-08-08T13:58:31","slug":"contato","status":"publish","type":"page","link":"https:\/\/sacod.ufpr.br\/comunicacaomestrado\/contato\/","title":{"rendered":"Contato"},"content":{"rendered":"<p><strong>Coordena\u00e7\u00e3o:&nbsp;<\/strong>Dra.&nbsp;Valqu\u00edria Michela John (vmichela@gmail.com)&nbsp;<\/p>\n<p><strong>Vice-coordenadora<\/strong>: Dra. Carla Rizzotto (carla_rizzotto@yahoo.com.br)<\/p>\n<p><strong>Hor\u00e1rio da secretaria:<\/strong> Segunda a sexta-feira: 8 \u00e0s 14 horas<\/p>\n<p><strong>Endere\u00e7o:<\/strong><br \/>\nPrograma de P\u00f3s-Gradua\u00e7\u00e3o em Comunica\u00e7\u00e3o<br \/>\nRua Bom Jesus, 650, sala 3<br \/>\nJuvev\u00ea, Curitiba, Paran\u00e1<\/p>\n<p><strong>Telefone:<\/strong> (041) 3313-2025 e 3313-2000 (geral)<\/p>\n<p><strong>E-mail: <\/strong><a href=\"mailto:ppgcom@ufpr.br\">ppgcom@ufpr.br<\/a><\/p>\n","protected":false},"excerpt":{"rendered":"<p>Coordena\u00e7\u00e3o:&nbsp;Dra.&nbsp;Valqu\u00edria Michela John (vmichela@gmail.com)&nbsp; Vice-coordenadora: Dra. Carla Rizzotto (carla_rizzotto@yahoo.com.br) Hor\u00e1rio da secretaria: Segunda a sexta-feira: 8 \u00e0s 14 horas Endere\u00e7o: Programa de P\u00f3s-Gradua\u00e7\u00e3o em Comunica\u00e7\u00e3o Rua Bom Jesus, 650, sala 3 Juvev\u00ea, Curitiba, Paran\u00e1 Telefone: (041) 3313-2025 e 3313-2000 (geral) E-mail: ppgcom@ufpr.br<\/p>\n","protected":false},"author":9,"featured_media":0,"parent":0,"menu_order":0,"comment_status":"open","ping_status":"open","template":"","meta":{"_acf_changed":false,"ngg_post_thumbnail":0,"footnotes":""},"class_list":["post-1981","page","type-page","status-publish","hentry"],"acf":[],"_links":{"self":[{"href":"https:\/\/sacod.ufpr.br\/comunicacaomestrado\/wp-json\/wp\/v2\/pages\/1981","targetHints":{"allow":["GET"]}}],"collection":[{"href":"https:\/\/sacod.ufpr.br\/comunicacaomestrado\/wp-json\/wp\/v2\/pages"}],"about":[{"href":"https:\/\/sacod.ufpr.br\/comunicacaomestrado\/wp-json\/wp\/v2\/types\/page"}],"author":[{"embeddable":true,"href":"https:\/\/sacod.ufpr.br\/comunicacaomestrado\/wp-json\/wp\/v2\/users\/9"}],"replies":[{"embeddable":true,"href":"https:\/\/sacod.ufpr.br\/comunicacaomestrado\/wp-json\/wp\/v2\/comments?post=1981"}],"version-history":[{"count":7,"href":"https:\/\/sacod.ufpr.br\/comunicacaomestrado\/wp-json\/wp\/v2\/pages\/1981\/revisions"}],"predecessor-version":[{"id":3263,"href":"https:\/\/sacod.ufpr.br\/comunicacaomestrado\/wp-json\/wp\/v2\/pages\/1981\/revisions\/3263"}],"wp:attachment":[{"href":"https:\/\/sacod.ufpr.br\/comunicacaomestrado\/wp-json\/wp\/v2\/media?parent=1981"}],"curies":[{"name":"wp","href":"https:\/\/api.w.org\/{rel}","templated":true}]}}