{"id":1975,"date":"2015-08-14T15:26:47","date_gmt":"2015-08-14T15:26:47","guid":{"rendered":"https:\/\/sacod.ufpr.br\/comunicacaomestrado\/?page_id=1975"},"modified":"2017-09-18T16:33:09","modified_gmt":"2017-09-18T16:33:09","slug":"dissertacoes-2","status":"publish","type":"page","link":"https:\/\/sacod.ufpr.br\/comunicacaomestrado\/dissertacoes-2\/","title":{"rendered":"Disserta\u00e7\u00f5es"},"content":{"rendered":"<p>Selecione abaixo a turma para visualizar as disserta\u00e7\u00f5es.<\/p>\n<h4><a href=\"https:\/\/sacod.ufpr.br\/comunicacaomestrado\/dissertacoe\/dissertacoes_turma01\">1\u00aa TURMA 2010-2012<\/a><\/h4>\n<p>&nbsp;<\/p>\n<h4><a href=\"https:\/\/sacod.ufpr.br\/comunicacaomestrado\/dissertacoes_turma02\">2\u00aa TURMA 2011-2013<\/a><\/h4>\n<p>&nbsp;<\/p>\n<h4><a href=\"https:\/\/sacod.ufpr.br\/comunicacaomestrado\/dissertacoes_turma05\/\">3\u00aa TURMA 2012-2014<\/a><\/h4>\n<p>&nbsp;<\/p>\n<h4><a href=\"https:\/\/sacod.ufpr.br\/comunicacaomestrado\/dissertacoes_turma03\/\">4\u00aa TURMA 2013-2015<\/a><\/h4>\n<p>&nbsp;<\/p>\n<h4><a href=\"https:\/\/sacod.ufpr.br\/comunicacaomestrado\/dissertacoes_turma04\/\">5\u00aa TURMA 2014-2016<\/a><\/h4>\n<p>&nbsp;<\/p>\n<p><a href=\"https:\/\/sacod.ufpr.br\/comunicacaomestrado\/dissertacoes-6a-turma-2015-2017\/\"><strong>6\u00aa TURMA 2015 &#8211; 2017<\/strong><\/a><\/p>\n","protected":false},"excerpt":{"rendered":"<p>Selecione abaixo a turma para visualizar as disserta\u00e7\u00f5es. 1\u00aa TURMA 2010-2012 &nbsp; 2\u00aa TURMA 2011-2013 &nbsp; 3\u00aa TURMA 2012-2014 &nbsp; 4\u00aa TURMA 2013-2015 &nbsp; 5\u00aa TURMA 2014-2016 &nbsp; 6\u00aa TURMA 2015 &#8211; 2017<\/p>\n","protected":false},"author":9,"featured_media":0,"parent":0,"menu_order":0,"comment_status":"open","ping_status":"open","template":"","meta":{"_acf_changed":false,"ngg_post_thumbnail":0,"footnotes":""},"class_list":["post-1975","page","type-page","status-publish","hentry"],"acf":[],"_links":{"self":[{"href":"https:\/\/sacod.ufpr.br\/comunicacaomestrado\/wp-json\/wp\/v2\/pages\/1975","targetHints":{"allow":["GET"]}}],"collection":[{"href":"https:\/\/sacod.ufpr.br\/comunicacaomestrado\/wp-json\/wp\/v2\/pages"}],"about":[{"href":"https:\/\/sacod.ufpr.br\/comunicacaomestrado\/wp-json\/wp\/v2\/types\/page"}],"author":[{"embeddable":true,"href":"https:\/\/sacod.ufpr.br\/comunicacaomestrado\/wp-json\/wp\/v2\/users\/9"}],"replies":[{"embeddable":true,"href":"https:\/\/sacod.ufpr.br\/comunicacaomestrado\/wp-json\/wp\/v2\/comments?post=1975"}],"version-history":[{"count":26,"href":"https:\/\/sacod.ufpr.br\/comunicacaomestrado\/wp-json\/wp\/v2\/pages\/1975\/revisions"}],"predecessor-version":[{"id":3032,"href":"https:\/\/sacod.ufpr.br\/comunicacaomestrado\/wp-json\/wp\/v2\/pages\/1975\/revisions\/3032"}],"wp:attachment":[{"href":"https:\/\/sacod.ufpr.br\/comunicacaomestrado\/wp-json\/wp\/v2\/media?parent=1975"}],"curies":[{"name":"wp","href":"https:\/\/api.w.org\/{rel}","templated":true}]}}