{"id":1953,"date":"2015-08-14T15:22:55","date_gmt":"2015-08-14T15:22:55","guid":{"rendered":"https:\/\/sacod.ufpr.br\/comunicacaomestrado\/?page_id=1953"},"modified":"2017-12-08T10:15:44","modified_gmt":"2017-12-08T10:15:44","slug":"editais","status":"publish","type":"page","link":"https:\/\/sacod.ufpr.br\/comunicacaomestrado\/editais\/","title":{"rendered":"Processo seletivo do mestrado 2018"},"content":{"rendered":"<p>____________________________________________________________________<\/p>\n<p><a href=\"https:\/\/sacod.ufpr.br\/comunicacaomestrado\/wp-content\/uploads\/sites\/10\/2017\/07\/Edital_Sele\u00e7\u00e3o_2017-_turma2018.pdf\">Edital_Sele\u00e7\u00e3o_2017 _turma2018<\/a>_<\/p>\n<p><a href=\"https:\/\/sacod.ufpr.br\/comunicacaomestrado\/wp-content\/uploads\/sites\/10\/2017\/09\/Ensalamento-Processo-Seletivo-2018-Mestrado.pdf\">Ensalamento Processo Seletivo 2018 &#8211; Mestrado<\/a><\/p>\n<p><a href=\"https:\/\/sacod.ufpr.br\/comunicacaomestrado\/wp-content\/uploads\/sites\/10\/2017\/10\/Resultado-final-prova-escrita-PPGCOM-_2017.pdf\">Resultado final prova escrita PPGCOM<\/a><\/p>\n<p><a href=\"https:\/\/sacod.ufpr.br\/comunicacaomestrado\/wp-content\/uploads\/sites\/10\/2017\/10\/Edital-Resultado-final-prova-escrita-PPGCOM.docx-.pdf\">Edital Resultado final prova escrita PPGCOM.docx<\/a><a href=\"https:\/\/sacod.ufpr.br\/comunicacaomestrado\/wp-content\/uploads\/sites\/10\/2017\/07\/Edital_Sele\u00e7\u00e3o_2017-_turma2018.pdf\">Edital_Sele\u00e7\u00e3o_2017 _turma2018<\/a><\/p>\n<p><a href=\"https:\/\/sacod.ufpr.br\/comunicacaomestrado\/wp-content\/uploads\/sites\/10\/2017\/11\/Resultado-da-an\u00e1lise-dos-projetos-de-pesquisa_sele\u00e7\u00e3o2017.pdf\">Resultado da an\u00e1lise dos projetos de pesquisa_sele\u00e7\u00e3o2017<\/a><\/p>\n<p><a href=\"https:\/\/sacod.ufpr.br\/comunicacaomestrado\/wp-content\/uploads\/sites\/10\/2017\/11\/Resultado-Final-da-an\u00e1lise-dos-projetos-de-pesquisa.pdf\">Resultado Final da an\u00e1lise dos projetos de pesquisa<\/a><\/p>\n<p><a href=\"https:\/\/sacod.ufpr.br\/comunicacaomestrado\/wp-content\/uploads\/sites\/10\/2017\/11\/Edital-15-cronograma-entrevistas_hor\u00e1rio.pdf\">Edital 15-cronograma-entrevistas_hor\u00e1rio<\/a><\/p>\n<p><a href=\"https:\/\/sacod.ufpr.br\/comunicacaomestrado\/wp-content\/uploads\/sites\/10\/2017\/11\/EDITAL-16-APROVADOS_ENTREVISTA.pdf\">Edital N\u00ba 16 Aprovados na Entrevista<\/a><\/p>\n<p><a href=\"https:\/\/sacod.ufpr.br\/comunicacaomestrado\/wp-content\/uploads\/sites\/10\/2017\/12\/Resultado-final-do-Processo-Seletivo-2017-Turma-2018.pdf\">Resultado final do Processo Seletivo 2017 Turma 2018<\/a><\/p>\n","protected":false},"excerpt":{"rendered":"<p>____________________________________________________________________ Edital_Sele\u00e7\u00e3o_2017 _turma2018_ Ensalamento Processo Seletivo 2018 &#8211; Mestrado Resultado final prova escrita PPGCOM Edital Resultado final prova escrita PPGCOM.docxEdital_Sele\u00e7\u00e3o_2017 _turma2018 Resultado da an\u00e1lise dos projetos de pesquisa_sele\u00e7\u00e3o2017 Resultado Final da an\u00e1lise dos projetos de pesquisa Edital 15-cronograma-entrevistas_hor\u00e1rio Edital N\u00ba 16 Aprovados na Entrevista Resultado final do Processo Seletivo 2017 Turma 2018<\/p>\n","protected":false},"author":9,"featured_media":0,"parent":0,"menu_order":0,"comment_status":"open","ping_status":"open","template":"","meta":{"_acf_changed":false,"ngg_post_thumbnail":0,"footnotes":""},"class_list":["post-1953","page","type-page","status-publish","hentry"],"acf":[],"_links":{"self":[{"href":"https:\/\/sacod.ufpr.br\/comunicacaomestrado\/wp-json\/wp\/v2\/pages\/1953","targetHints":{"allow":["GET"]}}],"collection":[{"href":"https:\/\/sacod.ufpr.br\/comunicacaomestrado\/wp-json\/wp\/v2\/pages"}],"about":[{"href":"https:\/\/sacod.ufpr.br\/comunicacaomestrado\/wp-json\/wp\/v2\/types\/page"}],"author":[{"embeddable":true,"href":"https:\/\/sacod.ufpr.br\/comunicacaomestrado\/wp-json\/wp\/v2\/users\/9"}],"replies":[{"embeddable":true,"href":"https:\/\/sacod.ufpr.br\/comunicacaomestrado\/wp-json\/wp\/v2\/comments?post=1953"}],"version-history":[{"count":30,"href":"https:\/\/sacod.ufpr.br\/comunicacaomestrado\/wp-json\/wp\/v2\/pages\/1953\/revisions"}],"predecessor-version":[{"id":3080,"href":"https:\/\/sacod.ufpr.br\/comunicacaomestrado\/wp-json\/wp\/v2\/pages\/1953\/revisions\/3080"}],"wp:attachment":[{"href":"https:\/\/sacod.ufpr.br\/comunicacaomestrado\/wp-json\/wp\/v2\/media?parent=1953"}],"curies":[{"name":"wp","href":"https:\/\/api.w.org\/{rel}","templated":true}]}}