{"id":1945,"date":"2015-08-14T15:21:42","date_gmt":"2015-08-14T15:21:42","guid":{"rendered":"https:\/\/sacod.ufpr.br\/comunicacaomestrado\/?page_id=1945"},"modified":"2019-06-17T13:22:58","modified_gmt":"2019-06-17T13:22:58","slug":"estrutura-curricular-2","status":"publish","type":"page","link":"https:\/\/sacod.ufpr.br\/comunicacaomestrado\/estrutura-curricular-2\/","title":{"rendered":"Estrutura Curricular"},"content":{"rendered":"<p><strong>Mestrado<\/strong><\/p>\n<p>O aluno dever\u00e1 cursar tr\u00eas disciplinas obrigat\u00f3rias, valendo&nbsp;quatro cr\u00e9ditos (60h) cada uma, sendo elas:<\/p>\n<ol>\n<li>Teorias da Comunica\u00e7\u00e3o<\/li>\n<li>Metodologias de Pesquisa em Comunica\u00e7\u00e3o<\/li>\n<\/ol>\n<p>E dever\u00e1 cursar tr\u00eas disciplinas optativas (incluindo o Semin\u00e1rio de Disserta\u00e7\u00e3o, que portanto se constitui como uma optativa obrigat\u00f3ria), valendo quatro cr\u00e9ditos (60h) cada uma, escolhidas em comum acordo com seu orientador.<\/p>\n<p>Ordem sugerida para a realiza\u00e7\u00e3o das disciplinas:<\/p>\n<p>1\u00ba Semestre: uma disciplina obrigat\u00f3ria e duas optativas.<br \/>\n2\u00ba Semestre: uma disciplina obrigat\u00f3ria,&nbsp; uma optativa&nbsp;e atividade orientada de pesquisa.<br \/>\n3\u00ba Semestre: Semin\u00e1rio de Disserta\u00e7\u00e3o e atividades orientadas de pesquisa.<br \/>\nQualifica\u00e7\u00e3o, est\u00e1gio de doc\u00eancia e atividades orientadas de pesquisa<br \/>\n4\u00ba Semestre: defesa da disserta\u00e7\u00e3o.<\/p>\n<p>O aluno dever\u00e1 cursar um m\u00ednimo de 15 cr\u00e9ditos em disciplinas, como consta no Artigo 17, da Resolu\u00e7\u00e3o CEPE 32\/17, que estabelece normas gerais para os cursos de p\u00f3s-gradua\u00e7\u00e3o <em>stricto sensu<\/em> da UFPR.<\/p>\n<p>&nbsp;<\/p>\n<p><strong>Doutorado<\/strong><\/p>\n<p>O aluno dever\u00e1 cursar tr\u00eas disciplinas obrigat\u00f3rias, valendo&nbsp;quatro cr\u00e9ditos (60h) cada uma, sendo elas:<\/p>\n<ol>\n<li>Teorias da Comunica\u00e7\u00e3o<\/li>\n<li>Metodologias de Pesquisa em Comunica\u00e7\u00e3o<\/li>\n<li>T\u00f3picos Avan\u00e7ados de Teoria e Pesquisa em Comunica\u00e7\u00e3o<\/li>\n<\/ol>\n<p>E dever\u00e1 cursar quatro disciplinas optativas (incluindo os Semin\u00e1rios de Tese I e II, que portanto se constituem como optativas obrigat\u00f3rias), valendo quatro cr\u00e9ditos (60h) cada uma, escolhidas em comum acordo com seu orientador.<\/p>\n<p>Ordem sugerida para a realiza\u00e7\u00e3o das disciplinas:<\/p>\n<p>1\u00ba Semestre: uma disciplina obrigat\u00f3ria e uma optativa.<br \/>\n2\u00ba Semestre: uma disciplina obrigat\u00f3ria,&nbsp; uma optativa&nbsp;e atividades orientadas de pesquisa.<br \/>\n3\u00ba Semestre: uma disciplina obrigat\u00f3ria,&nbsp; est\u00e1gio de doc\u00eancia e atividades orientadas de pesquisa.<br \/>\n4\u00ba Semestre: Semin\u00e1rio de Tese I e atividades orientadas de pesquisa.<\/p>\n<p>5\u00ba Semestre: Semin\u00e1rio de Tese II, atividades orientadas de pesquisa, qualifica\u00e7\u00e3o.<br \/>\n6\u00ba Semestre: Tese e atividades orientadas de pesquisa.<br \/>\n7\u00ba Semestre: Tese e atividades orientadas de pesquisa.<br \/>\n8\u00ba Semestre: Defesa de Tese.<\/p>\n<p>&nbsp;<\/p>\n<h4>Atividades orientadas<\/h4>\n<p>O aluno dever\u00e1 apresentar Atividades Orientadas* de pesquisa, que ser\u00e3o submetidas \u00e0 aprova\u00e7\u00e3o do colegiado no in\u00edcio do semestre.<\/p>\n<p>*As atividades orientadas s\u00e3o estudos e atividades espec\u00edficos e individualizados que o aluno dever\u00e1 fazer para atingir os objetivos propostos na sua pesquisa e que complementam seu processo de investiga\u00e7\u00e3o, esclarecendo ou aprofundando aspectos a ele ligados. A proposta destes estudos e atividades devem ser submetidas ao colegiado do curso e ao orientador antes da sua realiza\u00e7\u00e3o, para a avalia\u00e7\u00e3o de sua adequa\u00e7\u00e3o e depois, para an\u00e1lise do seu m\u00e9rito. Essas atividades orientadas devem ser avaliadas pelo Colegiado antes da qualifica\u00e7\u00e3o.&nbsp;Tais atividades compreendem:<\/p>\n<ol>\n<li>Participa\u00e7\u00e3o em projetos de pesquisa do seu orientador e\/ou grupo de pesquisa;<\/li>\n<li>Participa\u00e7\u00e3o em congressos e semin\u00e1rios cient\u00edficos com apresenta\u00e7\u00e3o de trabalho e<\/li>\n<li>Publica\u00e7\u00f5es de artigos ligados ao seu tema de estudo.<\/li>\n<\/ol>\n<h4>Exame de sufici\u00eancia em l\u00edngua estrangeira<\/h4>\n<p>O mestrando deve comprovar a sufici\u00eancia em uma l\u00edngua para o mestrado (ingl\u00eas ou espanhol) at\u00e9 o final do primeiro ano. O doutorando deve comprovar a sufici\u00eancia em duas l\u00ednguas (obrigatoriamente o ingl\u00eas j\u00e1 no ato da inscri\u00e7\u00e3o ao processo seletivo e outra \u00e0 escolha do candidato, cujo comprovante deve ser entregue na secretaria do Programa at\u00e9 o final do primeiro semestre) .&nbsp;O Programa n\u00e3o se responsabilizar\u00e1 pela aplica\u00e7\u00e3o do exame de sufici\u00eancia em l\u00edngua estrangeira. Ser\u00e3o aceitos certificados de sufici\u00eancia ou profici\u00eancia emitidos pelo&nbsp;<a title=\"N\u00facleo de Concursos\" href=\"http:\/\/www.nc.ufpr.br\/\" target=\"_blank\" rel=\"noopener\">N\u00facleo de Concursos da UFPR<\/a>&nbsp; &nbsp;ou&nbsp;por Programas de P\u00f3s-Gradua\u00e7\u00e3o reconhecidos pela Capes.<\/p>\n","protected":false},"excerpt":{"rendered":"<p>Mestrado O aluno dever\u00e1 cursar tr\u00eas disciplinas obrigat\u00f3rias, valendo&nbsp;quatro cr\u00e9ditos (60h) cada uma, sendo elas: Teorias da Comunica\u00e7\u00e3o Metodologias de Pesquisa em Comunica\u00e7\u00e3o E dever\u00e1 cursar tr\u00eas disciplinas optativas (incluindo o Semin\u00e1rio de Disserta\u00e7\u00e3o, que portanto se constitui como uma optativa obrigat\u00f3ria), valendo quatro cr\u00e9ditos (60h) cada uma, escolhidas em comum acordo com seu orientador. [&hellip;]<\/p>\n","protected":false},"author":9,"featured_media":0,"parent":0,"menu_order":0,"comment_status":"open","ping_status":"open","template":"","meta":{"_acf_changed":false,"ngg_post_thumbnail":0,"footnotes":""},"class_list":["post-1945","page","type-page","status-publish","hentry"],"acf":[],"_links":{"self":[{"href":"https:\/\/sacod.ufpr.br\/comunicacaomestrado\/wp-json\/wp\/v2\/pages\/1945","targetHints":{"allow":["GET"]}}],"collection":[{"href":"https:\/\/sacod.ufpr.br\/comunicacaomestrado\/wp-json\/wp\/v2\/pages"}],"about":[{"href":"https:\/\/sacod.ufpr.br\/comunicacaomestrado\/wp-json\/wp\/v2\/types\/page"}],"author":[{"embeddable":true,"href":"https:\/\/sacod.ufpr.br\/comunicacaomestrado\/wp-json\/wp\/v2\/users\/9"}],"replies":[{"embeddable":true,"href":"https:\/\/sacod.ufpr.br\/comunicacaomestrado\/wp-json\/wp\/v2\/comments?post=1945"}],"version-history":[{"count":12,"href":"https:\/\/sacod.ufpr.br\/comunicacaomestrado\/wp-json\/wp\/v2\/pages\/1945\/revisions"}],"predecessor-version":[{"id":3103,"href":"https:\/\/sacod.ufpr.br\/comunicacaomestrado\/wp-json\/wp\/v2\/pages\/1945\/revisions\/3103"}],"wp:attachment":[{"href":"https:\/\/sacod.ufpr.br\/comunicacaomestrado\/wp-json\/wp\/v2\/media?parent=1945"}],"curies":[{"name":"wp","href":"https:\/\/api.w.org\/{rel}","templated":true}]}}