{"id":1936,"date":"2015-08-14T15:17:42","date_gmt":"2015-08-14T15:17:42","guid":{"rendered":"https:\/\/sacod.ufpr.br\/comunicacaomestrado\/?page_id=1936"},"modified":"2019-07-16T15:06:15","modified_gmt":"2019-07-16T15:06:15","slug":"docentes","status":"publish","type":"page","link":"https:\/\/sacod.ufpr.br\/comunicacaomestrado\/docentes\/","title":{"rendered":"Linhas de Pesquisa e Docentes"},"content":{"rendered":"<h4>Comunica\u00e7\u00e3o e forma\u00e7\u00f5es socioculturais<\/h4>\n<p>Processos comunicativos e suas interfaces com a cultura, consumo e educa\u00e7\u00e3o. Desenvolve pesquisas sobre: matrizes culturais e representa\u00e7\u00f5es sociais; processos de media\u00e7\u00e3o e midiatiza\u00e7\u00e3o social; regimes est\u00e9ticos de intera\u00e7\u00e3o; estudos de produ\u00e7\u00e3o, circula\u00e7\u00e3o e recep\u00e7\u00e3o; tecnologias, intera\u00e7\u00f5es e converg\u00eancia midi\u00e1tica; linguagens e produ\u00e7\u00e3o de sentidos; a dimens\u00e3o educativa da comunica\u00e7\u00e3o; desafios da interculturalidade e da alteridade nas din\u00e2micas sociais.<\/p>\n<p>Docentes:<br \/>\n<a href=\"http:\/\/lattes.cnpq.br\/8293988696774235\">Dra. &nbsp;Claudia Irene Quadros<\/a><br \/>\n<a href=\"http:\/\/lattes.cnpq.br\/1353697328915770\">Dr. &nbsp; Fabio Hansen<\/a><br \/>\n<a href=\"http:\/\/lattes.cnpq.br\/5245380818198943\">Dr. Jo\u00e3o Ladeira&nbsp;<\/a><br \/>\n<a href=\"http:\/\/lattes.cnpq.br\/2778413245735367\">Dr. &nbsp; Hertez Wendel de Camargo<br \/>\n<\/a><a href=\"http:\/\/lattes.cnpq.br\/8555844320658036\">Dr.Jos\u00e9 Carlos Fernandes&nbsp;<\/a><br \/>\n<a href=\"http:\/\/buscatextual.cnpq.br\/buscatextual\/visualizacv.do?id=K4796124P1\">Dra. &nbsp;Myrian Regina Del Vecchio de Lima<\/a><br \/>\n<a href=\"http:\/\/buscatextual.cnpq.br\/buscatextual\/visualizacv.do?id=K4751080P4\">Dra. &nbsp;Regiane Regina Ribeiro<br \/>\n<\/a><a href=\"http:\/\/lattes.cnpq.br\/2664701896506145\">Dr. Rodrigo Botelho-Francisco<\/a><br \/>\n<a href=\"http:\/\/buscatextual.cnpq.br\/buscatextual\/visualizacv.do?id=K4799128A5\">Dra. &nbsp;Rosa Maria Cardoso Dalla Costa (at\u00e9 abril de 2017)<br \/>\n<\/a><a href=\"http:\/\/lattes.cnpq.br\/0028569012805646\">Dra. Valquiria Michela John<\/a><\/p>\n<p>&nbsp;<\/p>\n<h4>Comunica\u00e7\u00e3o&nbsp;e pol\u00edtica<\/h4>\n<p>A <span class=\"m_5035502957438008820gmail-il\">linha<\/span> incentiva <span class=\"m_5035502957438008820gmail-il\">pesquisas<\/span> sobre as v\u00e1rias dimens\u00f5es da rela\u00e7\u00e3o entre comunica\u00e7\u00e3o e pol\u00edtica. Abrange estudos sobre marketing pol\u00edtico, propaganda pol\u00edtica e eleitoral, discursos pol\u00edticos, forma\u00e7\u00e3o da opini\u00e3o p\u00fablica, jornalismo pol\u00edtico e processos mais amplos sobre m\u00eddia e pol\u00edtica nas democracias contempor\u00e2neas, nas abordagens representativa, participativa e deliberativa. Inclui tamb\u00e9m os aspectos das lutas pol\u00edticas por reconhecimento nos espa\u00e7os comunicacionais e da cr\u00edtica <span class=\"m_5035502957438008820gmail-il\">de&nbsp;<\/span>m\u00eddia. Engloba ainda <span class=\"m_5035502957438008820gmail-il\">pesquisas<\/span> sobre democracia digital, comunica\u00e7\u00e3o governamental digital e ativismo nas redes digitais.&nbsp;As <span class=\"m_5035502957438008820gmail-il\">pesquisas<\/span> se orientam por an\u00e1lises <span class=\"m_5035502957438008820gmail-il\">de&nbsp;<\/span>conte\u00fado, discurso e enquadramento das produ\u00e7\u00f5es midi\u00e1ticas <span class=\"m_5035502957438008820gmail-il\">de<\/span> institui\u00e7\u00f5es e atores pol\u00edticos, assim como an\u00e1lises da sua repercuss\u00e3o nas redes digitais e m\u00eddias sociais. Trata, assim, da mesma forma, <span class=\"m_5035502957438008820gmail-il\">de<\/span> an\u00e1lises <span class=\"m_5035502957438008820gmail-il\">de<\/span> efeitos da m\u00eddia, como estudos <span class=\"m_5035502957438008820gmail-il\">de<\/span> agenda-setting.<\/p>\n<p>Docentes:<br \/>\n<a href=\"http:\/\/lattes.cnpq.br\/8293600258731349\">Dr. &nbsp; Aryovaldo de Castro Azevedo Junior<\/a><br \/>\n<a href=\"http:\/\/lattes.cnpq.br\/1172479976966505\">Dr. &nbsp; Carla Candida Rizzotto&nbsp;<\/a><br \/>\n<a href=\"http:\/\/buscatextual.cnpq.br\/buscatextual\/visualizacv.do?id=C461219\">Dr. &nbsp; Emerson Urizzi Cervi<br \/>\n<\/a><a href=\"http:\/\/lattes.cnpq.br\/5523350812734008\">Dr. &nbsp;Francisco Paulo Jamil Almeida Marques &nbsp;<\/a><br \/>\n<a href=\"http:\/\/buscatextual.cnpq.br\/buscatextual\/visualizacv.do?id=K4739456H3\">Dra. &nbsp;Kelly Cristina de Souza Prudencio<\/a><br \/>\n<a href=\"http:\/\/lattes.cnpq.br\/3447103897680398\">Dra. &nbsp;Luciana Panke<\/a><br \/>\n<a href=\"http:\/\/lattes.cnpq.br\/2274642614968177\">Dra Michele Goulart Massuchin&nbsp;<\/a><br \/>\n<a href=\"http:\/\/lattes.cnpq.br\/7325821038513196\">Dr. Maur\u00edcio Liesen&nbsp; (Bolsista PNPD)<\/a><br \/>\n<a href=\"http:\/\/lattes.cnpq.br\/6603480808884218\">Dr. &nbsp;Rafael Cardoso Sampaio &nbsp;<\/a><\/p>\n<p><strong>&nbsp;<\/strong><\/p>\n<p>&nbsp;<\/p>\n<p>&nbsp;<\/p>\n","protected":false},"excerpt":{"rendered":"<p>Comunica\u00e7\u00e3o e forma\u00e7\u00f5es socioculturais Processos comunicativos e suas interfaces com a cultura, consumo e educa\u00e7\u00e3o. Desenvolve pesquisas sobre: matrizes culturais e representa\u00e7\u00f5es sociais; processos de media\u00e7\u00e3o e midiatiza\u00e7\u00e3o social; regimes est\u00e9ticos de intera\u00e7\u00e3o; estudos de produ\u00e7\u00e3o, circula\u00e7\u00e3o e recep\u00e7\u00e3o; tecnologias, intera\u00e7\u00f5es e converg\u00eancia midi\u00e1tica; linguagens e produ\u00e7\u00e3o de sentidos; a dimens\u00e3o educativa da comunica\u00e7\u00e3o; desafios [&hellip;]<\/p>\n","protected":false},"author":9,"featured_media":0,"parent":0,"menu_order":0,"comment_status":"open","ping_status":"open","template":"","meta":{"_acf_changed":false,"ngg_post_thumbnail":0,"footnotes":""},"class_list":["post-1936","page","type-page","status-publish","hentry"],"acf":[],"_links":{"self":[{"href":"https:\/\/sacod.ufpr.br\/comunicacaomestrado\/wp-json\/wp\/v2\/pages\/1936","targetHints":{"allow":["GET"]}}],"collection":[{"href":"https:\/\/sacod.ufpr.br\/comunicacaomestrado\/wp-json\/wp\/v2\/pages"}],"about":[{"href":"https:\/\/sacod.ufpr.br\/comunicacaomestrado\/wp-json\/wp\/v2\/types\/page"}],"author":[{"embeddable":true,"href":"https:\/\/sacod.ufpr.br\/comunicacaomestrado\/wp-json\/wp\/v2\/users\/9"}],"replies":[{"embeddable":true,"href":"https:\/\/sacod.ufpr.br\/comunicacaomestrado\/wp-json\/wp\/v2\/comments?post=1936"}],"version-history":[{"count":19,"href":"https:\/\/sacod.ufpr.br\/comunicacaomestrado\/wp-json\/wp\/v2\/pages\/1936\/revisions"}],"predecessor-version":[{"id":3498,"href":"https:\/\/sacod.ufpr.br\/comunicacaomestrado\/wp-json\/wp\/v2\/pages\/1936\/revisions\/3498"}],"wp:attachment":[{"href":"https:\/\/sacod.ufpr.br\/comunicacaomestrado\/wp-json\/wp\/v2\/media?parent=1936"}],"curies":[{"name":"wp","href":"https:\/\/api.w.org\/{rel}","templated":true}]}}