{"id":1933,"date":"2015-08-14T15:16:41","date_gmt":"2015-08-14T15:16:41","guid":{"rendered":"https:\/\/sacod.ufpr.br\/comunicacaomestrado\/?page_id=1933"},"modified":"2015-08-14T17:48:43","modified_gmt":"2015-08-14T17:48:43","slug":"areas-de-concentracao","status":"publish","type":"page","link":"https:\/\/sacod.ufpr.br\/comunicacaomestrado\/areas-de-concentracao\/","title":{"rendered":"\u00c1rea de Concentra\u00e7\u00e3o"},"content":{"rendered":"<p>Comunica\u00e7\u00e3o e Sociedade<\/p>\n<p>A \u00e1rea se volta para a dimens\u00e3o da comunica\u00e7\u00e3o como processo fundamental da constitui\u00e7\u00e3o sociocultural e pol\u00edtica da sociedade contempor\u00e2nea. Direciona seu enfoque para a investiga\u00e7\u00e3o de rela\u00e7\u00f5es entre o campo da comunica\u00e7\u00e3o e as esferas sociais respons\u00e1veis pela organiza\u00e7\u00e3o da informa\u00e7\u00e3o, especialmente a educa\u00e7\u00e3o e a pol\u00edtica, tanto no processo de produ\u00e7\u00e3o como de apropria\u00e7\u00e3o de linguagens e pr\u00e1ticas sociais. Assim, entende a comunica\u00e7\u00e3o e seus agentes como atores influentes numa sociedade em que sua leitura da realidade traduz o grande fluxo de informa\u00e7\u00e3o produzido pelos sistemas de conhecimento.<\/p>\n","protected":false},"excerpt":{"rendered":"<p>Comunica\u00e7\u00e3o e Sociedade A \u00e1rea se volta para a dimens\u00e3o da comunica\u00e7\u00e3o como processo fundamental da constitui\u00e7\u00e3o sociocultural e pol\u00edtica da sociedade contempor\u00e2nea. Direciona seu enfoque para a investiga\u00e7\u00e3o de rela\u00e7\u00f5es entre o campo da comunica\u00e7\u00e3o e as esferas sociais respons\u00e1veis pela organiza\u00e7\u00e3o da informa\u00e7\u00e3o, especialmente a educa\u00e7\u00e3o e a pol\u00edtica, tanto no processo de [&hellip;]<\/p>\n","protected":false},"author":9,"featured_media":0,"parent":0,"menu_order":0,"comment_status":"open","ping_status":"open","template":"","meta":{"_acf_changed":false,"ngg_post_thumbnail":0,"footnotes":""},"class_list":["post-1933","page","type-page","status-publish","hentry"],"acf":[],"_links":{"self":[{"href":"https:\/\/sacod.ufpr.br\/comunicacaomestrado\/wp-json\/wp\/v2\/pages\/1933","targetHints":{"allow":["GET"]}}],"collection":[{"href":"https:\/\/sacod.ufpr.br\/comunicacaomestrado\/wp-json\/wp\/v2\/pages"}],"about":[{"href":"https:\/\/sacod.ufpr.br\/comunicacaomestrado\/wp-json\/wp\/v2\/types\/page"}],"author":[{"embeddable":true,"href":"https:\/\/sacod.ufpr.br\/comunicacaomestrado\/wp-json\/wp\/v2\/users\/9"}],"replies":[{"embeddable":true,"href":"https:\/\/sacod.ufpr.br\/comunicacaomestrado\/wp-json\/wp\/v2\/comments?post=1933"}],"version-history":[{"count":6,"href":"https:\/\/sacod.ufpr.br\/comunicacaomestrado\/wp-json\/wp\/v2\/pages\/1933\/revisions"}],"predecessor-version":[{"id":2024,"href":"https:\/\/sacod.ufpr.br\/comunicacaomestrado\/wp-json\/wp\/v2\/pages\/1933\/revisions\/2024"}],"wp:attachment":[{"href":"https:\/\/sacod.ufpr.br\/comunicacaomestrado\/wp-json\/wp\/v2\/media?parent=1933"}],"curies":[{"name":"wp","href":"https:\/\/api.w.org\/{rel}","templated":true}]}}