{"id":1919,"date":"2015-08-14T15:13:07","date_gmt":"2015-08-14T15:13:07","guid":{"rendered":"https:\/\/sacod.ufpr.br\/comunicacaomestrado\/?page_id=1919"},"modified":"2020-08-24T18:49:25","modified_gmt":"2020-08-24T18:49:25","slug":"ppgcom","status":"publish","type":"page","link":"https:\/\/sacod.ufpr.br\/comunicacaomestrado\/ppgcom\/","title":{"rendered":"PPGCOM"},"content":{"rendered":"<h4 style=\"text-align: center\">&nbsp;<\/h4>\n<p>Programa de P\u00f3s-Gradua\u00e7\u00e3o em <strong>Comunica\u00e7\u00e3o<\/strong> da Universidade Federal do Paran\u00e1 &#8211; PPGCOM -UFPR. Criado em 2010,&nbsp;reconhecido pela Capes.<\/p>\n<p>\u00c1rea de concentra\u00e7\u00e3o: Comunica\u00e7\u00e3o e Sociedade<\/p>\n<p>Linhas de Pesquisa:<br \/>\nComunica\u00e7\u00e3o e Forma\u00e7\u00f5es Socioculturais<br \/>\nComunica\u00e7\u00e3o, Pol\u00edtica e Atores Coletivos<\/p>\n<p><strong>Coordena\u00e7\u00e3o 2020 &#8211; 2022<br \/>\n<\/strong>Coordenadora: Michele Massuchin (mimassuchin@gmail.com)<br \/>\nVice-Coordenador: Jo\u00e3o Martins Ladeira (joaomartinsladeira@gmail.com )<\/p>\n<p><strong>Coordena\u00e7\u00e3o 2018 &#8211; 2020<br \/>\n<\/strong>Coordenadora: Valqu\u00edria John (vmichela@gmail.com)<br \/>\nVice-Coordenadora: Carla Rizzotto (carla_rizzotto@yahoo.com.br)<\/p>\n<p><strong>Coordena\u00e7\u00e3o 2016 &#8211; 2018<br \/>\n<\/strong>Coordenadora: &nbsp;Claudia Quadros&nbsp; (clauquadros@gmail.com)&nbsp;<br \/>\n<span style=\"line-height: 1.5\">Vice- Coordenadora: &nbsp;Kelly Prudencio (kelly.prudencio5@gmail.com)<\/span><\/p>\n<p><strong>Coordena\u00e7\u00e3o 2014 &#8211; 2016<br \/>\n<\/strong>Coordenadora: Regiane Ribeiro (regianeribeiro5@gmail.com)&nbsp;<br \/>\nVice- Coordenadora: Claudia Quadros&nbsp; (clauquadros@gmail.com)&nbsp;<\/p>\n<p><strong>Coordena\u00e7\u00e3o 2012- 2014<br \/>\n<\/strong>Coordenadora: Kelly Prudencio&nbsp;<span style=\"line-height: 1.5\"> (kelly.prudencio5@gmail.com)<\/span><br \/>\nVice- Coordenador: Jo\u00e3o Somma Neto (jsomma@ufpr.br)&nbsp;<\/p>\n<p><strong>Coordena\u00e7\u00e3o 2010 -2012<br \/>\n<\/strong>Coordenadora: Luciana Panke (2011- 2012) (lupanke@gmail.com)&nbsp;<br \/>\nCoordenadora: &nbsp;Rosa Maria Dalla Costa (2010 &#8211; 2011)&nbsp; (rmdcosta@uol.com.br)&nbsp;<\/p>\n<p>&nbsp;<\/p>\n","protected":false},"excerpt":{"rendered":"<p>&nbsp; Programa de P\u00f3s-Gradua\u00e7\u00e3o em Comunica\u00e7\u00e3o da Universidade Federal do Paran\u00e1 &#8211; PPGCOM -UFPR. Criado em 2010,&nbsp;reconhecido pela Capes. \u00c1rea de concentra\u00e7\u00e3o: Comunica\u00e7\u00e3o e Sociedade Linhas de Pesquisa: Comunica\u00e7\u00e3o e Forma\u00e7\u00f5es Socioculturais Comunica\u00e7\u00e3o, Pol\u00edtica e Atores Coletivos Coordena\u00e7\u00e3o 2020 &#8211; 2022 Coordenadora: Michele Massuchin (mimassuchin@gmail.com) Vice-Coordenador: Jo\u00e3o Martins Ladeira (joaomartinsladeira@gmail.com ) Coordena\u00e7\u00e3o 2018 &#8211; 2020 [&hellip;]<\/p>\n","protected":false},"author":9,"featured_media":0,"parent":0,"menu_order":0,"comment_status":"open","ping_status":"open","template":"","meta":{"_acf_changed":false,"ngg_post_thumbnail":0,"footnotes":""},"class_list":["post-1919","page","type-page","status-publish","hentry"],"acf":[],"_links":{"self":[{"href":"https:\/\/sacod.ufpr.br\/comunicacaomestrado\/wp-json\/wp\/v2\/pages\/1919","targetHints":{"allow":["GET"]}}],"collection":[{"href":"https:\/\/sacod.ufpr.br\/comunicacaomestrado\/wp-json\/wp\/v2\/pages"}],"about":[{"href":"https:\/\/sacod.ufpr.br\/comunicacaomestrado\/wp-json\/wp\/v2\/types\/page"}],"author":[{"embeddable":true,"href":"https:\/\/sacod.ufpr.br\/comunicacaomestrado\/wp-json\/wp\/v2\/users\/9"}],"replies":[{"embeddable":true,"href":"https:\/\/sacod.ufpr.br\/comunicacaomestrado\/wp-json\/wp\/v2\/comments?post=1919"}],"version-history":[{"count":21,"href":"https:\/\/sacod.ufpr.br\/comunicacaomestrado\/wp-json\/wp\/v2\/pages\/1919\/revisions"}],"predecessor-version":[{"id":3668,"href":"https:\/\/sacod.ufpr.br\/comunicacaomestrado\/wp-json\/wp\/v2\/pages\/1919\/revisions\/3668"}],"wp:attachment":[{"href":"https:\/\/sacod.ufpr.br\/comunicacaomestrado\/wp-json\/wp\/v2\/media?parent=1919"}],"curies":[{"name":"wp","href":"https:\/\/api.w.org\/{rel}","templated":true}]}}