{"id":93,"date":"2012-04-24T15:02:13","date_gmt":"2012-04-24T15:02:13","guid":{"rendered":"https:\/\/sacod.ufpr.br\/comunicacao\/?page_id=93"},"modified":"2012-06-28T14:45:51","modified_gmt":"2012-06-28T14:45:51","slug":"gceorg","status":"publish","type":"page","link":"https:\/\/sacod.ufpr.br\/comunicacao\/curso-de-comunicacao-social-2\/grupos-de-pesquisa\/gceorg\/","title":{"rendered":"GCEORG"},"content":{"rendered":"<p>Aspectos te\u00f3rico-metodol\u00f3gicos da comunica\u00e7\u00e3o, educa\u00e7\u00e3o e organiza\u00e7\u00f5es. Fundamentos dessa interface e suas especificidades. Conceitos e pr\u00e1ticas socioculturais.O grupo de pesquisa <strong>GCEORG \u2013 COMUNICA\u00c7\u00c3O, EDUCA\u00c7\u00c3O E ORGANIZA\u00c7\u00d5ES<\/strong>\u00a0tem como principal objetivo pesquisar, analisar e sistematizar as a\u00e7\u00f5es de comunica\u00e7\u00e3o e educa\u00e7\u00e3o que est\u00e3o sendo realizadas nos \u00e2mbitos institucionais, tais como escolas, empresas e organiza\u00e7\u00f5es e os h\u00e1bitos de consumo midi\u00e1tico de crian\u00e7as, adolescentes e jovens. A sistematiza\u00e7\u00e3o e an\u00e1lise dessas a\u00e7\u00f5es \u00e0 luz das teorias da comunica\u00e7\u00e3o e da educa\u00e7\u00e3o existentes permite o planejamento de novos projetos qie contribuam para uma forma\u00e7\u00e3o de novas gera\u00e7\u00f5es numa sociedade caracterizada pelos meios de comunica\u00e7\u00e3o de massa e pelas novas tecnologias da Informa\u00e7\u00e3o e da Comunica\u00e7\u00e3o. O grupo desenvolve pesquisas que servir\u00e3o de fundamenta\u00e7\u00e3o e suporte para institui\u00e7\u00f5es e profissionais que nela atuam que desejem atuar na interface comunica\u00e7\u00e3o e educa\u00e7\u00e3o &#8211; cada vez mais necess\u00e1ria na forma\u00e7\u00e3o de indiv\u00edduos para o s\u00e9culo XXI.<strong><\/strong><\/p>\n<p>O grupo \u00e9 formado pelos seguintes pesquisadores: Regiane Regina Ribeiro, Rosa Maria Dalla Costa, Nelson Ros\u00e1rio de Souza e Iris Tomyta<br \/>\nLink: <a href=\"http:\/\/dgp.cnpq.br\/buscaoperacional\/detalhegrupo.jsp?grupo=0103609U2BNX4E \">http:\/\/dgp.cnpq.br\/buscaoperacional\/detalhegrupo.jsp?grupo=0103609U2BNX4E<\/a><\/p>\n<p><strong><span style=\"color: #0000ff;\"><a href=\"https:\/\/sacod.ufpr.br\/gceorg\/\"><span style=\"color: #0000ff;\">ACESSE O SITE DO GCEORG<\/span><\/a><\/span><\/strong><\/p>\n","protected":false},"excerpt":{"rendered":"<p>Aspectos te\u00f3rico-metodol\u00f3gicos da comunica\u00e7\u00e3o, educa\u00e7\u00e3o e organiza\u00e7\u00f5es. Fundamentos dessa interface e suas especificidades. Conceitos e pr\u00e1ticas socioculturais.O grupo de pesquisa GCEORG \u2013 COMUNICA\u00c7\u00c3O, EDUCA\u00c7\u00c3O E ORGANIZA\u00c7\u00d5ES\u00a0tem como principal objetivo pesquisar, analisar e sistematizar as a\u00e7\u00f5es de comunica\u00e7\u00e3o e educa\u00e7\u00e3o que est\u00e3o sendo realizadas nos \u00e2mbitos institucionais, tais como escolas, empresas e organiza\u00e7\u00f5es e os h\u00e1bitos [&hellip;]<\/p>\n","protected":false},"author":1,"featured_media":0,"parent":82,"menu_order":0,"comment_status":"open","ping_status":"open","template":"","meta":{"_acf_changed":false,"ngg_post_thumbnail":0,"footnotes":""},"class_list":["post-93","page","type-page","status-publish","hentry"],"acf":[],"_links":{"self":[{"href":"https:\/\/sacod.ufpr.br\/comunicacao\/wp-json\/wp\/v2\/pages\/93","targetHints":{"allow":["GET"]}}],"collection":[{"href":"https:\/\/sacod.ufpr.br\/comunicacao\/wp-json\/wp\/v2\/pages"}],"about":[{"href":"https:\/\/sacod.ufpr.br\/comunicacao\/wp-json\/wp\/v2\/types\/page"}],"author":[{"embeddable":true,"href":"https:\/\/sacod.ufpr.br\/comunicacao\/wp-json\/wp\/v2\/users\/1"}],"replies":[{"embeddable":true,"href":"https:\/\/sacod.ufpr.br\/comunicacao\/wp-json\/wp\/v2\/comments?post=93"}],"version-history":[{"count":4,"href":"https:\/\/sacod.ufpr.br\/comunicacao\/wp-json\/wp\/v2\/pages\/93\/revisions"}],"predecessor-version":[{"id":344,"href":"https:\/\/sacod.ufpr.br\/comunicacao\/wp-json\/wp\/v2\/pages\/93\/revisions\/344"}],"up":[{"embeddable":true,"href":"https:\/\/sacod.ufpr.br\/comunicacao\/wp-json\/wp\/v2\/pages\/82"}],"wp:attachment":[{"href":"https:\/\/sacod.ufpr.br\/comunicacao\/wp-json\/wp\/v2\/media?parent=93"}],"curies":[{"name":"wp","href":"https:\/\/api.w.org\/{rel}","templated":true}]}}