{"id":88,"date":"2012-04-24T14:58:45","date_gmt":"2012-04-24T14:58:45","guid":{"rendered":"https:\/\/sacod.ufpr.br\/comunicacao\/?page_id=88"},"modified":"2012-04-24T14:58:54","modified_gmt":"2012-04-24T14:58:54","slug":"comunicacao-eleitoral","status":"publish","type":"page","link":"https:\/\/sacod.ufpr.br\/comunicacao\/curso-de-comunicacao-social-2\/grupos-de-pesquisa\/comunicacao-eleitoral\/","title":{"rendered":"Comunica\u00e7\u00e3o Eleitoral"},"content":{"rendered":"<p>&#8220;O grupo de pesquisa tem por objeto a Comunica\u00e7\u00e3o Eleitoral, organizando pesquisadores e trabalhos de an\u00e1lise nos complexos processos de representa\u00e7\u00e3o nas democracias contempor\u00e2neas.Tem por objetivo analisar os mecanismos de representa\u00e7\u00e3o, pr\u00e1ticas explicitadas em per\u00edodos de campanha eleitoral, assim como os papeis das diferentes institui\u00e7\u00f5es e organismos coletivos\/sociais envolvidos nos processos eleitorais. Os principais objetos emp\u00edricos de an\u00e1lise s\u00e3o os conte\u00fados veiculados pelos meios de comunica\u00e7\u00e3o de massa a respeito dos processos eleitorais, tanto os produzidos pela elite pol\u00edtica (propaganda eleitoral), quanto os que contemplam outros atores, como o jornalismo eleitoral. Tamb\u00e9m se pretende estabelecer como objeto anal\u00edtico os processos de intera\u00e7\u00e3o, produ\u00e7\u00e3o e recep\u00e7\u00e3o de conte\u00fados dos meios tradicionais e novos meios de comunica\u00e7\u00e3o, em especial o uso das chamadas redes sociais digitais. O grupo de pesquisa pretende, originalmente, reunir pesquisadores de diferentes institui\u00e7\u00f5es de ensino superior brasileiras e de outros pa\u00edses a partir de dois programas de p\u00f3s-gradua\u00e7\u00e3o fundamentalmente: Programa de P\u00f3s-gradua\u00e7\u00e3oem Comunica\u00e7\u00e3o Social PPGCS\/UFPR e Programa de P\u00f3s-gradua\u00e7\u00e3oem Ci\u00eancia Pol\u00edtica PPGCP\/UFPR.&#8221;<\/p>\n<p>O grupo \u00e9 liderado pelos\u00a0 professores Luciana Panke e Emerson Cervi<\/p>\n<p><a href=\"http:\/\/dgp.cnpq.br\/buscaoperacional\/detalhegrupo.jsp?grupo=0103609EQZ7GS2\">Detalhes do Grupo<\/a><\/p>\n","protected":false},"excerpt":{"rendered":"<p>&#8220;O grupo de pesquisa tem por objeto a Comunica\u00e7\u00e3o Eleitoral, organizando pesquisadores e trabalhos de an\u00e1lise nos complexos processos de representa\u00e7\u00e3o nas democracias contempor\u00e2neas.Tem por objetivo analisar os mecanismos de representa\u00e7\u00e3o, pr\u00e1ticas explicitadas em per\u00edodos de campanha eleitoral, assim como os papeis das diferentes institui\u00e7\u00f5es e organismos coletivos\/sociais envolvidos nos processos eleitorais. Os principais objetos [&hellip;]<\/p>\n","protected":false},"author":1,"featured_media":0,"parent":82,"menu_order":0,"comment_status":"open","ping_status":"open","template":"","meta":{"_acf_changed":false,"ngg_post_thumbnail":0,"footnotes":""},"class_list":["post-88","page","type-page","status-publish","hentry"],"acf":[],"_links":{"self":[{"href":"https:\/\/sacod.ufpr.br\/comunicacao\/wp-json\/wp\/v2\/pages\/88","targetHints":{"allow":["GET"]}}],"collection":[{"href":"https:\/\/sacod.ufpr.br\/comunicacao\/wp-json\/wp\/v2\/pages"}],"about":[{"href":"https:\/\/sacod.ufpr.br\/comunicacao\/wp-json\/wp\/v2\/types\/page"}],"author":[{"embeddable":true,"href":"https:\/\/sacod.ufpr.br\/comunicacao\/wp-json\/wp\/v2\/users\/1"}],"replies":[{"embeddable":true,"href":"https:\/\/sacod.ufpr.br\/comunicacao\/wp-json\/wp\/v2\/comments?post=88"}],"version-history":[{"count":2,"href":"https:\/\/sacod.ufpr.br\/comunicacao\/wp-json\/wp\/v2\/pages\/88\/revisions"}],"predecessor-version":[{"id":90,"href":"https:\/\/sacod.ufpr.br\/comunicacao\/wp-json\/wp\/v2\/pages\/88\/revisions\/90"}],"up":[{"embeddable":true,"href":"https:\/\/sacod.ufpr.br\/comunicacao\/wp-json\/wp\/v2\/pages\/82"}],"wp:attachment":[{"href":"https:\/\/sacod.ufpr.br\/comunicacao\/wp-json\/wp\/v2\/media?parent=88"}],"curies":[{"name":"wp","href":"https:\/\/api.w.org\/{rel}","templated":true}]}}