{"id":85,"date":"2012-04-24T14:56:31","date_gmt":"2012-04-24T14:56:31","guid":{"rendered":"https:\/\/sacod.ufpr.br\/comunicacao\/?page_id=85"},"modified":"2012-04-24T14:56:31","modified_gmt":"2012-04-24T14:56:31","slug":"ecoep","status":"publish","type":"page","link":"https:\/\/sacod.ufpr.br\/comunicacao\/curso-de-comunicacao-social-2\/grupos-de-pesquisa\/ecoep\/","title":{"rendered":"ECOEP"},"content":{"rendered":"<p><strong>Estudos sobre Comunica\u00e7\u00e3o Organizacional: estrat\u00e9gias e processos<\/strong><\/p>\n<p>Cada vez mais as organiza\u00e7\u00f5es privadas e\/ou p\u00fablicas se d\u00e3o conta da forte rela\u00e7\u00e3o existente entre elas e a sociedade. Precisando, assim, ampliar e sofisticar os seus modelos de express\u00e3o e estrat\u00e9gias de a\u00e7\u00e3o nos processos de comunica\u00e7\u00e3o, buscando profissionaliza\u00e7\u00e3o e constante atualiza\u00e7\u00e3o nos seus quadros. Desta forma, este grupo de pesquisa atuar\u00e1 no sentido de estudar e analisar a situa\u00e7\u00e3o de comunica\u00e7\u00e3o organizacional nas diferentes organiza\u00e7\u00f5es. A partir dos resultados pretende-se avan\u00e7ar com propostas que possam auxiliar no desenvolvimento de processos e estrat\u00e9gias de comunica\u00e7\u00e3o.<\/p>\n<p>O <strong>ECOEP<\/strong> \u00e9 integrado pelos seguintes pesquisadores: Anely Ribeiro, Artur Roberto Roman, Camilo Catto, Denise Regina Stacheski, Desir\u00ea Blum Menezes Torres e Regiane Regina Ribeiro.<strong><\/strong><\/p>\n<p>O grupo \u00e9 liderado por Celsi Br\u00f6nstrup Silvestrin e Adriana Machado Casali.<\/p>\n","protected":false},"excerpt":{"rendered":"<p>Estudos sobre Comunica\u00e7\u00e3o Organizacional: estrat\u00e9gias e processos Cada vez mais as organiza\u00e7\u00f5es privadas e\/ou p\u00fablicas se d\u00e3o conta da forte rela\u00e7\u00e3o existente entre elas e a sociedade. Precisando, assim, ampliar e sofisticar os seus modelos de express\u00e3o e estrat\u00e9gias de a\u00e7\u00e3o nos processos de comunica\u00e7\u00e3o, buscando profissionaliza\u00e7\u00e3o e constante atualiza\u00e7\u00e3o nos seus quadros. Desta forma, [&hellip;]<\/p>\n","protected":false},"author":1,"featured_media":0,"parent":82,"menu_order":0,"comment_status":"open","ping_status":"open","template":"","meta":{"_acf_changed":false,"ngg_post_thumbnail":0,"footnotes":""},"class_list":["post-85","page","type-page","status-publish","hentry"],"acf":[],"_links":{"self":[{"href":"https:\/\/sacod.ufpr.br\/comunicacao\/wp-json\/wp\/v2\/pages\/85","targetHints":{"allow":["GET"]}}],"collection":[{"href":"https:\/\/sacod.ufpr.br\/comunicacao\/wp-json\/wp\/v2\/pages"}],"about":[{"href":"https:\/\/sacod.ufpr.br\/comunicacao\/wp-json\/wp\/v2\/types\/page"}],"author":[{"embeddable":true,"href":"https:\/\/sacod.ufpr.br\/comunicacao\/wp-json\/wp\/v2\/users\/1"}],"replies":[{"embeddable":true,"href":"https:\/\/sacod.ufpr.br\/comunicacao\/wp-json\/wp\/v2\/comments?post=85"}],"version-history":[{"count":2,"href":"https:\/\/sacod.ufpr.br\/comunicacao\/wp-json\/wp\/v2\/pages\/85\/revisions"}],"predecessor-version":[{"id":87,"href":"https:\/\/sacod.ufpr.br\/comunicacao\/wp-json\/wp\/v2\/pages\/85\/revisions\/87"}],"up":[{"embeddable":true,"href":"https:\/\/sacod.ufpr.br\/comunicacao\/wp-json\/wp\/v2\/pages\/82"}],"wp:attachment":[{"href":"https:\/\/sacod.ufpr.br\/comunicacao\/wp-json\/wp\/v2\/media?parent=85"}],"curies":[{"name":"wp","href":"https:\/\/api.w.org\/{rel}","templated":true}]}}