{"id":808,"date":"2015-04-14T10:42:59","date_gmt":"2015-04-14T13:42:59","guid":{"rendered":"https:\/\/sacod.ufpr.br\/comunicacao\/?page_id=808"},"modified":"2017-05-22T10:48:34","modified_gmt":"2017-05-22T13:48:34","slug":"grade-curricular","status":"publish","type":"page","link":"https:\/\/sacod.ufpr.br\/comunicacao\/curso-de-comunicacao-social-2\/grade-curricular\/","title":{"rendered":"Grade Curricular"},"content":{"rendered":"<p><a href=\"https:\/\/sacod.ufpr.br\/comunicacao\/wp-content\/uploads\/sites\/9\/2015\/04\/Habilita\u00e7\u00e3o-em-Jornalismo.pdf\" rel=\"\">Habilita\u00e7\u00e3o em Jornalismo<\/a><\/p>\n<p><a href=\"https:\/\/sacod.ufpr.br\/comunicacao\/wp-content\/uploads\/sites\/9\/2015\/04\/Habilita\u00e7\u00e3o-em-Publicidade-e-Propaganda.pdf\" rel=\"\">Habilita\u00e7\u00e3o em Publicidade e Propaganda<\/a><\/p>\n<p><a href=\"https:\/\/sacod.ufpr.br\/comunicacao\/wp-content\/uploads\/sites\/9\/2015\/04\/Habilita\u00e7\u00e3o-em-Rela\u00e7\u00f5es-P\u00fablicas.pdf\" rel=\"\">Habilita\u00e7\u00e3o em Rela\u00e7\u00f5es P\u00fablicas<\/a><\/p>\n","protected":false},"excerpt":{"rendered":"<p>Habilita\u00e7\u00e3o em Jornalismo Habilita\u00e7\u00e3o em Publicidade e Propaganda Habilita\u00e7\u00e3o em Rela\u00e7\u00f5es P\u00fablicas<\/p>\n","protected":false},"author":7,"featured_media":0,"parent":1656,"menu_order":0,"comment_status":"open","ping_status":"open","template":"","meta":{"_acf_changed":false,"ngg_post_thumbnail":0,"footnotes":""},"class_list":["post-808","page","type-page","status-publish","hentry"],"acf":[],"_links":{"self":[{"href":"https:\/\/sacod.ufpr.br\/comunicacao\/wp-json\/wp\/v2\/pages\/808","targetHints":{"allow":["GET"]}}],"collection":[{"href":"https:\/\/sacod.ufpr.br\/comunicacao\/wp-json\/wp\/v2\/pages"}],"about":[{"href":"https:\/\/sacod.ufpr.br\/comunicacao\/wp-json\/wp\/v2\/types\/page"}],"author":[{"embeddable":true,"href":"https:\/\/sacod.ufpr.br\/comunicacao\/wp-json\/wp\/v2\/users\/7"}],"replies":[{"embeddable":true,"href":"https:\/\/sacod.ufpr.br\/comunicacao\/wp-json\/wp\/v2\/comments?post=808"}],"version-history":[{"count":5,"href":"https:\/\/sacod.ufpr.br\/comunicacao\/wp-json\/wp\/v2\/pages\/808\/revisions"}],"predecessor-version":[{"id":1702,"href":"https:\/\/sacod.ufpr.br\/comunicacao\/wp-json\/wp\/v2\/pages\/808\/revisions\/1702"}],"up":[{"embeddable":true,"href":"https:\/\/sacod.ufpr.br\/comunicacao\/wp-json\/wp\/v2\/pages\/1656"}],"wp:attachment":[{"href":"https:\/\/sacod.ufpr.br\/comunicacao\/wp-json\/wp\/v2\/media?parent=808"}],"curies":[{"name":"wp","href":"https:\/\/api.w.org\/{rel}","templated":true}]}}