{"id":78,"date":"2012-04-24T14:47:48","date_gmt":"2012-04-24T14:47:48","guid":{"rendered":"https:\/\/sacod.ufpr.br\/comunicacao\/?page_id=78"},"modified":"2012-04-24T14:47:48","modified_gmt":"2012-04-24T14:47:48","slug":"ponto-pasta","status":"publish","type":"page","link":"https:\/\/sacod.ufpr.br\/comunicacao\/curso-de-comunicacao-social-2\/grupos-de-extensao\/ponto-pasta\/","title":{"rendered":"Ponto Pasta"},"content":{"rendered":"<p>O <strong>PontoPasta<\/strong> \u00e9 um projeto de extens\u00e3o da Universidade Federal do Paran\u00e1, que aproxima o mercado de trabalho e os alunos de publicidade. H\u00e1 quatro anos, palestras, workshops e mini-cursos com profissionais da \u00e1rea s\u00e3o organizados para capacitar os alunos a confeccionarem pe\u00e7as publicit\u00e1rias. Os resultados s\u00e3o vistos no portf\u00f3lio de cada estudante e em um anu\u00e1rio com os melhores trabalhos, que circula pelas principais ag\u00eancias de Curitiba. Outro produto do projeto \u00e9 o reconhecimento do mercado publicit\u00e1rio, que encara cada vez mais o PontoPasta como formador de novos talentos.<\/p>\n<p><strong>Coordena\u00e7\u00e3o geral:<\/strong> Luciana Panke<br \/>\n<strong>Link:<\/strong> <a href=\"http:\/\/www.pontopasta.com.br\/?p=inicio\">http:\/\/www.pontopasta.com.br\/?p=inicio<\/a><\/p>\n","protected":false},"excerpt":{"rendered":"<p>O PontoPasta \u00e9 um projeto de extens\u00e3o da Universidade Federal do Paran\u00e1, que aproxima o mercado de trabalho e os alunos de publicidade. H\u00e1 quatro anos, palestras, workshops e mini-cursos com profissionais da \u00e1rea s\u00e3o organizados para capacitar os alunos a confeccionarem pe\u00e7as publicit\u00e1rias. Os resultados s\u00e3o vistos no portf\u00f3lio de cada estudante e em [&hellip;]<\/p>\n","protected":false},"author":1,"featured_media":0,"parent":69,"menu_order":0,"comment_status":"open","ping_status":"open","template":"","meta":{"_acf_changed":false,"ngg_post_thumbnail":0,"footnotes":""},"class_list":["post-78","page","type-page","status-publish","hentry"],"acf":[],"_links":{"self":[{"href":"https:\/\/sacod.ufpr.br\/comunicacao\/wp-json\/wp\/v2\/pages\/78","targetHints":{"allow":["GET"]}}],"collection":[{"href":"https:\/\/sacod.ufpr.br\/comunicacao\/wp-json\/wp\/v2\/pages"}],"about":[{"href":"https:\/\/sacod.ufpr.br\/comunicacao\/wp-json\/wp\/v2\/types\/page"}],"author":[{"embeddable":true,"href":"https:\/\/sacod.ufpr.br\/comunicacao\/wp-json\/wp\/v2\/users\/1"}],"replies":[{"embeddable":true,"href":"https:\/\/sacod.ufpr.br\/comunicacao\/wp-json\/wp\/v2\/comments?post=78"}],"version-history":[{"count":1,"href":"https:\/\/sacod.ufpr.br\/comunicacao\/wp-json\/wp\/v2\/pages\/78\/revisions"}],"predecessor-version":[{"id":79,"href":"https:\/\/sacod.ufpr.br\/comunicacao\/wp-json\/wp\/v2\/pages\/78\/revisions\/79"}],"up":[{"embeddable":true,"href":"https:\/\/sacod.ufpr.br\/comunicacao\/wp-json\/wp\/v2\/pages\/69"}],"wp:attachment":[{"href":"https:\/\/sacod.ufpr.br\/comunicacao\/wp-json\/wp\/v2\/media?parent=78"}],"curies":[{"name":"wp","href":"https:\/\/api.w.org\/{rel}","templated":true}]}}