{"id":768,"date":"2015-03-26T14:05:52","date_gmt":"2015-03-26T17:05:52","guid":{"rendered":"https:\/\/sacod.ufpr.br\/comunicacao\/?page_id=768"},"modified":"2017-05-22T10:38:17","modified_gmt":"2017-05-22T13:38:17","slug":"curriculo-e-ajustes","status":"publish","type":"page","link":"https:\/\/sacod.ufpr.br\/comunicacao\/curso-de-comunicacao-social-2\/curriculo-e-ajustes\/","title":{"rendered":"Curr\u00edculo e ajustes"},"content":{"rendered":"<p><a href=\"https:\/\/sacod.ufpr.br\/comunicacao\/wp-content\/uploads\/sites\/9\/2015\/03\/Curr\u00edculo-do-Curso-Resolu\u00e7\u00e3o-60-00-CEPE-07-de-julho-de-2000.pdf\">Curr\u00edculo do Curso &#8211; Resolu\u00e7\u00e3o 60-00 CEPE &#8211; 07 de julho de 2000<\/a><\/p>\n<p><a href=\"https:\/\/sacod.ufpr.br\/comunicacao\/wp-content\/uploads\/sites\/9\/2015\/03\/Resolu\u00e7\u00e3o-04-03-CEPE-Ajuste-Curricular-04-de-fevereiro-de-2003.pdf\">Resolu\u00e7\u00e3o 04-03 CEPE &#8211; Ajuste Curricular &#8211; 04 de fevereiro de 2003<\/a><\/p>\n<p><a href=\"https:\/\/sacod.ufpr.br\/comunicacao\/wp-content\/uploads\/sites\/9\/2015\/03\/Resolu\u00e7\u00e3o-57-04-CEPE-ajuste-Curricular-15-de-junho-de-2004.pdf\">Resolu\u00e7\u00e3o 57-04 CEPE &#8211; ajuste Curricular &#8211; 15 de junho de 2004<\/a><\/p>\n","protected":false},"excerpt":{"rendered":"<p>Curr\u00edculo do Curso &#8211; Resolu\u00e7\u00e3o 60-00 CEPE &#8211; 07 de julho de 2000 Resolu\u00e7\u00e3o 04-03 CEPE &#8211; Ajuste Curricular &#8211; 04 de fevereiro de 2003 Resolu\u00e7\u00e3o 57-04 CEPE &#8211; ajuste Curricular &#8211; 15 de junho de 2004<\/p>\n","protected":false},"author":7,"featured_media":0,"parent":1656,"menu_order":0,"comment_status":"open","ping_status":"open","template":"","meta":{"_acf_changed":false,"ngg_post_thumbnail":0,"footnotes":""},"class_list":["post-768","page","type-page","status-publish","hentry"],"acf":[],"_links":{"self":[{"href":"https:\/\/sacod.ufpr.br\/comunicacao\/wp-json\/wp\/v2\/pages\/768","targetHints":{"allow":["GET"]}}],"collection":[{"href":"https:\/\/sacod.ufpr.br\/comunicacao\/wp-json\/wp\/v2\/pages"}],"about":[{"href":"https:\/\/sacod.ufpr.br\/comunicacao\/wp-json\/wp\/v2\/types\/page"}],"author":[{"embeddable":true,"href":"https:\/\/sacod.ufpr.br\/comunicacao\/wp-json\/wp\/v2\/users\/7"}],"replies":[{"embeddable":true,"href":"https:\/\/sacod.ufpr.br\/comunicacao\/wp-json\/wp\/v2\/comments?post=768"}],"version-history":[{"count":5,"href":"https:\/\/sacod.ufpr.br\/comunicacao\/wp-json\/wp\/v2\/pages\/768\/revisions"}],"predecessor-version":[{"id":955,"href":"https:\/\/sacod.ufpr.br\/comunicacao\/wp-json\/wp\/v2\/pages\/768\/revisions\/955"}],"up":[{"embeddable":true,"href":"https:\/\/sacod.ufpr.br\/comunicacao\/wp-json\/wp\/v2\/pages\/1656"}],"wp:attachment":[{"href":"https:\/\/sacod.ufpr.br\/comunicacao\/wp-json\/wp\/v2\/media?parent=768"}],"curies":[{"name":"wp","href":"https:\/\/api.w.org\/{rel}","templated":true}]}}