{"id":71,"date":"2012-04-24T14:40:11","date_gmt":"2012-04-24T14:40:11","guid":{"rendered":"https:\/\/sacod.ufpr.br\/comunicacao\/?page_id=71"},"modified":"2012-04-24T14:40:11","modified_gmt":"2012-04-24T14:40:11","slug":"acervo-audiovisual-arte-em-video","status":"publish","type":"page","link":"https:\/\/sacod.ufpr.br\/comunicacao\/curso-de-comunicacao-social-2\/grupos-de-extensao\/acervo-audiovisual-arte-em-video\/","title":{"rendered":"Acervo audiovisual Arte em V\u00eddeo"},"content":{"rendered":"<p>A proposta do Projeto de Extens\u00e3o \u201cAmplia\u00e7\u00e3o e Difus\u00e3o do Acervo Audiovisual Arte em V\u00eddeo na UFPR\u201d \u00e9 de gera\u00e7\u00e3o de acervo em v\u00eddeo na \u00e1rea de Artes Visuais e se realiza de forma interdepartamental, entre os Departamentos de Comunica\u00e7\u00e3o Social (DECOM) e o Departamento de Artes (DEARTES).<\/p>\n<p>Como foco do projeto \u00a0est\u00e3o a produ\u00e7\u00e3o e o registro em v\u00eddeo de eventos como palestras, mesas-redondas, debates, exposi\u00e7\u00f5es, visita a ateli\u00eas, a\u00e7\u00f5es po\u00e9ticas e outras atividades relacionadas \u00e0 pesquisa e ao trabalho na \u00e1rea de Artes Visuais.<\/p>\n<p>Por meio dos materiais produzidos no Projeto, pretende-se incentivar a compreens\u00e3o da produ\u00e7\u00e3o art\u00edstica contempor\u00e2nea; fornecer material de apoio e de pesquisa \u00e0s atividades did\u00e1tico-pedag\u00f3gicas na UFPR; maximizar os resultados dos eventos, permitindo\u00a0que seus conte\u00fados sejam vistos v\u00e1rias vezes e segundo\u00a0diversas formas de utiliza\u00e7\u00e3o como material de apoio pedag\u00f3gico, consulta <em>in loco<\/em> ao acervo e exibi\u00e7\u00e3o de algumas produ\u00e7\u00f5es na UFPR TV.<\/p>\n<p>O projeto conta com dois alunos bolsistas do Curso de Comunica\u00e7\u00e3o Social e a metodologia de trabalho \u00e9 a relativa a uma produ\u00e7\u00e3o audiovisual (pr\u00e9-produ\u00e7\u00e3o; produ\u00e7\u00e3o; edi\u00e7\u00e3o e finaliza\u00e7\u00e3o do material bruto). Ap\u00f3s estas etapas, os materiais s\u00e3o catalogados e inclu\u00eddos no acervo j\u00e1 existente do Projeto, localizado no Laborat\u00f3rio de Multimeios, do Departamento de Artes e ficam \u00e0 disposi\u00e7\u00e3o da comunidade acad\u00eamica interna \u00e0 UFPR e tamb\u00e9m ao p\u00fablico externo de estudantes, pesquisadores e demais interessados.<\/p>\n<p>Atualmente, o projeto conta com mais de cem produ\u00e7\u00f5es, realizadas com artistas do Paran\u00e1, do Brasil e tamb\u00e9m do exterior. Al\u00e9m da gera\u00e7\u00e3o de acervo e da preserva\u00e7\u00e3o da mem\u00f3ria na \u00e1rea de Artes Visuais, as produ\u00e7\u00f5es j\u00e1 serviram de fonte de pesquisa para monografias de alunos de gradua\u00e7\u00e3o e tamb\u00e9m para uma tese de doutorado.<\/p>\n<p><strong>Coordenador: <\/strong>T\u00e9c. MsC. Lu\u00eds Carlos dos Santos\u00a0\u00a0 <a href=\"http:\/\/lattes.cnpq.br\/2805498053748054\">Curr\u00edculo Lattes<\/a><\/p>\n<p><strong>\u00a0<\/strong><strong>Vice-Coordenador:<\/strong> Prof. Carlos Alberto Martins da Rocha\u00a0<a href=\"http:\/\/lattes.cnpq.br\/3421695357180866\">Curr\u00edculo Lattes<\/a><\/p>\n","protected":false},"excerpt":{"rendered":"<p>A proposta do Projeto de Extens\u00e3o \u201cAmplia\u00e7\u00e3o e Difus\u00e3o do Acervo Audiovisual Arte em V\u00eddeo na UFPR\u201d \u00e9 de gera\u00e7\u00e3o de acervo em v\u00eddeo na \u00e1rea de Artes Visuais e se realiza de forma interdepartamental, entre os Departamentos de Comunica\u00e7\u00e3o Social (DECOM) e o Departamento de Artes (DEARTES). Como foco do projeto \u00a0est\u00e3o a produ\u00e7\u00e3o [&hellip;]<\/p>\n","protected":false},"author":1,"featured_media":0,"parent":69,"menu_order":0,"comment_status":"open","ping_status":"open","template":"","meta":{"_acf_changed":false,"ngg_post_thumbnail":0,"footnotes":""},"class_list":["post-71","page","type-page","status-publish","hentry"],"acf":[],"_links":{"self":[{"href":"https:\/\/sacod.ufpr.br\/comunicacao\/wp-json\/wp\/v2\/pages\/71","targetHints":{"allow":["GET"]}}],"collection":[{"href":"https:\/\/sacod.ufpr.br\/comunicacao\/wp-json\/wp\/v2\/pages"}],"about":[{"href":"https:\/\/sacod.ufpr.br\/comunicacao\/wp-json\/wp\/v2\/types\/page"}],"author":[{"embeddable":true,"href":"https:\/\/sacod.ufpr.br\/comunicacao\/wp-json\/wp\/v2\/users\/1"}],"replies":[{"embeddable":true,"href":"https:\/\/sacod.ufpr.br\/comunicacao\/wp-json\/wp\/v2\/comments?post=71"}],"version-history":[{"count":1,"href":"https:\/\/sacod.ufpr.br\/comunicacao\/wp-json\/wp\/v2\/pages\/71\/revisions"}],"predecessor-version":[{"id":72,"href":"https:\/\/sacod.ufpr.br\/comunicacao\/wp-json\/wp\/v2\/pages\/71\/revisions\/72"}],"up":[{"embeddable":true,"href":"https:\/\/sacod.ufpr.br\/comunicacao\/wp-json\/wp\/v2\/pages\/69"}],"wp:attachment":[{"href":"https:\/\/sacod.ufpr.br\/comunicacao\/wp-json\/wp\/v2\/media?parent=71"}],"curies":[{"name":"wp","href":"https:\/\/api.w.org\/{rel}","templated":true}]}}