{"id":69,"date":"2012-04-24T14:38:54","date_gmt":"2012-04-24T14:38:54","guid":{"rendered":"https:\/\/sacod.ufpr.br\/comunicacao\/?page_id=69"},"modified":"2017-05-22T10:51:20","modified_gmt":"2017-05-22T13:51:20","slug":"grupos-de-extensao","status":"publish","type":"page","link":"https:\/\/sacod.ufpr.br\/comunicacao\/curso-de-comunicacao-social-2\/grupos-de-extensao\/","title":{"rendered":"Grupos de Extens\u00e3o"},"content":{"rendered":"<p><strong><a href=\"https:\/\/sacod.ufpr.br\/comunicacao\/grupos-de-extensao\/acervo-audiovisual-arte-em-video\/\">Amplia\u00e7\u00e3o e difus\u00e3o do acervo audiovisual Arte em V\u00eddeo na UFPR<\/a><\/strong><\/p>\n<p><strong><a href=\"https:\/\/sacod.ufpr.br\/comunicacao\/grupos-de-extensao\/ncep\/\">NCEP &#8211; N\u00facleo de Comunica\u00e7\u00e3o e Educa\u00e7\u00e3o Popular<\/a><\/strong><\/p>\n<p><strong><a href=\"https:\/\/sacod.ufpr.br\/comunicacao\/grupos-de-extensao\/ponto-pasta\/\">Ponto Pasta<\/a><\/strong><\/p>\n<p><strong><a href=\"https:\/\/sacod.ufpr.br\/comunicacao\/grupos-de-extensao\/prattica\/\">PRATTICA &#8211; Agencia Experimental de R.P<\/a><\/strong><\/p>\n<p>&nbsp;<\/p>\n","protected":false},"excerpt":{"rendered":"<p>Amplia\u00e7\u00e3o e difus\u00e3o do acervo audiovisual Arte em V\u00eddeo na UFPR NCEP &#8211; N\u00facleo de Comunica\u00e7\u00e3o e Educa\u00e7\u00e3o Popular Ponto Pasta PRATTICA &#8211; Agencia Experimental de R.P &nbsp;<\/p>\n","protected":false},"author":7,"featured_media":0,"parent":1656,"menu_order":0,"comment_status":"open","ping_status":"open","template":"","meta":{"_acf_changed":false,"ngg_post_thumbnail":0,"footnotes":""},"class_list":["post-69","page","type-page","status-publish","hentry"],"acf":[],"_links":{"self":[{"href":"https:\/\/sacod.ufpr.br\/comunicacao\/wp-json\/wp\/v2\/pages\/69","targetHints":{"allow":["GET"]}}],"collection":[{"href":"https:\/\/sacod.ufpr.br\/comunicacao\/wp-json\/wp\/v2\/pages"}],"about":[{"href":"https:\/\/sacod.ufpr.br\/comunicacao\/wp-json\/wp\/v2\/types\/page"}],"author":[{"embeddable":true,"href":"https:\/\/sacod.ufpr.br\/comunicacao\/wp-json\/wp\/v2\/users\/7"}],"replies":[{"embeddable":true,"href":"https:\/\/sacod.ufpr.br\/comunicacao\/wp-json\/wp\/v2\/comments?post=69"}],"version-history":[{"count":4,"href":"https:\/\/sacod.ufpr.br\/comunicacao\/wp-json\/wp\/v2\/pages\/69\/revisions"}],"predecessor-version":[{"id":2615,"href":"https:\/\/sacod.ufpr.br\/comunicacao\/wp-json\/wp\/v2\/pages\/69\/revisions\/2615"}],"up":[{"embeddable":true,"href":"https:\/\/sacod.ufpr.br\/comunicacao\/wp-json\/wp\/v2\/pages\/1656"}],"wp:attachment":[{"href":"https:\/\/sacod.ufpr.br\/comunicacao\/wp-json\/wp\/v2\/media?parent=69"}],"curies":[{"name":"wp","href":"https:\/\/api.w.org\/{rel}","templated":true}]}}