{"id":66,"date":"2012-04-24T14:37:14","date_gmt":"2012-04-24T14:37:14","guid":{"rendered":"https:\/\/sacod.ufpr.br\/comunicacao\/?page_id=66"},"modified":"2017-05-22T10:33:28","modified_gmt":"2017-05-22T13:33:28","slug":"convenios","status":"publish","type":"page","link":"https:\/\/sacod.ufpr.br\/comunicacao\/curso-de-comunicacao-social-2\/convenios\/","title":{"rendered":"Conv\u00eanios"},"content":{"rendered":"<p><strong>Universidade de Poitiers<\/strong><\/p>\n<p>O Departamento de Comunica\u00e7\u00e3o Social firmou desde 2009 dois conv\u00eanios internacionais com institui\u00e7\u00f5es francesas. O primeiro deles \u00e9 o conv\u00eanio firmado com a Universidade de Poitiers, que fica na cidade universit\u00e1ria de Poitiers. Atrav\u00e9s desse conv\u00eanio o Decom passou a integrar o conjunto de institui\u00e7\u00f5es que contribuem de alguma forma para o Euromime &#8211; um master na \u00e1rea de Tecnologias Educacionais. O Euromime, al\u00e9m do curso M\u00e1ster que seleciona anualmente alunos de todo o mundo, \u00e9 o \u00fanico da rede Erasmus Mundus, cuja l\u00edngua oficial n\u00e3o \u00e9 o ingl\u00eas e sim o franc\u00eas, o protugu\u00eas e o espanhol. \u00c9 atrav\u00e9s desse conv\u00eanio que o Decom participa de uma pesquisa sobre uso de tecnologias nas escolas, denominado Mimetec.<\/p>\n<p><strong>Universidade de Grenoble\u00a0<\/strong><\/p>\n<p>O segundo conv\u00eanio internacional do Departamento de Comunica\u00e7\u00e3o Social foi firmado com a Universidade de Grenoble, tamb\u00e9m na Fran\u00e7a e prev\u00ea o interc\u00e2mbio de alunos e professores para participar dos cursos de gradua\u00e7\u00e3o e p\u00f3s gradua\u00e7\u00e3o em comunica\u00e7\u00e3o nas duas institui\u00e7\u00f5es. A primeira aluna do Decom a participar do Interc\u00e2mbio foi Juliana Wituski, que ficou em Grenoble por seis meses, em2010. Apartir de julho de 2012, outro aluno do DeCom, o estudante de jornalismo Andr\u00e9 Nunes, estar\u00e1 participando do conv\u00eanio.\u00a0 Al\u00e9m dessa modalidade de interc\u00e2mbio, est\u00e1 sendo discutida a realiza\u00e7\u00e3o de um M\u00e1ster em jornalismo com professores das duas institui\u00e7\u00f5es.<\/p>\n","protected":false},"excerpt":{"rendered":"<p>Universidade de Poitiers O Departamento de Comunica\u00e7\u00e3o Social firmou desde 2009 dois conv\u00eanios internacionais com institui\u00e7\u00f5es francesas. O primeiro deles \u00e9 o conv\u00eanio firmado com a Universidade de Poitiers, que fica na cidade universit\u00e1ria de Poitiers. Atrav\u00e9s desse conv\u00eanio o Decom passou a integrar o conjunto de institui\u00e7\u00f5es que contribuem de alguma forma para o [&hellip;]<\/p>\n","protected":false},"author":7,"featured_media":0,"parent":1656,"menu_order":0,"comment_status":"open","ping_status":"open","template":"","meta":{"_acf_changed":false,"ngg_post_thumbnail":0,"footnotes":""},"class_list":["post-66","page","type-page","status-publish","hentry"],"acf":[],"_links":{"self":[{"href":"https:\/\/sacod.ufpr.br\/comunicacao\/wp-json\/wp\/v2\/pages\/66","targetHints":{"allow":["GET"]}}],"collection":[{"href":"https:\/\/sacod.ufpr.br\/comunicacao\/wp-json\/wp\/v2\/pages"}],"about":[{"href":"https:\/\/sacod.ufpr.br\/comunicacao\/wp-json\/wp\/v2\/types\/page"}],"author":[{"embeddable":true,"href":"https:\/\/sacod.ufpr.br\/comunicacao\/wp-json\/wp\/v2\/users\/7"}],"replies":[{"embeddable":true,"href":"https:\/\/sacod.ufpr.br\/comunicacao\/wp-json\/wp\/v2\/comments?post=66"}],"version-history":[{"count":3,"href":"https:\/\/sacod.ufpr.br\/comunicacao\/wp-json\/wp\/v2\/pages\/66\/revisions"}],"predecessor-version":[{"id":2611,"href":"https:\/\/sacod.ufpr.br\/comunicacao\/wp-json\/wp\/v2\/pages\/66\/revisions\/2611"}],"up":[{"embeddable":true,"href":"https:\/\/sacod.ufpr.br\/comunicacao\/wp-json\/wp\/v2\/pages\/1656"}],"wp:attachment":[{"href":"https:\/\/sacod.ufpr.br\/comunicacao\/wp-json\/wp\/v2\/media?parent=66"}],"curies":[{"name":"wp","href":"https:\/\/api.w.org\/{rel}","templated":true}]}}