{"id":63,"date":"2012-04-24T14:36:13","date_gmt":"2012-04-24T14:36:13","guid":{"rendered":"https:\/\/sacod.ufpr.br\/comunicacao\/?page_id=63"},"modified":"2017-05-22T10:28:49","modified_gmt":"2017-05-22T13:28:49","slug":"coe-comissao-orientadora-de-estagios","status":"publish","type":"page","link":"https:\/\/sacod.ufpr.br\/comunicacao\/curso-de-comunicacao-social-2\/coe-comissao-orientadora-de-estagios\/","title":{"rendered":"COE \u2013 Comiss\u00e3o Orientadora de Est\u00e1gios"},"content":{"rendered":"<p><span style=\"color: #333399\">O Colegiado de curso conta com uma Comiss\u00e3o Orientadora de Est\u00e1gios (COE), composta de professores indicados pelos departamentos respons\u00e1veis pelo curso de Comunica\u00e7\u00e3o, com mandatos vari\u00e1veis de um a dois anos, de acordo com o que for fixado pelo colegiado de curso.<\/span><\/p>\n<p><span style=\"color: #333399\">Os membros da COE s\u00e3o indicados pelo Departamento de Comunica\u00e7\u00e3o, preferencialmente dentre seus docentes com experi\u00eancia em est\u00e1gios.<\/span><\/p>\n<p><span style=\"color: #333399\">Dentre suas atribui\u00e7\u00f5es a COE deve planejar e avaliar as atividades referentes aos est\u00e1gios (obrigat\u00f3rios e n\u00e3o-obrigat\u00f3rios), de conformidade com os planos did\u00e1ticos dos professores orientadores, de forma a garantir o cumprimento das diretrizes gerais do est\u00e1gio na UFPR; representar-se junto ao colegiado de curso a fim de articular a defini\u00e7\u00e3o de pol\u00edticas de desenvolvimento, acompanhamento e avalia\u00e7\u00e3o do est\u00e1gio junto ao curso.<\/span><\/p>\n<p><span style=\"color: #333399\">Tamb\u00e9m \u00e9 de compet\u00eancia da COE contatar as institui\u00e7\u00f5es concedentes de est\u00e1gio para an\u00e1lise de condi\u00e7\u00f5es do campo e das informa\u00e7\u00f5es quanto \u00e0 celebra\u00e7\u00e3o de conv\u00eanios, quando necess\u00e1rios, e\/ou celebra\u00e7\u00e3o de acordos de coopera\u00e7\u00e3o espec\u00edficos ao curso que lhe seja afeto; e manter fluxo de informa\u00e7\u00f5es relativas ao acompanhamento e desenvolvimento dos est\u00e1gios em processo, bem como assegurar a socializa\u00e7\u00e3o de informa\u00e7\u00f5es junto \u00e0s coordena\u00e7\u00f5es de curso e ao campo de est\u00e1gio.<\/span><\/p>\n<p><span style=\"color: #0000ff\"><strong>Membros da COE<\/strong><\/span><\/p>\n<p>Professor F\u00e1bio Hansen<strong> &#8211; <\/strong>presidente<br \/>\nProfessor Aryovaldo de Castro Azevedo Junior<strong> &#8211; <\/strong>vice presidente<\/p>\n<p><span style=\"color: #0000ff\"><strong>PUBLICIDADE E PROPAGANDA<\/strong><\/span><br \/>\nProfessor Hertez Wendell de Camargo<strong> &#8211;<\/strong>Titular<br \/>\nProfessor Aryovaldo de Castro Azevedo Junior<strong> &#8211; <\/strong>Suplente<\/p>\n<p><span style=\"color: #0000ff\"><strong>RELA\u00c7\u00d5ES P\u00daBLICAS<\/strong><\/span><br \/>\nProfessor Jair Ant\u00f4nio de Oliveira \u2013 Titular<br \/>\nProfessora Cl\u00e1udia Irene de Quadros \u2013 Suplente<\/p>\n<p><span style=\"color: #0000ff\"><strong>JORNALISMO<\/strong><\/span><br \/>\nProfessor\u00a0Jos\u00e9 Carlos Fernandes\u00a0\u00a0\u2013 Titular<br \/>\nProfessor M\u00e1rio Messagi J\u00fanior &#8211;\u00a0Suplente<\/p>\n<p>&nbsp;<\/p>\n","protected":false},"excerpt":{"rendered":"<p>O Colegiado de curso conta com uma Comiss\u00e3o Orientadora de Est\u00e1gios (COE), composta de professores indicados pelos departamentos respons\u00e1veis pelo curso de Comunica\u00e7\u00e3o, com mandatos vari\u00e1veis de um a dois anos, de acordo com o que for fixado pelo colegiado de curso. Os membros da COE s\u00e3o indicados pelo Departamento de Comunica\u00e7\u00e3o, preferencialmente dentre seus [&hellip;]<\/p>\n","protected":false},"author":7,"featured_media":0,"parent":1656,"menu_order":0,"comment_status":"open","ping_status":"open","template":"","meta":{"_acf_changed":false,"ngg_post_thumbnail":0,"footnotes":""},"class_list":["post-63","page","type-page","status-publish","hentry"],"acf":[],"_links":{"self":[{"href":"https:\/\/sacod.ufpr.br\/comunicacao\/wp-json\/wp\/v2\/pages\/63","targetHints":{"allow":["GET"]}}],"collection":[{"href":"https:\/\/sacod.ufpr.br\/comunicacao\/wp-json\/wp\/v2\/pages"}],"about":[{"href":"https:\/\/sacod.ufpr.br\/comunicacao\/wp-json\/wp\/v2\/types\/page"}],"author":[{"embeddable":true,"href":"https:\/\/sacod.ufpr.br\/comunicacao\/wp-json\/wp\/v2\/users\/7"}],"replies":[{"embeddable":true,"href":"https:\/\/sacod.ufpr.br\/comunicacao\/wp-json\/wp\/v2\/comments?post=63"}],"version-history":[{"count":16,"href":"https:\/\/sacod.ufpr.br\/comunicacao\/wp-json\/wp\/v2\/pages\/63\/revisions"}],"predecessor-version":[{"id":1588,"href":"https:\/\/sacod.ufpr.br\/comunicacao\/wp-json\/wp\/v2\/pages\/63\/revisions\/1588"}],"up":[{"embeddable":true,"href":"https:\/\/sacod.ufpr.br\/comunicacao\/wp-json\/wp\/v2\/pages\/1656"}],"wp:attachment":[{"href":"https:\/\/sacod.ufpr.br\/comunicacao\/wp-json\/wp\/v2\/media?parent=63"}],"curies":[{"name":"wp","href":"https:\/\/api.w.org\/{rel}","templated":true}]}}