{"id":614,"date":"2015-03-17T16:43:33","date_gmt":"2015-03-17T19:43:33","guid":{"rendered":"https:\/\/sacod.ufpr.br\/comunicacao\/?page_id=614"},"modified":"2017-06-06T08:39:36","modified_gmt":"2017-06-06T11:39:36","slug":"tcc","status":"publish","type":"page","link":"https:\/\/sacod.ufpr.br\/comunicacao\/curso-de-comunicacao-social-2\/tcc\/","title":{"rendered":"TCC"},"content":{"rendered":"<p><strong><span style=\"color: #ff0000\"><a style=\"color: #ff0000\" href=\"https:\/\/sacod.ufpr.br\/comunicacao\/wp-content\/uploads\/sites\/9\/2015\/03\/Regimento-de-TCC.pdf\">Regimento em PDF<\/a><\/span><\/strong><\/p>\n<p><a href=\"https:\/\/sacod.ufpr.br\/comunicacao\/wp-content\/uploads\/sites\/9\/2015\/03\/Formul\u00e1rio-para-indica\u00e7\u00e3o-de-banca-de-TCC.pdf\">Formul\u00e1rio para indica\u00e7\u00e3o de banca de TCC<\/a><\/p>\n<p><a href=\"https:\/\/sacod.ufpr.br\/comunicacao\/wp-content\/uploads\/sites\/9\/2015\/03\/Autoriza\u00e7\u00e3o-para-entrega-da-vers\u00e3o-final-do-TCCII.pdf\" rel=\"\">Autoriza\u00e7\u00e3o para entrega da vers\u00e3o final do TCCII<\/a><\/p>\n<p>&nbsp;<\/p>\n<h4 style=\"text-align: center\"><span style=\"color: #333399\">Regimento de Trabalho de Conclus\u00e3o de Curso I e II Do curso de Comunica\u00e7\u00e3o Social <\/span><\/h4>\n<p style=\"text-align: justify\"><span style=\"color: #333399\">CONCEITO O Trabalho de Conclus\u00e3o de Curso &#8211; TCC &#8211; \u00e9 requisito parcial para a obten\u00e7\u00e3o do t\u00edtulo de bacharel em Comunica\u00e7\u00e3o Social e poder\u00e1 ser te\u00f3rico (na forma de monografia) ou te\u00f3rico-pr\u00e1tico. Atrav\u00e9s dele, o aluno dever\u00e1 demonstrar os conhecimentos obtidos durante o curso: sua forma\u00e7\u00e3o te\u00f3rica na \u00e1rea de comunica\u00e7\u00e3o, human\u00edstica e \u00e9tica, o dom\u00ednio de t\u00e9cnicas e linguagens, capacidade de reflex\u00e3o cr\u00edtica e de inova\u00e7\u00e3o na forma e no conte\u00fado. <\/span><\/p>\n<p><span style=\"color: #333399\">OBJETIVOS<\/span><\/p>\n<p style=\"text-align: justify\"><span style=\"color: #333399\"> Artigo 1\u00ba &#8211; Os objetivos das disciplinas de Trabalho de Conclus\u00e3o de Curso s\u00e3o os seguintes: I- Possibilitar aos estudantes a aplica\u00e7\u00e3o dos conhecimentos te\u00f3ricos, t\u00e9cnicos e pr\u00e1ticos, adquiridos durante os anos de sua forma\u00e7\u00e3o acad\u00eamica, traduzindo-os de forma concreta na elabora\u00e7\u00e3o de um projeto espec\u00edfico para melhor compreens\u00e3o da realidade; II- Concentrar em um \u00fanico trabalho todos os esfor\u00e7os do aluno, como: capacidade criadora; organiza\u00e7\u00e3o, metodologia cient\u00edfica, conhecimento de t\u00e9cnicas e materiais, t\u00e9cnicas de representa\u00e7\u00e3o, dom\u00ednio das formas de investiga\u00e7\u00e3o; III- Possibilitar a avalia\u00e7\u00e3o global necess\u00e1ria para que o aluno, uma vez formado, possa ingressar no mercado de trabalho, bem como possibilitar a realiza\u00e7\u00e3o de produ\u00e7\u00e3o te\u00f3rica e cr\u00edtica desta atividade profissional; IV &#8211; Capacitar os estudantes a produzir projetos alcance e adequados a sua realidade, de modo que os preparem para o exerc\u00edcio profissional. <\/span><\/p>\n<p><span style=\"color: #333399\">PR\u00c9-PROJETO <\/span><\/p>\n<p style=\"text-align: justify\"><span style=\"color: #333399\">Artigo 2\u00ba &#8211; A entrega do pr\u00e9-projeto no semestre anterior ao desenvolvimento de TCCI \u00e9 condi\u00e7\u00e3o para efetivar a matr\u00edcula na referida disciplina. O pr\u00e9-projeto dever\u00e1 ser entregue na Coordena\u00e7\u00e3o de Curso contendo, no m\u00ednimo, os seguintes itens. Identifica\u00e7\u00e3o do(s) aluno(s) ;Defini\u00e7\u00e3o do tema; Descri\u00e7\u00e3o da proposta: problem\u00e1tica de pesquisa, objetivos, justificativa, metodologia, revis\u00e3o de literatura e cronograma; e Bibliografia m\u00ednima. \u00a7 1: As monografias ser\u00e3o individuais. \u00a7 2: As equipes poder\u00e3o ter, no m\u00e1ximo, tr\u00eas membros. A densidade da proposta de projeto dever\u00e1 justificar o n\u00famero de membros da equipe. <\/span><\/p>\n<p><span style=\"color: #333399\">Artigo 3\u00ba &#8211; Os professores do quadro efetivo do Departamento de Comunica\u00e7\u00e3o dever\u00e3o orientar TCC I e TCC II, desde que o projeto seja pertinente a sua \u00e1rea de conhecimento e que o tema esteja relacionado com a habilita\u00e7\u00e3o cursada pelo aluno. Par\u00e1grafo \u00fanico: \u00c9 facultativo aos professores substitutos orientar TCC I e TCC II. <\/span><\/p>\n<p style=\"text-align: justify\"><span style=\"color: #333399\">Artigo 4\u00ba &#8211; Os pr\u00e9-projetos ser\u00e3o analisados e distribu\u00eddos aos professores do DeCom de acordo com a habilita\u00e7\u00e3o e afinidade com a \u00e1rea de pesquisa e as orienta\u00e7\u00f5es homologadas em reuni\u00e3o do Colegiado. <\/span><\/p>\n<p><span style=\"color: #333399\">\u00a7 1: Em caso de necessidade de troca de orienta\u00e7\u00e3o, o pedido fundamentado dever\u00e1 ser encaminhado ao Colegiado. <\/span><\/p>\n<p style=\"text-align: justify\"><span style=\"color: #333399\">\u00a7 2: Nenhuma troca de orientador ser\u00e1 realizada sem consulta e delibera\u00e7\u00e3o do Colegiado. <\/span><\/p>\n<p style=\"text-align: justify\"><span style=\"color: #333399\">Artigo 5\u00ba &#8211; Apenas os alunos que sejam prov\u00e1veis formandos (periodizados no 7\u00ba. e 8\u00ba.) em Comunica\u00e7\u00e3o Social poder\u00e3o efetuar matr\u00edcula nas disciplinas de Trabalho de Conclus\u00e3o de Curso I e Trabalho de Conclus\u00e3o de Curso II. Par\u00e1grafo \u00fanico: Fica expl\u00edcito que nenhum aluno poder\u00e1 cursar TCC1 ou TCC2 sem ter cursado, anteriormente e com aproveitamento, a disciplina HT017 Metodologia de Pesquisa, conforme referendado na reuni\u00e3o do Colegiado de Curso em 14 de mar\u00e7o de 2011. <\/span><\/p>\n<p style=\"text-align: justify\"><span style=\"color: #333399\">Artigo 6\u00ba &#8211; Os encontros entre orientador e orientandos dever\u00e3o ocorrer semanalmente de acordo com as necessidades do projeto. Cabe ao orientador registrar o conte\u00fado discutido, o andamento do projeto, a pr\u00f3xima tarefa a ser realizada e a frequ\u00eancia do aluno. <\/span><\/p>\n<p><span style=\"color: #333399\">PRAZOS <\/span><\/p>\n<p style=\"text-align: justify\"><span style=\"color: #333399\">Artigo 7\u00ba &#8211; O candidato a TCCI dever\u00e1 apresentar seu pr\u00e9-projeto at\u00e9 o \u00faltimo dia letivo do semestre anterior ao desenvolvimento da disciplina. <\/span><\/p>\n<p style=\"text-align: justify\"><span style=\"color: #333399\">Artigo 8\u00b0 &#8211; O aluno de TCCI dever\u00e1 entregar seu trabalho (conforme disposi\u00e7\u00f5es do art. 13\u00ba.), at\u00e9 duas semanas antes do \u00faltimo dia letivo do semestre, para que seja avaliado em pr\u00e9-banca (por dois professores), na semana que antecede os exames finais das disciplinas. <\/span><\/p>\n<p style=\"text-align: justify\"><span style=\"color: #333399\">Artigo 9\u00b0 &#8211; O aluno de TCCII dever\u00e1 entregar seu trabalho final at\u00e9 15 dias antes do \u00faltimo dia letivo do semestre na Coordena\u00e7\u00e3o de Curso, das 8h30 \u00e0s 17h, impreterivelmente.<\/span><\/p>\n<p style=\"text-align: justify\"><span style=\"color: #333399\"> Artigo 10\u00ba &#8211; As notas de cada um dos componentes da banca de avalia\u00e7\u00e3o de TCCII dever\u00e3o ser divulgadas, em edital, at\u00e9 tr\u00eas dias ap\u00f3s a defesa p\u00fablica. <\/span><\/p>\n<p style=\"text-align: justify\"><span style=\"color: #333399\">Artigo 11\u00ba. O aluno ter\u00e1 at\u00e9 10 dias ap\u00f3s a banca para apresentar ao orientador os eventuais ajustes solicitados pelos examinadores e posterior dep\u00f3sito na Coordena\u00e7\u00e3o de Curso. <\/span><\/p>\n<p><span style=\"color: #333399\">AVALIA\u00c7\u00c3O TCCI <\/span><\/p>\n<p style=\"text-align: justify\"><span style=\"color: #333399\">Artigo 12\u00ba &#8211; Nas disciplinas de TCC I os alunos ser\u00e3o avaliados a partir da primeira vers\u00e3o da parte te\u00f3rica do projeto, que dever\u00e1 ter os seguintes itens: Defini\u00e7\u00e3o do projeto; Fundamenta\u00e7\u00e3o te\u00f3rica; Metodologia; Levantamento bibliogr\u00e1fico; Conclus\u00e3o de um cap\u00edtulo; e esbo\u00e7o dos demais cap\u00edtulos. <\/span><\/p>\n<p style=\"text-align: justify\"><span style=\"color: #333399\">Artigo 13\u00ba &#8211; A avalia\u00e7\u00e3o ser\u00e1 realizada por, no m\u00ednimo, dois docentes (o orientador e outro professor do Departamento de Comunica\u00e7\u00e3o) para qualifica\u00e7\u00e3o do candidato ao TCC II <\/span><\/p>\n<p><span style=\"color: #333399\">TCCII <\/span><br \/>\n<span style=\"color: #333399\">Artigo 14\u00ba &#8211; A avalia\u00e7\u00e3o final da disciplina de TCC II ser\u00e1 realizada em defesa p\u00fablica. Estar\u00e1 reprovado o aluno que obtenha nota entre 00 e 49. O aluno estar\u00e1 aprovado caso obtenha nota entre 50 e 100. <\/span><\/p>\n<p style=\"text-align: justify\"><span style=\"color: #333399\">Artigo 15\u00ba &#8211; O aluno dever\u00e1 cumprir o cronograma estabelecido e verificar as observa\u00e7\u00f5es do professor sobre o desenvolvimento semanal. <\/span><\/p>\n<p style=\"text-align: justify\"><span style=\"color: #333399\">Artigo 16\u00ba &#8211; A frequ\u00eancia m\u00ednima nas orienta\u00e7\u00f5es para aprova\u00e7\u00e3o em TCC I e II \u00e9 de 75%. O aluno que ficar abaixo desse percentual n\u00e3o poder\u00e1 entregar a vers\u00e3o final, no caso de TCC I, e n\u00e3o apresentar\u00e1 seu trabalho a banca, em caso de TCCII. Par\u00e1grafo \u00fanico: N\u00e3o existe exame final para as disciplinas de TCC I e II, portanto o aluno que n\u00e3o atingir a nota m\u00ednima ou a frequ\u00eancia m\u00ednima nas orienta\u00e7\u00f5es estar\u00e1 reprovado. <\/span><\/p>\n<p style=\"text-align: justify\"><span style=\"color: #333399\">Artigo 17\u00ba &#8211; Os casos comprovados de pl\u00e1gio nas disciplinas de TCC implicar\u00e3o em reprova\u00e7\u00e3o imediata do aluno e abertura de sindic\u00e2ncia para aplica\u00e7\u00e3o das penalidades previstas no regimento da UFPR para os casos de fraude em trabalho escolar. <\/span><\/p>\n<p><span style=\"color: #333399\">BANCAS DE TCCII <\/span><\/p>\n<p style=\"text-align: justify\"><span style=\"color: #333399\">Artigo 18\u00ba. \u2013 Para que seu projeto seja submetido \u00e0 banca examinadora o aluno dever\u00e1 entregar na Coordena\u00e7\u00e3o tr\u00eas c\u00f3pias, em espiral, do trabalho final desenvolvido. <\/span><\/p>\n<p style=\"text-align: justify\"><span style=\"color: #333399\">\u00a7 1: Al\u00e9m de 3 c\u00f3pias em espiral do trabalho final, deve ser entregue documento assinado pelo orientador indicando os nomes dos membros (com breve curr\u00edculo do convidado externo) da banca, e sugest\u00e3o da data e hor\u00e1rio de avalia\u00e7\u00e3o. <\/span><\/p>\n<p style=\"text-align: justify\"><span style=\"color: #333399\">\u00a72: A composi\u00e7\u00e3o da banca ser\u00e1 submetida \u00e0 aprova\u00e7\u00e3o e homologa\u00e7\u00e3o do Colegiado de Curso. <\/span><\/p>\n<p style=\"text-align: justify\"><span style=\"color: #333399\">\u00a73: Ap\u00f3s a homologa\u00e7\u00e3o, qualquer substitui\u00e7\u00e3o na composi\u00e7\u00e3o da banca dever\u00e1 ser submetida \u00e0 aprova\u00e7\u00e3o do Colegiado de Curso, com a apresenta\u00e7\u00e3o do novo nome (com breve curr\u00edculo), n\u00e3o sendo autorizada nenhuma banca sem a nova homologa\u00e7\u00e3o. <\/span><\/p>\n<p style=\"text-align: justify\"><span style=\"color: #333399\">Artigo 19\u00ba &#8211; A composi\u00e7\u00e3o das bancas dever\u00e1 ser aprovada em Colegiado de Curso. <\/span><\/p>\n<p style=\"text-align: justify\"><span style=\"color: #333399\">Artigo 20\u00ba &#8211; A data da defesa p\u00fablica, hor\u00e1rio, local e componentes da banca dever\u00e3o ser divulgados em edital at\u00e9 10 dias antes da realiza\u00e7\u00e3o da mesma. \u00a71: A documenta\u00e7\u00e3o relativa (ata, certificados etc) ser\u00e1 expedida pelo DeCom. Cabe ao professor orientador apanhar o material no dia da banca. \u00a72: Havendo mudan\u00e7a de dia ou hor\u00e1rio, o DeCom dever\u00e1 ser informado para novo agendamento de sala. <\/span><\/p>\n<p style=\"text-align: justify\"><span style=\"color: #333399\">Artigo 21\u00ba &#8211; As bancas ter\u00e3o tr\u00eas membros, sendo o orientador, um professor do Departamento de Comunica\u00e7\u00e3o e um convidado externo, este obrigatoriamente graduado em curso superior no m\u00ednimo h\u00e1 tr\u00eas anos. \u00a71: As bancas podem ocorrer com a participa\u00e7\u00e3o do convidado externo \u00e0 dist\u00e2ncia, valendo-se das tecnologias adequadas a este fim. <\/span><\/p>\n<p style=\"text-align: justify\"><span style=\"color: #333399\">Artigo 22\u00ba &#8211; Os atrasos de componentes da banca ser\u00e3o tolerados at\u00e9 o limite de 15 minutos. Transcorrido este tempo, a banca, desde que tenha, pelo menos, dois dos seus membros ter\u00e1 in\u00edcio, n\u00e3o podendo mais incorporar nenhum componente. <\/span><\/p>\n<p><span style=\"color: #333399\">Artigo 23\u00ba. &#8211; A avalia\u00e7\u00e3o seguir\u00e1 formul\u00e1rio pr\u00f3prio do DeCom e o resultado ser\u00e1 divulgado pela banca em at\u00e9 30 minutos ap\u00f3s o fim da defesa p\u00fablica. <\/span><\/p>\n<p style=\"text-align: justify\"><span style=\"color: #333399\">Artigo 24\u00ba &#8211; A defesa dever\u00e1 durar no m\u00e1ximo uma hora e seguir\u00e1 formul\u00e1rio de avalia\u00e7\u00e3o do DeCOM, com um conte\u00fado comum para as tr\u00eas habilita\u00e7\u00f5es, oferecendo espa\u00e7o para inclus\u00e3o de itens espec\u00edficos de acordo com a necessidade de cada habilita\u00e7\u00e3o. <\/span><\/p>\n<p style=\"text-align: justify\"><span style=\"color: #333399\">\u00a7 1: o per\u00edodo da banca ser\u00e1 distribu\u00eddo entre 20 a 30 minutos para exposi\u00e7\u00e3o do aluno e, m\u00e1ximo de 40 minutos para argui\u00e7\u00e3o e r\u00e9plica, podendo haver adequa\u00e7\u00f5es desde que n\u00e3o exceda 1 hora e 30 minutos de dura\u00e7\u00e3o. <\/span><\/p>\n<p style=\"text-align: justify\"><span style=\"color: #333399\">Artigo 25\u00ba &#8211; Ap\u00f3s a realiza\u00e7\u00e3o da banca o aluno tem prazo de at\u00e9 10 dias para apresentar altera\u00e7\u00f5es indicadas ao professor orientador e posterior dep\u00f3sito na Coordena\u00e7\u00e3o. <\/span><\/p>\n<p style=\"text-align: justify\"><span style=\"color: #333399\">\u00a71: O aluno que n\u00e3o entregar o trabalho ao professor no prazo previsto estar\u00e1 automaticamente reprovado. <\/span><\/p>\n<p style=\"text-align: justify\"><span style=\"color: #333399\">\u00a72: Ao confirmar que as altera\u00e7\u00f5es foram realizadas o professor deve assinar documento autorizando o dep\u00f3sito do projeto na Coordena\u00e7\u00e3o de Curso. Sem o documento assinado nenhum dep\u00f3sito ser\u00e1 aceito. <\/span><\/p>\n<p style=\"text-align: justify\"><span style=\"color: #333399\">Artigo 26\u00ba &#8211; A banca \u00e9 soberana sobre todo o processo de avalia\u00e7\u00e3o n\u00e3o cabendo recurso do resultado proferido. <\/span><\/p>\n<p><span style=\"color: #333399\">DEP\u00d3SITO TCC II <\/span><\/p>\n<p style=\"text-align: justify\"><span style=\"color: #333399\">Artigo 27\u00ba &#8211; Uma c\u00f3pia em m\u00eddia digital da monografia e\/ou do projeto dever\u00e1 ser depositada na Coordena\u00e7\u00e3o, no prazo de 10 dias ap\u00f3s a realiza\u00e7\u00e3o da banca, com as devidas corre\u00e7\u00f5es normativas e eventuais indica\u00e7\u00f5es da comiss\u00e3o avaliadora. <\/span><\/p>\n<p style=\"text-align: justify\"><span style=\"color: #333399\">\u00a71: Observe-se que todos os textos formatados, imagens e demais componentes da vers\u00e3o final dos trabalhos dever\u00e3o ser depositados em m\u00eddias de transporte (gravados em CD, DVD, etc.), juntamente com uma c\u00f3pia da ata de defesa, mencionando a aprova\u00e7\u00e3o do discente. <\/span><\/p>\n<p style=\"text-align: justify\"><span style=\"color: #333399\">\u00a72: Junto com o trabalho em m\u00eddia digital, o aluno dever\u00e1 entregar na Coordena\u00e7\u00e3o a autoriza\u00e7\u00e3o do professor atestando que as eventuais corre\u00e7\u00f5es foram realizadas pelo aluno, para que o dep\u00f3sito possa ser efetivado. <\/span><\/p>\n<p style=\"text-align: justify\"><span style=\"color: #333399\">Artigo 28\u00ba &#8211; Em caso de n\u00e3o entrega do trabalho final \u00e0 Coordena\u00e7\u00e3o, o aluno ser\u00e1 reprovado. <\/span><\/p>\n<p style=\"text-align: justify\"><span style=\"color: #333399\">Artigo 29\u00ba &#8211; As notas somente ser\u00e3o lan\u00e7adas no sistema depois de feito o dep\u00f3sito na Coordena\u00e7\u00e3o do Curso de Comunica\u00e7\u00e3o Social. <\/span><\/p>\n<p style=\"text-align: justify\"><span style=\"color: #333399\">Regimento aprovado na Reuni\u00e3o do Colegiado do Curso de Comunica\u00e7\u00e3o Social em 06\/03\/2009 sofreu altera\u00e7\u00f5es em reuni\u00e3o de Colegiado realizada em 17 de abril de 2013; e em reuni\u00e3o de Colegiado realizada em 07 de outubro de 2015. \u00daltima altera\u00e7\u00e3o homologada em reuni\u00e3o de Colegiado realizada em 15 de junho de 2016.<\/span><\/p>\n","protected":false},"excerpt":{"rendered":"<p>Regimento em PDF Formul\u00e1rio para indica\u00e7\u00e3o de banca de TCC Autoriza\u00e7\u00e3o para entrega da vers\u00e3o final do TCCII &nbsp; Regimento de Trabalho de Conclus\u00e3o de Curso I e II Do curso de Comunica\u00e7\u00e3o Social CONCEITO O Trabalho de Conclus\u00e3o de Curso &#8211; TCC &#8211; \u00e9 requisito parcial para a obten\u00e7\u00e3o do t\u00edtulo de bacharel em [&hellip;]<\/p>\n","protected":false},"author":7,"featured_media":0,"parent":1656,"menu_order":0,"comment_status":"open","ping_status":"open","template":"","meta":{"_acf_changed":false,"ngg_post_thumbnail":0,"footnotes":""},"class_list":["post-614","page","type-page","status-publish","hentry"],"acf":[],"_links":{"self":[{"href":"https:\/\/sacod.ufpr.br\/comunicacao\/wp-json\/wp\/v2\/pages\/614","targetHints":{"allow":["GET"]}}],"collection":[{"href":"https:\/\/sacod.ufpr.br\/comunicacao\/wp-json\/wp\/v2\/pages"}],"about":[{"href":"https:\/\/sacod.ufpr.br\/comunicacao\/wp-json\/wp\/v2\/types\/page"}],"author":[{"embeddable":true,"href":"https:\/\/sacod.ufpr.br\/comunicacao\/wp-json\/wp\/v2\/users\/7"}],"replies":[{"embeddable":true,"href":"https:\/\/sacod.ufpr.br\/comunicacao\/wp-json\/wp\/v2\/comments?post=614"}],"version-history":[{"count":12,"href":"https:\/\/sacod.ufpr.br\/comunicacao\/wp-json\/wp\/v2\/pages\/614\/revisions"}],"predecessor-version":[{"id":2684,"href":"https:\/\/sacod.ufpr.br\/comunicacao\/wp-json\/wp\/v2\/pages\/614\/revisions\/2684"}],"up":[{"embeddable":true,"href":"https:\/\/sacod.ufpr.br\/comunicacao\/wp-json\/wp\/v2\/pages\/1656"}],"wp:attachment":[{"href":"https:\/\/sacod.ufpr.br\/comunicacao\/wp-json\/wp\/v2\/media?parent=614"}],"curies":[{"name":"wp","href":"https:\/\/api.w.org\/{rel}","templated":true}]}}