{"id":322,"date":"2012-06-05T18:23:53","date_gmt":"2012-06-05T18:23:53","guid":{"rendered":"https:\/\/sacod.ufpr.br\/comunicacao\/?page_id=322"},"modified":"2017-05-22T11:36:03","modified_gmt":"2017-05-22T14:36:03","slug":"resolucoes","status":"publish","type":"page","link":"https:\/\/sacod.ufpr.br\/comunicacao\/curso-de-comunicacao-social-2\/resolucoes\/","title":{"rendered":"Resolu\u00e7\u00f5es"},"content":{"rendered":"<p><a href=\"https:\/\/sacod.ufpr.br\/comunicacao\/wp-content\/uploads\/sites\/9\/2012\/06\/cepe3797-aprova-normas-para-os-cursos-de-gradua\u00e7\u00e3o..pdf\">cepe3797 &#8211; aprova normas para os cursos de gradua\u00e7\u00e3o.<\/a><\/p>\n<p><a href=\"https:\/\/sacod.ufpr.br\/comunicacao\/wp-content\/uploads\/sites\/9\/2012\/06\/cepe9213-equival\u00eancia-adiantamento-e-aproveitamento-de-conhecimento.pdf\">cepe9213 &#8211; equival\u00eancia, adiantamento e aproveitamento de conhecimento<\/a><\/p>\n<p><a href=\"https:\/\/sacod.ufpr.br\/comunicacao\/wp-content\/uploads\/sites\/9\/2012\/06\/Instru\u00e7\u00e3o-normativa-0114-equival\u00eancia-aproveitamento-e-adiantamento.pdf\" rel=\"\">Instru\u00e7\u00e3o normativa 0114 &#8211; equival\u00eancia, aproveitamento e adiantamento<\/a><\/p>\n","protected":false},"excerpt":{"rendered":"<p>cepe3797 &#8211; aprova normas para os cursos de gradua\u00e7\u00e3o. cepe9213 &#8211; equival\u00eancia, adiantamento e aproveitamento de conhecimento Instru\u00e7\u00e3o normativa 0114 &#8211; equival\u00eancia, aproveitamento e adiantamento<\/p>\n","protected":false},"author":7,"featured_media":0,"parent":1656,"menu_order":0,"comment_status":"open","ping_status":"open","template":"","meta":{"_acf_changed":false,"ngg_post_thumbnail":0,"footnotes":""},"class_list":["post-322","page","type-page","status-publish","hentry"],"acf":[],"_links":{"self":[{"href":"https:\/\/sacod.ufpr.br\/comunicacao\/wp-json\/wp\/v2\/pages\/322","targetHints":{"allow":["GET"]}}],"collection":[{"href":"https:\/\/sacod.ufpr.br\/comunicacao\/wp-json\/wp\/v2\/pages"}],"about":[{"href":"https:\/\/sacod.ufpr.br\/comunicacao\/wp-json\/wp\/v2\/types\/page"}],"author":[{"embeddable":true,"href":"https:\/\/sacod.ufpr.br\/comunicacao\/wp-json\/wp\/v2\/users\/7"}],"replies":[{"embeddable":true,"href":"https:\/\/sacod.ufpr.br\/comunicacao\/wp-json\/wp\/v2\/comments?post=322"}],"version-history":[{"count":8,"href":"https:\/\/sacod.ufpr.br\/comunicacao\/wp-json\/wp\/v2\/pages\/322\/revisions"}],"predecessor-version":[{"id":1564,"href":"https:\/\/sacod.ufpr.br\/comunicacao\/wp-json\/wp\/v2\/pages\/322\/revisions\/1564"}],"up":[{"embeddable":true,"href":"https:\/\/sacod.ufpr.br\/comunicacao\/wp-json\/wp\/v2\/pages\/1656"}],"wp:attachment":[{"href":"https:\/\/sacod.ufpr.br\/comunicacao\/wp-json\/wp\/v2\/media?parent=322"}],"curies":[{"name":"wp","href":"https:\/\/api.w.org\/{rel}","templated":true}]}}