{"id":295,"date":"2012-06-05T13:53:25","date_gmt":"2012-06-05T13:53:25","guid":{"rendered":"https:\/\/sacod.ufpr.br\/comunicacao\/?page_id=295"},"modified":"2017-05-22T10:31:12","modified_gmt":"2017-05-22T13:31:12","slug":"colegiado","status":"publish","type":"page","link":"https:\/\/sacod.ufpr.br\/comunicacao\/curso-de-comunicacao-social-2\/colegiado\/","title":{"rendered":"Colegiado"},"content":{"rendered":"<p><span style=\"color: #800000\">O colegiado de curso \u00e9 \u00f3rg\u00e3o de coordena\u00e7\u00e3o did\u00e1tica, destinado a elaborar e implantar a pol\u00edtica de ensino nos respectivos cursos e acompanhar a sua execu\u00e7\u00e3o, ressalvada a compet\u00eancia do Conselho de Ensino, Pesquisa e Extens\u00e3o. O colegiado de curso ser\u00e1 constitu\u00eddo por um coordenador, seu presidente, por um vice coordenador, por um docente de cada departamento que participe do respectivo ensino, e por um quinto da representa\u00e7\u00e3o discente. O coordenador ser\u00e1 substitu\u00eddo nas faltas e impedimentos pelo vice-coordenador. O sistema de acompanhamento e avalia\u00e7\u00e3o do Projeto Pedag\u00f3gico do Curso est\u00e1 a cargo do Colegiado de Curso e do N\u00facleo Docente Estruturante. O Colegiado se re\u00fane uma vez por m\u00eas.<\/span><\/p>\n<p>Professor Fabio Hansen<br \/>\n<strong><span style=\"color: #333399\">Coordenador<\/span><br \/>\n<\/strong><\/p>\n<p><strong><span style=\"color: #333399\">Composi\u00e7\u00e3o do Colegiado<\/span><\/strong><br \/>\nProfessor Aryovaldo de Castro Azevedo &#8211; vice Coordenador<br \/>\nProfessor M\u00e1rio Messagi Junior &#8211; Chefe do Departamento<br \/>\nProfessor Elson Faxina \u2013 vice chefe<\/p>\n<p><span style=\"color: #333399\"><strong>Rela\u00e7\u00f5es P\u00fablicas<\/strong><\/span><br \/>\nProfessor Jair Ant\u00f4nio de Oliveira &#8211; Titular<br \/>\nProfessora Regiane Regina Ribeiro &#8211; suplente<\/p>\n<p><strong><span style=\"color: #333399\">Publicidade e Propaganda<\/span><\/strong><br \/>\nProfessor Hertez Wendell de Camargo \u2013 Titular<br \/>\nProfessor Luciana Panke &#8211; suplente<\/p>\n<p><strong><span style=\"color: #333399\">Jornalismo<\/span><\/strong><br \/>\nProfessor Jos\u00e9 Carlos Fernandes \u2013\u00a0Titular<br \/>\nProfessor Jo\u00e3o Somma Neto &#8211; Suplente<\/p>\n<p><strong><span style=\"color: #333399\">Professores substitutos<\/span><\/strong><br \/>\nProfessor Bruno Oliveira Alves &#8211; Titular<br \/>\n&#8211; Suplente<\/p>\n<p><strong><span style=\"color: #333399\">Departamento de Letras<\/span><\/strong><br \/>\nProfessor Bruno Dallari<\/p>\n<p><strong><span style=\"color: #333399\">Departamento de Ci\u00eancias Sociais<\/span><\/strong><br \/>\nProfessor Emerson Urizzi Cervi<\/p>\n<p><strong><span style=\"color: #333399\">Departamento de Ci\u00eancia\u00a0Pol\u00edtica<\/span><\/strong><br \/>\nProfessor\u00a0Francisco Paulo Jamil Almeida Marques &#8211; Titular<br \/>\nProfessor Nelson do Ros\u00e1rio &#8211; Suplente<\/p>\n<p><strong><span style=\"color: #333399\">Departamento de Hist\u00f3ria.<\/span><\/strong><br \/>\nProfessor Rodrigo Rodriguez Tavares<\/p>\n<p><strong><span style=\"color: #333399\">Discentes<\/span><\/strong><br \/>\nJosiane Paix\u00e3o dos Santos &#8211; Rela\u00e7\u00f5es P\u00fablicas<br \/>\nRebeca Santos Moreira &#8211; Rela\u00e7\u00f5es P\u00fablicas<br \/>\nPedro Henrique Oliveira Macedo &#8211; \u00a0Jornalismo<\/p>\n","protected":false},"excerpt":{"rendered":"<p>O colegiado de curso \u00e9 \u00f3rg\u00e3o de coordena\u00e7\u00e3o did\u00e1tica, destinado a elaborar e implantar a pol\u00edtica de ensino nos respectivos cursos e acompanhar a sua execu\u00e7\u00e3o, ressalvada a compet\u00eancia do Conselho de Ensino, Pesquisa e Extens\u00e3o. O colegiado de curso ser\u00e1 constitu\u00eddo por um coordenador, seu presidente, por um vice coordenador, por um docente de [&hellip;]<\/p>\n","protected":false},"author":7,"featured_media":0,"parent":1656,"menu_order":0,"comment_status":"open","ping_status":"open","template":"","meta":{"_acf_changed":false,"ngg_post_thumbnail":0,"footnotes":""},"class_list":["post-295","page","type-page","status-publish","hentry"],"acf":[],"_links":{"self":[{"href":"https:\/\/sacod.ufpr.br\/comunicacao\/wp-json\/wp\/v2\/pages\/295","targetHints":{"allow":["GET"]}}],"collection":[{"href":"https:\/\/sacod.ufpr.br\/comunicacao\/wp-json\/wp\/v2\/pages"}],"about":[{"href":"https:\/\/sacod.ufpr.br\/comunicacao\/wp-json\/wp\/v2\/types\/page"}],"author":[{"embeddable":true,"href":"https:\/\/sacod.ufpr.br\/comunicacao\/wp-json\/wp\/v2\/users\/7"}],"replies":[{"embeddable":true,"href":"https:\/\/sacod.ufpr.br\/comunicacao\/wp-json\/wp\/v2\/comments?post=295"}],"version-history":[{"count":19,"href":"https:\/\/sacod.ufpr.br\/comunicacao\/wp-json\/wp\/v2\/pages\/295\/revisions"}],"predecessor-version":[{"id":2610,"href":"https:\/\/sacod.ufpr.br\/comunicacao\/wp-json\/wp\/v2\/pages\/295\/revisions\/2610"}],"up":[{"embeddable":true,"href":"https:\/\/sacod.ufpr.br\/comunicacao\/wp-json\/wp\/v2\/pages\/1656"}],"wp:attachment":[{"href":"https:\/\/sacod.ufpr.br\/comunicacao\/wp-json\/wp\/v2\/media?parent=295"}],"curies":[{"name":"wp","href":"https:\/\/api.w.org\/{rel}","templated":true}]}}