{"id":2712,"date":"2017-08-07T12:31:42","date_gmt":"2017-08-07T15:31:42","guid":{"rendered":"https:\/\/sacod.ufpr.br\/comunicacao\/?page_id=2712"},"modified":"2017-08-07T12:51:04","modified_gmt":"2017-08-07T15:51:04","slug":"optativas-2017-2","status":"publish","type":"page","link":"https:\/\/sacod.ufpr.br\/comunicacao\/curso-de-comunicacao-social-2\/optativas-2017-2\/","title":{"rendered":"grade hor\u00e1ria optativas"},"content":{"rendered":"<p><span style=\"color: #ff0000\">Arquivo em PDF:<\/span>\u00a0<a href=\"https:\/\/sacod.ufpr.br\/comunicacao\/wp-content\/uploads\/sites\/9\/2017\/08\/Optativas-2017-2.pdf\">Optativas 2017-2<\/a><\/p>\n<table style=\"height: 5034px\" width=\"673\">\n<thead>\n<tr>\n<td width=\"74\"><span style=\"color: #000080\"><strong>C\u00d3DIGO<\/strong><\/span><\/td>\n<td width=\"227\"><span style=\"color: #000080\"><strong>DISCIPLINA<\/strong><\/span><\/td>\n<td width=\"66\"><span style=\"color: #000080\"><strong>TURMA<\/strong><\/span><\/td>\n<td width=\"94\"><span style=\"color: #000080\"><strong>PROFESSOR<\/strong><\/span><\/td>\n<td width=\"113\"><span style=\"color: #000080\"><strong>HOR\u00c1RIO<\/strong><\/span><\/td>\n<td width=\"95\"><span style=\"color: #000080\"><strong>PR\u00c9-REQUISITO<\/strong><\/span><\/td>\n<td width=\"66\"><span style=\"color: #000080\"><strong>SALA<\/strong><\/span><\/td>\n<\/tr>\n<\/thead>\n<tbody>\n<tr>\n<td width=\"74\"><strong><span style=\"color: #000080\">HE1090<\/span><\/strong><\/td>\n<td width=\"227\"><span style=\"color: #000080\">Hist\u00f3ria do Jap\u00e3o I<\/span><\/td>\n<td width=\"66\"><span style=\"color: #000080\">OPT<\/span><\/td>\n<td width=\"94\"><span style=\"color: #000080\">M\u00e1rcia<\/span><\/td>\n<td width=\"113\"><span style=\"color: #000080\">Segunda-feira<\/span><br \/>\n<span style=\"color: #000080\"> 18h30-22h30<\/span><\/td>\n<td width=\"95\"><\/td>\n<td width=\"66\"><span style=\"color: #000080\">Reitoria<\/span><\/td>\n<\/tr>\n<tr>\n<td width=\"74\"><strong><span style=\"color: #000080\">HE1093<\/span><\/strong><\/td>\n<td width=\"227\"><span style=\"color: #000080\">Literatura e Outras Linguagens:Landscapes Stories<\/span><\/td>\n<td width=\"66\"><span style=\"color: #000080\">OPT<\/span><\/td>\n<td width=\"94\"><span style=\"color: #000080\">Rodrigo Vasconcelos Machado<\/span><\/td>\n<td width=\"113\"><span style=\"color: #000080\">Quinta-feira<\/span><\/p>\n<p><span style=\"color: #000080\">15:30-18:30<\/span><\/td>\n<td width=\"95\"><span style=\"color: #000080\">No\u00e7\u00f5es de fotografia.<\/span><\/td>\n<td width=\"66\"><span style=\"color: #000080\">Reitoria<\/span><\/td>\n<\/tr>\n<tr>\n<td width=\"74\"><strong><span style=\"color: #000080\">HE1117<\/span><\/strong><\/td>\n<td width=\"227\"><span style=\"color: #000080\">Literatura e Cultura Judaica I<\/span><\/td>\n<td width=\"66\"><span style=\"color: #000080\">OPT<\/span><\/td>\n<td width=\"94\"><span style=\"color: #000080\">Rodrigo Vasconcelos Machado<\/span><\/td>\n<td width=\"113\"><span style=\"color: #000080\">Quinta-feira 18:30-20:30<\/span><\/td>\n<td width=\"95\"><\/td>\n<td width=\"66\"><span style=\"color: #000080\">Reitoria<\/span><\/td>\n<\/tr>\n<tr>\n<td width=\"74\"><strong><span style=\"color: #000080\">HE112<\/span><\/strong><\/td>\n<td width=\"227\"><span style=\"color: #000080\">Literatura Italiana e Cinema I (ministrada em portugu\u00eas)<\/span><\/td>\n<td width=\"66\"><span style=\"color: #000080\">OPT<\/span><\/td>\n<td width=\"94\"><span style=\"color: #000080\">Gerson Carvalho<\/span><\/td>\n<td width=\"113\"><span style=\"color: #000080\">Quinta-feira 17h30-20h30<\/span><\/td>\n<td width=\"95\"><\/td>\n<td width=\"66\"><span style=\"color: #000080\">Reitoria<\/span><\/td>\n<\/tr>\n<tr>\n<td width=\"74\"><strong><span style=\"color: #000080\">HE805<\/span><\/strong><\/td>\n<td width=\"227\"><span style=\"color: #000080\">Shakespeare<\/span><\/td>\n<td width=\"66\"><span style=\"color: #000080\">OPT<\/span><\/td>\n<td width=\"94\"><span style=\"color: #000080\">Liana de Camargo Le\u00e3o<\/span><\/td>\n<td width=\"113\"><span style=\"color: #000080\">Sexta-feira 18:30-21:30<\/span><\/td>\n<td width=\"95\"><\/td>\n<td width=\"66\"><span style=\"color: #000080\">Reitoria<\/span><\/td>\n<\/tr>\n<tr>\n<td width=\"74\"><strong><span style=\"color: #000080\">HL134<\/span><\/strong><\/td>\n<td width=\"227\"><span style=\"color: #000080\"><strong>AN\u00c1LISE DO DISCURSO<\/strong><\/span><\/p>\n<p><span style=\"color: #000080\">(<u>40 vagas<\/u>)<\/span><\/td>\n<td width=\"66\"><span style=\"color: #000080\">OPT<\/span><\/td>\n<td width=\"94\"><span style=\"color: #000080\">Bruno Dallari<\/span><\/td>\n<td width=\"113\"><span style=\"color: #000080\">Sexta-feira<\/span><\/p>\n<p><span style=\"color: #000080\">8h30-12h10<\/span><\/p>\n<p><span style=\"color: #000080\">(na Reitoria)<\/span><\/td>\n<td width=\"95\"><span style=\"color: #000080\">N\u00e3o tem<\/span><\/td>\n<td width=\"66\"><span style=\"color: #000080\">reitoria<\/span><\/td>\n<\/tr>\n<tr>\n<td width=\"74\"><strong><span style=\"color: #000080\">OC026A<\/span><\/strong><\/td>\n<td width=\"227\"><span style=\"color: #000080\"><strong>LABORAT\u00d3RIO MULTIM\u00cdDIA II <\/strong>(Editores R\u00e1dio)<\/span><\/td>\n<td width=\"66\"><span style=\"color: #000080\">OPTA<\/span><\/td>\n<td width=\"94\"><span style=\"color: #000080\">Elson Faxina<\/span><\/td>\n<td width=\"113\"><span style=\"color: #000080\">Quinta-feira<\/span><\/p>\n<p><span style=\"color: #000080\">8h30-12h30<\/span><\/p>\n<p><span style=\"color: #000080\">Sexta-feira<\/span><\/p>\n<p><span style=\"color: #000080\">18h30-22h30<\/span><\/td>\n<td width=\"95\"><span style=\"color: #000080\">Professor passar\u00e1 a lista dos alunos a ser matriculados<\/span><\/td>\n<td width=\"66\"><span style=\"color: #000080\">Jorlab<\/span><\/td>\n<\/tr>\n<tr>\n<td width=\"74\"><strong><span style=\"color: #000080\">OC026B<\/span><\/strong><\/td>\n<td width=\"227\"><span style=\"color: #000080\"><strong>LABORAT\u00d3RIO MULTIM\u00cdDIA I<\/strong>I (Editores TV)<\/span><\/td>\n<td width=\"66\"><span style=\"color: #000080\">OPTB<\/span><\/td>\n<td width=\"94\"><span style=\"color: #000080\">Carlos Rocha<\/span><\/td>\n<td width=\"113\"><span style=\"color: #000080\">Quinta-feira<\/span><\/p>\n<p><span style=\"color: #000080\">8h30-12h30<\/span><\/p>\n<p><span style=\"color: #000080\">Sexta-feira<\/span><\/p>\n<p><span style=\"color: #000080\">18h30-22h30<\/span><\/td>\n<td width=\"95\"><span style=\"color: #000080\">Professor passar\u00e1 a lista dos alunos a ser matriculados<\/span><\/td>\n<td width=\"66\"><span style=\"color: #000080\">Jorlab<\/span><\/td>\n<\/tr>\n<tr>\n<td width=\"74\"><strong><span style=\"color: #000080\">OC026C<\/span><\/strong><\/td>\n<td width=\"227\"><span style=\"color: #000080\"><strong>LABORAT\u00d3RIO MULTIM\u00cdDIA II <\/strong>(Chefias Jorlab)<\/span><\/td>\n<td width=\"66\"><span style=\"color: #000080\">OPTC<\/span><\/td>\n<td width=\"94\"><span style=\"color: #000080\">M\u00e1rio Messagi Jr.<\/span><\/td>\n<td width=\"113\"><span style=\"color: #000080\">Quinta-feira<\/span><\/p>\n<p><span style=\"color: #000080\">8h30-12h30<\/span><\/p>\n<p><span style=\"color: #000080\">Sexta-feira<\/span><\/p>\n<p><span style=\"color: #000080\">18h30-22h30<\/span><\/td>\n<td width=\"95\"><span style=\"color: #000080\">Professor passar\u00e1 a lista dos alunos a ser matriculados<\/span><\/td>\n<td width=\"66\"><span style=\"color: #000080\">Jorlab<\/span><\/td>\n<\/tr>\n<tr>\n<td width=\"74\"><strong><span style=\"color: #000080\">OC031<\/span><\/strong><\/td>\n<td width=\"227\"><span style=\"color: #000080\"><strong>T\u00d3PICOS ESPECIAIS EM TEORIA DA COMUNICA\u00c7\u00c3O I <\/strong>(Narrativas audiovisuais e sociedade &#8211; debates contempor\u00e2neos)<\/span><\/p>\n<p><span style=\"color: #000080\">(<u>40 vagas<\/u>)<\/span><\/td>\n<td width=\"66\"><span style=\"color: #000080\">OPT<\/span><\/td>\n<td width=\"94\"><span style=\"color: #000080\">Valqu\u00edria Michela John<\/span><\/td>\n<td width=\"113\"><span style=\"color: #000080\">Ter\u00e7a-feira<\/span><\/p>\n<p><span style=\"color: #000080\">18h30-22h10<\/span><\/p>\n<p>&nbsp;<\/td>\n<td width=\"95\"><span style=\"color: #000080\">N\u00e3o tem<\/span><\/td>\n<td width=\"66\"><span style=\"color: #000080\">Audit\u00f3rio<\/span><\/td>\n<\/tr>\n<tr>\n<td width=\"74\">&nbsp;<\/p>\n<p><strong><span style=\"color: #000080\">OC038<\/span><\/strong><\/td>\n<td width=\"227\"><span style=\"color: #000080\"><strong>T\u00d3PICOS ESPECIAIS EM TEORIA DA COMUNICA\u00c7\u00c3O VIII<\/strong><\/span><\/p>\n<p><span style=\"color: #000080\">(Representa\u00e7\u00f5es Sociais na M\u00eddia)<\/span><\/p>\n<p><span style=\"color: #000080\">(<u>35 vagas<\/u>)<\/span><\/td>\n<td width=\"66\"><span style=\"color: #000080\">OPT<\/span><\/td>\n<td width=\"94\"><span style=\"color: #000080\">Regiane Ribeiro<\/span><\/p>\n<p><span style=\"color: #000080\">Eleonora Camargo<\/span><\/td>\n<td width=\"113\"><span style=\"color: #000080\">Sexta-feira<\/span><\/p>\n<p><span style=\"color: #000080\">8h30-10h10<\/span><\/td>\n<td width=\"95\"><span style=\"color: #000080\">N\u00e3o tem<\/span><\/td>\n<td width=\"66\"><span style=\"color: #000080\">3<\/span><\/td>\n<\/tr>\n<tr>\n<td width=\"74\"><strong><span style=\"color: #000080\">OC051A<\/span><\/strong><\/td>\n<td width=\"227\"><span style=\"color: #000080\"><strong>T\u00d3PICOS ESPECIAIS EM COMUNICA\u00c7\u00c3O, SOCIEDADE E CULTURA<\/strong><\/span><\/p>\n<p><span style=\"color: #000080\">(Social Media &#8211; Estrat\u00e9gias de Comunica\u00e7\u00e3o para m\u00eddias sociais)<\/span><\/p>\n<p><span style=\"color: #000080\">(<u>35 vagas<\/u>)<\/span><\/td>\n<td width=\"66\"><span style=\"color: #000080\">OPTA<\/span><\/td>\n<td width=\"94\"><span style=\"color: #000080\">Juliane Juski<\/span><\/td>\n<td width=\"113\"><span style=\"color: #000080\">Ter\u00e7a-feira<\/span><\/p>\n<p><span style=\"color: #000080\">20h30-22h10<\/span><\/td>\n<td width=\"95\"><span style=\"color: #000080\">N\u00e3o tem<\/span><\/td>\n<td width=\"66\"><span style=\"color: #000080\">5<\/span><\/td>\n<\/tr>\n<tr>\n<td width=\"74\"><strong><span style=\"color: #000080\">OC051B<\/span><\/strong><\/td>\n<td width=\"227\"><span style=\"color: #000080\"><strong>T\u00d3PICOS ESPECIAIS EM COMUNICA\u00c7\u00c3O, SOCIEDADE E CULTURA<\/strong><\/span><\/p>\n<p><span style=\"color: #000080\">(Cinema e Rupturas Est\u00e9ticas)<\/span><\/p>\n<p><span style=\"color: #000080\">(<u>35 vagas<\/u>)<\/span><\/p>\n<p>&nbsp;<\/td>\n<td width=\"66\"><span style=\"color: #000080\">OPTB<\/span><\/td>\n<td width=\"94\"><span style=\"color: #000080\">Hertz Wendel<\/span><\/p>\n<p><span style=\"color: #000080\">Vinicius Comoti<\/span><\/td>\n<td width=\"113\"><span style=\"color: #000080\">Ter\u00e7a-feira<\/span><\/p>\n<p><span style=\"color: #000080\">20h30-22h10<\/span><\/p>\n<p>&nbsp;<\/td>\n<td width=\"95\"><span style=\"color: #000080\">N\u00e3o tem<\/span><\/td>\n<td width=\"66\"><span style=\"color: #000080\">8<\/span><\/td>\n<\/tr>\n<tr>\n<td width=\"74\"><strong><span style=\"color: #000080\">OC051C<\/span><\/strong><\/td>\n<td width=\"227\"><span style=\"color: #000080\"><strong>T\u00d3PICOS ESPECIAIS EM COMUNICA\u00c7\u00c3O, SOCIEDADE E CULTURA<\/strong><\/span><\/p>\n<p><span style=\"color: #000080\">(Jornalismo policial e seguran\u00e7a p\u00fablica)<\/span><\/p>\n<p><span style=\"color: #000080\">(28<u> vagas<\/u>)<\/span><\/td>\n<td width=\"66\"><span style=\"color: #000080\">OPTC<\/span><\/td>\n<td width=\"94\"><span style=\"color: #000080\">Jos\u00e9 Carlos Fernandes<\/span><\/td>\n<td width=\"113\"><span style=\"color: #000080\">Ter\u00e7a-feira<\/span><\/p>\n<p><span style=\"color: #000080\">20h30-22h10<\/span><\/p>\n<p>&nbsp;<\/td>\n<td width=\"95\"><span style=\"color: #000080\">Prioridade para Jornalismo<\/span><\/td>\n<td width=\"66\"><span style=\"color: #000080\">6<\/span><\/td>\n<\/tr>\n<tr>\n<td width=\"74\"><strong><span style=\"color: #000080\">OC097<\/span><\/strong><\/td>\n<td width=\"227\"><span style=\"color: #000080\"><strong>HIST\u00d3RIA DO CINEMA<\/strong><\/span><\/p>\n<p><span style=\"color: #000080\">(<u>60 vagas<\/u>)<\/span><\/td>\n<td width=\"66\"><span style=\"color: #000080\">OPT<\/span><\/td>\n<td width=\"94\"><span style=\"color: #000080\">Carlos Rocha<\/span><\/td>\n<td width=\"113\"><span style=\"color: #000080\">Segunda-feira<\/span><\/p>\n<p><span style=\"color: #000080\">18h30-22h30<\/span><\/td>\n<td width=\"95\"><span style=\"color: #000080\">Ter conclu\u00eddo<\/span><\/p>\n<p><span style=\"color: #000080\">o 1\u00ba ano<\/span><\/td>\n<td width=\"66\"><span style=\"color: #000080\">Audit\u00f3rio<\/span><\/td>\n<\/tr>\n<tr>\n<td width=\"74\"><strong><span style=\"color: #000080\">OC130<\/span><\/strong><\/td>\n<td width=\"227\"><span style=\"color: #000080\"><strong>PRODU\u00c7\u00c3O E EDI\u00c7\u00c3O II<\/strong><\/span><\/td>\n<td width=\"66\"><span style=\"color: #000080\">OPT<\/span><\/td>\n<td width=\"94\"><span style=\"color: #000080\">Toni Andr\u00e9<\/span><\/td>\n<td width=\"113\"><span style=\"color: #000080\">Sexta-feira<\/span><\/p>\n<p><span style=\"color: #000080\">14h30-20h30<\/span><\/td>\n<td width=\"95\"><span style=\"color: #000080\">Jor 4\u00ba e 6\u00ba sem.<\/span><\/td>\n<td width=\"66\"><span style=\"color: #000080\">Jorlab<\/span><\/td>\n<\/tr>\n<tr>\n<td width=\"74\"><strong><span style=\"color: #000080\">OC177<\/span><\/strong><\/td>\n<td width=\"227\"><span style=\"color: #000080\"><strong>JORNALISMO ESPECIALIZADO<\/strong><\/span><\/p>\n<p><span style=\"color: #000080\">(Assessoria de Imprensa)<\/span><\/p>\n<p><span style=\"color: #000080\">(<u>25 vagas<\/u>)<\/span><\/td>\n<td width=\"66\"><span style=\"color: #000080\">OPT<\/span><\/td>\n<td width=\"94\"><span style=\"color: #000080\">Francisco Jamil A. Marques<\/span><\/p>\n<p><span style=\"color: #000080\">Ester Athan\u00e1sio de Matos<\/span><\/td>\n<td width=\"113\"><span style=\"color: #000080\">Ter\u00e7a-feira<\/span><\/p>\n<p><span style=\"color: #000080\">18h30-20h10<\/span><\/td>\n<td width=\"95\"><span style=\"color: #000080\">Ter conclu\u00eddo<\/span><\/p>\n<p><span style=\"color: #000080\">o 1\u00ba ano<\/span><\/p>\n<p><span style=\"color: #000080\">(RP e Jor)<\/span><\/td>\n<td width=\"66\"><span style=\"color: #000080\">5<\/span><\/td>\n<\/tr>\n<tr>\n<td width=\"74\"><strong><span style=\"color: #000080\">OC275<\/span><\/strong><\/td>\n<td width=\"227\"><span style=\"color: #000080\"><strong>HIST\u00d3RIA DO DESENHO GR\u00c1FICO<\/strong><\/span><\/p>\n<p><span style=\"color: #000080\">(Imagem e Cultura Visual)<\/span><\/p>\n<p><span style=\"color: #000080\">(<u>35 vagas<\/u>)<\/span><\/td>\n<td width=\"66\"><span style=\"color: #000080\">OPT<\/span><\/td>\n<td width=\"94\"><span style=\"color: #000080\">Hertz Wendel<\/span><\/p>\n<p><span style=\"color: #000080\">Mariana Munaretto<\/span><\/td>\n<td width=\"113\"><span style=\"color: #000080\">Quinta-feira<\/span><\/p>\n<p><span style=\"color: #000080\">8h30-10h10<\/span><\/p>\n<p>&nbsp;<\/td>\n<td width=\"95\"><span style=\"color: #000080\">Prioridade para Publicidade<\/span><\/td>\n<td width=\"66\"><span style=\"color: #000080\">6<\/span><\/td>\n<\/tr>\n<tr>\n<td width=\"74\"><strong><span style=\"color: #000080\">OC279<\/span><\/strong><\/td>\n<td width=\"227\"><span style=\"color: #000080\"><strong>ADMINISTRA\u00c7\u00c3O EM PP<\/strong><\/span><\/p>\n<p><span style=\"color: #000080\">(Pr\u00e1ticas criativas no ensinar publicidade)<\/span><\/p>\n<p><span style=\"color: #000080\">(<u>20 vagas<\/u>)<\/span><\/td>\n<td width=\"66\"><span style=\"color: #000080\">OPT<\/span><\/td>\n<td width=\"94\"><span style=\"color: #000080\">F\u00e1bio Hansen<\/span><\/td>\n<td width=\"113\"><span style=\"color: #000080\">Quinta-feira<\/span><\/p>\n<p><span style=\"color: #000080\">10h30-12h10<\/span><\/p>\n<p>&nbsp;<\/td>\n<td width=\"95\"><span style=\"color: #000080\">Exclusiva para Publicidade<\/span><\/td>\n<td width=\"66\"><span style=\"color: #000080\">2<\/span><\/td>\n<\/tr>\n<tr>\n<td width=\"74\"><strong><span style=\"color: #000080\">OC287<\/span><\/strong><\/td>\n<td width=\"227\"><span style=\"color: #000080\"><strong>INTRODU\u00c7\u00c3O AO DESENHO DE PRODUTOS DE MULTIM\u00cdDIA<\/strong><\/span><\/p>\n<p><span style=\"color: #000080\">(Produ\u00e7\u00e3o de v\u00eddeo documental)<\/span><\/p>\n<p><span style=\"color: #000080\">(<u>20 vagas<\/u>)<\/span><\/td>\n<td width=\"66\"><span style=\"color: #000080\">OPT<\/span><\/td>\n<td width=\"94\"><span style=\"color: #000080\">Bruno Oliveira Alves<\/span><\/td>\n<td width=\"113\"><span style=\"color: #000080\">Quinta-feira<\/span><\/p>\n<p><span style=\"color: #000080\">10h30-12h10<\/span><\/p>\n<p>&nbsp;<\/td>\n<td width=\"95\"><span style=\"color: #000080\">Ter conclu\u00eddo<\/span><\/p>\n<p><span style=\"color: #000080\">o 1\u00ba ano<\/span><\/td>\n<td width=\"66\"><span style=\"color: #000080\">9<\/span><\/td>\n<\/tr>\n<tr>\n<td width=\"74\"><strong><span style=\"color: #000080\">OC318<\/span><\/strong><\/td>\n<td width=\"227\"><span style=\"color: #000080\"><strong>T\u00d3PICOS ESPECIAIS EM COMUNICA\u00c7\u00c3O P\u00daBLICA<\/strong><\/span><\/p>\n<p><span style=\"color: #000080\">(Comunica\u00e7\u00e3o e<\/span><\/p>\n<p><span style=\"color: #000080\">meio ambiente)<\/span><\/p>\n<p><span style=\"color: #000080\">(<u>30 vagas<\/u>)<\/span><\/td>\n<td width=\"66\"><span style=\"color: #000080\">OPT<\/span><\/td>\n<td width=\"94\"><span style=\"color: #000080\">Myrian Del Vecchio<\/span><\/td>\n<td width=\"113\"><span style=\"color: #000080\">Ter\u00e7a-feira<\/span><\/p>\n<p><span style=\"color: #000080\">18h30-20h10<\/span><\/p>\n<p>&nbsp;<\/td>\n<td width=\"95\"><span style=\"color: #000080\">Ter conclu\u00eddo<\/span><\/p>\n<p><span style=\"color: #000080\">o 1\u00ba ano<\/span><\/td>\n<td width=\"66\"><span style=\"color: #000080\">8<\/span><\/td>\n<\/tr>\n<tr>\n<td width=\"74\"><strong><span style=\"color: #000080\">OC335<\/span><\/strong><\/td>\n<td width=\"227\"><span style=\"color: #000080\"><strong>ANTROPOLOGIA DO CONSUMO<\/strong><\/span><\/p>\n<p><span style=\"color: #000080\">(Empreendedorismo)<\/span><\/p>\n<p><span style=\"color: #000080\">(40<u> vagas<\/u>)<\/span><\/td>\n<td width=\"66\"><span style=\"color: #000080\">OPT<\/span><\/td>\n<td width=\"94\"><span style=\"color: #000080\">Milene Rocha Louren\u00e7o Leitzke<\/span><\/td>\n<td width=\"113\"><span style=\"color: #000080\">Quinta-feira<\/span><\/p>\n<p><span style=\"color: #000080\">18h30-22h10<\/span><\/p>\n<p>&nbsp;<\/td>\n<td width=\"95\"><span style=\"color: #000080\">Prioridade para Rela\u00e7\u00f5es P\u00fablicas<\/span><\/td>\n<td width=\"66\"><span style=\"color: #000080\">Audit\u00f3rio<\/span><\/td>\n<\/tr>\n<tr>\n<td width=\"74\"><strong><span style=\"color: #000080\">OC336<\/span><\/strong><\/td>\n<td width=\"227\"><span style=\"color: #000080\"><strong>COMUNICA\u00c7\u00c3O E ENTRETENIMENTO<\/strong><\/span><\/p>\n<p><span style=\"color: #000080\">(M\u00fasica p\u00f3s-industrial)<\/span><\/p>\n<p><span style=\"color: #000080\">(25<u> vagas<\/u>)<\/span><\/p>\n<p>&nbsp;<\/td>\n<td width=\"66\"><span style=\"color: #000080\">OPT<\/span><\/td>\n<td width=\"94\"><span style=\"color: #000080\">M\u00e1rio Messagi Jr.<\/span><\/td>\n<td width=\"113\"><span style=\"color: #000080\">Ter\u00e7a-feira<\/span><\/p>\n<p><span style=\"color: #000080\">18h30-20h10<\/span><\/td>\n<td width=\"95\"><span style=\"color: #000080\">N\u00e3o tem<\/span><\/td>\n<td width=\"66\"><span style=\"color: #000080\">1<\/span><\/td>\n<\/tr>\n<tr>\n<td width=\"74\"><strong><span style=\"color: #000080\">OC343<\/span><\/strong><\/td>\n<td width=\"227\"><span style=\"color: #000080\"><strong>T\u00c9CNICAS DE RP III<\/strong><\/span><\/p>\n<p><span style=\"color: #000080\">(Comunica\u00e7\u00e3o Intercultural e<\/span><\/p>\n<p><span style=\"color: #000080\">Rela\u00e7\u00f5es P\u00fablicas)<\/span><\/p>\n<p><span style=\"color: #000080\">(<u>35 vagas<\/u>)<\/span><\/td>\n<td width=\"66\"><span style=\"color: #000080\">OPT<\/span><\/td>\n<td width=\"94\"><span style=\"color: #000080\">Juliane Juski<\/span><\/td>\n<td width=\"113\"><span style=\"color: #000080\">Quinta-feira<\/span><\/p>\n<p><span style=\"color: #000080\">10h30-12h10<\/span><\/p>\n<p>&nbsp;<\/td>\n<td width=\"95\"><span style=\"color: #000080\">Exclusiva para Rela\u00e7\u00f5es P\u00fablicas<\/span><\/td>\n<td width=\"66\"><span style=\"color: #000080\">4<\/span><\/td>\n<\/tr>\n<tr>\n<td width=\"74\"><strong><span style=\"color: #000080\">OC346<\/span><\/strong><\/td>\n<td width=\"227\">&nbsp;<\/p>\n<p><span style=\"color: #000080\"><strong>T\u00c9CNICAS DE RP VI<\/strong><\/span><\/p>\n<p><span style=\"color: #000080\">(Comunica\u00e7\u00e3o e Gerenciamento de Crise Empresarial)<\/span><\/p>\n<p><span style=\"color: #000080\">(<u>35 vagas<\/u>)<\/span><\/td>\n<td width=\"66\"><span style=\"color: #000080\">OPT<\/span><\/td>\n<td width=\"94\"><span style=\"color: #000080\">Denise Regina Stacheski<\/span><\/td>\n<td width=\"113\"><span style=\"color: #000080\">Sexta-feira<\/span><\/p>\n<p><span style=\"color: #000080\">8h30-12h10<\/span><\/td>\n<td width=\"95\"><span style=\"color: #000080\">Ter conclu\u00eddo<\/span><\/p>\n<p><span style=\"color: #000080\">o 1\u00ba ano -exclusiva para RP<\/span><\/td>\n<td width=\"66\"><span style=\"color: #000080\">4<\/span><\/td>\n<\/tr>\n<\/tbody>\n<\/table>\n","protected":false},"excerpt":{"rendered":"<p>Arquivo em PDF:\u00a0Optativas 2017-2 C\u00d3DIGO DISCIPLINA TURMA PROFESSOR HOR\u00c1RIO PR\u00c9-REQUISITO SALA HE1090 Hist\u00f3ria do Jap\u00e3o I OPT M\u00e1rcia Segunda-feira 18h30-22h30 Reitoria HE1093 Literatura e Outras Linguagens:Landscapes Stories OPT Rodrigo Vasconcelos Machado Quinta-feira 15:30-18:30 No\u00e7\u00f5es de fotografia. Reitoria HE1117 Literatura e Cultura Judaica I OPT Rodrigo Vasconcelos Machado Quinta-feira 18:30-20:30 Reitoria HE112 Literatura Italiana e Cinema [&hellip;]<\/p>\n","protected":false},"author":7,"featured_media":0,"parent":1656,"menu_order":0,"comment_status":"closed","ping_status":"closed","template":"","meta":{"_acf_changed":false,"ngg_post_thumbnail":0,"footnotes":""},"class_list":["post-2712","page","type-page","status-publish","hentry"],"acf":[],"_links":{"self":[{"href":"https:\/\/sacod.ufpr.br\/comunicacao\/wp-json\/wp\/v2\/pages\/2712","targetHints":{"allow":["GET"]}}],"collection":[{"href":"https:\/\/sacod.ufpr.br\/comunicacao\/wp-json\/wp\/v2\/pages"}],"about":[{"href":"https:\/\/sacod.ufpr.br\/comunicacao\/wp-json\/wp\/v2\/types\/page"}],"author":[{"embeddable":true,"href":"https:\/\/sacod.ufpr.br\/comunicacao\/wp-json\/wp\/v2\/users\/7"}],"replies":[{"embeddable":true,"href":"https:\/\/sacod.ufpr.br\/comunicacao\/wp-json\/wp\/v2\/comments?post=2712"}],"version-history":[{"count":10,"href":"https:\/\/sacod.ufpr.br\/comunicacao\/wp-json\/wp\/v2\/pages\/2712\/revisions"}],"predecessor-version":[{"id":2725,"href":"https:\/\/sacod.ufpr.br\/comunicacao\/wp-json\/wp\/v2\/pages\/2712\/revisions\/2725"}],"up":[{"embeddable":true,"href":"https:\/\/sacod.ufpr.br\/comunicacao\/wp-json\/wp\/v2\/pages\/1656"}],"wp:attachment":[{"href":"https:\/\/sacod.ufpr.br\/comunicacao\/wp-json\/wp\/v2\/media?parent=2712"}],"curies":[{"name":"wp","href":"https:\/\/api.w.org\/{rel}","templated":true}]}}