{"id":2665,"date":"2017-05-31T12:01:40","date_gmt":"2017-05-31T15:01:40","guid":{"rendered":"https:\/\/sacod.ufpr.br\/comunicacao\/?page_id=2665"},"modified":"2017-09-26T12:26:40","modified_gmt":"2017-09-26T15:26:40","slug":"diplomas","status":"publish","type":"page","link":"https:\/\/sacod.ufpr.br\/comunicacao\/curso-de-comunicacao-social-2\/diplomas\/","title":{"rendered":"Diplomas"},"content":{"rendered":"<p><strong><span style=\"color: #800000\">Diplomas prontos para retirada.<\/span><\/strong><\/p>\n<p><strong><span style=\"color: #800000\">O diploma somente ser\u00e1 entregue ao interessado mediante apresenta\u00e7\u00e3o de documento com foto ou ao seu representante munido de procura\u00e7\u00e3o.<\/span><\/strong><\/p>\n<table>\n<tbody>\n<tr>\n<td width=\"310\"><span style=\"color: #800080\">Adilson Fabris<\/span><\/td>\n<\/tr>\n<tr>\n<td width=\"310\"><span style=\"color: #800080\">Alexandre Raurich Guedes<\/span><\/td>\n<\/tr>\n<tr>\n<td width=\"310\"><span style=\"color: #800080\">Allan Capdehourat Vila da Mota<\/span><\/td>\n<\/tr>\n<tr>\n<td width=\"310\"><span style=\"color: #800080\">Allison Gon\u00e7alves<\/span><\/td>\n<\/tr>\n<tr>\n<td width=\"310\"><span style=\"color: #800080\">Amanda Daniele Vieira<\/span><\/td>\n<\/tr>\n<tr>\n<td width=\"310\"><span style=\"color: #800080\">Ana Carolina Cardoso Rodrigues<\/span><\/td>\n<\/tr>\n<tr>\n<td width=\"310\"><span style=\"color: #800080\">Ana Miraglia Ribeiro<\/span><\/td>\n<\/tr>\n<tr>\n<td width=\"310\"><span style=\"color: #800080\">Ana Paula de Moura Jorge e Silva<\/span><\/td>\n<\/tr>\n<tr>\n<td width=\"310\"><span style=\"color: #800080\">Ana Rose Morozowski<\/span><\/td>\n<\/tr>\n<tr>\n<td width=\"310\"><span style=\"color: #800080\">Andr\u00e9 Felipe Prestes dos Santos e Souza<\/span><\/td>\n<\/tr>\n<tr>\n<td width=\"310\"><span style=\"color: #800080\">Andressa Fabeni<\/span><\/td>\n<\/tr>\n<tr>\n<td width=\"310\"><span style=\"color: #800080\">Andressa Zanin Rovani<\/span><\/td>\n<\/tr>\n<tr>\n<td width=\"310\"><span style=\"color: #800080\">Angela Lobo de Macedo<\/span><\/td>\n<\/tr>\n<tr>\n<td width=\"310\"><span style=\"color: #800080\">Arthur Lauriano do Carmo<\/span><\/td>\n<\/tr>\n<tr>\n<td width=\"310\"><span style=\"color: #800080\">Artur Oliari Lira<\/span><\/td>\n<\/tr>\n<tr>\n<td width=\"310\"><span style=\"color: #800080\">Augusto Severini<\/span><\/td>\n<\/tr>\n<tr>\n<td width=\"310\"><span style=\"color: #800080\">Beatriz Stalchimidt Marques<\/span><\/td>\n<\/tr>\n<tr>\n<td width=\"310\"><span style=\"color: #800080\">Bianca Andretta de Miranda<\/span><\/td>\n<\/tr>\n<tr>\n<td width=\"310\"><span style=\"color: #800080\">Bruno Yuji Cucatti Murakami<\/span><\/td>\n<\/tr>\n<tr>\n<td width=\"310\"><span style=\"color: #800080\">Camila Macedo Neves<\/span><\/td>\n<\/tr>\n<tr>\n<td width=\"310\"><span style=\"color: #800080\">Caroline Marin Bernardi<\/span><\/td>\n<\/tr>\n<tr>\n<td width=\"310\"><span style=\"color: #800080\">Caroline Pereira Ciagniwoda<\/span><\/td>\n<\/tr>\n<tr>\n<td width=\"310\"><span style=\"color: #800080\">Cristiana Talita Amorim<\/span><\/td>\n<\/tr>\n<tr>\n<td width=\"310\"><span style=\"color: #800080\">Cristiane Aparecida Camara<\/span><\/td>\n<\/tr>\n<tr>\n<td width=\"310\"><span style=\"color: #800080\">Cristina Rios<\/span><\/td>\n<\/tr>\n<tr>\n<td width=\"310\"><span style=\"color: #800080\">Daniele Gomes Tavares<\/span><\/td>\n<\/tr>\n<tr>\n<td width=\"310\"><span style=\"color: #800080\">Dariane Nunes Cunha<\/span><\/td>\n<\/tr>\n<tr>\n<td width=\"310\"><span style=\"color: #800080\">Dayane Sandy Pereira<\/span><\/td>\n<\/tr>\n<tr>\n<td width=\"310\"><span style=\"color: #800080\">Denise Antunes Ferreira dos Reis<\/span><\/td>\n<\/tr>\n<tr>\n<td width=\"310\"><span style=\"color: #800080\">Diego Takahira Furukawa<\/span><\/td>\n<\/tr>\n<tr>\n<td width=\"310\"><span style=\"color: #800080\">Dolores Teodoro Fernandes<\/span><\/td>\n<\/tr>\n<tr>\n<td width=\"310\"><span style=\"color: #800080\">Fernanda Nascimento Ossovski<\/span><\/td>\n<\/tr>\n<tr>\n<td width=\"310\"><span style=\"color: #800080\">Fernando Maxclioff\u00a0 Calvache<\/span><\/td>\n<\/tr>\n<tr>\n<td width=\"310\"><span style=\"color: #800080\">Franciele Petry Schramm<\/span><\/td>\n<\/tr>\n<tr>\n<td width=\"310\"><span style=\"color: #800080\">Guilherme Augusto Anizelli<\/span><\/td>\n<\/tr>\n<tr>\n<td width=\"310\"><span style=\"color: #800080\">Guilherme Penna Campelo<\/span><\/td>\n<\/tr>\n<tr>\n<td width=\"310\"><span style=\"color: #800080\">Heitor Alexandre Gonzales<\/span><\/td>\n<\/tr>\n<tr>\n<td width=\"310\"><span style=\"color: #800080\">Higor Francisco Lambach<\/span><\/td>\n<\/tr>\n<tr>\n<td width=\"310\"><span style=\"color: #800080\">Ilana Stivelberg<\/span><\/td>\n<\/tr>\n<tr>\n<td width=\"310\"><span style=\"color: #800080\">Isabella Pinzan Venancio<\/span><\/td>\n<\/tr>\n<tr>\n<td width=\"310\"><span style=\"color: #800080\">Ivam Rodrigues da Silva Junior<\/span><\/td>\n<\/tr>\n<tr>\n<td width=\"310\"><span style=\"color: #800080\">Jaqueline Lopes Ramos<\/span><\/td>\n<\/tr>\n<tr>\n<td width=\"310\"><span style=\"color: #800080\">Juliana de Carvalho Pereira<\/span><\/td>\n<\/tr>\n<tr>\n<td width=\"310\"><span style=\"color: #800080\">Karin Cristina da Silva<\/span><\/td>\n<\/tr>\n<tr>\n<td width=\"310\"><span style=\"color: #800080\">Lais Graf Ribas<\/span><\/td>\n<\/tr>\n<tr>\n<td width=\"310\"><span style=\"color: #800080\">Leandro Maraccini Costa de Almeida<\/span><\/td>\n<\/tr>\n<tr>\n<td width=\"310\"><span style=\"color: #800080\">Leonardo Schneider<\/span><\/td>\n<\/tr>\n<tr>\n<td width=\"310\"><span style=\"color: #800080\">Lorrana Oliveira Scarpioni<\/span><\/td>\n<\/tr>\n<tr>\n<td width=\"310\"><span style=\"color: #800080\">Lucas Torres Siriani Alves<\/span><\/td>\n<\/tr>\n<tr>\n<td width=\"310\"><span style=\"color: #800080\">Luciano Nogueira Lima<\/span><\/td>\n<\/tr>\n<tr>\n<td width=\"310\"><span style=\"color: #800080\">Luis Henrique Oliveira dos Santos<\/span><\/td>\n<\/tr>\n<tr>\n<td width=\"310\"><span style=\"color: #800080\">Luiza Marina Kruger Lass<\/span><\/td>\n<\/tr>\n<tr>\n<td width=\"310\"><span style=\"color: #800080\">Maira Roesler dos Santos<\/span><\/td>\n<\/tr>\n<tr>\n<td width=\"310\"><span style=\"color: #800080\">Marcela de Seixas Queiroz<\/span><\/td>\n<\/tr>\n<tr>\n<td width=\"310\"><span style=\"color: #800080\">Marcia Perin de Oliveira<\/span><\/td>\n<\/tr>\n<tr>\n<td width=\"310\"><span style=\"color: #800080\">Marco Aur\u00e9lio Galicioli<\/span><\/td>\n<\/tr>\n<tr>\n<td width=\"310\"><span style=\"color: #800080\">Maria Beatriz Portelinha Sousa<\/span><\/td>\n<\/tr>\n<tr>\n<td width=\"310\"><span style=\"color: #800080\">Maria Isabel Pocai Pereira<\/span><\/td>\n<\/tr>\n<tr>\n<td width=\"310\"><span style=\"color: #800080\">Maria Lucia Wiggers<\/span><\/td>\n<\/tr>\n<tr>\n<td width=\"310\"><span style=\"color: #800080\">Mariane Cristina Crogue<\/span><\/td>\n<\/tr>\n<tr>\n<td width=\"310\"><span style=\"color: #800080\">Marillyn Luciane Damazio<\/span><\/td>\n<\/tr>\n<tr>\n<td width=\"310\"><span style=\"color: #800080\">Milena Ravanello Tonet Nunes<\/span><\/td>\n<\/tr>\n<tr>\n<td width=\"310\"><span style=\"color: #800080\">Patricia Herman<\/span><\/td>\n<\/tr>\n<tr>\n<td width=\"310\"><span style=\"color: #800080\">Paula Fernanda Moro<\/span><\/td>\n<\/tr>\n<tr>\n<td width=\"310\"><span style=\"color: #800080\">Priscila de Holleben<\/span><\/td>\n<\/tr>\n<tr>\n<td width=\"310\"><span style=\"color: #800080\">Rafael Neves Alves<\/span><\/td>\n<\/tr>\n<tr>\n<td width=\"310\"><span style=\"color: #800080\">Rafael Teruo de Araujo Miyagui<\/span><\/td>\n<\/tr>\n<tr>\n<td width=\"310\"><span style=\"color: #800080\">Rafaela Vigo Pinto<\/span><\/td>\n<\/tr>\n<tr>\n<td width=\"310\"><span style=\"color: #800080\">Raphaela Pereira Ginefra de Castilho Barbosa<\/span><\/td>\n<\/tr>\n<tr>\n<td width=\"310\"><span style=\"color: #800080\">Renata Tajes Linder Barbeirotti<\/span><\/td>\n<\/tr>\n<tr>\n<td width=\"310\"><span style=\"color: #800080\">Sara Brasilia Brunini<\/span><\/td>\n<\/tr>\n<tr>\n<td width=\"310\"><span style=\"color: #800080\"><a style=\"color: #800080\" href=\"https:\/\/www.facebook.com\/stephani.galvani?fref=ufi\">St\u00e9phani Paez Galvani\u00a0<\/a><\/span><\/td>\n<\/tr>\n<tr>\n<td width=\"310\"><span style=\"color: #800080\">Suian Maine Alba<\/span><\/td>\n<\/tr>\n<tr>\n<td width=\"310\"><span style=\"color: #800080\">Tatiana Bocardo Berbelini<\/span><\/td>\n<\/tr>\n<tr>\n<td width=\"310\"><span style=\"color: #800080\">Thomas Rainer Muhlhausser<\/span><\/td>\n<\/tr>\n<tr>\n<td width=\"310\"><span style=\"color: #800080\">Tiago Gon\u00e7alves de Oliveira<\/span><\/td>\n<\/tr>\n<tr>\n<td width=\"310\"><span style=\"color: #800080\">Valquiria Frass\u00e3o dos Santos<\/span><\/td>\n<\/tr>\n<tr>\n<td width=\"310\"><span style=\"color: #800080\">Vitor Augusto de Souza Pinto Albano<\/span><\/td>\n<\/tr>\n<tr>\n<td width=\"310\"><span style=\"color: #800080\">Vitor Curte Ferraz<\/span><\/td>\n<\/tr>\n<tr>\n<td width=\"310\"><span style=\"color: #800080\">Wesley Schefer Braga<\/span><\/td>\n<\/tr>\n<\/tbody>\n<\/table>\n","protected":false},"excerpt":{"rendered":"<p>Diplomas prontos para retirada. O diploma somente ser\u00e1 entregue ao interessado mediante apresenta\u00e7\u00e3o de documento com foto ou ao seu representante munido de procura\u00e7\u00e3o. Adilson Fabris Alexandre Raurich Guedes Allan Capdehourat Vila da Mota Allison Gon\u00e7alves Amanda Daniele Vieira Ana Carolina Cardoso Rodrigues Ana Miraglia Ribeiro Ana Paula de Moura Jorge e Silva Ana Rose [&hellip;]<\/p>\n","protected":false},"author":7,"featured_media":0,"parent":1656,"menu_order":0,"comment_status":"closed","ping_status":"closed","template":"","meta":{"_acf_changed":false,"ngg_post_thumbnail":0,"footnotes":""},"class_list":["post-2665","page","type-page","status-publish","hentry"],"acf":[],"_links":{"self":[{"href":"https:\/\/sacod.ufpr.br\/comunicacao\/wp-json\/wp\/v2\/pages\/2665","targetHints":{"allow":["GET"]}}],"collection":[{"href":"https:\/\/sacod.ufpr.br\/comunicacao\/wp-json\/wp\/v2\/pages"}],"about":[{"href":"https:\/\/sacod.ufpr.br\/comunicacao\/wp-json\/wp\/v2\/types\/page"}],"author":[{"embeddable":true,"href":"https:\/\/sacod.ufpr.br\/comunicacao\/wp-json\/wp\/v2\/users\/7"}],"replies":[{"embeddable":true,"href":"https:\/\/sacod.ufpr.br\/comunicacao\/wp-json\/wp\/v2\/comments?post=2665"}],"version-history":[{"count":6,"href":"https:\/\/sacod.ufpr.br\/comunicacao\/wp-json\/wp\/v2\/pages\/2665\/revisions"}],"predecessor-version":[{"id":2746,"href":"https:\/\/sacod.ufpr.br\/comunicacao\/wp-json\/wp\/v2\/pages\/2665\/revisions\/2746"}],"up":[{"embeddable":true,"href":"https:\/\/sacod.ufpr.br\/comunicacao\/wp-json\/wp\/v2\/pages\/1656"}],"wp:attachment":[{"href":"https:\/\/sacod.ufpr.br\/comunicacao\/wp-json\/wp\/v2\/media?parent=2665"}],"curies":[{"name":"wp","href":"https:\/\/api.w.org\/{rel}","templated":true}]}}