{"id":2639,"date":"2017-05-22T12:12:18","date_gmt":"2017-05-22T15:12:18","guid":{"rendered":"https:\/\/sacod.ufpr.br\/comunicacao\/?page_id=2639"},"modified":"2017-05-22T12:13:41","modified_gmt":"2017-05-22T15:13:41","slug":"convenios-institucionais","status":"publish","type":"page","link":"https:\/\/sacod.ufpr.br\/comunicacao\/169a-publicidade-e-propaganda\/convenios-institucionais\/","title":{"rendered":"Conv\u00eanios Institucionais"},"content":{"rendered":"<h4><span style=\"color: #800000\"><strong>Universidade de Poitiers<\/strong><\/span><\/h4>\n<p style=\"text-align: justify\"><span style=\"color: #333399\">O Departamento de Comunica\u00e7\u00e3o Social firmou desde 2009 dois conv\u00eanios internacionais com institui\u00e7\u00f5es francesas. O primeiro deles \u00e9 o conv\u00eanio com a Universidade de Poitiers, localizado na cidade universit\u00e1ria de Poitiers, na Fran\u00e7a. Atrav\u00e9s desse conv\u00eanio, o Decom passou a integrar o conjunto de institui\u00e7\u00f5es que contribuem de alguma forma para o Euromime \u2013 um master na \u00e1rea de Tecnologias Educacionais. O Euromime, al\u00e9m do curso que seleciona anualmente alunos de todo o mundo, \u00e9 o \u00fanico da rede Erasmus Mundus, cuja l\u00edngua oficial n\u00e3o \u00e9 o ingl\u00eas e sim o franc\u00eas, o portugu\u00eas e o espanhol. Por meio desse conv\u00eanio, o Decom participa de uma pesquisa sobre uso de tecnologias nas escolas, denominado Mimetec.<\/span><\/p>\n<p style=\"text-align: justify\"><span style=\"color: #808000\"><strong>Universidade de Grenoble<\/strong><\/span><\/p>\n<p style=\"text-align: justify\"><span style=\"color: #333399\">O segundo conv\u00eanio internacional do Departamento de Comunica\u00e7\u00e3o Social foi firmado com a Universidade de Grenoble, tamb\u00e9m na Fran\u00e7a, e prev\u00ea o interc\u00e2mbio de alunos e professores para participar dos cursos de gradua\u00e7\u00e3o e p\u00f3s-gradua\u00e7\u00e3o em Comunica\u00e7\u00e3o nas duas institui\u00e7\u00f5es.<\/span><\/p>\n<h4 style=\"text-align: justify\"><span style=\"color: #0000ff\"><strong>Universidade de Lyon II <\/strong><\/span><\/h4>\n<p style=\"text-align: justify\"><span style=\"color: #333399\">Desde 2013, o Departamento de Comunica\u00e7\u00e3o (Decom) e o Programa de P\u00f3s-Gradua\u00e7\u00e3o em Comunica\u00e7\u00e3o (PPGCom) t\u00eam uma parceria internacional com a Universit\u00e9 Lyon II. O conv\u00eanio prev\u00ea a realiza\u00e7\u00e3o de interc\u00e2mbio de alunos e professores entre as duas institui\u00e7\u00f5es, bem como a realiza\u00e7\u00e3o de semin\u00e1rios, cursos e pesquisas conjuntas, permitindo a dupla diploma\u00e7\u00e3o dos intercambistas, est\u00e1gios p\u00f3s doutorais para professores e organiza\u00e7\u00e3o conjunta de publica\u00e7\u00f5es cient\u00edficas. Al\u00e9m da pesquisa j\u00e1 em andamento por professores e alunos de gradua\u00e7\u00e3o e de p\u00f3s-gradua\u00e7\u00e3o das duas Institui\u00e7\u00f5es, foi iniciado o interc\u00e2mbio de alunos e professores.<\/span><\/p>\n<p style=\"text-align: justify\"><span style=\"color: #333399\">Durante o ano de 2013 foram feitas visitas m\u00fatuas de professores das duas institui\u00e7\u00f5es em Curitiba e em Lyon, o que resultou na formaliza\u00e7\u00e3o de um Termo Aditivo Espec\u00edfico para o Curso de Comunica\u00e7\u00e3o Social, ao Conv\u00eanio j\u00e1 firmado entre a UFPR e a Universidade de Lyon II. Em 2014, as a\u00e7\u00f5es come\u00e7aram a ser implementadas por meio da realiza\u00e7\u00e3o de dois semin\u00e1rios acad\u00eamicos, um em Lyon no m\u00eas de junho, e outro em Foz de Igua\u00e7u, no m\u00eas de setembro, nos quais foi sistematizado um projeto de pesquisa conjunta.<\/span><\/p>\n<h4 style=\"text-align: justify\"><span style=\"color: #ff6600\"><strong>Conv\u00eanio de Maputo<\/strong><\/span><\/h4>\n<p style=\"text-align: justify\"><span style=\"color: #333399\">O Decom participa, tamb\u00e9m, de um projeto de interc\u00e2mbio acad\u00eamico dentro do programa Associa\u00e7\u00e3o das Universidades de L\u00edngua Portuguesa (AULP).\u00a0 Este projeto prop\u00f5e por meio dos eixos educacional, comunicacional e energ\u00e9tico uma pesquisa-a\u00e7\u00e3o estrat\u00e9gica. Trata-se de uma experi\u00eancia inovadora, oportunizando o aperfei\u00e7oamento t\u00e9cnico, cient\u00edfico e metodol\u00f3gico do grupo de Mo\u00e7ambique e uma imers\u00e3o do grupo brasileiro na realidade da universidade, das comunidades escolares da cidade de Maputo, e de forma paralela desenvolvendo a pesquisa cient\u00edfica e atuando no cotidiano dos cidad\u00e3os mo\u00e7ambicanos.<\/span><\/p>\n<p style=\"text-align: justify\"><span style=\"color: #333399\">O trabalho re\u00fane UFPR, atrav\u00e9s do Programa de P\u00f3s-Gradua\u00e7\u00e3o em Educa\u00e7\u00e3o (PPGE), do Departamento de Comunica\u00e7\u00e3o (Decom), do Programa de P\u00f3s-Gradua\u00e7\u00e3o em Comunica\u00e7\u00e3o (PPGCom), do N\u00facleo de Comunica\u00e7\u00e3o e Educa\u00e7\u00e3o Popular (NCEP), do Programa de P\u00f3s-Gradua\u00e7\u00e3o em Meio Ambiente e Desenvolvimento (Made) com o apoio da C\u00e1tedra da Unesco para o Desenvolvimento Sustent\u00e1vel no Brasil e a Universidade Eduardo Mondlane, em Maputo, Mo\u00e7ambique. Prop\u00f5em-se a integra\u00e7\u00e3o entre os dois pa\u00edses atrav\u00e9s de projetos transdisciplinares envolvendo os seguintes eixos: a educa\u00e7\u00e3o para rela\u00e7\u00f5es etnicorraciais, a educomunica\u00e7\u00e3o e a educa\u00e7\u00e3o sustent\u00e1vel para a quest\u00e3o energ\u00e9tica.<\/span><\/p>\n<h4 style=\"text-align: justify\"><span style=\"color: #008000\"><strong>Conv\u00eanio M\u00e9xico<\/strong><\/span><\/h4>\n<p style=\"text-align: justify\"><span style=\"color: #333399\">Desde 2014, est\u00e1 em tramita\u00e7\u00e3o a assinatura de conv\u00eanios de coopera\u00e7\u00e3o entre a UFPR \u2013 Decom e PPGCom, com a Universidad Aut\u00f3noma Metropolitana (UAM \u2013 M\u00e9xico). A partir da primeira docente do Decom\/UFPR ter realizado a pesquisa p\u00f3s-doutoral na IES mexicana, a parceria prev\u00ea interc\u00e2mbio entre professores e alunos, realiza\u00e7\u00e3o de eventos em parceria, publica\u00e7\u00f5es e pesquisas conjuntas, especialmente na \u00e1rea de Comunica\u00e7\u00e3o Pol\u00edtica com a integra\u00e7\u00e3o entre os grupos Comunicaci\u00f3n Politica, da UAM com o grupo Comunica\u00e7\u00e3o Eleitoral, do Decom. O primeiro evento em parceria foi realizado em 2014, na UAM sede Cuajimalpa: \u201cI Seminario Internacional de Comunicaci\u00f3n Pol\u00edtica\u201d, cuja edi\u00e7\u00e3o se repetiu em 2015.<\/span><\/p>\n","protected":false},"excerpt":{"rendered":"<p>Universidade de Poitiers O Departamento de Comunica\u00e7\u00e3o Social firmou desde 2009 dois conv\u00eanios internacionais com institui\u00e7\u00f5es francesas. O primeiro deles \u00e9 o conv\u00eanio com a Universidade de Poitiers, localizado na cidade universit\u00e1ria de Poitiers, na Fran\u00e7a. Atrav\u00e9s desse conv\u00eanio, o Decom passou a integrar o conjunto de institui\u00e7\u00f5es que contribuem de alguma forma para o [&hellip;]<\/p>\n","protected":false},"author":7,"featured_media":0,"parent":1754,"menu_order":0,"comment_status":"closed","ping_status":"closed","template":"","meta":{"_acf_changed":false,"ngg_post_thumbnail":0,"footnotes":""},"class_list":["post-2639","page","type-page","status-publish","hentry"],"acf":[],"_links":{"self":[{"href":"https:\/\/sacod.ufpr.br\/comunicacao\/wp-json\/wp\/v2\/pages\/2639","targetHints":{"allow":["GET"]}}],"collection":[{"href":"https:\/\/sacod.ufpr.br\/comunicacao\/wp-json\/wp\/v2\/pages"}],"about":[{"href":"https:\/\/sacod.ufpr.br\/comunicacao\/wp-json\/wp\/v2\/types\/page"}],"author":[{"embeddable":true,"href":"https:\/\/sacod.ufpr.br\/comunicacao\/wp-json\/wp\/v2\/users\/7"}],"replies":[{"embeddable":true,"href":"https:\/\/sacod.ufpr.br\/comunicacao\/wp-json\/wp\/v2\/comments?post=2639"}],"version-history":[{"count":3,"href":"https:\/\/sacod.ufpr.br\/comunicacao\/wp-json\/wp\/v2\/pages\/2639\/revisions"}],"predecessor-version":[{"id":2642,"href":"https:\/\/sacod.ufpr.br\/comunicacao\/wp-json\/wp\/v2\/pages\/2639\/revisions\/2642"}],"up":[{"embeddable":true,"href":"https:\/\/sacod.ufpr.br\/comunicacao\/wp-json\/wp\/v2\/pages\/1754"}],"wp:attachment":[{"href":"https:\/\/sacod.ufpr.br\/comunicacao\/wp-json\/wp\/v2\/media?parent=2639"}],"curies":[{"name":"wp","href":"https:\/\/api.w.org\/{rel}","templated":true}]}}