{"id":2624,"date":"2017-05-22T11:53:04","date_gmt":"2017-05-22T14:53:04","guid":{"rendered":"https:\/\/sacod.ufpr.br\/comunicacao\/?page_id=2624"},"modified":"2017-05-22T11:53:28","modified_gmt":"2017-05-22T14:53:28","slug":"iniciacao-cientifica","status":"publish","type":"page","link":"https:\/\/sacod.ufpr.br\/comunicacao\/169a-publicidade-e-propaganda\/iniciacao-cientifica\/","title":{"rendered":"Inicia\u00e7\u00e3o cient\u00edfica"},"content":{"rendered":"<p style=\"text-align: justify\"><span style=\"color: #333399\">A inicia\u00e7\u00e3o cient\u00edfica ocorre em projetos isolados de professores ou nos grupos de pesquisa formados por professores da gradua\u00e7\u00e3o, da p\u00f3s-gradua\u00e7\u00e3o, alunos selecionados no programa do Pibic (Programa Institucional de Bolsas de Inicia\u00e7\u00e3o Cient\u00edfica) e volunt\u00e1rios, al\u00e9m de integrantes externos ao Decom.\u00a0 Como obrigatoriedade do programa de IC da UFPR, os estudantes participam do SIEPE (Semana Integrada de Ensino, Pesquisa e Extens\u00e3o) apresentando, uma vez ao ano, os resultados das pesquisas nos quais est\u00e3o inseridos. Al\u00e9m disso, s\u00e3o estimulados a publicar artigos cient\u00edficos e a participar de eventos promovidos da \u00e1rea de Comunica\u00e7\u00e3o e de Publicidade e Propaganda.<\/span><\/p>\n<p style=\"text-align: justify\"><span style=\"color: #333399\"><strong>Interfaces com a p\u00f3s-gradua\u00e7\u00e3o<\/strong><\/span><\/p>\n<p style=\"text-align: justify\"><span style=\"color: #333399\">Os cursos de gradua\u00e7\u00e3o e de p\u00f3s-gradua\u00e7\u00e3o atuam de modo que as interfaces prevejam a realiza\u00e7\u00e3o de atividades relacionadas \u00e0s linhas de pesquisa do PPGCom (como eventos, oficinas e palestras abertas a toda comunidade, grupos de pesquisa e conv\u00eanios interinstitucionais) e a oferta de disciplinas na gradua\u00e7\u00e3o que contemplem estes temas de especialidade do departamento.\u00a0 O Programa de P\u00f3s-gradua\u00e7\u00e3o em Comunica\u00e7\u00e3o oferece as linhas de pesquisa \u201cComunica\u00e7\u00e3o, Educa\u00e7\u00e3o e Forma\u00e7\u00f5es Socioculturais\u201d e \u201cComunica\u00e7\u00e3o, Pol\u00edtica e Atores Pol\u00edticos\u201d as quais, portanto, norteiam as interfaces.<\/span><\/p>\n<p style=\"text-align: justify\"><span style=\"color: #333399\">Assim, primeiramente, destacam-se os grupos de pesquisa e a respectiva realiza\u00e7\u00e3o de atividades e recebimento de estudantes de gradua\u00e7\u00e3o nos projetos. Conforme expomos abaixo, h\u00e1 v\u00e1rios grupos nos quais a gradua\u00e7\u00e3o tem a oportunidade de se inserir, al\u00e9m de participar dos eventos realizados por cada um deles.<\/span><\/p>\n<p style=\"text-align: justify\"><span style=\"color: #333399\">Completa este quesito a interface aberta no plano dos sete grupos de pesquisa j\u00e1 institucionalizados e registrados no CNPQ, que atualmente integram o Decom. Nos grupos de pesquisa \u00e9 imprescind\u00edvel tamb\u00e9m a presen\u00e7a e atua\u00e7\u00e3o tanto dos alunos e professores de gradua\u00e7\u00e3o, como de mestrandos e professores do mestrado, desenvolvendo e executando projetos de pesquisa que resultem na elabora\u00e7\u00e3o de artigos os quais devem ser publicados em peri\u00f3dicos cient\u00edficos indexados conforme exig\u00eancias do CNPQ, assim como sejam apresentados em eventos de reconhecida relev\u00e2ncia como congressos, simp\u00f3sios, encontros, palestras.<\/span><\/p>\n<p style=\"text-align: justify\"><span style=\"color: #333399\">Outra interface pode ser constitu\u00edda pelo est\u00e1gio doc\u00eancia realizado por alunos do mestrado em Comunica\u00e7\u00e3o, sob supervis\u00e3o dos professores da p\u00f3s-gradua\u00e7\u00e3o e tamb\u00e9m de professores da gradua\u00e7\u00e3o. Oficinas, aulas optativas e atendimentos a grupos se d\u00e3o contemplando as duas linhas de pesquisa. Essa atua\u00e7\u00e3o conjunta deve se dar nos exerc\u00edcios pedag\u00f3gicos das disciplinas de gradua\u00e7\u00e3o, de acordo com um planejamento pr\u00e9vio e aprovado nas inst\u00e2ncias departamentais e de coordena\u00e7\u00f5es de curso de gradua\u00e7\u00e3o e de p\u00f3s-gradua\u00e7\u00e3o.<\/span><\/p>\n<p>&nbsp;<\/p>\n","protected":false},"excerpt":{"rendered":"<p>A inicia\u00e7\u00e3o cient\u00edfica ocorre em projetos isolados de professores ou nos grupos de pesquisa formados por professores da gradua\u00e7\u00e3o, da p\u00f3s-gradua\u00e7\u00e3o, alunos selecionados no programa do Pibic (Programa Institucional de Bolsas de Inicia\u00e7\u00e3o Cient\u00edfica) e volunt\u00e1rios, al\u00e9m de integrantes externos ao Decom.\u00a0 Como obrigatoriedade do programa de IC da UFPR, os estudantes participam do SIEPE [&hellip;]<\/p>\n","protected":false},"author":7,"featured_media":0,"parent":1754,"menu_order":0,"comment_status":"closed","ping_status":"closed","template":"","meta":{"_acf_changed":false,"ngg_post_thumbnail":0,"footnotes":""},"class_list":["post-2624","page","type-page","status-publish","hentry"],"acf":[],"_links":{"self":[{"href":"https:\/\/sacod.ufpr.br\/comunicacao\/wp-json\/wp\/v2\/pages\/2624","targetHints":{"allow":["GET"]}}],"collection":[{"href":"https:\/\/sacod.ufpr.br\/comunicacao\/wp-json\/wp\/v2\/pages"}],"about":[{"href":"https:\/\/sacod.ufpr.br\/comunicacao\/wp-json\/wp\/v2\/types\/page"}],"author":[{"embeddable":true,"href":"https:\/\/sacod.ufpr.br\/comunicacao\/wp-json\/wp\/v2\/users\/7"}],"replies":[{"embeddable":true,"href":"https:\/\/sacod.ufpr.br\/comunicacao\/wp-json\/wp\/v2\/comments?post=2624"}],"version-history":[{"count":2,"href":"https:\/\/sacod.ufpr.br\/comunicacao\/wp-json\/wp\/v2\/pages\/2624\/revisions"}],"predecessor-version":[{"id":2626,"href":"https:\/\/sacod.ufpr.br\/comunicacao\/wp-json\/wp\/v2\/pages\/2624\/revisions\/2626"}],"up":[{"embeddable":true,"href":"https:\/\/sacod.ufpr.br\/comunicacao\/wp-json\/wp\/v2\/pages\/1754"}],"wp:attachment":[{"href":"https:\/\/sacod.ufpr.br\/comunicacao\/wp-json\/wp\/v2\/media?parent=2624"}],"curies":[{"name":"wp","href":"https:\/\/api.w.org\/{rel}","templated":true}]}}