{"id":2517,"date":"2017-05-16T10:40:15","date_gmt":"2017-05-16T13:40:15","guid":{"rendered":"https:\/\/sacod.ufpr.br\/comunicacao\/?page_id=2517"},"modified":"2017-05-22T10:47:02","modified_gmt":"2017-05-22T13:47:02","slug":"regimento-de-estagio-2","status":"publish","type":"page","link":"https:\/\/sacod.ufpr.br\/comunicacao\/169a-publicidade-e-propaganda\/regimento-de-estagio-2\/","title":{"rendered":"Est\u00e1gio em PP"},"content":{"rendered":"<h4 style=\"text-align: left\"><span style=\"color: #800000\"><strong>Arquivo\u00a0em PDF<\/strong><\/span>:\u00a0<a href=\"https:\/\/sacod.ufpr.br\/comunicacao\/wp-content\/uploads\/sites\/9\/2017\/05\/Regimento-de-Est\u00e1gio-do-curso-de-PP.docx\">Regimento de Est\u00e1gio do curso de PP<\/a><\/h4>\n<p>&nbsp;<\/p>\n<h4 style=\"text-align: center\"><span style=\"color: #000080\">REGIMENTO DE EST\u00c1GIO N\u00c3O OBRIGAT\u00d3RIO DO<\/span><\/h4>\n<h4 style=\"text-align: center\"><span style=\"color: #000080\">CURSO DE PUBLICIDADE E PROPAGANDA<\/span><\/h4>\n<p style=\"text-align: justify\"><span style=\"color: #000080\"><strong>\u00a0<\/strong><strong>DA NATUREZA<\/strong><\/span><\/p>\n<p style=\"text-align: justify\"><span style=\"color: #000080\">Art. 1\u00ba \u2013 No Projeto Pedag\u00f3gico do Curso de Publicidade e Propaganda, as diretrizes curriculares incluem o est\u00e1gio n\u00e3o-obrigat\u00f3rio, como atividade opcional para cumprimento de parte das atividades formativas, conforme Art.2\u00ba, \u00a7 2\u00ba da Lei n\u00ba 11.788\/08 \u2013 Lei dos Est\u00e1gios e da Art.3\u00ba da Resolu\u00e7\u00e3o n\u00ba 46\/10-CEPE.<\/span><\/p>\n<p style=\"text-align: justify\"><span style=\"color: #000080\">Art. 2\u00ba &#8211; O Est\u00e1gio n\u00e3o-obrigat\u00f3rio \u00e9 uma atividade que pode proporcionar ao aluno de Publicidade e Propaganda uma experi\u00eancia acad\u00eamico-profissional na perspectiva indissoci\u00e1vel entre teoria e pr\u00e1tica e pelo desenvolvimento de pr\u00e1ticas compat\u00edveis com o contexto b\u00e1sico da profiss\u00e3o.<\/span><\/p>\n<p style=\"text-align: justify\"><span style=\"color: #000080\">Art. 3\u00ba &#8211; As atividades priorit\u00e1rias a serem desenvolvidas nos est\u00e1gios n\u00e3o-obrigat\u00f3rios pelos acad\u00eamicos do Curso de Publicidade e Propaganda:<\/span><\/p>\n<ol style=\"text-align: justify\">\n<li><span style=\"color: #000080\">Atividades que contribuam para a melhor compreens\u00e3o, e\/ou execu\u00e7\u00e3o de temas estudados nas disciplinas da grade curricular do Curso de Publicidade e Propaganda da Universidade Federal do Paran\u00e1;<\/span><\/li>\n<li><span style=\"color: #000080\">Atividades que melhorem a compreens\u00e3o e desenvolvam compet\u00eancias necess\u00e1rias ao exerc\u00edcio da profiss\u00e3o:<\/span><\/li>\n<li><span style=\"color: #000080\">inserir o estagi\u00e1rio no campo profissional, desenvolvendo habilidades e compet\u00eancias, produzindo novos saberes, contribuindo, com uma pr\u00e1tica criativa e inovadora, para o encaminhamento de solu\u00e7\u00f5es aos problemas percebidos;<\/span><\/li>\n<li><span style=\"color: #000080\">oportunizar aos estagi\u00e1rios elementos da realidade social tomada como objeto de reflex\u00e3o e interven\u00e7\u00e3o, aprofundando o conhecimento da intera\u00e7\u00e3o da \u00e1rea espec\u00edfica de atua\u00e7\u00e3o com quest\u00f5es de \u00e2mbito macro-social;<\/span><\/li>\n<li><span style=\"color: #000080\">proporcionar ao estagi\u00e1rio a viv\u00eancia de princ\u00edpios \u00e9tico-pol\u00edticos presentes na intera\u00e7\u00e3o social e na conduta \u00e9tica profissional, necess\u00e1rios ao exerc\u00edcio da profiss\u00e3o;<\/span><\/li>\n<li><span style=\"color: #000080\">contribuir com o processo de avalia\u00e7\u00e3o permanente do Projeto Pol\u00edtico Pedag\u00f3gico do curso de gradua\u00e7\u00e3o em Publicidade e Propaganda da UFPR;<\/span><\/li>\n<li><span style=\"color: #000080\">aprender atrav\u00e9s da viv\u00eancia em Ag\u00eancias de Propaganda e similares o processo de concep\u00e7\u00e3o de projetos de cria\u00e7\u00e3o e desenvolvimento de marcas, assim como o acompanhamento e aceita\u00e7\u00e3o no mercado;<\/span><\/li>\n<li><span style=\"color: #000080\">desenvolver atividades publicit\u00e1rias reconhecidas em leis e normas vigentes relacionadas ao exerc\u00edcio profissional do publicit\u00e1rio, incluindo as normas espec\u00edficas locais e regionais;<\/span><\/li>\n<li><span style=\"color: #000080\">conceber meios de avaliar e corrigir resultados de programas estabelecidos;<\/span><\/li>\n<li><span style=\"color: #000080\">executar e orientar o trabalho de cria\u00e7\u00e3o e produ\u00e7\u00e3o de campanhas de propaganda em ve\u00edculos impressos, eletr\u00f4nicos, digitais e alternativos;<\/span><\/li>\n<li><span style=\"color: #000080\">operacionalizar a\u00e7\u00f5es e eventos de comunica\u00e7\u00e3o direta com o p\u00fablico visado em associa\u00e7\u00e3o com outros profissionais de comunica\u00e7\u00e3o.<\/span><\/li>\n<li><span style=\"color: #000080\">compreender os pap\u00e9is desempenhados pelos clientes (anunciantes), ag\u00eancias de propaganda e a m\u00eddia no ambiente empresarial em que se desenvolve a publicidade.<\/span><\/li>\n<\/ol>\n<p style=\"text-align: justify\"><span style=\"color: #000080\"><strong>DO CAMPO DE EST\u00c1GIO<\/strong><\/span><\/p>\n<p style=\"text-align: justify\"><span style=\"color: #000080\">Art. 4\u00ba. O campo de est\u00e1gio \u00e9 constitu\u00eddo por entidades de direito provado, \u00f3rg\u00e3os de administra\u00e7\u00e3o p\u00fablica, institui\u00e7\u00f5es de ensino, a comunidade em geral e as pr\u00f3prias unidades da UFPR, desde que atendam \u00e0s condi\u00e7\u00f5es dispostas nos Artigos 4\u00ba e 5\u00ba da Resolu\u00e7\u00e3o n\u00ba. 46\/10-CEPE.<\/span><\/p>\n<p style=\"text-align: justify\"><span style=\"color: #000080\"><strong>DA ORIENTA\u00c7\u00c3O E DA SUPERVIS\u00c3O <\/strong><\/span><\/p>\n<p style=\"text-align: justify\"><span style=\"color: #000080\">Art. 5\u00ba. O est\u00e1gio n\u00e3o-obrigat\u00f3rio contar\u00e1 com um professor orientador e ser\u00e1 na modalidade de orienta\u00e7\u00e3o indireta, onde o acompanhamento se dar\u00e1 atrav\u00e9s de relat\u00f3rios, reuni\u00f5es e visitas ocasionais ao campo de est\u00e1gios, durante as quais se processar\u00e3o contatos e reuni\u00f5es com o profissional respons\u00e1vel, conforme artigos 6\u00ba e 8\u00ba da Res. 46\/10-CEPE.<\/span><\/p>\n<p style=\"text-align: justify\"><span style=\"color: #000080\">Art. 6\u00ba. A Supervis\u00e3o do est\u00e1gio n\u00e3o-obrigat\u00f3rio ser\u00e1 realizada pelo profissional encarregado de supervisionar as atividades do estagi\u00e1rio no campo de est\u00e1gio, conforme Art. 10\u00ba da Res. 46\/10-CEPE.<\/span><\/p>\n<p style=\"text-align: justify\"><span style=\"color: #000080\"><strong>DA AVALIA\u00c7\u00c3O DO EST\u00c1GIO<\/strong><\/span><\/p>\n<p style=\"text-align: justify\"><span style=\"color: #000080\">Art. 7\u00ba. A avalia\u00e7\u00e3o dos estagi\u00e1rios ser\u00e1 feita pelo professor orientador, de forma sistem\u00e1tica e cont\u00ednua, com a colabora\u00e7\u00e3o dos profissionais supervisores do campo de est\u00e1gio, com os resultados de autoavalia\u00e7\u00e3o dos alunos, de conformidade com os artigos 11 e 12 da Res. 46\/10-CEPE.<\/span><\/p>\n<ul style=\"text-align: justify\">\n<li><span style=\"color: #000080\">1\u00ba. O estagi\u00e1rio dever\u00e1 apresentar o Relat\u00f3rio de Est\u00e1gio ao professor orientador, de acordo com o seu Plano de Est\u00e1gio, aprovado pelo Supervisor de campo e de sua autoavalia\u00e7\u00e3o, no m\u00ednimo a cada seis meses.<\/span><\/li>\n<li><span style=\"color: #000080\">2\u00ba. A aprova\u00e7\u00e3o dos relat\u00f3rios pelo supervisor e pelo professor orientador ser\u00e1 condi\u00e7\u00e3o necess\u00e1ria para a renova\u00e7\u00e3o do respectivo est\u00e1gio.<\/span><\/li>\n<\/ul>\n<p style=\"text-align: justify\"><span style=\"color: #000080\">Art. 8\u00ba. A orienta\u00e7\u00e3o, o planejamento e avalia\u00e7\u00e3o das atividades de est\u00e1gio ser\u00e3o realizadas pela Comiss\u00e3o Orientadora de Est\u00e1gios \u2013 COE, mantendo o fluxo de informa\u00e7\u00f5es relativas ao acompanhamento e desenvolvimento dos est\u00e1gios em processo, bem como assegurando a socializa\u00e7\u00e3o de informa\u00e7\u00f5es junto \u00e0 Coordena\u00e7\u00e3o do Curso e ao campo de est\u00e1gio, conforme Art. 16 e 17 da Res. 46\/10-CEPE.<\/span><\/p>\n<p style=\"text-align: justify\"><span style=\"color: #000080\">Par\u00e1grafo \u00fanico &#8211; A COE dever\u00e1 analisar a pertin\u00eancia da solicita\u00e7\u00e3o do est\u00e1gio de acordo com as diretrizes dispostas nos artigos 2\u00ba, 3\u00ba e 4\u00ba e demais condi\u00e7\u00f5es estabelecidas por este Regulamento.<\/span><\/p>\n<p style=\"text-align: justify\"><span style=\"color: #000080\"><strong>DAS CONDI\u00c7\u00d5ES PARA REALIZA\u00c7\u00c3O DO EST\u00c1GIO N\u00c3O-OBRIGAT\u00d3RIO<\/strong><\/span><\/p>\n<p style=\"text-align: justify\"><span style=\"color: #000080\"><strong>DO CURSO DE PUBLICIDADE E PROPAGANDA <\/strong><\/span><\/p>\n<p style=\"text-align: justify\"><span style=\"color: #000080\">Art. 9\u00ba. Para a inscri\u00e7\u00e3o de est\u00e1gio e nos pedidos de autoriza\u00e7\u00e3o para prorroga\u00e7\u00e3o de est\u00e1gio, inicialmente o aluno dever\u00e1 atender aos seguintes requisitos:<\/span><\/p>\n<ol style=\"text-align: justify\">\n<li><span style=\"color: #000080\">Estar matriculado com carga m\u00ednima exigida;<\/span><\/li>\n<li><span style=\"color: #000080\">Ter atingido o n\u00famero m\u00ednimo de 660 horas\/aula cursadas e aprovadas.<\/span><\/li>\n<\/ol>\n<p style=\"text-align: justify\"><span style=\"color: #000080\">Art. 10 &#8211; O aluno dever\u00e1 preencher, assinar e apresentar o \u201cCompromisso de Orienta\u00e7\u00e3o do Est\u00e1gio\u201d, de acordo com o modelo a ser fornecido pela Coordena\u00e7\u00e3o do Curso de Publicidade e Propaganda, no qual dever\u00e1 registrar com especial aten\u00e7\u00e3o as seguintes informa\u00e7\u00f5es:<\/span><\/p>\n<ol style=\"text-align: justify\">\n<li><span style=\"color: #000080\">Descri\u00e7\u00e3o das atividades a serem desenvolvidas durante o est\u00e1gio;<\/span><\/li>\n<li><span style=\"color: #000080\">Relacionar os C\u00f3digos e Nomes das disciplinas da grade curricular do Curso de Publicidade e Propaganda da UFPR que contribuem para a compreens\u00e3o e\/ou execu\u00e7\u00e3o das atividades a serem desenvolvidas durante o est\u00e1gio;<\/span><\/li>\n<li><span style=\"color: #000080\">Indicar as \u00e1reas de atua\u00e7\u00e3o profissional do publicit\u00e1rio que estar\u00e3o sendo contempladas com as atividades a serem desenvolvidas durante o est\u00e1gio.<\/span><\/li>\n<\/ol>\n<p style=\"text-align: justify\"><span style=\"color: #000080\">Art. 11 &#8211; O aluno dever\u00e1 elaborar e apresentar \u201cPlano de Est\u00e1gio\u201d de acordo com o modelo fornecido pela UFPR.<\/span><\/p>\n<p style=\"text-align: justify\"><span style=\"color: #000080\">Art. 12 &#8211; Para a formaliza\u00e7\u00e3o do est\u00e1gio, a concedente dever\u00e1 estar conveniada com a UFPR, e estar de acordo com condi\u00e7\u00f5es estabelecidas pela legisla\u00e7\u00e3o vigente, Lei n\u00ba 11.788\/80, bem como \u00e0s normas da UFPR, Resolu\u00e7\u00e3o n\u00ba 46\/10-CEPE, em seus artigos 4\u00ba e 5\u00ba, cuja concord\u00e2ncia levar\u00e1 \u00e0 lavratura do \u201cTermo de Compromisso de Est\u00e1gio\u201d, conforme modelo fornecido pela UFPR.<\/span><\/p>\n<p style=\"text-align: justify\"><span style=\"color: #000080\">Par\u00e1grafo \u00fanico \u2013 Os procedimentos para a formaliza\u00e7\u00e3o do est\u00e1gio n\u00e3o-obrigat\u00f3rio para os alunos do Curso de Publicidade e Propaganda dever\u00e3o seguir a seguinte ordem:<\/span><\/p>\n<ol style=\"text-align: justify\">\n<li><span style=\"color: #000080\">Obter junto \u00e0 concedente do est\u00e1gio o preenchimento do \u201cTermo de Compromisso de Est\u00e1gio, com a indica\u00e7\u00e3o do supervisor nas atividades de est\u00e1gio e as demais condi\u00e7\u00f5es e informa\u00e7\u00f5es solicitadas no formul\u00e1rio, com a assinatura dos respons\u00e1veis.<\/span><\/li>\n<li><span style=\"color: #000080\">Juntar ao \u201cTermo de Compromisso de Est\u00e1gio\u201d, o \u201cPlano de Est\u00e1gio\u201d, o Hist\u00f3rico Escolar e o \u201cCompromisso de Orienta\u00e7\u00e3o de Est\u00e1gio N\u00e3o-obrigat\u00f3rio\u201d devidamente preenchidos e assinados e solicitar a concord\u00e2ncia e assinatura de um Professor Orientador.<\/span><\/li>\n<li><span style=\"color: #000080\">Entregar todos os documentos na Secretaria da Coordena\u00e7\u00e3o do Curso de Publicidade e Propaganda para an\u00e1lise da Comiss\u00e3o Orientadora de Est\u00e1gios &#8211; COE e posterior aprova\u00e7\u00e3o da Coordena\u00e7\u00e3o do Curso.<\/span><\/li>\n<li><span style=\"color: #000080\">Ap\u00f3s a aprova\u00e7\u00e3o da Coordena\u00e7\u00e3o do Curso, o aluno dever\u00e1 entregar a documenta\u00e7\u00e3o junto \u00e0 Coordena\u00e7\u00e3o Geral de Est\u00e1gios \u2013 CGE \/ PROGRAD.<\/span><\/li>\n<\/ol>\n<p style=\"text-align: justify\"><span style=\"color: #000080\">Art. 13 \u2013 A dura\u00e7\u00e3o do est\u00e1gio deve ser de no m\u00ednimo um per\u00edodo letivo (conforme Art. 2\u00ba da Res.46\/10-CEPE), e no m\u00e1ximo dois anos (conforme Art.11 da Lei n\u00ba 11.788\/80), na mesma parte concedente.<\/span><\/p>\n<p style=\"text-align: justify\"><span style=\"color: #000080\">Par\u00e1grafo \u00danico &#8211; O trancamento de matr\u00edcula ou o abandono do curso determinam interrup\u00e7\u00e3o autom\u00e1tica e imediata do est\u00e1gio, n\u00e3o sendo autorizado o est\u00e1gio n\u00e3o-obrigat\u00f3rio para aluno que tenha integralizado o curr\u00edculo.<\/span><\/p>\n<p style=\"text-align: justify\"><span style=\"color: #000080\"><strong>DA VALIDA\u00c7\u00c3O DO EST\u00c1GIO<\/strong><\/span><\/p>\n<p style=\"text-align: justify\"><span style=\"color: #000080\">Art. 14 &#8211; Para efeito de valida\u00e7\u00e3o do est\u00e1gio n\u00e3o-obrigat\u00f3rio como atividade formativa, o est\u00e1gio deve ser iniciado a partir do cumprimento de carga hor\u00e1ria m\u00ednima de <strong>660<\/strong> horas em disciplinas do curso. Isto corresponde ao aproveitamento integral de cr\u00e9ditos nos dois primeiros semestres da periodiza\u00e7\u00e3o recomendada para o curso.<\/span><\/p>\n<ul style=\"text-align: justify\">\n<li><span style=\"color: #000080\">1\u00ba. O aluno dever\u00e1 requerer a valida\u00e7\u00e3o do est\u00e1gio n\u00e3o-obrigat\u00f3rio como atividade formativa junto \u00e0 secretaria do Curso Publicidade e Propaganda, juntando os documentos comprobat\u00f3rios da realiza\u00e7\u00e3o do est\u00e1gio, com os relat\u00f3rios apreciados e aprovados pelo supervisor de campo e pelo professor orientador, para encaminhamento \u00e0 Comiss\u00e3o Orientadora de Est\u00e1gio (COE).<\/span><\/li>\n<li><span style=\"color: #000080\">2\u00ba. A Comiss\u00e3o Orientadora de Est\u00e1gio (COE) proceder\u00e1 \u00e0 an\u00e1lise dos comprovantes e relat\u00f3rios para valida\u00e7\u00e3o do est\u00e1gio n\u00e3o-obrigat\u00f3rio, como alternativa de parte das atividades formativas curriculares.<\/span><\/li>\n<\/ul>\n<p style=\"text-align: justify\"><span style=\"color: #000080\"><strong>DISPOSI\u00c7\u00d5ES GERAIS<\/strong><\/span><\/p>\n<p style=\"text-align: justify\"><span style=\"color: #000080\">Art. 15 &#8211; Os casos n\u00e3o previstos neste Regulamento ser\u00e3o resolvidos pelo Colegiado do Curso de Publicidade e Propaganda.<\/span><\/p>\n<p style=\"text-align: justify\"><span style=\"color: #000080\">O presente regulamento entrar\u00e1 em vigor a partir da data da aprova\u00e7\u00e3o do Colegiado do Curso.<\/span><\/p>\n<p>&nbsp;<\/p>\n","protected":false},"excerpt":{"rendered":"<p>Arquivo\u00a0em PDF:\u00a0Regimento de Est\u00e1gio do curso de PP &nbsp; REGIMENTO DE EST\u00c1GIO N\u00c3O OBRIGAT\u00d3RIO DO CURSO DE PUBLICIDADE E PROPAGANDA \u00a0DA NATUREZA Art. 1\u00ba \u2013 No Projeto Pedag\u00f3gico do Curso de Publicidade e Propaganda, as diretrizes curriculares incluem o est\u00e1gio n\u00e3o-obrigat\u00f3rio, como atividade opcional para cumprimento de parte das atividades formativas, conforme Art.2\u00ba, \u00a7 2\u00ba [&hellip;]<\/p>\n","protected":false},"author":7,"featured_media":0,"parent":1754,"menu_order":0,"comment_status":"closed","ping_status":"closed","template":"","meta":{"_acf_changed":false,"ngg_post_thumbnail":0,"footnotes":""},"class_list":["post-2517","page","type-page","status-publish","hentry"],"acf":[],"_links":{"self":[{"href":"https:\/\/sacod.ufpr.br\/comunicacao\/wp-json\/wp\/v2\/pages\/2517","targetHints":{"allow":["GET"]}}],"collection":[{"href":"https:\/\/sacod.ufpr.br\/comunicacao\/wp-json\/wp\/v2\/pages"}],"about":[{"href":"https:\/\/sacod.ufpr.br\/comunicacao\/wp-json\/wp\/v2\/types\/page"}],"author":[{"embeddable":true,"href":"https:\/\/sacod.ufpr.br\/comunicacao\/wp-json\/wp\/v2\/users\/7"}],"replies":[{"embeddable":true,"href":"https:\/\/sacod.ufpr.br\/comunicacao\/wp-json\/wp\/v2\/comments?post=2517"}],"version-history":[{"count":8,"href":"https:\/\/sacod.ufpr.br\/comunicacao\/wp-json\/wp\/v2\/pages\/2517\/revisions"}],"predecessor-version":[{"id":2568,"href":"https:\/\/sacod.ufpr.br\/comunicacao\/wp-json\/wp\/v2\/pages\/2517\/revisions\/2568"}],"up":[{"embeddable":true,"href":"https:\/\/sacod.ufpr.br\/comunicacao\/wp-json\/wp\/v2\/pages\/1754"}],"wp:attachment":[{"href":"https:\/\/sacod.ufpr.br\/comunicacao\/wp-json\/wp\/v2\/media?parent=2517"}],"curies":[{"name":"wp","href":"https:\/\/api.w.org\/{rel}","templated":true}]}}