{"id":2512,"date":"2017-05-16T10:37:42","date_gmt":"2017-05-16T13:37:42","guid":{"rendered":"https:\/\/sacod.ufpr.br\/comunicacao\/?page_id=2512"},"modified":"2017-05-18T12:06:41","modified_gmt":"2017-05-18T15:06:41","slug":"regimento-atividades-complementares-em-pp","status":"publish","type":"page","link":"https:\/\/sacod.ufpr.br\/comunicacao\/169a-publicidade-e-propaganda\/regimentos-do-curso-de-pp\/regimento-atividades-complementares-em-pp\/","title":{"rendered":"Atividades Complementares em PP"},"content":{"rendered":"<h4 style=\"text-align: left\"><strong><span style=\"color: #800000\">Arquivo em PDF:\u00a0<a href=\"https:\/\/sacod.ufpr.br\/comunicacao\/wp-content\/uploads\/sites\/9\/2017\/05\/Regimento-das-Atividades-Complementares-de-PP-2.pdf\">\u00a0Atividades Complementares de PP<\/a><\/span><\/strong><\/h4>\n<p>&nbsp;<\/p>\n<h4 style=\"text-align: center\"><span style=\"color: #000080\"><strong>REGIMENTO GERAL DAS ATIVIDADES FORMATIVAS COMPLEMENTARES DO CURSO DE PUBLICIDADE E PROPAGANDA DA UFPR<\/strong><\/span><\/h4>\n<p style=\"text-align: justify\"><span style=\"color: #000080\">O Colegiado do Curso de Publicidade e Propaganda resolve estabelecer normas para pontua\u00e7\u00e3o da carga hor\u00e1ria complementar das Atividades Acad\u00eamicas Espec\u00edficas, necess\u00e1ria para a integraliza\u00e7\u00e3o do Curso.<\/span><\/p>\n<p style=\"text-align: justify\"><span style=\"color: #000080\">Art. 1\u00ba &#8211; As atividades de forma\u00e7\u00e3o acad\u00eamica do Curso de Comunica\u00e7\u00e3o Social est\u00e3o distribu\u00eddas nos seguintes grupos: ensino, pesquisa e extens\u00e3o.<\/span><\/p>\n<p style=\"text-align: justify\"><span style=\"color: #000080\">Art. 2\u00ba &#8211; As atividades de que trata o Art. 1\u00ba s\u00e3o obrigat\u00f3rios e devem ser desenvolvidas durante todo o Curso, tendo um limite m\u00ednimo de <strong>390 horas<\/strong> (trezentas e noventa horas) equivalentes 26 cr\u00e9ditos para as atividades de ensino, de pesquisa e de extens\u00e3o, sendo obrigat\u00f3ria a pontua\u00e7\u00e3o em pelo menos 2 (dois) grupos.<\/span><\/p>\n<p style=\"text-align: justify\"><span style=\"color: #000080\">Art. 3\u00ba &#8211; As atividades consideradas atividades de forma\u00e7\u00e3o acad\u00eamica de ensino est\u00e3o descritas na Tabela 1, Anexo I desta resolu\u00e7\u00e3o, com suas respectivas pontua\u00e7\u00f5es:<\/span><\/p>\n<p style=\"text-align: justify\"><span style=\"color: #000080\">Art. 4\u00ba &#8211; As atividades consideradas atividades de forma\u00e7\u00e3o acad\u00eamica de pesquisa est\u00e3o descritas na Tabela 2, Anexo I desta resolu\u00e7\u00e3o, com suas respectivas pontua\u00e7\u00f5es:<\/span><\/p>\n<p style=\"text-align: justify\"><span style=\"color: #000080\">Art. 5\u00ba &#8211; As atividades consideradas atividades de forma\u00e7\u00e3o acad\u00eamica de extens\u00e3o est\u00e3o\u00a0 descritas na Tabela 3, Anexo I desta resolu\u00e7\u00e3o,\u00a0 com suas respectivas pontua\u00e7\u00f5es:<\/span><\/p>\n<p style=\"text-align: justify\"><span style=\"color: #000080\">Art. 6\u00ba &#8211; O registro das atividades no hist\u00f3rico do aluno ser\u00e1 feito em termos de carga hor\u00e1ria, sendo que a pontua\u00e7\u00e3o obtida ser\u00e1 transformada em carga hor\u00e1ria no momento de sua inclus\u00e3o no hist\u00f3rico escolar, obedecendo a rela\u00e7\u00e3o de 1 ponto para cada 1 hora.<\/span><\/p>\n<p style=\"text-align: justify\"><span style=\"color: #000080\">Par\u00e1grafo \u00fanico \u2013 Os casos omissos (atividades n\u00e3o inclu\u00eddas nos quadros do Grupo I, Grupo II e Grupo III, passiveis de pontua\u00e7\u00e3o), ficar\u00e3o a crit\u00e9rio de avalia\u00e7\u00e3o do Colegiado do Curso.<\/span><\/p>\n<p style=\"text-align: justify\"><span style=\"color: #000080\">Art. 7\u00ba &#8211; Cabe a coordena\u00e7\u00e3o do Curso de Comunica\u00e7\u00e3o Social receber a documenta\u00e7\u00e3o das atividades desenvolvidas, validando-as e remetendo-as a Pro-Reitoria de Gradua\u00e7\u00e3o para fins de registros no Hist\u00f3rico Escolar dos alunos.<\/span><\/p>\n<p style=\"text-align: justify\"><span style=\"color: #000080\">Art. 8\u00ba &#8211; As atividades de Forma\u00e7\u00e3o Acad\u00eamica de que se trata o Art. 1\u00ba desta Resolu\u00e7\u00e3o ser\u00e3o obrigat\u00f3rias para todos os alunos do Curso de Gradua\u00e7\u00e3o em Comunica\u00e7\u00e3o Social com habilita\u00e7\u00e3o em Publicidade e Propaganda.<\/span><\/p>\n<p style=\"text-align: justify\"><span style=\"color: #000080\">Art. 9\u00ba &#8211; Esta Resolu\u00e7\u00e3o entra em vigor na data de sua publica\u00e7\u00e3o, revogadas as disposi\u00e7\u00f5es em contr\u00e1rio.<\/span><\/p>\n<p style=\"text-align: justify\"><span style=\"color: #000080\"><strong>PONTUA\u00c7\u00c3O DAS ATIVIDADES DO GRUPO I, II E II<\/strong><\/span><\/p>\n<p style=\"text-align: justify\"><span style=\"color: #000080\"><strong>Tabela 1: GRUPO I \u2013 ENSINO\u00a0\u00a0\u00a0\u00a0 <\/strong><\/span><\/p>\n<table width=\"593\">\n<tbody>\n<tr>\n<td width=\"194\"><span style=\"color: #000080\"><strong>Atividade<\/strong><\/span><\/td>\n<td width=\"269\"><span style=\"color: #000080\"><strong>Descri\u00e7\u00e3o<\/strong><\/span><\/td>\n<td width=\"131\"><span style=\"color: #000080\"><strong>Pontos<\/strong><\/span><\/td>\n<\/tr>\n<tr>\n<td width=\"194\"><span style=\"color: #000080\">Monitoria reconhecida pela Coordena\u00e7\u00e3o.<\/span><\/td>\n<td width=\"269\"><span style=\"color: #000080\">Um semestre de exerc\u00edcio de monitoria, com dedica\u00e7\u00e3o semanal de 5 a 10 horas para o aluno e com apresenta\u00e7\u00e3o de resultados parciais e\/ou finais em forma de relat\u00f3rio ou de trabalho apresentado em evento cient\u00edfico.<\/span><\/td>\n<td width=\"131\"><span style=\"color: #000080\">20 a 40 pontos (m\u00e1ximo de 120 pontos \/ horas?).<\/span><\/td>\n<\/tr>\n<tr>\n<td width=\"194\"><span style=\"color: #000080\">Confec\u00e7\u00e3o e\/ou publica\u00e7\u00e3o de material did\u00e1tico.<\/span><\/td>\n<td width=\"269\"><span style=\"color: #000080\">Apoio t\u00e9cnico na confec\u00e7\u00e3o e\/ou publica\u00e7\u00e3o de material did\u00e1tico de alguma disciplina do curso devidamente comprovado e atestado pelo professor respons\u00e1vel.<\/span><\/td>\n<td width=\"131\"><span style=\"color: #000080\">10 pontos para cada atividade (m\u00e1ximo 60 pontos).<\/span><\/td>\n<\/tr>\n<tr>\n<td width=\"194\"><span style=\"color: #000080\">\u00a0<\/span><\/td>\n<td width=\"269\"><span style=\"color: #000080\">\u00a0<\/span><\/td>\n<td width=\"131\"><span style=\"color: #000080\"><strong>M\u00e1ximo de 180h<\/strong><\/span><\/td>\n<\/tr>\n<\/tbody>\n<\/table>\n<p style=\"text-align: justify\"><span style=\"color: #000080\"><strong>Tabela 2: GRUPO II \u2013 PESQUISA<\/strong><\/span><\/p>\n<table width=\"593\">\n<tbody>\n<tr>\n<td width=\"194\"><span style=\"color: #000080\"><strong>Atividade<\/strong><\/span><\/td>\n<td width=\"269\"><span style=\"color: #000080\"><strong>Descri\u00e7\u00e3o<\/strong><\/span><\/td>\n<td width=\"130\"><span style=\"color: #000080\"><strong>Pontos<\/strong><\/span><\/td>\n<\/tr>\n<tr>\n<td width=\"194\"><span style=\"color: #000080\">Inicia\u00e7\u00e3o cient\u00edfica.<\/span><\/td>\n<td width=\"269\"><span style=\"color: #000080\">Um semestre de exerc\u00edcio de Inicia\u00e7\u00e3o cient\u00edfica com dedica\u00e7\u00e3o semanal de 10 a 20 horas e com apresenta\u00e7\u00e3o de resultados parciais e\/ou finais atrav\u00e9s de relat\u00f3rio e\/ou em evento cient\u00edfico.<\/span><\/td>\n<td width=\"130\"><span style=\"color: #000080\">15 a 30 pontos (m\u00e1ximo de 90 pontos).<\/span><\/td>\n<\/tr>\n<tr>\n<td width=\"194\"><span style=\"color: #000080\">Participa\u00e7\u00e3o em Eventos (Congressos, jornadas, palestras e outros).<\/span><\/td>\n<td width=\"269\"><span style=\"color: #000080\">Participa\u00e7\u00e3o em eventos nacionais diretamente relacionados \u00e0s atividades acad\u00eamicas e profissionais da \u00e1rea de Comunica\u00e7\u00e3o ou \u00e1reas afins.<\/span><\/td>\n<td width=\"130\"><span style=\"color: #000080\">5 pontos (m\u00e1ximo de 15 pontos).<\/span><\/p>\n<p><span style=\"color: #000080\">\u00a0<\/span><\/td>\n<\/tr>\n<tr>\n<td width=\"194\"><span style=\"color: #000080\">Participa\u00e7\u00e3o em Eventos (Congressos, jornadas, palestras e outros)<\/span><\/p>\n<p><span style=\"color: #000080\">\u00a0[autor, coautor].<\/span><\/td>\n<td width=\"269\"><span style=\"color: #000080\">Participa\u00e7\u00e3o em eventos como autor ou coautor de trabalho.<\/span><\/td>\n<td width=\"130\"><span style=\"color: #000080\">10 a 20\u00a0 pontos (m\u00e1ximo de 60 pontos).<\/span><\/td>\n<\/tr>\n<tr>\n<td width=\"194\"><span style=\"color: #000080\">Publica\u00e7\u00e3o em anais de eventos (Nacionais ou Internacionais).<\/span><\/td>\n<td width=\"269\"><span style=\"color: #000080\">Publica\u00e7\u00f5es em anais de congresso e similares comprovados com a apresenta\u00e7\u00e3o de documento pertinente (certificado, declara\u00e7\u00e3o, c\u00f3pia dos anais, etc.).<\/span><\/td>\n<td width=\"130\"><span style=\"color: #000080\">7 pontos (m\u00e1ximo de 35 pontos).<\/span><\/td>\n<\/tr>\n<tr>\n<td width=\"194\"><span style=\"color: #000080\">Publica\u00e7\u00e3o em Peri\u00f3dicos (nacionais ou internacionais).<\/span><\/td>\n<td width=\"269\"><span style=\"color: #000080\">Publica\u00e7\u00e3o em peri\u00f3dicos especializados comprovados com a apresenta\u00e7\u00e3o de documento pertinente (declara\u00e7\u00e3o, c\u00f3pia do peri\u00f3dico, etc.).<\/span><\/td>\n<td width=\"130\"><span style=\"color: #000080\">20 pontos (m\u00e1ximo de 60 pontos).<\/span><\/td>\n<\/tr>\n<tr>\n<td width=\"194\"><span style=\"color: #000080\">\u00a0<\/span><\/td>\n<td width=\"269\"><span style=\"color: #000080\">\u00a0<\/span><\/td>\n<td width=\"130\"><span style=\"color: #000080\"><strong>M\u00e1ximo de 260h<\/strong><\/span><\/td>\n<\/tr>\n<\/tbody>\n<\/table>\n<p style=\"text-align: justify\"><span style=\"color: #000080\"><strong>Tabela3: GRUPO III \u2013 EXTENS\u00c3O<\/strong><\/span><\/p>\n<table>\n<tbody>\n<tr>\n<td width=\"194\"><span style=\"color: #000080\"><strong>Atividade<\/strong><\/span><\/td>\n<td width=\"268\"><span style=\"color: #000080\"><strong>Descri\u00e7\u00e3o<\/strong><\/span><\/td>\n<td width=\"119\"><span style=\"color: #000080\"><strong>Pontos<\/strong><\/span><\/td>\n<\/tr>\n<tr>\n<td width=\"194\"><span style=\"color: #000080\">Projetos de Extens\u00e3o.<\/span><\/td>\n<td width=\"268\"><span style=\"color: #000080\">Um semestre de participa\u00e7\u00e3o em Projeto de Extens\u00e3o com dedica\u00e7\u00e3o semanal de 10 a 20 horas e com apresenta\u00e7\u00e3o de resultados parciais e\/ou finais atrav\u00e9s de relat\u00f3rio e\/ou em evento cient\u00edfico.<\/span><\/td>\n<td width=\"119\"><span style=\"color: #000080\">10 a 20 pontos (m\u00e1ximo de 80 pontos).<\/span><\/td>\n<\/tr>\n<tr>\n<td width=\"194\"><span style=\"color: #000080\">Representa\u00e7\u00e3o estudantil.<\/span><\/td>\n<td width=\"268\"><span style=\"color: #000080\">Participa\u00e7\u00e3o como representante estudantil no Colegiado do Curso, nas Plen\u00e1rias Departamentais, Conselhos de Centro, Centro Acad\u00eamico ou nos Colegiados Superiores com apresenta\u00e7\u00e3o de documento comprobat\u00f3rio de participa\u00e7\u00e3o da reuni\u00e3o.<\/span><\/td>\n<td width=\"119\"><span style=\"color: #000080\">01 ponto por reuni\u00e3o (m\u00e1ximo 10 pontos).<\/span><\/p>\n<p><span style=\"color: #000080\">\u00a0<\/span><\/td>\n<\/tr>\n<tr>\n<td width=\"194\"><span style=\"color: #000080\">Viagem de estudo ou visitas (nacional ou internacional).<\/span><\/td>\n<td width=\"268\"><span style=\"color: #000080\">Viagens na \u00e1rea de Comunica\u00e7\u00e3o que resultem em relat\u00f3rio circunstanciado, validado e aprovado por um professor respons\u00e1vel, consultado previamente.<\/span><\/td>\n<td width=\"119\"><span style=\"color: #000080\">5 pontos por ano de participa\u00e7\u00e3o (m\u00e1ximo 20 pontos).<\/span><\/td>\n<\/tr>\n<tr>\n<td width=\"194\"><span style=\"color: #000080\">Visitas t\u00e9cnicas (n\u00e3o relacionadas com disciplinas espec\u00edficas da estrutura curricular, obrigat\u00f3ria ou n\u00e3o).<\/span><\/td>\n<td width=\"268\"><span style=\"color: #000080\">Visitas t\u00e9cnicas na \u00e1rea de Comunica\u00e7\u00e3o que resultem em relat\u00f3rio circunstanciado, validade e aprovado por um professor-tutor respons\u00e1vel, consultado previamente.<\/span><\/td>\n<td width=\"119\"><span style=\"color: #000080\">3 pontos por ano de participa\u00e7\u00e3o (m\u00e1ximo 30 pontos).<\/span><\/td>\n<\/tr>\n<tr>\n<td width=\"194\"><span style=\"color: #000080\">Curso de Extens\u00e3o<\/span><\/p>\n<p><span style=\"color: #000080\">(Ouvinte).<\/span><\/td>\n<td width=\"268\"><span style=\"color: #000080\">Participa\u00e7\u00e3o em curso promovido por institui\u00e7\u00e3o de ensino ou profissional reconhecida pela UFPR. O conte\u00fado do referido curso dever\u00e1 estar relacionado \u00e0 profiss\u00e3o de Comunic\u00f3logo, ter uma carga hor\u00e1ria m\u00ednima de 8 horas, estar sob a coordena\u00e7\u00e3o de um professor e devidamente documentado (Cursos de idiomas, comunica\u00e7\u00e3o e express\u00e3o e de inform\u00e1tica,<\/span><\/p>\n<p><span style=\"color: #000080\">cujas cargas hor\u00e1rias n\u00e3o tenham sido objeto de valida\u00e7\u00e3o de disciplina ou aproveitamento de estudos).<\/span><\/td>\n<td width=\"119\"><span style=\"color: #000080\">1 ponto para cada 8 horas de curso (m\u00e1ximo 80 pontos).<\/span><\/td>\n<\/tr>\n<tr>\n<td width=\"194\"><span style=\"color: #000080\">Est\u00e1gio.<\/span><\/td>\n<td width=\"268\"><span style=\"color: #000080\">Atua\u00e7\u00e3o pr\u00e1tica em atividade de cunho profissional (est\u00e1gio, consultoria, etc), devidamente comprovada pelo empregador e avaliada pelo colegiado do CCS e com carga hor\u00e1ria m\u00ednima de 40 horas<\/span><\/td>\n<td width=\"119\"><span style=\"color: #000080\">10 pontos para cada 40 horas (m\u00e1ximo 50 pontos).<\/span><\/td>\n<\/tr>\n<tr>\n<td width=\"194\"><span style=\"color: #000080\">Leitura de obra recomendada.<\/span><\/td>\n<td width=\"268\"><span style=\"color: #000080\">* Um livro por semestre, da lista de indica\u00e7\u00f5es, com assinatura de professor respons\u00e1vel pela sugest\u00e3o de livro na ficha de relat\u00f3rio.<\/span><\/p>\n<p><span style=\"color: #000080\">\u00a0<\/span><\/td>\n<td width=\"119\"><span style=\"color: #000080\">05 pontos (m\u00e1ximo 40 pontos).<\/span><\/td>\n<\/tr>\n<tr>\n<td width=\"194\"><span style=\"color: #000080\">Atividades culturais (filmes, teatro, document\u00e1rios, etc.).<\/span><\/td>\n<td width=\"268\"><span style=\"color: #000080\">* 20h\/a por semestre, da lista de recomenda\u00e7\u00f5es.<\/span><\/p>\n<p><span style=\"color: #000080\">\u00a0<\/span><\/td>\n<td width=\"119\"><span style=\"color: #000080\">02 pontos (m\u00e1ximo 40 pontos).<\/span><\/td>\n<\/tr>\n<tr>\n<td width=\"194\"><span style=\"color: #000080\">Outras atividades de extens\u00e3o.<\/span><\/td>\n<td width=\"268\"><span style=\"color: #000080\">Quaisquer atividades n\u00e3o previstas neste quadro, realizadas em car\u00e1ter cont\u00ednuo, relacionadas com a \u00e1rea de Comunica\u00e7\u00e3o, \u00e0s quais o aluno tenha se dedicado pelo per\u00edodo m\u00ednimo de 6 meses e com jornada m\u00ednima de 20 horas semanais. Estas atividades devem ser reconhecidas pelo Colegiado do Curso mediante documento comprobat\u00f3rio.<\/span><\/td>\n<td width=\"119\"><span style=\"color: #000080\">A definir conforme a atividade \/ carga hor\u00e1ria (m\u00e1ximo 50 pontos).<\/span><\/td>\n<\/tr>\n<tr>\n<td width=\"194\"><span style=\"color: #000080\">\u00a0<\/span><\/td>\n<td width=\"268\"><span style=\"color: #000080\">\u00a0<\/span><\/td>\n<td width=\"119\"><span style=\"color: #000080\"><strong>M\u00e1ximo 360h<\/strong><\/span><\/td>\n<\/tr>\n<\/tbody>\n<\/table>\n","protected":false},"excerpt":{"rendered":"<p>Arquivo em PDF:\u00a0\u00a0Atividades Complementares de PP &nbsp; REGIMENTO GERAL DAS ATIVIDADES FORMATIVAS COMPLEMENTARES DO CURSO DE PUBLICIDADE E PROPAGANDA DA UFPR O Colegiado do Curso de Publicidade e Propaganda resolve estabelecer normas para pontua\u00e7\u00e3o da carga hor\u00e1ria complementar das Atividades Acad\u00eamicas Espec\u00edficas, necess\u00e1ria para a integraliza\u00e7\u00e3o do Curso. Art. 1\u00ba &#8211; As atividades de forma\u00e7\u00e3o [&hellip;]<\/p>\n","protected":false},"author":7,"featured_media":0,"parent":2273,"menu_order":0,"comment_status":"closed","ping_status":"closed","template":"","meta":{"_acf_changed":false,"ngg_post_thumbnail":0,"footnotes":""},"class_list":["post-2512","page","type-page","status-publish","hentry"],"acf":[],"_links":{"self":[{"href":"https:\/\/sacod.ufpr.br\/comunicacao\/wp-json\/wp\/v2\/pages\/2512","targetHints":{"allow":["GET"]}}],"collection":[{"href":"https:\/\/sacod.ufpr.br\/comunicacao\/wp-json\/wp\/v2\/pages"}],"about":[{"href":"https:\/\/sacod.ufpr.br\/comunicacao\/wp-json\/wp\/v2\/types\/page"}],"author":[{"embeddable":true,"href":"https:\/\/sacod.ufpr.br\/comunicacao\/wp-json\/wp\/v2\/users\/7"}],"replies":[{"embeddable":true,"href":"https:\/\/sacod.ufpr.br\/comunicacao\/wp-json\/wp\/v2\/comments?post=2512"}],"version-history":[{"count":8,"href":"https:\/\/sacod.ufpr.br\/comunicacao\/wp-json\/wp\/v2\/pages\/2512\/revisions"}],"predecessor-version":[{"id":2564,"href":"https:\/\/sacod.ufpr.br\/comunicacao\/wp-json\/wp\/v2\/pages\/2512\/revisions\/2564"}],"up":[{"embeddable":true,"href":"https:\/\/sacod.ufpr.br\/comunicacao\/wp-json\/wp\/v2\/pages\/2273"}],"wp:attachment":[{"href":"https:\/\/sacod.ufpr.br\/comunicacao\/wp-json\/wp\/v2\/media?parent=2512"}],"curies":[{"name":"wp","href":"https:\/\/api.w.org\/{rel}","templated":true}]}}