{"id":2426,"date":"2017-05-15T10:58:51","date_gmt":"2017-05-15T13:58:51","guid":{"rendered":"https:\/\/sacod.ufpr.br\/comunicacao\/?page_id=2426"},"modified":"2017-05-22T10:36:52","modified_gmt":"2017-05-22T13:36:52","slug":"convenios-institucionais","status":"publish","type":"page","link":"https:\/\/sacod.ufpr.br\/comunicacao\/168-a-curso-de-relacoes-publicas\/convenios-institucionais\/","title":{"rendered":"Conv\u00eanios Institucionais"},"content":{"rendered":"<p style=\"text-align: justify\"><span style=\"color: #333399\">O curso de Rela\u00e7\u00f5es P\u00fablicas da Universidade Federal do Paran\u00e1, ao longo de sua hist\u00f3ria, sempre manteve conv\u00eanios com diversas institui\u00e7\u00f5es brasileiras e estrangeiras de ensino. \u00a0Os alunos que participam de conv\u00eanios podem solicitar equival\u00eancia de disciplinas \u00e0 coordena\u00e7\u00e3o do curso de Rela\u00e7\u00f5es P\u00fablicas logo ap\u00f3s o retorno do interc\u00e2mbio.\u00a0<\/span><span style=\"color: #333399\">De acordo com a Resolul\u00e7\u00e3o n\u00famero 92\/2013 \u2013 CEPE, entede-se por equival\u00eancia em disciplina a isen\u00e7\u00e3o da obrigatoriedade de cursar uma disciplina por haver sido aprovado em disciplina com conte\u00fado program\u00e1tico id\u00eantico ou semelhante ou de conte\u00fado relevante para a forma\u00e7\u00e3o profissional, cursada em outro registro, curr\u00edculo, curso ou institui\u00e7\u00e3o.\u00a0<\/span><span style=\"color: #333399\">O pedido de equival\u00eancia ser\u00e1 analisado\u00a0 pelo colegiado do curso, ouvidos, quando necess\u00e1rio, os departamentos envolvidos.<\/span><\/p>\n<h4 style=\"text-align: justify\"><span style=\"color: #333399\">\u00a0<\/span><span style=\"color: #ff0000\"><strong>Universidade de Poitiers <\/strong><\/span><\/h4>\n<p style=\"text-align: justify\"><span style=\"color: #333399\">O Departamento de Comunica\u00e7\u00e3o Social firmou desde 2009 dois conv\u00eanios internacionais com institui\u00e7\u00f5es francesas. O primeiro deles \u00e9 o conv\u00eanio firmado com a Universidade de Poitiers, que fica na cidade universit\u00e1ria de Poitiers, na Fran\u00e7a. Por meio desse conv\u00eanio, o DECOM passou a integrar o conjunto de institui\u00e7\u00f5es que contribuem de alguma forma para o Euromime \u2013 um programa master na \u00e1rea de Tecnologias Educacionais.\u00a0<\/span><span style=\"color: #333399\">O Euromime, al\u00e9m do programa master que seleciona anualmente alunos de todo o mundo, \u00e9 o \u00fanico da rede Erasmus Mundus, cuja l\u00edngua oficial n\u00e3o \u00e9 o ingl\u00eas e sim o franc\u00eas, o portugu\u00eas e o espanhol. Por meio desse conv\u00eanio, o DECOM participa de uma pesquisa sobre uso de tecnologias nas escolas, denominado Mimetec.<\/span><\/p>\n<h4 style=\"text-align: justify\"><span style=\"color: #008000\"><strong>Universidade de Grenoble <\/strong><\/span><\/h4>\n<p style=\"text-align: justify\"><span style=\"color: #333399\">O segundo conv\u00eanio internacional do Departamento de Comunica\u00e7\u00e3o Social foi firmado com a Universidade de Grenoble, tamb\u00e9m na Fran\u00e7a, e prev\u00ea o interc\u00e2mbio de alunos e professores para participar dos cursos de gradua\u00e7\u00e3o e p\u00f3s-gradua\u00e7\u00e3o em Comunica\u00e7\u00e3o nas duas institui\u00e7\u00f5es.\u00a0<\/span><\/p>\n<h4 style=\"text-align: justify\"><span style=\"color: #993366\"><strong>Universidade de Lyon II <\/strong><\/span><\/h4>\n<p style=\"text-align: justify\"><span style=\"color: #333399\">Desde 2013, o Departamento de Comunica\u00e7\u00e3o (DECOM) e o Programa de P\u00f3s-Gradua\u00e7\u00e3o em Comunica\u00e7\u00e3o (PPGCOM) t\u00eam uma parceria internacional com a <em>Universit\u00e9 Lyon<\/em> <em>II<\/em>. O conv\u00eanio prev\u00ea a realiza\u00e7\u00e3o de interc\u00e2mbio de alunos e professores entre as duas institui\u00e7\u00f5es, bem como a realiza\u00e7\u00e3o de semin\u00e1rios, cursos e pesquisas conjuntas, permitindo a dupla diploma\u00e7\u00e3o dos intercambistas, est\u00e1gios p\u00f3s doutorais para professores e organiza\u00e7\u00e3o conjunta de publica\u00e7\u00f5es cient\u00edficas.\u00a0<\/span><span style=\"color: #333399\">Todas essas propostas se enquadram nos crit\u00e9rios e normas estabelecidos pela Assessoria de Rela\u00e7\u00f5es Internacionais (ARI), respons\u00e1vel pelo projeto de internacionaliza\u00e7\u00e3o dos programas e cursos da UFPR e internamente s\u00e3o discutidas e desenvolvidas com o seu apoio, depois de serem amplamente discutidas e aprovadas nos seus respectivos colegiados.<\/span><\/p>\n<h4 style=\"text-align: justify\"><span style=\"color: #ff6600\"><strong>Conv\u00eanio M\u00e9xico<\/strong><\/span><\/h4>\n<p style=\"text-align: justify\"><span style=\"color: #333399\">Desde 2014, est\u00e1 em tramita\u00e7\u00e3o a assinatura de conv\u00eanios de coopera\u00e7\u00e3o entre a UFPR \u2013 Decom e PPGCom, com a Universidad Aut\u00f3noma Metropolitana (UAM \u2013 M\u00e9xico). A partir da primeira docente do Decom\/UFPR ter realizado a pesquisa p\u00f3s-doutoral na IES mexicana, a parceria prev\u00ea interc\u00e2mbio entre professores e alunos, realiza\u00e7\u00e3o de eventos em parceria, publica\u00e7\u00f5es e pesquisas conjuntas, especialmente na \u00e1rea de Comunica\u00e7\u00e3o Pol\u00edtica com a integra\u00e7\u00e3o entre os grupos Comunicaci\u00f3n Politica, da UAM com o grupo Comunica\u00e7\u00e3o Eleitoral, do Decom. O primeiro evento em parceria foi realizado em 2014, na UAM sede Cuajimalpa: \u201cI Seminario Internacional de Comunicaci\u00f3n Pol\u00edtica\u201d, cuja edi\u00e7\u00e3o se repetiu em 2015.<\/span><\/p>\n","protected":false},"excerpt":{"rendered":"<p>O curso de Rela\u00e7\u00f5es P\u00fablicas da Universidade Federal do Paran\u00e1, ao longo de sua hist\u00f3ria, sempre manteve conv\u00eanios com diversas institui\u00e7\u00f5es brasileiras e estrangeiras de ensino. \u00a0Os alunos que participam de conv\u00eanios podem solicitar equival\u00eancia de disciplinas \u00e0 coordena\u00e7\u00e3o do curso de Rela\u00e7\u00f5es P\u00fablicas logo ap\u00f3s o retorno do interc\u00e2mbio.\u00a0De acordo com a Resolul\u00e7\u00e3o n\u00famero [&hellip;]<\/p>\n","protected":false},"author":7,"featured_media":0,"parent":1732,"menu_order":0,"comment_status":"closed","ping_status":"closed","template":"","meta":{"_acf_changed":false,"ngg_post_thumbnail":0,"footnotes":""},"class_list":["post-2426","page","type-page","status-publish","hentry"],"acf":[],"_links":{"self":[{"href":"https:\/\/sacod.ufpr.br\/comunicacao\/wp-json\/wp\/v2\/pages\/2426","targetHints":{"allow":["GET"]}}],"collection":[{"href":"https:\/\/sacod.ufpr.br\/comunicacao\/wp-json\/wp\/v2\/pages"}],"about":[{"href":"https:\/\/sacod.ufpr.br\/comunicacao\/wp-json\/wp\/v2\/types\/page"}],"author":[{"embeddable":true,"href":"https:\/\/sacod.ufpr.br\/comunicacao\/wp-json\/wp\/v2\/users\/7"}],"replies":[{"embeddable":true,"href":"https:\/\/sacod.ufpr.br\/comunicacao\/wp-json\/wp\/v2\/comments?post=2426"}],"version-history":[{"count":1,"href":"https:\/\/sacod.ufpr.br\/comunicacao\/wp-json\/wp\/v2\/pages\/2426\/revisions"}],"predecessor-version":[{"id":2427,"href":"https:\/\/sacod.ufpr.br\/comunicacao\/wp-json\/wp\/v2\/pages\/2426\/revisions\/2427"}],"up":[{"embeddable":true,"href":"https:\/\/sacod.ufpr.br\/comunicacao\/wp-json\/wp\/v2\/pages\/1732"}],"wp:attachment":[{"href":"https:\/\/sacod.ufpr.br\/comunicacao\/wp-json\/wp\/v2\/media?parent=2426"}],"curies":[{"name":"wp","href":"https:\/\/api.w.org\/{rel}","templated":true}]}}