{"id":2419,"date":"2017-05-15T10:49:44","date_gmt":"2017-05-15T13:49:44","guid":{"rendered":"https:\/\/sacod.ufpr.br\/comunicacao\/?page_id=2419"},"modified":"2017-05-22T11:23:14","modified_gmt":"2017-05-22T14:23:14","slug":"grupos-de-pesquisa-em-rp","status":"publish","type":"page","link":"https:\/\/sacod.ufpr.br\/comunicacao\/168-a-curso-de-relacoes-publicas\/grupos-de-pesquisa-em-rp\/","title":{"rendered":"Grupos de pesquisa em RP"},"content":{"rendered":"<p>&nbsp;<\/p>\n<h4 style=\"text-align: justify\"><span style=\"color: #800000\"><strong>MEDUC <\/strong>&#8211; <strong>M\u00eddia, Linguagem e Educa\u00e7\u00e3o<\/strong><\/span><\/h4>\n<p style=\"text-align: justify\"><span style=\"color: #333399\">grupo de pesquisa certificado pela Universidade Federal do Paran\u00e1 e vinculado ao Conselho Nacional de Desenvolvimento Cient\u00edfico e Tecnol\u00f3gico (CNPQ) que se dedica \u00e0 pesquisas na \u00e1rea de comunica\u00e7\u00e3o e educa\u00e7\u00e3o. Formado em 2005, o grupo tem como objetivo desenvolver projetos pr\u00e1ticos e te\u00f3ricos que supram as lacunas existentes nas \u00e1reas da comunica\u00e7\u00e3o e da educa\u00e7\u00e3o. Particularmente, implementar pesquisas que tenham como interface as v\u00e1rias m\u00eddias e os usos da linguagem e, por meio de reuni\u00f5es, participa\u00e7\u00f5es em congressos, eventos, realiza\u00e7\u00e3o de atividades de extens\u00e3o como semin\u00e1rios, palestras, oficinas, contribuir para a inova\u00e7\u00e3o e avan\u00e7o do conhecimento nessas \u00e1reas de forma a integrar alunos e pesquisadores numa discuss\u00e3o interdisciplinar. Respons\u00e1veis: professores Jair Antonio de Oliveira (l\u00edder); Itanel Quadros (vice-l\u00edder).<\/span><\/p>\n<h4 style=\"text-align: justify\"><span style=\"color: #ff6600\"><strong>GEPETE &#8211; Grupo de Estudos, professor, escola e tecnologias<\/strong><\/span><\/h4>\n<p style=\"text-align: justify\"><span style=\"color: #333399\">\u00a0os integrantes do Gepete partem da constata\u00e7\u00e3o de que os professores se sentem muitas vezes despreparados e inseguros, frente ao enorme desafio que representa a incorpora\u00e7\u00e3o das tecnologias ao cotidiano escolar. No entanto, j\u00e1 sabem que para poderem ocupar sucessivamente posi\u00e7\u00f5es ativas e passivas no que diz respeito \u00e0s tecnologias da informa\u00e7\u00e3o no mundo atual e saber quando e como utiliz\u00e1-las no ambiente escolar n\u00e3o adianta se isolar. \u00c9 necess\u00e1rio buscar uma forma\u00e7\u00e3o continuada na qual a troca de experi\u00eancia aconte\u00e7a. Nesse sentido, o Gepete visa ampliar as discuss\u00f5es sobre tecnologias e educa\u00e7\u00e3o com a comunidade escolar em geral; reunir estudiosos e pesquisadores de diferentes institui\u00e7\u00f5es e n\u00edveis de ensino de Curitiba e regi\u00e3o metropolitana para discutir a quest\u00e3o das tecnologias e forma\u00e7\u00e3o dos professores; envolver a universidade em projetos elaborados pelo MEC \u2013 UAB na quest\u00e3o e forma\u00e7\u00e3o de professores e o uso das tecnologias na escola. L\u00edder do grupo: Glaucia da Silva Brito.<\/span><\/p>\n<h4 style=\"text-align: justify\"><span style=\"color: #008000\"><strong>COM XXI<\/strong><\/span><\/h4>\n<p style=\"text-align: justify\"><span style=\"color: #333399\">busca compreender os distintos modos de intera\u00e7\u00e3o social nas pr\u00e1ticas comunicativas do s\u00e9culo XXI. Tais intera\u00e7\u00f5es s\u00e3o observadas no contexto da sociedade contempor\u00e2nea, com \u00eanfase nos sistemas midi\u00e1ticos de comunica\u00e7\u00e3o. A m\u00eddia \u00e9 compreendida como um ambiente cultural, considerada e relacionada al\u00e9m dos meios convencionais e dos suportes tecnol\u00f3gicos. O interesse do grupo de pesquisa COMXXI concentra-se no contexto desse ambiente cultural, permeado por quest\u00f5es sociot\u00e9cnicas, sociohist\u00f3ricas, institucionais e pol\u00edticas. Dentro do grupo, as pesquisas desenvolvidas sobre intera\u00e7\u00f5es sociais nas pr\u00e1ticas comunicativas abrangem estudos sobre converg\u00eancia, mobilidade, formatos audiovisuais, consumo, comunica\u00e7\u00e3o organizacional, responsabilidade social, jornalismo e pol\u00edticas da comunica\u00e7\u00e3o. O COMXXI \u00e9 formado por professores de diversas institui\u00e7\u00f5es (UFPR, UEPG, UTP, UP, UNINTER, UEL e PUCPR). L\u00edder do grupo: Claudia Quadros.<\/span><\/p>\n<h4 style=\"text-align: justify\"><span style=\"color: #0000ff\"><strong>GCEORG <\/strong>&#8211; <strong>Comunica\u00e7\u00e3o, educa\u00e7\u00e3o e organiza\u00e7\u00f5es<\/strong><\/span><\/h4>\n<p style=\"text-align: justify\"><span style=\"color: #333399\">tem como principal objetivo pesquisar, analisar e sistematizar as a\u00e7\u00f5es de comunica\u00e7\u00e3o e educa\u00e7\u00e3o que est\u00e3o sendo realizadas nos \u00e2mbitos institucionais, tais como escolas, empresas e organiza\u00e7\u00f5es e os h\u00e1bitos de consumo midi\u00e1tico de crian\u00e7as, adolescentes e jovens. A sistematiza\u00e7\u00e3o e an\u00e1lise dessas a\u00e7\u00f5es \u00e0 luz das teorias da comunica\u00e7\u00e3o e da educa\u00e7\u00e3o existentes permite o planejamento de novos projetos que contribuam para uma forma\u00e7\u00e3o de novas gera\u00e7\u00f5es numa sociedade caracterizada pelos meios de comunica\u00e7\u00e3o de massa e pelas novas tecnologias da informa\u00e7\u00e3o e da comunica\u00e7\u00e3o. O grupo desenvolve pesquisas que servir\u00e3o de fundamenta\u00e7\u00e3o e suporte para institui\u00e7\u00f5es e profissionais que nela atuam que desejem atuar na interface comunica\u00e7\u00e3o e educa\u00e7\u00e3o \u2013 cada vez mais necess\u00e1ria na forma\u00e7\u00e3o de indiv\u00edduos para o s\u00e9culo XXI. L\u00edder: Regiane Ribeiro.<\/span><\/p>\n<h4 style=\"text-align: justify\"><span style=\"color: #993366\"><strong>NECOMGRAF &#8211; N\u00facleo de Estudos de Comunica\u00e7\u00e3o Gr\u00e1fica<\/strong><\/span><\/h4>\n<p style=\"text-align: justify\"><span style=\"color: #333399\">tem como objetivos: pesquisar os fundamentos te\u00f3ricos e pr\u00e1ticos da comunica\u00e7\u00e3o visual no que tange a seus aspectos hist\u00f3ricos, trajet\u00f3rias, atualidade e perspectivas; a comunica\u00e7\u00e3o visual-gr\u00e1fica aplicada \u00e0 publicidade, jornalismo e afins; os desenvolvimentos t\u00e9cnicos e tecnol\u00f3gicos que influenciam no desenvolvimento das linguagens aplicadas \u00e0 comunica\u00e7\u00e3o visual-gr\u00e1fica. Desenvolve projetos de pesquisa; configura\u00e7\u00e3o e oferta de cursos e eventos de extens\u00e3o; publica\u00e7\u00f5es (com os resultados das investiga\u00e7\u00f5es realizadas); e oferece apoio ao ensino da gradua\u00e7\u00e3o e p\u00f3s-gradua\u00e7\u00e3o. Respons\u00e1vel: professor Itanel Bastos de Quadros Junior<\/span><\/p>\n<h4 style=\"text-align: justify\"><span style=\"color: #003300\"><strong>Grupo de Pesquisa Comunica\u00e7\u00e3o Eleitoral<\/strong><\/span><\/h4>\n<p style=\"text-align: justify\"><span style=\"color: #333399\">foi criado em 2012 para suprir a demanda espec\u00edfica da investiga\u00e7\u00e3o relacionada \u00e0 comunica\u00e7\u00e3o pol\u00edtica. Tem por objeto a Comunica\u00e7\u00e3o Eleitoral, organizando pesquisadores e trabalhos de an\u00e1lise nos complexos processos de representa\u00e7\u00e3o nas democracias contempor\u00e2neas.\u00a0 Tem por objetivo analisar os mecanismos de representa\u00e7\u00e3o, pr\u00e1ticas explicitadas em per\u00edodos de campanha eleitoral, assim como os papeis das diferentes institui\u00e7\u00f5es e organismos coletivos\/sociais envolvidos nos processos eleitorais. Os principais objetos emp\u00edricos de an\u00e1lise s\u00e3o os conte\u00fados veiculados pelos meios de comunica\u00e7\u00e3o de massa a respeito dos processos eleitorais, tanto os produzidos pela elite pol\u00edtica (propaganda eleitoral), quanto os que contemplam outros atores, como o jornalismo eleitoral. Tamb\u00e9m se pretende estabelecer como objeto anal\u00edtico os processos de intera\u00e7\u00e3o, produ\u00e7\u00e3o e recep\u00e7\u00e3o de conte\u00fados dos meios tradicionais e novos meios de comunica\u00e7\u00e3o, em especial o uso das chamadas redes sociais digitais. O grupo de pesquisa pretende, originalmente, reunir pesquisadores de diferentes institui\u00e7\u00f5es de ensino superior brasileiras e de outros pa\u00edses a partir de dois programas de p\u00f3s-gradua\u00e7\u00e3o fundamentalmente: Programa de P\u00f3s-gradua\u00e7\u00e3o em Comunica\u00e7\u00e3o Social PPGCS\/UFPR e Programa de P\u00f3s-gradua\u00e7\u00e3o em Ci\u00eancia Pol\u00edtica PPGCP\/UFPR. Deste modo, o grupo pode receber estudantes de gradua\u00e7\u00e3o na modalidade de inicia\u00e7\u00e3o cient\u00edfica e voluntariado. Certificado pelo CNPQ, o grupo possui as seguintes linhas de pesquisa: atores sociais e processos eleitorais, cobertura eleitoral, produ\u00e7\u00e3o de conte\u00fados eleitorais e produ\u00e7\u00e3o e recep\u00e7\u00e3o midi\u00e1tica durante as elei\u00e7\u00f5es. L\u00edder do grupo: Professora Luciana Panke.<\/span><\/p>\n","protected":false},"excerpt":{"rendered":"<p>&nbsp; MEDUC &#8211; M\u00eddia, Linguagem e Educa\u00e7\u00e3o grupo de pesquisa certificado pela Universidade Federal do Paran\u00e1 e vinculado ao Conselho Nacional de Desenvolvimento Cient\u00edfico e Tecnol\u00f3gico (CNPQ) que se dedica \u00e0 pesquisas na \u00e1rea de comunica\u00e7\u00e3o e educa\u00e7\u00e3o. Formado em 2005, o grupo tem como objetivo desenvolver projetos pr\u00e1ticos e te\u00f3ricos que supram as lacunas [&hellip;]<\/p>\n","protected":false},"author":7,"featured_media":0,"parent":1732,"menu_order":0,"comment_status":"closed","ping_status":"closed","template":"","meta":{"_acf_changed":false,"ngg_post_thumbnail":0,"footnotes":""},"class_list":["post-2419","page","type-page","status-publish","hentry"],"acf":[],"_links":{"self":[{"href":"https:\/\/sacod.ufpr.br\/comunicacao\/wp-json\/wp\/v2\/pages\/2419","targetHints":{"allow":["GET"]}}],"collection":[{"href":"https:\/\/sacod.ufpr.br\/comunicacao\/wp-json\/wp\/v2\/pages"}],"about":[{"href":"https:\/\/sacod.ufpr.br\/comunicacao\/wp-json\/wp\/v2\/types\/page"}],"author":[{"embeddable":true,"href":"https:\/\/sacod.ufpr.br\/comunicacao\/wp-json\/wp\/v2\/users\/7"}],"replies":[{"embeddable":true,"href":"https:\/\/sacod.ufpr.br\/comunicacao\/wp-json\/wp\/v2\/comments?post=2419"}],"version-history":[{"count":4,"href":"https:\/\/sacod.ufpr.br\/comunicacao\/wp-json\/wp\/v2\/pages\/2419\/revisions"}],"predecessor-version":[{"id":2424,"href":"https:\/\/sacod.ufpr.br\/comunicacao\/wp-json\/wp\/v2\/pages\/2419\/revisions\/2424"}],"up":[{"embeddable":true,"href":"https:\/\/sacod.ufpr.br\/comunicacao\/wp-json\/wp\/v2\/pages\/1732"}],"wp:attachment":[{"href":"https:\/\/sacod.ufpr.br\/comunicacao\/wp-json\/wp\/v2\/media?parent=2419"}],"curies":[{"name":"wp","href":"https:\/\/api.w.org\/{rel}","templated":true}]}}