{"id":2402,"date":"2017-05-15T10:28:28","date_gmt":"2017-05-15T13:28:28","guid":{"rendered":"https:\/\/sacod.ufpr.br\/comunicacao\/?page_id=2402"},"modified":"2017-05-22T11:05:09","modified_gmt":"2017-05-22T14:05:09","slug":"grupos-de-extensao-em-rp","status":"publish","type":"page","link":"https:\/\/sacod.ufpr.br\/comunicacao\/168-a-curso-de-relacoes-publicas\/grupos-de-extensao-em-rp\/","title":{"rendered":"Grupos de Extens\u00e3o em RP"},"content":{"rendered":"<h4 style=\"text-align: justify\"><span style=\"color: #3366ff\"><strong><span style=\"color: #800000\"><span style=\"color: #ff00ff\">A Prattica \u2013 Ag\u00eancia Experimental de Rela\u00e7\u00f5es P\u00fablicas<\/span><\/span><\/strong><\/span><\/h4>\n<p style=\"text-align: justify\"><b><\/b><span style=\"color: #333399\">um projeto de extens\u00e3o do Departamento de Comunica\u00e7\u00e3o Social (DECOM), supervisionado e coordenado por um professor da habilita\u00e7\u00e3o em Rela\u00e7\u00f5es P\u00fablicas. A ag\u00eancia, local de pesquisa e extens\u00e3o, tem como principal objetivo proporcionar aos estudantes de Rela\u00e7\u00f5es P\u00fablicas, Jornalismo e Publicidade e Propaganda o desenvolvimento pr\u00e1tico daquilo que \u00e9 apreendido em sala de aula e a possibilidade de atuarem de forma integrada.\u00a0A ag\u00eancia desenvolve atividades de pesquisas, mapeamento de p\u00fablicos, planos de comunica\u00e7\u00e3o e organiza\u00e7\u00e3o de eventos, tornando-se assim refer\u00eancia na presta\u00e7\u00e3o de tais servi\u00e7os. Na condi\u00e7\u00e3o de ag\u00eancia experimental, a Prattica n\u00e3o visa obten\u00e7\u00e3o de lucro, sendo a UFPR sua principal beneficiada. Seus projetos priorit\u00e1rios devem atender em primeira inst\u00e2ncia a pr\u00f3pria universidade, podendo tamb\u00e9m atender clientes externos.<\/span><\/p>\n<p style=\"text-align: justify\"><span style=\"color: #333399\"><strong>Objetivo: <\/strong>Dar subs\u00eddios para que os alunos desenvolvam atividades pertinentes \u00e0 atividade de Rela\u00e7\u00f5es P\u00fablicas e suas interfaces, assegurando a rela\u00e7\u00e3o teoria e pr\u00e1tica. Coordenadora: Claudia Quadros. Site: http:\/\/pratticaufpr.com.br\/<\/span><\/p>\n<h4 style=\"text-align: justify\"><span style=\"color: #3366ff\"><span style=\"color: #008000\"><strong>Acervo audiovisual Arte em V\u00eddeo<\/strong><\/span><\/span><\/h4>\n<p style=\"text-align: justify\"><span style=\"color: #333399\">A proposta do Projeto de Extens\u00e3o \u201cAmplia\u00e7\u00e3o e Difus\u00e3o do Acervo Audiovisual Arte em V\u00eddeo na UFPR\u201d \u00e9 de gera\u00e7\u00e3o de acervo em v\u00eddeo na \u00e1rea de Artes Visuais e se realiza de forma interdepartamental, entre os Departamentos de Comunica\u00e7\u00e3o Social (DECOM) e o Departamento de Artes (DEARTES). Como foco do projeto est\u00e3o a produ\u00e7\u00e3o e o registro em v\u00eddeo de eventos como palestras, mesas-redondas, debates, exposi\u00e7\u00f5es, visita a ateli\u00eas, a\u00e7\u00f5es po\u00e9ticas e outras atividades relacionadas \u00e0 pesquisa e ao trabalho na \u00e1rea de Artes Visuais.<\/span><\/p>\n<p style=\"text-align: justify\"><span style=\"color: #333399\">Coordenador: T\u00e9cnico e professor Lu\u00eds Carlos dos Santos (DECOM). Vice-Coordenadora: Prof<sup>a<\/sup>. T\u00e2nia Bittencourt Bloomfield (DEARTES).<\/span><\/p>\n<h4 style=\"text-align: justify\"><span style=\"color: #3366ff\"><span style=\"color: #800080\"><strong>O N\u00facleo de Comunica\u00e7\u00e3o e Educa\u00e7\u00e3o Popular (NCEP)<\/strong><\/span><\/span><\/h4>\n<p style=\"text-align: justify\"><span style=\"color: #333399\"> foi criado como projeto de extens\u00e3o em fevereiro de 2003, por iniciativa dos alunos de Comunica\u00e7\u00e3o Social da Universidade Federal do Paran\u00e1 que buscavam uma maior inser\u00e7\u00e3o do comunicador social nos movimentos sociais e populares.\u00a0O projeto \u00e9 coordenado por um professor de Jornalismo e promove a democratiza\u00e7\u00e3o dos meios de comunica\u00e7\u00e3o. A Gest\u00e3o 2009\/2010 conta com uma equipe de tr\u00eas professoras orientadoras e nove graduandos de Comunica\u00e7\u00e3o Social, dentre bolsistas e volunt\u00e1rios que por meio de uma metodologia participativa, se dividem para fazer do NCEP um projeto com tr\u00eas linhas de atua\u00e7\u00e3o: a de educa\u00e7\u00e3o para os meios, realizada em escolas p\u00fablicas de ensino m\u00e9dio e fundamental; a de assessoria para elabora\u00e7\u00e3o de programas ou produtos que envolvam o conhecimento espec\u00edfico da \u00e1rea de comunica\u00e7\u00e3o, como a produ\u00e7\u00e3o de programas de r\u00e1dio e TV e elabora\u00e7\u00e3o de informativos impressos e on-line; e finalmente, uma terceira que \u00e9 a de pesquisa e incentivo \u00e0 discuss\u00e3o interna (para alunos do curso) e externa (para a comunidade) do papel e do sentido social dos meios de comunica\u00e7\u00e3o na atualidade e sua rela\u00e7\u00e3o com o exerc\u00edcio da cidadania.<\/span><\/p>\n<p style=\"text-align: justify\"><span style=\"color: #333399\"><strong>Objetivos: <\/strong>Promover a reflex\u00e3o sobre o sentido dos meios de comunica\u00e7\u00e3o de massa; desenvolver programas de educa\u00e7\u00e3o para os meios nas escolas p\u00fablicas, para alunos e professores; assessorar movimentos populares e sociais para a cria\u00e7\u00e3o de programas de r\u00e1dio ou de televis\u00e3o, informativos impressos e online; desenvolver a capacita\u00e7\u00e3o para a produ\u00e7\u00e3o de canais de comunica\u00e7\u00e3o; produzir referencial te\u00f3rico para subsidiar tais a\u00e7\u00f5es; compartilhar o referencial te\u00f3rico e as experi\u00eancias via website do n\u00facleo. Coordenador geral: professor Toni Andr\u00e9 Scharlau Vieira. Site: www.ncep.ufpr.br<\/span><\/p>\n<h4 style=\"text-align: justify\"><span style=\"color: #3366ff\"><span style=\"color: #993300\"><strong>Projeto de Extens\u00e3o: M\u00eddia, Espa\u00e7o P\u00fablico e Educa\u00e7\u00e3o<\/strong><\/span><\/span><\/h4>\n<p style=\"text-align: justify\"><span style=\"color: #333399\">\u00a0o projeto \u00e9 coordenado por um professor do Departamento de Lingu\u00edstica que atua no Departamento de Comunica\u00e7\u00e3o Social e visa estabelecer uma rela\u00e7\u00e3o entre temas e perspectivas colocados em circula\u00e7\u00e3o no espa\u00e7o p\u00fablico, atrav\u00e9s das m\u00eddias, e conte\u00fados ministrados nas disciplinas dos ensinos m\u00e9dio e fundamental.\u00a0A atividade, no \u00e2mbito do projeto, consiste em levantar sistematicamente esses elementos em circula\u00e7\u00e3o na m\u00eddia, identificando o teor de sua recep\u00e7\u00e3o pelo p\u00fablico, e discutir de que modo eles podem ser inseridos entre os t\u00f3picos veiculados nas disciplinas escolares.\u00a0O objetivo \u00e9 recuperar, no \u00e2mbito do ensino, uma no\u00e7\u00e3o de constitui\u00e7\u00e3o do cidad\u00e3o a partir de seu interesse e participa\u00e7\u00e3o nos acontecimentos do ambiente em que ele vive. Esse trabalho \u00e9 conduzido por meio de reuni\u00f5es regulares, realizadas duas vezes por m\u00eas, da qual participam professores da rede p\u00fablica, dos sistemas estadual e municipal de ensino, e estudantes da UFPR de diversos cursos, como Letras, Rela\u00e7\u00f5es P\u00fablicas, Publicidade e Propaganda, Jornalismo e outros.<\/span><\/p>\n<p style=\"text-align: justify\"><span style=\"color: #333399\"><strong>Objetivo: <\/strong>O objetivo do projeto \u00e9 inserir conte\u00fados midi\u00e1ticos de forma sistematizada em disciplinas do ensino m\u00e9dio e fundamental, como componente do letramento e da educa\u00e7\u00e3o, contribuindo para a motiva\u00e7\u00e3o do aluno e para a sua forma\u00e7\u00e3o como cidad\u00e3o inserido numa comunidade de di\u00e1logo identificada como o espa\u00e7o p\u00fablico. O link do projeto (j\u00e1 alocado, mas ainda n\u00e3o em funcionamento) \u00e9: www.deixis.org. Coordenador: Bruno Dallari.<\/span><\/p>\n","protected":false},"excerpt":{"rendered":"<p>A Prattica \u2013 Ag\u00eancia Experimental de Rela\u00e7\u00f5es P\u00fablicas um projeto de extens\u00e3o do Departamento de Comunica\u00e7\u00e3o Social (DECOM), supervisionado e coordenado por um professor da habilita\u00e7\u00e3o em Rela\u00e7\u00f5es P\u00fablicas. A ag\u00eancia, local de pesquisa e extens\u00e3o, tem como principal objetivo proporcionar aos estudantes de Rela\u00e7\u00f5es P\u00fablicas, Jornalismo e Publicidade e Propaganda o desenvolvimento pr\u00e1tico daquilo [&hellip;]<\/p>\n","protected":false},"author":7,"featured_media":0,"parent":1732,"menu_order":0,"comment_status":"closed","ping_status":"closed","template":"","meta":{"_acf_changed":false,"ngg_post_thumbnail":0,"footnotes":""},"class_list":["post-2402","page","type-page","status-publish","hentry"],"acf":[],"_links":{"self":[{"href":"https:\/\/sacod.ufpr.br\/comunicacao\/wp-json\/wp\/v2\/pages\/2402","targetHints":{"allow":["GET"]}}],"collection":[{"href":"https:\/\/sacod.ufpr.br\/comunicacao\/wp-json\/wp\/v2\/pages"}],"about":[{"href":"https:\/\/sacod.ufpr.br\/comunicacao\/wp-json\/wp\/v2\/types\/page"}],"author":[{"embeddable":true,"href":"https:\/\/sacod.ufpr.br\/comunicacao\/wp-json\/wp\/v2\/users\/7"}],"replies":[{"embeddable":true,"href":"https:\/\/sacod.ufpr.br\/comunicacao\/wp-json\/wp\/v2\/comments?post=2402"}],"version-history":[{"count":8,"href":"https:\/\/sacod.ufpr.br\/comunicacao\/wp-json\/wp\/v2\/pages\/2402\/revisions"}],"predecessor-version":[{"id":2412,"href":"https:\/\/sacod.ufpr.br\/comunicacao\/wp-json\/wp\/v2\/pages\/2402\/revisions\/2412"}],"up":[{"embeddable":true,"href":"https:\/\/sacod.ufpr.br\/comunicacao\/wp-json\/wp\/v2\/pages\/1732"}],"wp:attachment":[{"href":"https:\/\/sacod.ufpr.br\/comunicacao\/wp-json\/wp\/v2\/media?parent=2402"}],"curies":[{"name":"wp","href":"https:\/\/api.w.org\/{rel}","templated":true}]}}