{"id":2341,"date":"2017-05-12T10:49:27","date_gmt":"2017-05-12T13:49:27","guid":{"rendered":"https:\/\/sacod.ufpr.br\/comunicacao\/?page_id=2341"},"modified":"2017-05-18T12:12:53","modified_gmt":"2017-05-18T15:12:53","slug":"atividades-formativas-complementares","status":"publish","type":"page","link":"https:\/\/sacod.ufpr.br\/comunicacao\/curso-de-jornalismo\/regimentos-2\/atividades-formativas-complementares\/","title":{"rendered":"Atividades Formativas Complementares"},"content":{"rendered":"<p style=\"text-align: left\"><strong><span style=\"color: #800000\">Arquivo \u00a0em PDF:<\/span><\/strong>\u00a0<span style=\"color: #0000ff\"><a style=\"color: #0000ff\" href=\"https:\/\/sacod.ufpr.br\/comunicacao\/wp-content\/uploads\/sites\/9\/2017\/05\/Regimento-das-Atividades-Extracurriculares-2.pdf\">Regimento das Atividades Extracurriculares<\/a><\/span><\/p>\n<p style=\"text-align: center\"><span style=\"color: #000080\"><strong>REGULAMENTO GERAL DAS ATIVIDADES FORMATIVAS <\/strong><\/span><\/p>\n<p style=\"text-align: center\"><span style=\"color: #000080\"><strong>COMPLEMENTARES DO CURSO DE JORNALISMO DA UFPR<\/strong><\/span><\/p>\n<p><span style=\"color: #000080\">As atividades formativas complementares (extracurriculares) s\u00e3o componentes curriculares que possibilitam o reconhecimento, por avalia\u00e7\u00e3o, de habilidades, conhecimentos e compet\u00eancias do aluno, inclusive adquiridas fora do ambiente de ensino e devem ser realizadas sob a supervis\u00e3o, orienta\u00e7\u00e3o e avalia\u00e7\u00e3o de docente do curso.<\/span><\/p>\n<p style=\"text-align: justify\"><span style=\"color: #000080\"><strong>\u00a0<\/strong><\/span><span style=\"color: #000080\"><strong>Art. 1.\u00ba &#8211; <\/strong>Ao longo de sua gradua\u00e7\u00e3o, o estudante de jornalismo deve cumprir horas de atividades complementares que, na UFPR, est\u00e3o previstas pela Resolu\u00e7\u00e3o n.\u00ba 70\/04 do Conselho de Ensino, Pesquisa e Extens\u00e3o, conforme seu art. 4\u00ba.<\/span><\/p>\n<p style=\"text-align: justify\"><span style=\"color: #000080\"><strong>I &#8211; DAS ATIVIDADES FORMATIVAS<\/strong><\/span><\/p>\n<p style=\"text-align: justify\"><span style=\"color: #000080\"><strong>Art. 2\u00ba. &#8211; <\/strong>Entende-se por atividades extracurriculares aquelas que possibilitam ao aluno adquirir conhecimentos de interesse para sua forma\u00e7\u00e3o pessoal e profissional, reconhecidos por meio de avalia\u00e7\u00e3o e que constituem um meio de amplia\u00e7\u00e3o de seu curr\u00edculo, com experi\u00eancias e viv\u00eancias acad\u00eamicas internas e\/ou externas ao curso.<\/span><\/p>\n<p style=\"text-align: justify\"><span style=\"color: #000080\"><strong>\u00a0<\/strong><\/span><span style=\"color: #000080\"><strong>Art. 3\u00ba. &#8211; <\/strong>As atividades extracurriculares do Curso de Jornalismo da UFPR s\u00e3o obrigat\u00f3rias para todos os alunos e categorizam-se em dois grupos: atividades did\u00e1ticas (disciplinas n\u00e3o previstas no curr\u00edculo, ampliando o conhecimento sobre conte\u00fados espec\u00edficos, como economia, esporte, tecnologia) e, atividades acad\u00eamicas (apresenta\u00e7\u00e3o e relatos de inicia\u00e7\u00e3o cient\u00edfica, extens\u00e3o ou monitoria did\u00e1tica em congressos).<\/span><\/p>\n<p style=\"text-align: justify\"><span style=\"color: #000080\"><strong>\u00a0<\/strong><\/span><span style=\"color: #000080\"><strong>Art. 4\u00ba. &#8211; <\/strong>As atividades extracurriculares integram o curr\u00edculo pleno do curso de gradua\u00e7\u00e3o, constituindo-se em elemento indispens\u00e1vel para obten\u00e7\u00e3o do grau correspondente, conforme aponta a legisla\u00e7\u00e3o vigente, abrangendo o percentual da carga hor\u00e1ria estabelecido pelo projeto pedag\u00f3gico do curso.<\/span><\/p>\n<p style=\"text-align: justify\"><span style=\"color: #000080\"><strong>\u00a0<\/strong><\/span><span style=\"color: #000080\"><strong>Art. 5\u00ba. &#8211; <\/strong>As atividades extracurriculares ter\u00e3o carga hor\u00e1ria m\u00ednima de 300 horas.<\/span><\/p>\n<p style=\"text-align: justify\"><span style=\"color: #000080\"><strong>\u00a0<\/strong><\/span><span style=\"color: #000080\"><strong>II &#8211; DA FINALIDADE DAS ATIVIDADES EXTRACURRICULARES<\/strong><\/span><\/p>\n<p style=\"text-align: justify\"><span style=\"color: #000080\"><strong>Art. 6\u00ba. &#8211; <\/strong>As Atividades extracurriculares t\u00eam a finalidade de enriquecer o processo ensino-aprendizagem, privilegiando: a complementa\u00e7\u00e3o da forma\u00e7\u00e3o social e profissional; as atividades de dissemina\u00e7\u00e3o de conhecimentos e presta\u00e7\u00e3o de servi\u00e7os; as atividades de assist\u00eancia acad\u00eamica e de inicia\u00e7\u00e3o cient\u00edfica e tecnol\u00f3gica; as atividades desenvolvidas no \u00e2mbito de programas de difus\u00e3o cultural.<\/span><\/p>\n<p style=\"text-align: justify\"><span style=\"color: #000080\"><strong>III &#8211; DA AVALIA\u00c7\u00c3O DAS ATIVIDADES EXTRACURRICULARES<\/strong><\/span><\/p>\n<p style=\"text-align: justify\"><span style=\"color: #000080\"><strong>Art. 7\u00ba. &#8211; <\/strong>Na avalia\u00e7\u00e3o das atividades extracurriculares ser\u00e3o considerados:<\/span><\/p>\n<ol style=\"text-align: justify\">\n<li><span style=\"color: #000080\">a adequa\u00e7\u00e3o das atividades desenvolvidas com os objetivos do curso;<\/span><\/li>\n<li><span style=\"color: #000080\">o total de horas dedicadas \u00e0 atividade;<\/span><\/li>\n<li><span style=\"color: #000080\">a documenta\u00e7\u00e3o comprobat\u00f3ria das atividades realizadas.<\/span><\/li>\n<\/ol>\n<p style=\"text-align: justify\"><span style=\"color: #000080\"><strong>\u00a0<\/strong><\/span><span style=\"color: #000080\"><strong>Art. 8\u00ba. &#8211; <\/strong>Para fins de aproveitamento e registro no hist\u00f3rico escolar, atividades extracurriculares podem ser distribu\u00eddas entre os seguintes tipos:<\/span><\/p>\n<ol style=\"text-align: justify\">\n<li><span style=\"color: #000080\">bolsista de inicia\u00e7\u00e3o cient\u00edfica (monitoria) e trabalho devidamente certificados, no limite m\u00e1ximo de 150 horas, ou 50% do total;<\/span><\/li>\n<li><span style=\"color: #000080\">participa\u00e7\u00e3o em programas de voluntariado em comunica\u00e7\u00e3o, devidamente certificados, no limite m\u00e1ximo de 100 horas, ou um ter\u00e7o do total;<\/span><\/li>\n<li><span style=\"color: #000080\">participa\u00e7\u00e3o em ag\u00eancia j\u00fanior e\/ou experimental do curso, devidamente certificadas, no limite m\u00e1ximo de 150 horas, ou 50% do total;<\/span><\/li>\n<li><span style=\"color: #000080\">est\u00e1gios profissionais e est\u00e1gios volunt\u00e1rios devidamente certificados, no limite m\u00e1ximo de 150 horas, ou 50% do total;<\/span><\/li>\n<li><span style=\"color: #000080\">participa\u00e7\u00e3o em projetos e\/ou programas de extens\u00e3o, realizado na UFPR, sob orienta\u00e7\u00e3o de professor da institui\u00e7\u00e3o, no limite de 150 horas, ou 50%;<\/span><\/li>\n<li><span style=\"color: #000080\">organiza\u00e7\u00e3o de cursos ou eventos de extens\u00e3o na \u00e1rea de interesse da gradua\u00e7\u00e3o ou de atualiza\u00e7\u00e3o cultural ou cient\u00edfica realizados na UFPR, no limite m\u00e1ximo de 150 horas, ou 50% do total;<\/span><\/li>\n<li><span style=\"color: #000080\">participa\u00e7\u00e3o em eventos e congressos em \u00e1rea afim do curso de gradua\u00e7\u00e3o, devidamente certificados, at\u00e9 6 horas por dia, com limite de 30 horas por evento ou congresso e limite m\u00e1ximo de 150 horas, ou 50% ;<\/span><\/li>\n<li><span style=\"color: #000080\">participa\u00e7\u00e3o em eventos e congressos de estudantes da \u00e1rea (Enecom, Erecom, Cobrecos e similares) ou gerais (Congresso da UNE, UPE e da UFPR), devidamente certificados, at\u00e9 6 horas por dia, com limite de 30 horas por evento ou congresso e limite m\u00e1ximo de 150 horas, ou 50% do total;<\/span><\/li>\n<li><span style=\"color: #000080\">cursos ou eventos de extens\u00e3o na \u00e1rea de interesse da gradua\u00e7\u00e3o ou de atualiza\u00e7\u00e3o cultural ou cient\u00edfica realizados na UFPR, no limite m\u00e1ximo de 100 horas, ou um ter\u00e7o do total;<\/span><\/li>\n<li><span style=\"color: #000080\">produtos de comunica\u00e7\u00e3o veiculados, premiados ou selecionados por ve\u00edculos ou congressos e encontros regionais ou nacionais, devidamente certificados, em at\u00e9 5h por trabalho, no limite m\u00e1ximo de 150 horas, ou 50% do total.<\/span><\/li>\n<li><span style=\"color: #000080\">participa\u00e7\u00e3o em cursos ou eventos de extens\u00e3o na \u00e1rea de interesse da gradua\u00e7\u00e3o ou de atualiza\u00e7\u00e3o cultural ou cient\u00edfica realizados fora da UFPR e por ela reconhecidos, no limite m\u00e1ximo de 60 horas, ou 20% do total;<\/span><\/li>\n<li><span style=\"color: #000080\">participa\u00e7\u00e3o como representante discente em colegiado ou plen\u00e1ria de departamento, com limite de 3 horas por reuni\u00e3o (comprovadas em ata) e limite m\u00e1ximo de 60 horas, ou 20% do total;<\/span><\/li>\n<li><span style=\"color: #000080\">participa\u00e7\u00e3o documentada como representante discente em centro acad\u00eamico, com limite m\u00e1ximo de 30 horas, ou 10% do total;<\/span><\/li>\n<li><span style=\"color: #000080\">interc\u00e2mbio como experi\u00eancia intercultural, com per\u00edodo m\u00ednimo de um m\u00eas, com carga mensal de 20h, at\u00e9 o limite m\u00e1ximo de 100 horas, ou um ter\u00e7o do total.<\/span><\/li>\n<\/ol>\n<p style=\"text-align: justify\"><span style=\"color: #000080\"><strong>\u00a0<\/strong><\/span><span style=\"color: #000080\"><strong>Art. 9\u00ba. &#8211; <\/strong>Compete ao aluno:<\/span><\/p>\n<ol style=\"text-align: justify\">\n<li><span style=\"color: #000080\">informar-se sobre a validade das atividades a serem realizadas;<\/span><\/li>\n<li><span style=\"color: #000080\">providenciar a documenta\u00e7\u00e3o que comprove sua participa\u00e7\u00e3o na (s) atividade (s) extracurriculares.<\/span><\/li>\n<\/ol>\n<p style=\"text-align: justify\"><span style=\"color: #000080\"><strong>\u00a0<\/strong><\/span><span style=\"color: #000080\"><strong>Art. 10\u00ba. &#8211; <\/strong>O Colegiado do Curso de Jornalismo da UFPR estabelece que os pedidos para integraliza\u00e7\u00e3o da carga hor\u00e1ria de atividades extracurriculares ser\u00e3o protocolados na Coordena\u00e7\u00e3o do Curso, devidamente comprovados, para aprecia\u00e7\u00e3o final em reuni\u00e3o do \u00f3rg\u00e3o.<\/span><\/p>\n<p style=\"text-align: justify\"><span style=\"color: #000080\"><strong>Art. 11\u00ba. &#8211; <\/strong>Os alunos devem apresentar, \u00e0 Coordena\u00e7\u00e3o de Curso, os pedidos listando todas as atividades que considerem pertinentes, no entanto a carga hor\u00e1ria n\u00e3o poder\u00e1 ser integralizada com apenas uma atividade, sendo respeitada a proporcionalidade limite estabelecida na seguinte tabela, que faz refer\u00eancia ao disposto no Art. 8\u00ba. deste documento:<\/span><\/p>\n<table style=\"height: 1819px\" width=\"620\">\n<tbody>\n<tr>\n<td width=\"311\"><span style=\"color: #000080\">ATIVIDADES<\/span><\/td>\n<td width=\"161\"><span style=\"color: #000080\">C\u00c1LCULO DA CARGA<\/span><\/p>\n<p><span style=\"color: #000080\">HOR\u00c1RIA EM CASO DE N\u00c3O<\/span><\/p>\n<p><span style=\"color: #000080\">CONSTAR NO CERTIFICADO<\/span><\/td>\n<td width=\"7\"><\/td>\n<td width=\"117\"><span style=\"color: #000080\">PROPOR\u00c7\u00c3O LIMITE<\/span><\/td>\n<\/tr>\n<tr>\n<td width=\"311\"><span style=\"color: #000080\">Participa\u00e7\u00e3o em programas e\/ou projetos de extens\u00e3o.<\/span><\/td>\n<td width=\"161\"><\/td>\n<td colspan=\"2\" width=\"124\"><span style=\"color: #000080\">50% (150)<\/span><\/td>\n<\/tr>\n<tr>\n<td width=\"311\"><span style=\"color: #000080\">Bolsas monitoria, trabalho, inicia\u00e7\u00e3o cient\u00edfica e extens\u00e3o.<\/span><\/td>\n<td width=\"161\"><\/td>\n<td colspan=\"2\" width=\"124\"><span style=\"color: #000080\">50% (150)<\/span><\/td>\n<\/tr>\n<tr>\n<td width=\"311\"><span style=\"color: #000080\">Participa\u00e7\u00e3o em Ag\u00eancia J\u00fanior e\/ou Experimental do Curso.<\/span><\/td>\n<td width=\"161\"><\/td>\n<td colspan=\"2\" width=\"124\"><span style=\"color: #000080\">50% (150)<\/span><\/td>\n<\/tr>\n<tr>\n<td width=\"311\"><span style=\"color: #000080\">Monitoria e\/ou atividade volunt\u00e1ria em Comunica\u00e7\u00e3o.<\/span><\/td>\n<td width=\"161\"><\/td>\n<td colspan=\"2\" width=\"124\"><span style=\"color: #000080\">50% (150)<\/span><\/td>\n<\/tr>\n<tr>\n<td width=\"311\"><span style=\"color: #000080\">Est\u00e1gios n\u00e3o-obrigat\u00f3rios em comunica\u00e7\u00e3o \/ CGE<\/span><\/td>\n<td width=\"161\"><\/td>\n<td colspan=\"2\" width=\"124\"><span style=\"color: #000080\">50% (150)<\/span><\/td>\n<\/tr>\n<tr>\n<td width=\"311\"><span style=\"color: #000080\">Congressos, encontros, simp\u00f3sios e col\u00f3quios cient\u00edficos nas diversas \u00e1reas do conhecimento.<\/span><\/td>\n<td width=\"161\"><span style=\"color: #000080\">N\u00famero de dias do congresso multiplicado por 6 (limitado a 30 horas por evento).<\/span><\/td>\n<td colspan=\"2\" width=\"124\"><span style=\"color: #000080\">50% (150)<\/span><\/td>\n<\/tr>\n<tr>\n<td width=\"311\"><span style=\"color: #000080\">Congressos,\u00a0 encontros\u00a0 de\u00a0 estudantes\u00a0 da\u00a0 \u00e1rea\u00a0 (Enecom,\u00a0 Erecom, Cobrecos\u00a0 e\u00a0 similares)\u00a0 ou\u00a0 gerais\u00a0 (Congresso\u00a0 da \u00a0UNE, UPE e da UFPR).<\/span><\/td>\n<td width=\"161\"><span style=\"color: #000080\">N\u00famero de dias do congresso<\/span><\/td>\n<td colspan=\"2\" width=\"124\"><span style=\"color: #000080\">50% (150)<\/span><\/td>\n<\/tr>\n<tr>\n<td width=\"311\"><span style=\"color: #000080\">Organiza\u00e7\u00e3o de cursos ou eventos de extens\u00e3o.<\/span><\/td>\n<td width=\"161\"><\/td>\n<td colspan=\"2\" width=\"124\"><span style=\"color: #000080\">50% (150)<\/span><\/td>\n<\/tr>\n<tr>\n<td width=\"311\"><span style=\"color: #000080\">Participa\u00e7\u00e3o em cursos e eventos de extens\u00e3o promovidos\u00a0 pela UFPR.<\/span><\/td>\n<td width=\"161\"><\/td>\n<td colspan=\"2\" width=\"124\"><span style=\"color: #000080\">33% (100)<\/span><\/td>\n<\/tr>\n<tr>\n<td width=\"311\"><span style=\"color: #000080\">Participa\u00e7\u00e3o em cursos e eventos de extens\u00e3o promovidos\u00a0\u00a0 por outras IES.<\/span><\/td>\n<td width=\"161\"><\/td>\n<td colspan=\"2\" width=\"124\"><span style=\"color: #000080\">20% (60)<\/span><\/td>\n<\/tr>\n<tr>\n<td width=\"311\"><span style=\"color: #000080\">Produtos\u00a0 de \u00a0Comunica\u00e7\u00e3o\u00a0\u00a0 veiculados,\u00a0\u00a0 premiados\u00a0\u00a0 ou\u00a0 selecionados\u00a0 por\u00a0 ve\u00edculos\u00a0 ou\u00a0 congressos\u00a0 e\u00a0 encontros\u00a0 regionais ou nacionais.<\/span><\/td>\n<td width=\"161\"><span style=\"color: #000080\">At\u00e9 5 horas por trabalho<\/span><\/td>\n<td colspan=\"2\" width=\"124\"><span style=\"color: #000080\">33% (100)<\/span><\/td>\n<\/tr>\n<tr>\n<td width=\"311\"><span style=\"color: #000080\">Cursos nas diversas \u00e1reas do conhecimento. UFPR<\/span><\/td>\n<td width=\"161\"><\/td>\n<td colspan=\"2\" width=\"124\"><span style=\"color: #000080\">50% (150)<\/span><\/td>\n<\/tr>\n<tr>\n<td width=\"311\"><span style=\"color: #000080\">Cursos nas diversas \u00e1reas do conhecimento. Outras<\/span><\/td>\n<td width=\"161\"><\/td>\n<td colspan=\"2\" width=\"124\"><span style=\"color: #000080\">33% (100)<\/span><\/td>\n<\/tr>\n<tr>\n<td width=\"311\"><span style=\"color: #000080\">Participa\u00e7\u00e3o como representante discente em Colegiado ou \u00a0Plen\u00e1ria de departamento.<\/span><\/td>\n<td width=\"161\"><span style=\"color: #000080\">3 horas a cada reuni\u00e3o<\/span><\/td>\n<td colspan=\"2\" width=\"124\"><span style=\"color: #000080\">20% (60)<\/span><\/td>\n<\/tr>\n<tr>\n<td width=\"311\"><span style=\"color: #000080\">Participa\u00e7\u00e3o documentada como representante discente em \u00a0centro acad\u00eamico.<\/span><\/td>\n<td width=\"161\"><\/td>\n<td colspan=\"2\" width=\"124\"><span style=\"color: #000080\">10% (30)<\/span><\/td>\n<\/tr>\n<tr>\n<td width=\"311\"><span style=\"color: #000080\">Interc\u00e2mbio como experi\u00eancia intercultural<\/span><\/td>\n<td width=\"161\"><span style=\"color: #000080\">At\u00e9 20 horas \/ m\u00eas<\/span><\/td>\n<td colspan=\"2\" width=\"124\"><span style=\"color: #000080\">33% (100)<\/span><\/td>\n<\/tr>\n<\/tbody>\n<\/table>\n<p><span style=\"color: #000080\"><strong>\u00a0<\/strong><\/span><\/p>\n","protected":false},"excerpt":{"rendered":"<p>Arquivo \u00a0em PDF:\u00a0Regimento das Atividades Extracurriculares REGULAMENTO GERAL DAS ATIVIDADES FORMATIVAS COMPLEMENTARES DO CURSO DE JORNALISMO DA UFPR As atividades formativas complementares (extracurriculares) s\u00e3o componentes curriculares que possibilitam o reconhecimento, por avalia\u00e7\u00e3o, de habilidades, conhecimentos e compet\u00eancias do aluno, inclusive adquiridas fora do ambiente de ensino e devem ser realizadas sob a supervis\u00e3o, orienta\u00e7\u00e3o e [&hellip;]<\/p>\n","protected":false},"author":7,"featured_media":0,"parent":2263,"menu_order":0,"comment_status":"open","ping_status":"closed","template":"","meta":{"_acf_changed":false,"ngg_post_thumbnail":0,"footnotes":""},"class_list":["post-2341","page","type-page","status-publish","hentry"],"acf":[],"_links":{"self":[{"href":"https:\/\/sacod.ufpr.br\/comunicacao\/wp-json\/wp\/v2\/pages\/2341","targetHints":{"allow":["GET"]}}],"collection":[{"href":"https:\/\/sacod.ufpr.br\/comunicacao\/wp-json\/wp\/v2\/pages"}],"about":[{"href":"https:\/\/sacod.ufpr.br\/comunicacao\/wp-json\/wp\/v2\/types\/page"}],"author":[{"embeddable":true,"href":"https:\/\/sacod.ufpr.br\/comunicacao\/wp-json\/wp\/v2\/users\/7"}],"replies":[{"embeddable":true,"href":"https:\/\/sacod.ufpr.br\/comunicacao\/wp-json\/wp\/v2\/comments?post=2341"}],"version-history":[{"count":9,"href":"https:\/\/sacod.ufpr.br\/comunicacao\/wp-json\/wp\/v2\/pages\/2341\/revisions"}],"predecessor-version":[{"id":2581,"href":"https:\/\/sacod.ufpr.br\/comunicacao\/wp-json\/wp\/v2\/pages\/2341\/revisions\/2581"}],"up":[{"embeddable":true,"href":"https:\/\/sacod.ufpr.br\/comunicacao\/wp-json\/wp\/v2\/pages\/2263"}],"wp:attachment":[{"href":"https:\/\/sacod.ufpr.br\/comunicacao\/wp-json\/wp\/v2\/media?parent=2341"}],"curies":[{"name":"wp","href":"https:\/\/api.w.org\/{rel}","templated":true}]}}