{"id":2332,"date":"2017-05-12T10:41:02","date_gmt":"2017-05-12T13:41:02","guid":{"rendered":"https:\/\/sacod.ufpr.br\/comunicacao\/?page_id=2332"},"modified":"2017-05-18T12:05:56","modified_gmt":"2017-05-18T15:05:56","slug":"trabalho-de-conclusao-de-curso","status":"publish","type":"page","link":"https:\/\/sacod.ufpr.br\/comunicacao\/curso-de-jornalismo\/regimentos-2\/trabalho-de-conclusao-de-curso\/","title":{"rendered":"Trabalho de Conclus\u00e3o de Curso"},"content":{"rendered":"<p style=\"text-align: center\"><span style=\"color: #0000ff\"><strong>REGULAMENTO DAS DISCIPLINAS TRABALHO DE CONCLUS\u00c3O DE CURSO I e TRABALHO DE CONCLUS\u00c3O DE CURSO II DO CURSO DE JORNALISMO DA UNIVERSIDADE FEDERAL DO PARAN\u00c1<\/strong><\/span><\/p>\n<p><span style=\"color: #000080\">O Trabalho de Conclus\u00e3o de Curso em Jornalismo (TCCJor) \u00e9 componente curricular obrigat\u00f3rio, a ser desenvolvido individualmente, realizado sob a supervis\u00e3o docente e avaliado por uma banca examinadora formada por docentes, sendo poss\u00edvel tamb\u00e9m a participa\u00e7\u00e3o de profissionais convidados.<\/span><\/p>\n<p style=\"text-align: justify\"><span style=\"color: #000080\"><strong>I &#8211; DEFINI\u00c7\u00c3O<\/strong><\/span><\/p>\n<p style=\"text-align: justify\"><span style=\"color: #000080\"><strong>Art. 1.\u00ba &#8211; <\/strong>O Trabalho de Conclus\u00e3o de Curso em Jornalismo (TCCJor) \u00e9 requisito parcial para a obten\u00e7\u00e3o do t\u00edtulo de bacharel em Jornalismo e poder\u00e1 ser te\u00f3rico (na forma de monografia) ou te\u00f3rico-pr\u00e1tico (na forma de projeto e produto) de cunho jornal\u00edstico. Atrav\u00e9s dele, o aluno dever\u00e1 demonstrar os conhecimentos obtidos durante o curso: sua forma\u00e7\u00e3o te\u00f3rica no campo da comunica\u00e7\u00e3o, dom\u00ednio human\u00edstico e \u00e9tico, compet\u00eancia t\u00e9cnica e de linguagem, capacidade de reflex\u00e3o cr\u00edtica e de inova\u00e7\u00e3o na forma e no conte\u00fado.<\/span><\/p>\n<p style=\"text-align: justify\"><span style=\"color: #000080\"><strong>II &#8211; DOS OBJETIVOS<\/strong><\/span><\/p>\n<p style=\"text-align: justify\"><span style=\"color: #000080\"><strong>Art. 2.\u00ba &#8211; <\/strong>Os objetivos das disciplinas de TCCJor s\u00e3o:<\/span><\/p>\n<p style=\"text-align: justify\"><span style=\"color: #000080\">1 &#8211; Possibilitar aos estudantes a aplica\u00e7\u00e3o dos conhecimentos te\u00f3ricos, t\u00e9cnicos e profissionais, adquiridos durante os anos de sua forma\u00e7\u00e3o acad\u00eamica, traduzindo-os de forma concreta na elabora\u00e7\u00e3o de um projeto espec\u00edfico para melhor compreens\u00e3o da realidade;<\/span><\/p>\n<p style=\"text-align: justify\"><span style=\"color: #000080\">2 &#8211; Concentrar em um \u00fanico trabalho: capacidade criadora, organiza\u00e7\u00e3o, procedimentos metodol\u00f3gicos, conhecimento te\u00f3rico-pr\u00e1tico de acordo com o suporte escolhido, reda\u00e7\u00e3o e apresenta\u00e7\u00e3o final do projeto;<\/span><\/p>\n<p style=\"text-align: justify\"><span style=\"color: #000080\">3 &#8211; Avaliar se o aluno, uma vez formado, estar\u00e1 habilitado a ingressar na carreira profissional, com compet\u00eancia, esp\u00edrito cr\u00edtico e capacidade de reflex\u00e3o te\u00f3rica;<\/span><\/p>\n<p style=\"text-align: justify\"><span style=\"color: #000080\">4 &#8211; Capacitar os estudantes a produzir projetos de alcance e adequados \u00e0 realidade, de modo a prepar\u00e1-los ao exerc\u00edcio profissional.<\/span><\/p>\n<p style=\"text-align: justify\"><span style=\"color: #000080\"><strong>III &#8211; DO PR\u00c9-PROJETO<\/strong><\/span><\/p>\n<p style=\"text-align: justify\"><span style=\"color: #000080\"><strong>Art. 3.\u00ba &#8211; <\/strong>Os alunos dever\u00e3o entregar o pr\u00e9-projeto de TCCJor &#8211; Trabalho de Conclus\u00e3o de Curso &#8211; na Coordena\u00e7\u00e3o de Curso at\u00e9 o \u00faltimo dia letivo do semestre que antecede a matr\u00edcula para TCCJor I. A entrega \u00e9 condi\u00e7\u00e3o para efetivar a matr\u00edcula.<\/span><\/p>\n<p style=\"text-align: justify\"><span style=\"color: #000080\"><strong>Art. 4.\u00ba &#8211; <\/strong>O pr\u00e9-projeto dever\u00e1 conter, no m\u00ednimo, os seguintes itens:<\/span><\/p>\n<p style=\"text-align: justify\"><span style=\"color: #000080\">1 &#8211; Defini\u00e7\u00e3o do tema;<\/span><\/p>\n<p style=\"text-align: justify\"><span style=\"color: #000080\">2 &#8211; Descri\u00e7\u00e3o da proposta: problema de pesquisa, objetivos, justificativa, procedimentos metodol\u00f3gicos, revis\u00e3o b\u00e1sica de literatura e cronograma;<\/span><\/p>\n<p style=\"text-align: justify\"><span style=\"color: #000080\">3 &#8211; Bibliografia m\u00ednima.<\/span><\/p>\n<p style=\"text-align: justify\"><span style=\"color: #000080\"><strong>Art. 5.\u00ba &#8211; <\/strong>Poder\u00e3o efetuar matr\u00edcula em TCCJorI os alunos que tenham cursado no m\u00ednimo 70% da carga hor\u00e1ria total do curso e ao menos duas disciplinas de metodologia com aproveitamento.<\/span><\/p>\n<p style=\"text-align: justify\"><span style=\"color: #000080\"><strong>Art. 6.\u00ba &#8211; <\/strong>Os professores do quadro efetivo do Departamento de Comunica\u00e7\u00e3o dever\u00e3o orientar TCCJor I e TCCJor II, desde que o projeto seja pertinente a sua \u00e1rea de conhecimento.<\/span><\/p>\n<p style=\"text-align: justify\"><span style=\"color: #000080\"><strong>Art. 7.\u00ba &#8211; <\/strong>Poder\u00e3o ser coorientadores professores universit\u00e1rios, alunos do PPGCom UFPR e jornalistas profissionais, desde que indicados pelo orientador e aprovados pelo Colegiado do curso de Jornalismo da UFPR.<\/span><\/p>\n<p style=\"text-align: justify\"><span style=\"color: #000080\"><strong>Art. 8.\u00ba \u2013 <\/strong>Caber\u00e1 ao Colegiado do Curso, al\u00e9m de acatar pedidos de coorientadores, avaliar a pertin\u00eancia do projeto com o campo da comunica\u00e7\u00e3o, distribuir as orienta\u00e7\u00f5es, dentro das disponibilidades de vagas indicadas pelo Departamento de Comunica\u00e7\u00e3o, e aprovar as bancas de avalia\u00e7\u00e3o de TCCJor II.<\/span><\/p>\n<p style=\"text-align: justify\"><span style=\"color: #000080\"><em>Par\u00e1grafo \u00fanico \u2013 <\/em>O professor da disciplina de Semin\u00e1rio de Pesquisa dever\u00e1 avaliar previamente os pr\u00e9-projetos para aceita\u00e7\u00e3o do tema, e indica\u00e7\u00e3o de orientadores, conforme a pertin\u00eancia com a \u00e1rea de trabalho de cada professor, a ser submetido ao Colegiado.<\/span><\/p>\n<p style=\"text-align: justify\"><span style=\"color: #000080\"><strong>IV &#8211; DA ORIENTA\u00c7\u00c3O<\/strong><\/span><\/p>\n<p style=\"text-align: justify\"><span style=\"color: #000080\"><strong>Art. 9.\u00ba &#8211; <\/strong>Todo aluno ter\u00e1 direito a orienta\u00e7\u00e3o de um professor do Decom para o desenvolvimento de TCCJor.<\/span><\/p>\n<p style=\"text-align: justify\"><span style=\"color: #000080\"><strong>Art. 10.\u00ba &#8211; <\/strong>O orientando dever\u00e1 cumprir o cronograma estabelecido e preencher, junto com o orientador, a ficha de acompanhamento semanal (Anexo VI).<\/span><\/p>\n<p style=\"text-align: justify\"><span style=\"color: #000080\"><em>Par\u00e1grafo \u00fanico: <\/em>A frequ\u00eancia m\u00ednima nas orienta\u00e7\u00f5es para aprova\u00e7\u00e3o em TCCJor I e II \u00e9 de 75%.<\/span><\/p>\n<p style=\"text-align: justify\"><span style=\"color: #000080\"><strong>Art. 11.\u00ba &#8211; <\/strong>Nenhum TCCJor poder\u00e1 ser realizado sem o acompanhamento de um professor orientador do Decom.<\/span><\/p>\n<p style=\"text-align: justify\"><span style=\"color: #000080\"><strong>VII &#8211; DOS PRAZOS<\/strong><\/span><\/p>\n<p style=\"text-align: justify\"><span style=\"color: #000080\"><strong>Art. 12.\u00ba &#8211; <\/strong>O aluno dever\u00e1 entregar o projeto de TCCJor I at\u00e9 duas semanas antes do \u00faltimo dia letivo do semestre, para que seu trabalho seja avaliado na semana que antecede os exames finais das disciplinas.<\/span><\/p>\n<p style=\"text-align: justify\"><span style=\"color: #000080\"><strong>Art. 13.\u00ba &#8211; <\/strong>Para ir \u00e0 banca, o aluno dever\u00e1 entregar o trabalho final de TCCJor II at\u00e9 20 dias antes do \u00faltimo dia letivo do semestre, na Coordena\u00e7\u00e3o de Curso at\u00e9 as 17h, impreterivelmente.<\/span><\/p>\n<p style=\"text-align: justify\"><span style=\"color: #000080\"><em>Par\u00e1grafo \u00fanico: <\/em>Junto ao TCCJor II, o aluno dever\u00e1 entregar formul\u00e1rio assinado pelo professor orientador com a composi\u00e7\u00e3o da banca, com o respectivo curr\u00edculo do avaliador externo e sugest\u00e3o de data e hor\u00e1rio.<\/span><\/p>\n<p style=\"text-align: justify\"><span style=\"color: #000080\"><strong>V &#8211; DAS DIRETRIZES T\u00c9CNICAS<\/strong><\/span><\/p>\n<p style=\"text-align: justify\"><span style=\"color: #000080\"><strong>Art. 14.\u00ba &#8211; <\/strong>No ato da entrega do TCCJor para a banca o aluno dever\u00e1 consignar junto \u00e0 Coordena\u00e7\u00e3o de Curso tr\u00eas c\u00f3pias em espiral do TCC.<\/span><\/p>\n<p style=\"text-align: justify\"><span style=\"color: #000080\"><strong>Art. 15.\u00ba &#8211; <\/strong>No caso de projetos te\u00f3rico-pr\u00e1ticos, dever\u00e3o ser entregues na Coordena\u00e7\u00e3o: tr\u00eas (3) c\u00f3pias do projeto com reflex\u00e3o te\u00f3rica, al\u00e9m de tr\u00eas (3) c\u00f3pias f\u00edsicas do produto com as seguintes especifica\u00e7\u00f5es:<\/span><\/p>\n<p style=\"text-align: justify\"><span style=\"color: #000080\">1 &#8211; <strong>Impresso<\/strong> \u2013 (livro-reportagem, revista, jornal etc) \u2013 vers\u00e3o diagramada impressa dos textos e fotos em papel sulfite, no formato escolhido para a produ\u00e7\u00e3o, em encaderna\u00e7\u00e3o simples. A cor ser\u00e1 exigida apenas para trabalhos em fotografia.<\/span><\/p>\n<p style=\"text-align: justify\"><span style=\"color: #000080\">2 &#8211; <strong>Audiovisual<\/strong> \u2013 (programa, document\u00e1rio etc) \u2013 c\u00f3pias do roteiro e do produto final, em plataforma adequada.<\/span><\/p>\n<p style=\"text-align: justify\"><span style=\"color: #000080\">3 &#8211; <strong>Internet<\/strong> \u2013 (site, blog, e-book, produtos transmidi\u00e1ticos etc ) \u2013 c\u00f3pia off-line do produto final em plataforma adequada e respectivos links<\/span><\/p>\n<p style=\"text-align: justify\"><span style=\"color: #000080\"><strong>VI \u2013 DA ENTREGA DOS TRABALHOS<\/strong><\/span><\/p>\n<p style=\"text-align: justify\"><span style=\"color: #000080\"><strong>Art. 16.\u00ba <\/strong>Os Trabalhos de Conclus\u00e3o de Curso II devem ser entregues na Coordena\u00e7\u00e3o de Curso at\u00e9 a data determinada pelo Colegiado de Curso.<\/span><\/p>\n<p style=\"text-align: justify\"><span style=\"color: #000080\"><strong>Art. 17. <\/strong>O trabalho completo deve ser entregue em 3 c\u00f3pias impressas da parte te\u00f3rica e 3 do produto, na plataforma escolhida pelo aluno.<\/span><\/p>\n<p style=\"text-align: justify\"><span style=\"color: #000080\"><em>Par\u00e1grafo \u00fanico: <\/em>Junto com o TCCII devem ser entregues o documento assinado pelo orientador com a composi\u00e7\u00e3o da banca (breve curr\u00edculo do convidado), e sugest\u00e3o de data e hor\u00e1rio para a realiza\u00e7\u00e3o da mesma. N\u00e3o ser\u00e3o aceitos protocolos de trabalhos sem o documento.<\/span><\/p>\n<p style=\"text-align: justify\"><span style=\"color: #000080\"><strong>Art. 18. <\/strong>A homologa\u00e7\u00e3o das bancas ser\u00e1 feita pelo Colegiado de Curso na primeira reuni\u00e3o ap\u00f3s a entrega do TCC II. As sugest\u00f5es de datas e hor\u00e1rios ser\u00e3o repassadas pela Coordena\u00e7\u00e3o ao DeCOM para o devido ensalamento.<\/span><\/p>\n<p style=\"text-align: justify\"><span style=\"color: #000080\"><strong>Art. 19. <\/strong>As bancas dever\u00e3o acontecer no per\u00edodo definido em reuni\u00e3o Colegiada e a lista ser\u00e1 colocada em edital assim que o DeCom finalizar o ensalamento. Qualquer altera\u00e7\u00e3o (data e\/ou hor\u00e1rio) deve ser negociada diretamente com o DeCom.<\/span><\/p>\n<p style=\"text-align: justify\"><span style=\"color: #000080\"><strong>Art. 20. <\/strong>Qualquer altera\u00e7\u00e3o na composi\u00e7\u00e3o das bancas dever\u00e1 ser submetida \u00e0 an\u00e1lise e homologa\u00e7\u00e3o do Colegiado de curso.<\/span><\/p>\n<p style=\"text-align: justify\"><span style=\"color: #000080\"><strong>Art. 21. <\/strong>Ap\u00f3s a banca, o aluno ter\u00e1 at\u00e9 10 dias para providenciar as eventuais modifica\u00e7\u00f5es indicadas pelos avaliadores.<\/span><\/p>\n<p style=\"text-align: justify\"><span style=\"color: #000080\"><strong>VII &#8211; DA AVALIA\u00c7\u00c3O<\/strong><\/span><\/p>\n<p style=\"text-align: justify\"><span style=\"color: #000080\"><strong>Art. 22.\u00ba &#8211; <\/strong>Nas disciplinas de Trabalho de Conclus\u00e3o de Curso I e II, a avalia\u00e7\u00e3o obedecer\u00e1 \u00e0s seguintes condi\u00e7\u00f5es de aprova\u00e7\u00e3o:<\/span><\/p>\n<p style=\"text-align: justify\"><span style=\"color: #000080\">I \u2013 Desenvolver as atividades exigidas e definidas no Plano de Ensino da disciplina;<\/span><\/p>\n<p style=\"text-align: justify\"><span style=\"color: #000080\">II \u2013 Alcan\u00e7ar o limite m\u00ednimo de frequ\u00eancia previsto no Plano de Ensino da disciplina; III \u2013 Obter, no m\u00ednimo, grau num\u00e9rico 50 de m\u00e9dia aritm\u00e9tica, na escala de zero a cem (100), inclu\u00edda a defesa p\u00fablica quando for o caso.<\/span><\/p>\n<p style=\"text-align: justify\"><span style=\"color: #000080\"><strong>Art. 23.\u00ba &#8211; <\/strong>Os crit\u00e9rios para a avalia\u00e7\u00e3o ser\u00e3o elaborados pelo Colegiado e equipe de orientadores, com pr\u00e9via divulga\u00e7\u00e3o aos alunos e examinadores.<\/span><\/p>\n<p style=\"text-align: justify\"><span style=\"color: #000080\"><strong>Art. 24.\u00ba &#8211; <\/strong>Nas disciplinas de TCCJor I os alunos ser\u00e3o avaliados a partir da primeira vers\u00e3o da parte te\u00f3rica do projeto, que dever\u00e1 ter os seguintes itens:<\/span><\/p>\n<p style=\"text-align: justify\"><span style=\"color: #000080\">1- Defini\u00e7\u00e3o do projeto: tema, problema, objetivos, justificativa, procedimento metodol\u00f3gico, sum\u00e1rio, cronograma;<\/span><\/p>\n<p style=\"text-align: justify\"><span style=\"color: #000080\">2 &#8211; Conclus\u00e3o de ao menos um cap\u00edtulo;<\/span><\/p>\n<p style=\"text-align: justify\"><span style=\"color: #000080\">3 &#8211; Breve discuss\u00e3o dos demais cap\u00edtulos;<\/span><\/p>\n<p style=\"text-align: justify\"><span style=\"color: #000080\">4 &#8211; Refer\u00eancias bibliogr\u00e1ficas<\/span><\/p>\n<p style=\"text-align: justify\"><span style=\"color: #000080\"><em>Par\u00e1grafo \u00fanico &#8211; <\/em>Para qualifica\u00e7\u00e3o do candidato ao TCCJor II, a avalia\u00e7\u00e3o ser\u00e1 realizada por, no m\u00ednimo, dois docentes: o orientador e outro professor do Decom na forma de pr\u00e9-banca ou parecer escrito.<\/span><\/p>\n<p style=\"text-align: justify\"><span style=\"color: #000080\"><strong>Art. 25.\u00ba &#8211; <\/strong>A avalia\u00e7\u00e3o da disciplina de TCCJor II ser\u00e1 realizada em defesa p\u00fablica.<\/span><\/p>\n<ul style=\"text-align: justify\">\n<li><span style=\"color: #000080\"><em>1: <\/em>Estar\u00e1 aprovado o aluno que alcan\u00e7ar nota igual ou superior a 50.<\/span><\/li>\n<li><span style=\"color: #000080\"><em>2: <\/em>Estar\u00e1 reprovado o aluno que alcan\u00e7ar nota igual ou inferior a 49.<\/span><\/li>\n<li><span style=\"color: #000080\"><em>3: <\/em>Se a maioria das notas dos membros da banca for inferior \u00e0 m\u00e9dia, as notas superiores ser\u00e3o desconsideradas e o aluno estar\u00e1 reprovado.<\/span><\/li>\n<\/ul>\n<p style=\"text-align: justify\"><span style=\"color: #000080\"><strong>Art. 26.\u00ba &#8211; <\/strong>As bancas ter\u00e3o tr\u00eas membros, sendo o orientador, um professor do Departamento de Comunica\u00e7\u00e3o e um convidado externo, este obrigatoriamente graduado em curso superior, com ao menos 3 anos de experi\u00eancia profissional, pesquisador com mestrado ou aluno de PPGCom da UFPR.<\/span><\/p>\n<p style=\"text-align: justify\"><span style=\"color: #000080\"><em>Par\u00e1grafo \u00fanico\u2013 <\/em>o Colegiado avaliar\u00e1 as exce\u00e7\u00f5es em que a composi\u00e7\u00e3o da banca poder\u00e1 ser com apenas professores do Decom, em fun\u00e7\u00e3o do tema do projeto.<\/span><\/p>\n<p style=\"text-align: justify\"><span style=\"color: #000080\"><strong>Art. 27.\u00ba &#8211; <\/strong>A defesa dever\u00e1 ter 20 a 30 minutos para exposi\u00e7\u00e3o e m\u00e1ximo de 40 para argui\u00e7\u00e3o e r\u00e9plica, podendo haver adequa\u00e7\u00f5es desde que n\u00e3o exceda 1 hora e 30 minutos de dura\u00e7\u00e3o.<\/span><\/p>\n<p style=\"text-align: justify\"><span style=\"color: #000080\"><em>Par\u00e1grafo \u00fanico: <\/em>A avalia\u00e7\u00e3o seguir\u00e1 formul\u00e1rio (Anexo VI) e o resultado ser\u00e1 divulgado pela banca em at\u00e9 30 minutos ap\u00f3s o fim da defesa p\u00fablica.<\/span><\/p>\n<p style=\"text-align: justify\"><span style=\"color: #000080\"><strong>Art. 28.\u00ba &#8211; <\/strong>Os atrasos de componentes da banca ser\u00e3o tolerados at\u00e9 o limite de 15 minutos. Transcorrido este tempo, a banca, desde que tenha pelo menos, dois dos seus membros ter\u00e1 in\u00edcio, n\u00e3o podendo mais incorporar componente algum.<\/span><\/p>\n<p style=\"text-align: justify\"><span style=\"color: #000080\"><strong>Art. 29.\u00ba- <\/strong>As avalia\u00e7\u00f5es das bancas s\u00e3o soberanas, n\u00e3o estando sujeitas a revis\u00f5es quanto \u00e0s notas atribu\u00eddas.<\/span><\/p>\n<p style=\"text-align: justify\"><span style=\"color: #000080\"><strong>Art. 30.\u00ba &#8211; <\/strong>N\u00e3o cabe avalia\u00e7\u00e3o final em TCCJor.<\/span><\/p>\n<p style=\"text-align: justify\"><span style=\"color: #000080\"><strong>Art. 31.\u00ba &#8211; <\/strong>Os casos comprovados de pl\u00e1gio implicar\u00e3o em reprova\u00e7\u00e3o imediata do aluno e abertura de sindic\u00e2ncia para aplica\u00e7\u00e3o das penalidades previstas no regimento da UFPR para os casos de fraude em trabalho escolar.<\/span><\/p>\n<p style=\"text-align: justify\"><span style=\"color: #000080\"><strong>VIII &#8211; DA DIVULGA\u00c7\u00c3O<\/strong><\/span><\/p>\n<p style=\"text-align: justify\"><span style=\"color: #000080\"><strong>Art. 32.\u00ba &#8211; <\/strong>A data da defesa p\u00fablica, hor\u00e1rio, local e componentes dever\u00e3o ser divulgados em edital at\u00e9 10 dias antes.<\/span><\/p>\n<p style=\"text-align: justify\"><span style=\"color: #000080\"><strong>Art. 33.\u00ba &#8211; <\/strong>As notas de cada um dos componentes dever\u00e3o ser divulgadas, em edital, at\u00e9 tr\u00eas dias ap\u00f3s a defesa p\u00fablica.<\/span><\/p>\n<p style=\"text-align: justify\"><span style=\"color: #000080\"><strong>IX &#8211; DO DEP\u00d3SITO<\/strong><\/span><\/p>\n<p style=\"text-align: justify\"><span style=\"color: #000080\"><strong>Art. 34.\u00ba<\/strong> &#8211; Uma c\u00f3pia em m\u00eddia digital do TCCJor dever\u00e1 ser entregue ao professor para o devido lan\u00e7amento da nota, no prazo de 10 dias com as devidas corre\u00e7\u00f5es normativas. Todos os textos formatados, imagens e demais componentes da vers\u00e3o final dos trabalhos dever\u00e3o estar nas m\u00eddias de transporte (gravados em CD, DVD, etc.), juntamente com uma c\u00f3pia da ata de defesa.<\/span><\/p>\n<ul style=\"text-align: justify\">\n<li><span style=\"color: #000080\"><em>1: <strong>:<\/strong> <\/em>Junto com o trabalho em m\u00eddia digital, o aluno dever\u00e1 entregar na Coordena\u00e7\u00e3o autoriza\u00e7\u00e3o do professor atestando que as eventuais corre\u00e7\u00f5es foram realizadas pelo aluno, para que o dep\u00f3sito possa ser efetivado.<\/span><\/li>\n<li><span style=\"color: #000080\"><em>2: <\/em>O aluno que n\u00e3o entregar o trabalho ao professor, no prazo de 10 dias previstos no artigo, estar\u00e1 automaticamente reprovado. As notas somente ser\u00e3o lan\u00e7adas no sistema depois de feito o dep\u00f3sito na Coordena\u00e7\u00e3o.<\/span><\/li>\n<\/ul>\n<p style=\"text-align: justify\"><span style=\"color: #000080\"><strong>X &#8211; DAS DISPOSI\u00c7\u00d5ES TRANSIT\u00d3RIAS<\/strong><\/span><\/p>\n<p style=\"text-align: justify\"><span style=\"color: #000080\"><strong>Art. 35\u00ba<\/strong> \u2013 Os casos omissos ser\u00e3o decididos pelo Colegiado de Curso.<\/span><\/p>\n<p>&nbsp;<\/p>\n","protected":false},"excerpt":{"rendered":"<p>REGULAMENTO DAS DISCIPLINAS TRABALHO DE CONCLUS\u00c3O DE CURSO I e TRABALHO DE CONCLUS\u00c3O DE CURSO II DO CURSO DE JORNALISMO DA UNIVERSIDADE FEDERAL DO PARAN\u00c1 O Trabalho de Conclus\u00e3o de Curso em Jornalismo (TCCJor) \u00e9 componente curricular obrigat\u00f3rio, a ser desenvolvido individualmente, realizado sob a supervis\u00e3o docente e avaliado por uma banca examinadora formada por [&hellip;]<\/p>\n","protected":false},"author":7,"featured_media":0,"parent":2263,"menu_order":0,"comment_status":"closed","ping_status":"closed","template":"","meta":{"_acf_changed":false,"ngg_post_thumbnail":0,"footnotes":""},"class_list":["post-2332","page","type-page","status-publish","hentry"],"acf":[],"_links":{"self":[{"href":"https:\/\/sacod.ufpr.br\/comunicacao\/wp-json\/wp\/v2\/pages\/2332","targetHints":{"allow":["GET"]}}],"collection":[{"href":"https:\/\/sacod.ufpr.br\/comunicacao\/wp-json\/wp\/v2\/pages"}],"about":[{"href":"https:\/\/sacod.ufpr.br\/comunicacao\/wp-json\/wp\/v2\/types\/page"}],"author":[{"embeddable":true,"href":"https:\/\/sacod.ufpr.br\/comunicacao\/wp-json\/wp\/v2\/users\/7"}],"replies":[{"embeddable":true,"href":"https:\/\/sacod.ufpr.br\/comunicacao\/wp-json\/wp\/v2\/comments?post=2332"}],"version-history":[{"count":4,"href":"https:\/\/sacod.ufpr.br\/comunicacao\/wp-json\/wp\/v2\/pages\/2332\/revisions"}],"predecessor-version":[{"id":2339,"href":"https:\/\/sacod.ufpr.br\/comunicacao\/wp-json\/wp\/v2\/pages\/2332\/revisions\/2339"}],"up":[{"embeddable":true,"href":"https:\/\/sacod.ufpr.br\/comunicacao\/wp-json\/wp\/v2\/pages\/2263"}],"wp:attachment":[{"href":"https:\/\/sacod.ufpr.br\/comunicacao\/wp-json\/wp\/v2\/media?parent=2332"}],"curies":[{"name":"wp","href":"https:\/\/api.w.org\/{rel}","templated":true}]}}