{"id":2140,"date":"2017-05-11T08:48:24","date_gmt":"2017-05-11T11:48:24","guid":{"rendered":"https:\/\/sacod.ufpr.br\/comunicacao\/?page_id=2140"},"modified":"2017-05-22T10:45:37","modified_gmt":"2017-05-22T13:45:37","slug":"ementas-do-curso-de-pp","status":"publish","type":"page","link":"https:\/\/sacod.ufpr.br\/comunicacao\/169a-publicidade-e-propaganda\/ementas-do-curso-de-pp\/","title":{"rendered":"Ementas do curso de PP"},"content":{"rendered":"<p><a href=\"https:\/\/sacod.ufpr.br\/comunicacao\/wp-content\/uploads\/sites\/9\/2017\/05\/HH300-Hist\u00f3ria-Contempor\u00e2nea-2.pdf\">HH300 &#8211; Hist\u00f3ria Contempor\u00e2nea<\/a><br \/>\n<a href=\"https:\/\/sacod.ufpr.br\/comunicacao\/wp-content\/uploads\/sites\/9\/2017\/05\/LIB037-Comunica\u00e7\u00e3o-em-L\u00ednguas-Brasileira-de-Sinais-LIBRAS.pdf\">LIB037 &#8211; Comunica\u00e7\u00e3o em L\u00ednguas Brasileira de Sinais &#8211; LIBRAS<\/a><br \/>\n<a href=\"https:\/\/sacod.ufpr.br\/comunicacao\/wp-content\/uploads\/sites\/9\/2017\/05\/OC002-Fundamentos-da-Comunica\u00e7\u00e3o-Sonora.pdf\">OC002 &#8211; Fundamentos da Comunica\u00e7\u00e3o Sonora<\/a><br \/>\n<a href=\"https:\/\/sacod.ufpr.br\/comunicacao\/wp-content\/uploads\/sites\/9\/2017\/05\/OC003-Fundamentos-da-Fotografia-1.pdf\">OC003 &#8211; Fundamentos da Fotografia<\/a><br \/>\n<a href=\"https:\/\/sacod.ufpr.br\/comunicacao\/wp-content\/uploads\/sites\/9\/2017\/05\/OC004-Economia-Politica-da-Comunica\u00e7\u00e3o-1.pdf\">OC004 &#8211; Economia Politica da Comunica\u00e7\u00e3o<\/a><br \/>\n<a href=\"https:\/\/sacod.ufpr.br\/comunicacao\/wp-content\/uploads\/sites\/9\/2017\/05\/OC005-Oficina-de-Reda\u00e7\u00e3o-1.pdf\">OC005 &#8211; Oficina de Reda\u00e7\u00e3o<\/a><br \/>\n<a href=\"https:\/\/sacod.ufpr.br\/comunicacao\/wp-content\/uploads\/sites\/9\/2017\/05\/OC006-Leituras-em-Filosofia-1.pdf\">OC006 &#8211; Leituras em Filosofia<\/a><br \/>\n<a href=\"https:\/\/sacod.ufpr.br\/comunicacao\/wp-content\/uploads\/sites\/9\/2017\/05\/OC009-Fundamentos-de-Comunica\u00e7\u00e3o-Audiovisual-1.pdf\">OC009 &#8211; Fundamentos de Comunica\u00e7\u00e3o Audiovisual<\/a><br \/>\n<a href=\"https:\/\/sacod.ufpr.br\/comunicacao\/wp-content\/uploads\/sites\/9\/2017\/05\/OC010-Fundamentos-da-Comunica\u00e7\u00e3o-Visual-1.pdf\">OC010 &#8211; Fundamentos da Comunica\u00e7\u00e3o Visual<\/a><br \/>\n<a href=\"https:\/\/sacod.ufpr.br\/comunicacao\/wp-content\/uploads\/sites\/9\/2017\/05\/OC027-Hist\u00f3ria-da-Comunica\u00e7\u00e3o-1.pdf\">OC027 &#8211; Hist\u00f3ria da Comunica\u00e7\u00e3o<\/a><br \/>\n<a href=\"https:\/\/sacod.ufpr.br\/comunicacao\/wp-content\/uploads\/sites\/9\/2017\/05\/OC028-Leituras-em-Sociologia-1.pdf\">OC028 &#8211; Leituras em Sociologia<\/a><br \/>\n<a href=\"https:\/\/sacod.ufpr.br\/comunicacao\/wp-content\/uploads\/sites\/9\/2017\/05\/OC030-Comunica\u00e7\u00e3o-e-Mercado-4.pdf\">OC030 &#8211; Comunica\u00e7\u00e3o e Mercado<\/a><br \/>\n<a href=\"https:\/\/sacod.ufpr.br\/comunicacao\/wp-content\/uploads\/sites\/9\/2017\/05\/OC055-T\u00f3picos-Especiais-em-Comuncia\u00e7\u00e3o-e-Linguagem.pdf\">OC055 &#8211; T\u00f3picos Especiais em Comuncia\u00e7\u00e3o e Linguagem<\/a><br \/>\n<a href=\"https:\/\/sacod.ufpr.br\/comunicacao\/wp-content\/uploads\/sites\/9\/2017\/05\/OC057-Teorias-da-Comunica\u00e7\u00e3o-I-1.pdf\">OC057 &#8211; Teorias da Comunica\u00e7\u00e3o I<\/a><br \/>\n<a href=\"https:\/\/sacod.ufpr.br\/comunicacao\/wp-content\/uploads\/sites\/9\/2017\/05\/OC058-Antropologia-Comunica\u00e7\u00e3o-e-Cultura.pdf\">OC058 &#8211; Antropologia Comunica\u00e7\u00e3o e Cultura<\/a><br \/>\n<a href=\"https:\/\/sacod.ufpr.br\/comunicacao\/wp-content\/uploads\/sites\/9\/2017\/05\/OC059-Ci\u00eancias-Sociais-e-Comunica\u00e7\u00e3o-3.pdf\">OC059 &#8211; Ci\u00eancias Sociais e Comunica\u00e7\u00e3o<\/a><br \/>\n<a href=\"https:\/\/sacod.ufpr.br\/comunicacao\/wp-content\/uploads\/sites\/9\/2017\/05\/OC064-Comunica\u00e7\u00e3o-e-Linguagem-3.pdf\">OC064 &#8211; Comunica\u00e7\u00e3o e Linguagem<\/a><br \/>\n<a href=\"https:\/\/sacod.ufpr.br\/comunicacao\/wp-content\/uploads\/sites\/9\/2017\/05\/OC065-Pesquisa-em-Comunica\u00e7\u00e3o-I-3.pdf\">OC065 &#8211; Pesquisa em Comunica\u00e7\u00e3o I<\/a><br \/>\n<a href=\"https:\/\/sacod.ufpr.br\/comunicacao\/wp-content\/uploads\/sites\/9\/2017\/05\/OC066-Hist\u00f3ria-da-Arte-3.pdf\">OC066 &#8211; Hist\u00f3ria da Arte<\/a><br \/>\n<a href=\"https:\/\/sacod.ufpr.br\/comunicacao\/wp-content\/uploads\/sites\/9\/2017\/05\/OC071-Comunica\u00e7\u00e3o-e-Tecnologia-3.pdf\">OC071 &#8211; Comunica\u00e7\u00e3o e Tecnologia<\/a><br \/>\n<a href=\"https:\/\/sacod.ufpr.br\/comunicacao\/wp-content\/uploads\/sites\/9\/2017\/05\/OC072-Pesquisa-em-Comunica\u00e7\u00e3o-II-3.pdf\">OC072 &#8211; Pesquisa em Comunica\u00e7\u00e3o II<\/a><br \/>\n<a href=\"https:\/\/sacod.ufpr.br\/comunicacao\/wp-content\/uploads\/sites\/9\/2017\/05\/OC073-Comunica\u00e7\u00e3o-e-Cidadania-3.pdf\">OC073 &#8211; Comunica\u00e7\u00e3o e Cidadania<\/a><br \/>\n<a href=\"https:\/\/sacod.ufpr.br\/comunicacao\/wp-content\/uploads\/sites\/9\/2017\/05\/OC079-Teorias-da-Comunica\u00e7\u00e3o-II-1.pdf\">OC079 &#8211; Teorias da Comunica\u00e7\u00e3o II<\/a><br \/>\n<a href=\"https:\/\/sacod.ufpr.br\/comunicacao\/wp-content\/uploads\/sites\/9\/2017\/05\/OC081-Comunica\u00e7\u00e3o-e-Educa\u00e7\u00e3o-3.pdf\">OC081 &#8211; Comunica\u00e7\u00e3o e Educa\u00e7\u00e3o<\/a><br \/>\n<a href=\"https:\/\/sacod.ufpr.br\/comunicacao\/wp-content\/uploads\/sites\/9\/2017\/05\/OC090-Comunica\u00e7\u00e3o-e-Politica-3.pdf\">OC090 &#8211; Comunica\u00e7\u00e3o e Politica<\/a><br \/>\n<a href=\"https:\/\/sacod.ufpr.br\/comunicacao\/wp-content\/uploads\/sites\/9\/2017\/05\/OC093-Comunica\u00e7\u00e3o-Poular-e-Alternativa.pdf\">OC093 &#8211; Comunica\u00e7\u00e3o Poular e Alternativa<\/a><br \/>\n<a href=\"https:\/\/sacod.ufpr.br\/comunicacao\/wp-content\/uploads\/sites\/9\/2017\/05\/OC094-Comunica\u00e7\u00e3-e-Arte.pdf\">OC094 &#8211; Comunica\u00e7\u00e3 e Arte<\/a><br \/>\n<a href=\"https:\/\/sacod.ufpr.br\/comunicacao\/wp-content\/uploads\/sites\/9\/2017\/05\/OC097-Hist\u00f3ria-do-Cinema-3.pdf\">OC097 &#8211; Hist\u00f3ria do Cinema<\/a><br \/>\n<a href=\"https:\/\/sacod.ufpr.br\/comunicacao\/wp-content\/uploads\/sites\/9\/2017\/05\/OC098-Cinema-I-3.pdf\">OC098 &#8211; Cinema I<\/a><br \/>\n<a href=\"https:\/\/sacod.ufpr.br\/comunicacao\/wp-content\/uploads\/sites\/9\/2017\/05\/OC099-Cinema-II-2.pdf\">OC099 &#8211; Cinema II<\/a><br \/>\n<a href=\"https:\/\/sacod.ufpr.br\/comunicacao\/wp-content\/uploads\/sites\/9\/2017\/05\/OC100-Comunica\u00e7\u00e3o-e-Redes-urbanas-2.pdf\">OC100 &#8211; Comunica\u00e7\u00e3o e Redes urbanas<\/a><br \/>\n<a href=\"https:\/\/sacod.ufpr.br\/comunicacao\/wp-content\/uploads\/sites\/9\/2017\/05\/OC109-Fotografia-Publicit\u00e1ria-2.pdf\">OC109 &#8211; Fotografia Publicit\u00e1ria<\/a><br \/>\n<a href=\"https:\/\/sacod.ufpr.br\/comunicacao\/wp-content\/uploads\/sites\/9\/2017\/05\/OC110-Meios-de-Comunica\u00e7\u00e3o-e-Contimente-Africano.pdf\">OC110 &#8211; Meios de Comunica\u00e7\u00e3o e Contimente Africano<\/a><br \/>\n<a href=\"https:\/\/sacod.ufpr.br\/comunicacao\/wp-content\/uploads\/sites\/9\/2017\/05\/OC128-Produ\u00e7\u00e3o-Audiovisual-1.pdf\">OC128 &#8211; Produ\u00e7\u00e3o Audiovisual<\/a><br \/>\n<a href=\"https:\/\/sacod.ufpr.br\/comunicacao\/wp-content\/uploads\/sites\/9\/2017\/05\/OC134-Psicologia-do-Consumidor-1.pdf\">OC134 &#8211; Psicologia do Consumidor<\/a><br \/>\n<a href=\"https:\/\/sacod.ufpr.br\/comunicacao\/wp-content\/uploads\/sites\/9\/2017\/05\/OC135-Comunica\u00e7\u00e3o-Publicidade-e-Mercado.pdf\">OC135 &#8211; Comunica\u00e7\u00e3o, Publicidade e Mercado<\/a><br \/>\n<a href=\"https:\/\/sacod.ufpr.br\/comunicacao\/wp-content\/uploads\/sites\/9\/2017\/05\/OC136-Produ\u00e7\u00e3o-Inovadora-em-Comunica\u00e7\u00e3o-I.pdf\">OC136 &#8211; Produ\u00e7\u00e3o Inovadora em Comunica\u00e7\u00e3o I<\/a><br \/>\n<a href=\"https:\/\/sacod.ufpr.br\/comunicacao\/wp-content\/uploads\/sites\/9\/2017\/05\/OC137-Cria\u00e7\u00e3o-Publicit\u00e1ria.pdf\">OC137 &#8211; Cria\u00e7\u00e3o Publicit\u00e1ria<\/a><br \/>\n<a href=\"https:\/\/sacod.ufpr.br\/comunicacao\/wp-content\/uploads\/sites\/9\/2017\/05\/OC138-Introdu\u00e7\u00e3o-ao-Marketing.pdf\">OC138 &#8211; Introdu\u00e7\u00e3o ao Marketing<\/a><br \/>\n<a href=\"https:\/\/sacod.ufpr.br\/comunicacao\/wp-content\/uploads\/sites\/9\/2017\/05\/OC139-Pesquisa-de-Mercado-1.pdf\">OC139 &#8211; Pesquisa de Mercado<\/a><br \/>\n<a href=\"https:\/\/sacod.ufpr.br\/comunicacao\/wp-content\/uploads\/sites\/9\/2017\/05\/OC142-Produ\u00e7\u00e3o-Inovadora-emComunica\u00e7\u00e3o-II.pdf\">OC142 &#8211; Produ\u00e7\u00e3o Inovadora emComunica\u00e7\u00e3o II<\/a><br \/>\n<a href=\"https:\/\/sacod.ufpr.br\/comunicacao\/wp-content\/uploads\/sites\/9\/2017\/05\/OC143-Reda\u00e7\u00e3o-Publicit\u00e1ria-I.pdf\">OC143 &#8211; Reda\u00e7\u00e3o Publicit\u00e1ria I<\/a><br \/>\n<a href=\"https:\/\/sacod.ufpr.br\/comunicacao\/wp-content\/uploads\/sites\/9\/2017\/05\/OC144-Programa\u00e7\u00e3o-Visual-I.pdf\">OC144 &#8211; Programa\u00e7\u00e3o Visual I<\/a><br \/>\n<a href=\"https:\/\/sacod.ufpr.br\/comunicacao\/wp-content\/uploads\/sites\/9\/2017\/05\/OC145-produ\u00e7\u00e3o-Inovadora-em-Comunica\u00e7\u00e3o-III.pdf\">OC145 &#8211; produ\u00e7\u00e3o Inovadora em Comunica\u00e7\u00e3o III<\/a><br \/>\n<a href=\"https:\/\/sacod.ufpr.br\/comunicacao\/wp-content\/uploads\/sites\/9\/2017\/05\/OC146-Reda\u00e7\u00e3o-Publicit\u00e1ria-II.pdf\">OC146 &#8211; Reda\u00e7\u00e3o Publicit\u00e1ria II<\/a><br \/>\n<a href=\"https:\/\/sacod.ufpr.br\/comunicacao\/wp-content\/uploads\/sites\/9\/2017\/05\/OC155-programa\u00e7\u00e3o-Visual-II.pdf\">OC155 &#8211; programa\u00e7\u00e3o Visual II<\/a><br \/>\n<a href=\"https:\/\/sacod.ufpr.br\/comunicacao\/wp-content\/uploads\/sites\/9\/2017\/05\/OC156-Assessoria-de-Comunica\u00e7\u00e3o.pdf\">OC156 &#8211; Assessoria de Comunica\u00e7\u00e3o<\/a><br \/>\n<a href=\"https:\/\/sacod.ufpr.br\/comunicacao\/wp-content\/uploads\/sites\/9\/2017\/05\/OC157-Produ\u00e7\u00e3o-Inovadora-em-Comunica\u00e7\u00e3o-IV.pdf\">OC157 &#8211; Produ\u00e7\u00e3o Inovadora em Comunica\u00e7\u00e3o IV<\/a><br \/>\n<a href=\"https:\/\/sacod.ufpr.br\/comunicacao\/wp-content\/uploads\/sites\/9\/2017\/05\/OC158-Produ\u00e7\u00e3o-Publicit\u00e1ria-Sonora.pdf\">OC158 &#8211; Produ\u00e7\u00e3o Publicit\u00e1ria Sonora<\/a><br \/>\n<a href=\"https:\/\/sacod.ufpr.br\/comunicacao\/wp-content\/uploads\/sites\/9\/2017\/05\/OC159-Planejamento-de-Marketing.pdf\">OC159 &#8211; Planejamento de Marketing<\/a><br \/>\n<a href=\"https:\/\/sacod.ufpr.br\/comunicacao\/wp-content\/uploads\/sites\/9\/2017\/05\/OC160-M\u00eddia.pdf\">OC160 &#8211; M\u00eddia<\/a><br \/>\n<a href=\"https:\/\/sacod.ufpr.br\/comunicacao\/wp-content\/uploads\/sites\/9\/2017\/05\/OC170-\u00c9tica-e-legisla\u00e7\u00e3o-em-PP.pdf\">OC170 &#8211; \u00c9tica e legisla\u00e7\u00e3o em PP<\/a><br \/>\n<a href=\"https:\/\/sacod.ufpr.br\/comunicacao\/wp-content\/uploads\/sites\/9\/2017\/05\/OC179-Produ\u00e7\u00e3o-Inovadora-em-comunica\u00e7\u00e3o-V.pdf\">OC179 &#8211; Produ\u00e7\u00e3o Inovadora em comunica\u00e7\u00e3o V<\/a><br \/>\n<a href=\"https:\/\/sacod.ufpr.br\/comunicacao\/wp-content\/uploads\/sites\/9\/2017\/05\/OC186-Pesquisa-Cientifica-em-PP.pdf\">OC186 &#8211; Pesquisa Cientifica em PP<\/a><br \/>\n<a href=\"https:\/\/sacod.ufpr.br\/comunicacao\/wp-content\/uploads\/sites\/9\/2017\/05\/OC189-Produ\u00e7\u00e3o-Publicit\u00e1ria-em-Audiovisual.pdf\">OC189 &#8211; Produ\u00e7\u00e3o Publicit\u00e1ria em Audiovisual<\/a><br \/>\n<a href=\"https:\/\/sacod.ufpr.br\/comunicacao\/wp-content\/uploads\/sites\/9\/2017\/05\/OC204-Planejamento-de-Comunica\u00e7\u00e3o-1.pdf\">OC204 &#8211; Planejamento de Comunica\u00e7\u00e3o<\/a><br \/>\n<a href=\"https:\/\/sacod.ufpr.br\/comunicacao\/wp-content\/uploads\/sites\/9\/2017\/05\/OC205-Inova\u00e7\u00e3o-Digital.pdf\">OC205 &#8211; Inova\u00e7\u00e3o Digital<\/a><br \/>\n<a href=\"https:\/\/sacod.ufpr.br\/comunicacao\/wp-content\/uploads\/sites\/9\/2017\/05\/OC206-Produ\u00e7\u00e3o-Inovadora-em-Comunica\u00e7\u00e3o-VI.pdf\">OC206 &#8211; Produ\u00e7\u00e3o Inovadora em Comunica\u00e7\u00e3o VI<\/a><br \/>\n<a href=\"https:\/\/sacod.ufpr.br\/comunicacao\/wp-content\/uploads\/sites\/9\/2017\/05\/OC207-Produ\u00e7\u00e3o-cientifica-em-PP-I.pdf\">OC207 &#8211; Produ\u00e7\u00e3o cientifica em PP I<\/a><br \/>\n<a href=\"https:\/\/sacod.ufpr.br\/comunicacao\/wp-content\/uploads\/sites\/9\/2017\/05\/OC209-Promo\u00e7\u00e3o-de-Vendas-e-Merchandising-1.pdf\">OC209 &#8211; Promo\u00e7\u00e3o de Vendas e Merchandising<\/a><br \/>\n<a href=\"https:\/\/sacod.ufpr.br\/comunicacao\/wp-content\/uploads\/sites\/9\/2017\/05\/OC210-Gest\u00e3o-de-Neg\u00f3cios-em-Comunica\u00e7\u00e3o-1.pdf\">OC210 &#8211; Gest\u00e3o de Neg\u00f3cios em Comunica\u00e7\u00e3o<\/a><br \/>\n<a href=\"https:\/\/sacod.ufpr.br\/comunicacao\/wp-content\/uploads\/sites\/9\/2017\/05\/OC211-Marketing-Politico.pdf\">OC211 &#8211; Marketing Politico<\/a><br \/>\n<a href=\"https:\/\/sacod.ufpr.br\/comunicacao\/wp-content\/uploads\/sites\/9\/2017\/05\/OC212-Produ\u00e7\u00e3o-Digital.pdf\">OC212 &#8211; Produ\u00e7\u00e3o Digital<\/a><br \/>\n<a href=\"https:\/\/sacod.ufpr.br\/comunicacao\/wp-content\/uploads\/sites\/9\/2017\/05\/OC213-Produ\u00e7\u00e3o-Grafica.pdf\">OC213 &#8211; Produ\u00e7\u00e3o Grafica<\/a><br \/>\n<a href=\"https:\/\/sacod.ufpr.br\/comunicacao\/wp-content\/uploads\/sites\/9\/2017\/05\/OC217-Planejamento-e-Pr\u00e1tica-em-PP-I.pdf\">OC217 &#8211; Planejamento e Pr\u00e1tica em PP I<\/a><br \/>\n<a href=\"https:\/\/sacod.ufpr.br\/comunicacao\/wp-content\/uploads\/sites\/9\/2017\/05\/OC218-Produ\u00e7\u00e3o-cientifica-em-PP-II.pdf\">OC218 &#8211; Produ\u00e7\u00e3o cientifica em PP II<\/a><br \/>\n<a href=\"https:\/\/sacod.ufpr.br\/comunicacao\/wp-content\/uploads\/sites\/9\/2017\/05\/OC220-Planejamento-e-Pr\u00e1tica-em-PP-II.pdf\">OC220 &#8211; Planejamento e Pr\u00e1tica em PP II<\/a><br \/>\n<a href=\"https:\/\/sacod.ufpr.br\/comunicacao\/wp-content\/uploads\/sites\/9\/2017\/05\/OC226-Comunica\u00e7\u00e3o-Digital-Corporativa.pdf\">OC226 &#8211; Comunica\u00e7\u00e3o Digital Corporativa<\/a><br \/>\n<a href=\"https:\/\/sacod.ufpr.br\/comunicacao\/wp-content\/uploads\/sites\/9\/2017\/05\/OC230-Teoria-e-Pesquisa-de-Opini\u00e3o-P\u00fablica-1.pdf\">OC230 &#8211; Teoria e Pesquisa de Opini\u00e3o P\u00fablica<\/a><br \/>\n<a href=\"https:\/\/sacod.ufpr.br\/comunicacao\/wp-content\/uploads\/sites\/9\/2017\/05\/OC231-Planejamento-Estrat\u00e9gico-1.pdf\">OC231 &#8211; Planejamento Estrat\u00e9gico<\/a><br \/>\n<a href=\"https:\/\/sacod.ufpr.br\/comunicacao\/wp-content\/uploads\/sites\/9\/2017\/05\/OC232-Fundamentos-da-Administra\u00e7\u00e3o.pdf\">OC232 &#8211; Fundamentos da Administra\u00e7\u00e3o<\/a><br \/>\n<a href=\"https:\/\/sacod.ufpr.br\/comunicacao\/wp-content\/uploads\/sites\/9\/2017\/05\/OC234-M\u00eddias-Digitais.pdf\">OC234 &#8211; M\u00eddias Digitais<\/a><br \/>\n<a href=\"https:\/\/sacod.ufpr.br\/comunicacao\/wp-content\/uploads\/sites\/9\/2017\/05\/OC236-Comunica\u00e7\u00e3o-e-Tecnologias-nas-Rela\u00e7\u00f5es-P\u00fablicas.pdf\">OC236 &#8211; Comunica\u00e7\u00e3o e Tecnologias nas Rela\u00e7\u00f5es P\u00fablicas<\/a><br \/>\n<a href=\"https:\/\/sacod.ufpr.br\/comunicacao\/wp-content\/uploads\/sites\/9\/2017\/05\/OC238-Teorias-das-Rela\u00e7\u00f5es-P\u00fablicas.pdf\">OC238 &#8211; Teorias das Rela\u00e7\u00f5es P\u00fablicas<\/a><br \/>\n<a href=\"https:\/\/sacod.ufpr.br\/comunicacao\/wp-content\/uploads\/sites\/9\/2017\/05\/OC247-Comunica\u00e7\u00e3o-e-Marketing-1.pdf\">OC247 &#8211; Comunica\u00e7\u00e3o e Marketing<\/a><br \/>\n<a href=\"https:\/\/sacod.ufpr.br\/comunicacao\/wp-content\/uploads\/sites\/9\/2017\/05\/OC248-Comunica\u00e7\u00e3o-P\u00fablica-1.pdf\">OC248 &#8211; Comunica\u00e7\u00e3o P\u00fablica<\/a><br \/>\n<a href=\"https:\/\/sacod.ufpr.br\/comunicacao\/wp-content\/uploads\/sites\/9\/2017\/05\/OC253-Assessoria-e-Estrat\u00e9gias-de-Comunica\u00e7\u00e3o-com-a-Midia.pdf\">OC253 &#8211; Assessoria e Estrat\u00e9gias de Comunica\u00e7\u00e3o com a Midia<\/a><br \/>\n<a href=\"https:\/\/sacod.ufpr.br\/comunicacao\/wp-content\/uploads\/sites\/9\/2017\/05\/OC276-Publicidade-e-Sociedade-1.pdf\">OC276 &#8211; Publicidade e Sociedade<\/a><br \/>\n<a href=\"https:\/\/sacod.ufpr.br\/comunicacao\/wp-content\/uploads\/sites\/9\/2017\/05\/OC277-Criatividade-em-Planejamento-1.pdf\">OC277 &#8211; Criatividade em Planejamento<\/a><br \/>\n<a href=\"https:\/\/sacod.ufpr.br\/comunicacao\/wp-content\/uploads\/sites\/9\/2017\/05\/OC279-Administra\u00e7\u00e3o-em-PP.pdf\">OC279 &#8211; Administra\u00e7\u00e3o em PP<\/a><br \/>\n<a href=\"https:\/\/sacod.ufpr.br\/comunicacao\/wp-content\/uploads\/sites\/9\/2017\/05\/OC293-T\u00f3picos-Especiais-em-Marketing-I-1.pdf\">OC293 &#8211; T\u00f3picos Especiais em Marketing I<\/a><br \/>\n<a href=\"https:\/\/sacod.ufpr.br\/comunicacao\/wp-content\/uploads\/sites\/9\/2017\/05\/OC294-T\u00f3picos-Especiais-em-Marketing-II-1.pdf\">OC294 &#8211; T\u00f3picos Especiais em Marketing II<\/a><br \/>\n<a href=\"https:\/\/sacod.ufpr.br\/comunicacao\/wp-content\/uploads\/sites\/9\/2017\/05\/OC295-T\u00f3picos-Especiais-em-marketing-III.pdf\">OC295 &#8211; T\u00f3picos Especiais em marketing III<\/a><br \/>\n<a href=\"https:\/\/sacod.ufpr.br\/comunicacao\/wp-content\/uploads\/sites\/9\/2017\/05\/OC309-Comunica\u00e7\u00e3o-e-Diversidade-1.pdf\">OC309 &#8211; Comunica\u00e7\u00e3o e Diversidade<\/a><br \/>\n<a href=\"https:\/\/sacod.ufpr.br\/comunicacao\/wp-content\/uploads\/sites\/9\/2017\/05\/OC312-Linguagem-Cientifica-1.pdf\">OC312 &#8211; Linguagem Cientifica<\/a><br \/>\n<a href=\"https:\/\/sacod.ufpr.br\/comunicacao\/wp-content\/uploads\/sites\/9\/2017\/05\/OC327-Linguagem-Publicit\u00e1ria-1.pdf\">OC327 &#8211; Linguagem Publicit\u00e1ria<\/a><br \/>\n<a href=\"https:\/\/sacod.ufpr.br\/comunicacao\/wp-content\/uploads\/sites\/9\/2017\/05\/OC328-Mercado-e-Agroneg\u00f3cio-1.pdf\">OC328 &#8211; Mercado e Agroneg\u00f3cio<\/a><br \/>\n<a href=\"https:\/\/sacod.ufpr.br\/comunicacao\/wp-content\/uploads\/sites\/9\/2017\/05\/OC329-Midia-e-Mercado.pdf\">OC329 &#8211; Midia e Mercado<\/a><br \/>\n<a href=\"https:\/\/sacod.ufpr.br\/comunicacao\/wp-content\/uploads\/sites\/9\/2017\/05\/OC330-Comunica\u00e7\u00e3o-Empressarial-1.pdf\">OC330 &#8211; Comunica\u00e7\u00e3o Empressarial<\/a><br \/>\n<a href=\"https:\/\/sacod.ufpr.br\/comunicacao\/wp-content\/uploads\/sites\/9\/2017\/05\/OC331-M\u00eddia-e-Meio-Ambiente-1.pdf\">OC331 &#8211; M\u00eddia e Meio Ambiente<\/a><br \/>\n<a href=\"https:\/\/sacod.ufpr.br\/comunicacao\/wp-content\/uploads\/sites\/9\/2017\/05\/OC334-Semi\u00f3tica-e-Publicidade-1.pdf\">OC334 &#8211; Semi\u00f3tica e Publicidade<\/a><br \/>\n<a href=\"https:\/\/sacod.ufpr.br\/comunicacao\/wp-content\/uploads\/sites\/9\/2017\/05\/OC335-Antropologia-do-Consumo-1.pdf\">OC335 &#8211; Antropologia do Consumo<\/a><br \/>\n<a href=\"https:\/\/sacod.ufpr.br\/comunicacao\/wp-content\/uploads\/sites\/9\/2017\/05\/OC336-Comunica\u00e7\u00e3o-e-Entretenimento-1.pdf\">OC336 &#8211; Comunica\u00e7\u00e3o e Entretenimento<\/a><br \/>\n<a href=\"https:\/\/sacod.ufpr.br\/comunicacao\/wp-content\/uploads\/sites\/9\/2017\/05\/OC337-Comunica\u00e7\u00e3o-e-Literatura.pdf\">OC337 &#8211; Comunica\u00e7\u00e3o e Literatura<\/a><\/p>\n","protected":false},"excerpt":{"rendered":"<p>HH300 &#8211; Hist\u00f3ria Contempor\u00e2nea LIB037 &#8211; Comunica\u00e7\u00e3o em L\u00ednguas Brasileira de Sinais &#8211; LIBRAS OC002 &#8211; Fundamentos da Comunica\u00e7\u00e3o Sonora OC003 &#8211; Fundamentos da Fotografia OC004 &#8211; Economia Politica da Comunica\u00e7\u00e3o OC005 &#8211; Oficina de Reda\u00e7\u00e3o OC006 &#8211; Leituras em Filosofia OC009 &#8211; Fundamentos de Comunica\u00e7\u00e3o Audiovisual OC010 &#8211; Fundamentos da Comunica\u00e7\u00e3o Visual OC027 &#8211; [&hellip;]<\/p>\n","protected":false},"author":7,"featured_media":0,"parent":1754,"menu_order":0,"comment_status":"closed","ping_status":"closed","template":"","meta":{"_acf_changed":false,"ngg_post_thumbnail":0,"footnotes":""},"class_list":["post-2140","page","type-page","status-publish","hentry"],"acf":[],"_links":{"self":[{"href":"https:\/\/sacod.ufpr.br\/comunicacao\/wp-json\/wp\/v2\/pages\/2140","targetHints":{"allow":["GET"]}}],"collection":[{"href":"https:\/\/sacod.ufpr.br\/comunicacao\/wp-json\/wp\/v2\/pages"}],"about":[{"href":"https:\/\/sacod.ufpr.br\/comunicacao\/wp-json\/wp\/v2\/types\/page"}],"author":[{"embeddable":true,"href":"https:\/\/sacod.ufpr.br\/comunicacao\/wp-json\/wp\/v2\/users\/7"}],"replies":[{"embeddable":true,"href":"https:\/\/sacod.ufpr.br\/comunicacao\/wp-json\/wp\/v2\/comments?post=2140"}],"version-history":[{"count":4,"href":"https:\/\/sacod.ufpr.br\/comunicacao\/wp-json\/wp\/v2\/pages\/2140\/revisions"}],"predecessor-version":[{"id":2240,"href":"https:\/\/sacod.ufpr.br\/comunicacao\/wp-json\/wp\/v2\/pages\/2140\/revisions\/2240"}],"up":[{"embeddable":true,"href":"https:\/\/sacod.ufpr.br\/comunicacao\/wp-json\/wp\/v2\/pages\/1754"}],"wp:attachment":[{"href":"https:\/\/sacod.ufpr.br\/comunicacao\/wp-json\/wp\/v2\/media?parent=2140"}],"curies":[{"name":"wp","href":"https:\/\/api.w.org\/{rel}","templated":true}]}}