{"id":1781,"date":"2017-04-24T10:50:23","date_gmt":"2017-04-24T13:50:23","guid":{"rendered":"https:\/\/sacod.ufpr.br\/comunicacao\/?page_id=1781"},"modified":"2017-05-22T10:32:56","modified_gmt":"2017-05-22T13:32:56","slug":"conteudos-programaticos-2017","status":"publish","type":"page","link":"https:\/\/sacod.ufpr.br\/comunicacao\/curso-de-comunicacao-social-2\/conteudos-programaticos-2017\/","title":{"rendered":"Conte\u00fados program\u00e1ticos 2017"},"content":{"rendered":"<p><a href=\"https:\/\/sacod.ufpr.br\/comunicacao\/wp-content\/uploads\/sites\/9\/2017\/04\/0C390-Etica-e-Lgislacao-em-RP.pdf\">0C390 &#8211; Etica e Lgislacao em RP<\/a><\/p>\n<p><a href=\"https:\/\/sacod.ufpr.br\/comunicacao\/wp-content\/uploads\/sites\/9\/2017\/04\/HL134-Analise-do-discurso-II.pdf\">HL134 &#8211; Analise do discurso II<\/a><\/p>\n<p><a href=\"https:\/\/sacod.ufpr.br\/comunicacao\/wp-content\/uploads\/sites\/9\/2017\/04\/OC013-Comunicacao-e-Linguagem.pdf\">OC013 &#8211; Comunicacao e Linguagem<\/a><\/p>\n<p><a href=\"https:\/\/sacod.ufpr.br\/comunicacao\/wp-content\/uploads\/sites\/9\/2017\/04\/OC015-Comunica\u00e7\u00e3o-e-Tecnologia.pdf\">OC015 &#8211; Comunica\u00e7\u00e3o e Tecnologia<\/a><\/p>\n<p><a href=\"https:\/\/sacod.ufpr.br\/comunicacao\/wp-content\/uploads\/sites\/9\/2017\/04\/OC017-Metodologia-da-Pesquisa.pdf\">OC017 &#8211; Metodologia da Pesquisa<\/a><\/p>\n<p><a href=\"https:\/\/sacod.ufpr.br\/comunicacao\/wp-content\/uploads\/sites\/9\/2017\/04\/OC034-T\u00f3picos-Especiais-em-Teoria-da-Comunica\u00e7\u00e3o-Introdu\u00e7\u00e3o-ao-Jornalismo.pdf\">OC034 &#8211; T\u00f3picos Especiais em Teoria da Comunica\u00e7\u00e3o <\/a><\/p>\n<p><a href=\"https:\/\/sacod.ufpr.br\/comunicacao\/wp-content\/uploads\/sites\/9\/2017\/04\/OC039-T\u00f3picos-Especiais-em-Teoria-da-Comunica\u00e7\u00e3o-IX-Livro-reportagem-fotogr\u00e1fico.pdf\">OC039 &#8211; T\u00f3picos Especiais em Teoria da Comunica\u00e7\u00e3o IX (Livro reportagem fotogr\u00e1fico)<\/a><\/p>\n<p><a href=\"https:\/\/sacod.ufpr.br\/comunicacao\/wp-content\/uploads\/sites\/9\/2017\/04\/OC044-Tecnicas-Avan\u00e7adas-em-Novas-Midias-Narrativas-Visuais.pdf\">OC044 &#8211; Tecnicas Avan\u00e7adas em Novas Midias (Narrativas Visuais)<\/a><\/p>\n<p><a href=\"https:\/\/sacod.ufpr.br\/comunicacao\/wp-content\/uploads\/sites\/9\/2017\/04\/OC055-T\u00f3picos-Especias-em-Comunica\u00e7\u00e3o-e-Linguagem-Arte-Est\u00e9tica-e-Cultura-da-M\u00eddia.pdf\">OC055 &#8211; T\u00f3picos Especias em Comunica\u00e7\u00e3o e Linguagem (Arte, Est\u00e9tica e Cultura da M\u00eddia)<\/a><\/p>\n<p><a href=\"https:\/\/sacod.ufpr.br\/comunicacao\/wp-content\/uploads\/sites\/9\/2017\/04\/OC122-Reda\u00e7\u00e3o-Jornalistica-II.pdf\">OC122 &#8211; Reda\u00e7\u00e3o Jornalistica II<\/a><\/p>\n<p><a href=\"https:\/\/sacod.ufpr.br\/comunicacao\/wp-content\/uploads\/sites\/9\/2017\/04\/OC261-Cria\u00e7\u00e3o-Publicitaria-I.pdf\">OC261 &#8211; Cria\u00e7\u00e3o Publicitaria I<\/a><\/p>\n<p><a href=\"https:\/\/sacod.ufpr.br\/comunicacao\/wp-content\/uploads\/sites\/9\/2017\/04\/OC267-Fotografia-Publicitaria.pdf\">OC267 &#8211; Fotografia Publicitaria<\/a><\/p>\n<p><a href=\"https:\/\/sacod.ufpr.br\/comunicacao\/wp-content\/uploads\/sites\/9\/2017\/04\/OC281-Reda\u00e7\u00e3o-Publicit\u00e1ria-I.pdf\">OC281 &#8211; Reda\u00e7\u00e3o Publicit\u00e1ria I<\/a><\/p>\n<p><a href=\"https:\/\/sacod.ufpr.br\/comunicacao\/wp-content\/uploads\/sites\/9\/2017\/04\/OC290-\u00c9tica-e-Legisla\u00e7\u00e3o-em-PP.pdf\">OC290 &#8211; \u00c9tica e Legisla\u00e7\u00e3o em PP<\/a><\/p>\n<p><a href=\"https:\/\/sacod.ufpr.br\/comunicacao\/wp-content\/uploads\/sites\/9\/2017\/04\/OC305-Teoria-e-T\u00e9cnica-de-Rela\u00e7\u00f5es-P\u00fablicas.pdf\">OC305 &#8211; Teoria e T\u00e9cnica de Rela\u00e7\u00f5es P\u00fablicas<\/a><\/p>\n<p><a href=\"https:\/\/sacod.ufpr.br\/comunicacao\/wp-content\/uploads\/sites\/9\/2017\/04\/OC313-Planejamento-de-Comunica\u00e7\u00e3o-Estrat\u00e9gica.pdf\">OC313 &#8211; Planejamento de Comunica\u00e7\u00e3o Estrat\u00e9gica<\/a><\/p>\n<p><a href=\"https:\/\/sacod.ufpr.br\/comunicacao\/wp-content\/uploads\/sites\/9\/2017\/04\/OC324-Planejamento-Gr\u00e1fico-e-Editorial-em-RP.pdf\">OC324 &#8211; Planejamento Gr\u00e1fico e Editorial em RP<\/a><\/p>\n<p><a href=\"https:\/\/sacod.ufpr.br\/comunicacao\/wp-content\/uploads\/sites\/9\/2017\/04\/OC344-T\u00e9cnicas-de4-RP-IV-Webwriting-para-comunica\u00e7\u00e3o-organizacional-integrada.pdf\">OC344 &#8211; T\u00e9cnicas de4 RP IV (Webwriting para comunica\u00e7\u00e3o organizacional integrada)<\/a><\/p>\n","protected":false},"excerpt":{"rendered":"<p>0C390 &#8211; Etica e Lgislacao em RP HL134 &#8211; Analise do discurso II OC013 &#8211; Comunicacao e Linguagem OC015 &#8211; Comunica\u00e7\u00e3o e Tecnologia OC017 &#8211; Metodologia da Pesquisa OC034 &#8211; T\u00f3picos Especiais em Teoria da Comunica\u00e7\u00e3o OC039 &#8211; T\u00f3picos Especiais em Teoria da Comunica\u00e7\u00e3o IX (Livro reportagem fotogr\u00e1fico) OC044 &#8211; Tecnicas Avan\u00e7adas em Novas Midias [&hellip;]<\/p>\n","protected":false},"author":7,"featured_media":0,"parent":1656,"menu_order":0,"comment_status":"closed","ping_status":"closed","template":"","meta":{"_acf_changed":false,"ngg_post_thumbnail":0,"footnotes":""},"class_list":["post-1781","page","type-page","status-publish","hentry"],"acf":[],"_links":{"self":[{"href":"https:\/\/sacod.ufpr.br\/comunicacao\/wp-json\/wp\/v2\/pages\/1781","targetHints":{"allow":["GET"]}}],"collection":[{"href":"https:\/\/sacod.ufpr.br\/comunicacao\/wp-json\/wp\/v2\/pages"}],"about":[{"href":"https:\/\/sacod.ufpr.br\/comunicacao\/wp-json\/wp\/v2\/types\/page"}],"author":[{"embeddable":true,"href":"https:\/\/sacod.ufpr.br\/comunicacao\/wp-json\/wp\/v2\/users\/7"}],"replies":[{"embeddable":true,"href":"https:\/\/sacod.ufpr.br\/comunicacao\/wp-json\/wp\/v2\/comments?post=1781"}],"version-history":[{"count":1,"href":"https:\/\/sacod.ufpr.br\/comunicacao\/wp-json\/wp\/v2\/pages\/1781\/revisions"}],"predecessor-version":[{"id":1806,"href":"https:\/\/sacod.ufpr.br\/comunicacao\/wp-json\/wp\/v2\/pages\/1781\/revisions\/1806"}],"up":[{"embeddable":true,"href":"https:\/\/sacod.ufpr.br\/comunicacao\/wp-json\/wp\/v2\/pages\/1656"}],"wp:attachment":[{"href":"https:\/\/sacod.ufpr.br\/comunicacao\/wp-json\/wp\/v2\/media?parent=1781"}],"curies":[{"name":"wp","href":"https:\/\/api.w.org\/{rel}","templated":true}]}}