{"id":1754,"date":"2017-02-10T08:28:31","date_gmt":"2017-02-10T11:28:31","guid":{"rendered":"https:\/\/sacod.ufpr.br\/comunicacao\/?page_id=1754"},"modified":"2020-01-20T16:06:53","modified_gmt":"2020-01-20T19:06:53","slug":"169a-publicidade-e-propaganda","status":"publish","type":"page","link":"https:\/\/sacod.ufpr.br\/comunicacao\/169a-publicidade-e-propaganda\/","title":{"rendered":"169A &#8211; Publicidade e Propaganda"},"content":{"rendered":"<p><strong>Denomina\u00e7\u00e3o: <\/strong>Bacharelado em Publicidade e Propaganda<\/p>\n<p><strong>Modalidade: <\/strong>Presencial<\/p>\n<p><strong>Regime: <\/strong>Semestral<\/p>\n<p><strong>Local de oferta: <\/strong>Setor de Artes, Comunica\u00e7\u00e3o e Design | Campus Juvev\u00ea (Rua Bom Jesus 650, Juvev\u00ea &nbsp;&#8211; Curitiba\/PR)<\/p>\n<p><strong>Turno: <\/strong>Matutino e Noturno &#8211; MN<\/p>\n<p><strong>N\u00famero de vagas\/ano: <\/strong>30 por processo seletivo anual (vestibular\/SISU)<\/p>\n<p><strong>Carga hor\u00e1ria total: <\/strong>3.000 horas<\/p>\n<p><strong>Integraliza\u00e7\u00e3o curricular m\u00ednima<\/strong>: 4 anos (8 semestres)&nbsp;<\/p>\n<p><strong>Integraliza\u00e7\u00e3o curricular m\u00e1xima<\/strong>:&nbsp;6 anos (12 semestres)<\/p>\n<p><strong>Diploma Concedido<\/strong>: Bacharel em Publicidade e Propaganda<\/p>\n<p><strong>Coordenador do Curso<\/strong>: Professor Doutor Aryovaldo de Castro Azevedo Junior<\/p>\n<p><strong>Fone: (41) 3313-2019<\/strong><\/p>\n<p><strong>Email<\/strong>: <a href=\"mailto:ccosufpr@gmail.com\" target=\"_blank\" rel=\"noopener\">ccosufpr@gmail.com<\/a><\/p>\n<p>&nbsp;<\/p>\n<p>&nbsp;<\/p>\n","protected":false},"excerpt":{"rendered":"<p>Denomina\u00e7\u00e3o: Bacharelado em Publicidade e Propaganda Modalidade: Presencial Regime: Semestral Local de oferta: Setor de Artes, Comunica\u00e7\u00e3o e Design | Campus Juvev\u00ea (Rua Bom Jesus 650, Juvev\u00ea &nbsp;&#8211; Curitiba\/PR) Turno: Matutino e Noturno &#8211; MN N\u00famero de vagas\/ano: 30 por processo seletivo anual (vestibular\/SISU) Carga hor\u00e1ria total: 3.000 horas Integraliza\u00e7\u00e3o curricular m\u00ednima: 4 anos (8 [&hellip;]<\/p>\n","protected":false},"author":7,"featured_media":0,"parent":0,"menu_order":0,"comment_status":"closed","ping_status":"closed","template":"","meta":{"_acf_changed":false,"ngg_post_thumbnail":0,"footnotes":""},"class_list":["post-1754","page","type-page","status-publish","hentry"],"acf":[],"_links":{"self":[{"href":"https:\/\/sacod.ufpr.br\/comunicacao\/wp-json\/wp\/v2\/pages\/1754","targetHints":{"allow":["GET"]}}],"collection":[{"href":"https:\/\/sacod.ufpr.br\/comunicacao\/wp-json\/wp\/v2\/pages"}],"about":[{"href":"https:\/\/sacod.ufpr.br\/comunicacao\/wp-json\/wp\/v2\/types\/page"}],"author":[{"embeddable":true,"href":"https:\/\/sacod.ufpr.br\/comunicacao\/wp-json\/wp\/v2\/users\/7"}],"replies":[{"embeddable":true,"href":"https:\/\/sacod.ufpr.br\/comunicacao\/wp-json\/wp\/v2\/comments?post=1754"}],"version-history":[{"count":7,"href":"https:\/\/sacod.ufpr.br\/comunicacao\/wp-json\/wp\/v2\/pages\/1754\/revisions"}],"predecessor-version":[{"id":2883,"href":"https:\/\/sacod.ufpr.br\/comunicacao\/wp-json\/wp\/v2\/pages\/1754\/revisions\/2883"}],"wp:attachment":[{"href":"https:\/\/sacod.ufpr.br\/comunicacao\/wp-json\/wp\/v2\/media?parent=1754"}],"curies":[{"name":"wp","href":"https:\/\/api.w.org\/{rel}","templated":true}]}}