{"id":1732,"date":"2017-02-10T08:05:42","date_gmt":"2017-02-10T11:05:42","guid":{"rendered":"https:\/\/sacod.ufpr.br\/comunicacao\/?page_id=1732"},"modified":"2020-01-20T16:04:30","modified_gmt":"2020-01-20T19:04:30","slug":"168-a-curso-de-relacoes-publicas","status":"publish","type":"page","link":"https:\/\/sacod.ufpr.br\/comunicacao\/168-a-curso-de-relacoes-publicas\/","title":{"rendered":"168 A &#8211; Curso de Rela\u00e7\u00f5es P\u00fablicas"},"content":{"rendered":"<p><strong>Denomina\u00e7\u00e3o: <\/strong>Bacharelado em Rela\u00e7\u00f5es P\u00fablicas<\/p>\n<p><strong>Modalidade: <\/strong>Presencial<\/p>\n<p><strong>Regime: <\/strong>Semestral<\/p>\n<p><strong>Local de oferta: <\/strong>Setor de Artes, Comunica\u00e7\u00e3o e Design | Campus Juvev\u00ea (Rua Bom Jesus 650 , Juvev\u00ea &#8211; Curitiba\/PR)<\/p>\n<p><strong>Turno: <\/strong>Matutino (com aulas eventuais no per\u00edodo noturno)<\/p>\n<p><strong>&nbsp;N\u00famero de vagas\/ano: <\/strong>30 por processo seletivo anual (vestibular\/SISU)<\/p>\n<p><strong>Carga hor\u00e1ria total: <\/strong>3.205 horas (o m\u00ednimo pela portaria 595\/2010 de 24\/05\/2010 do MEC\/CNE\/CES \u00e9 de 3.200 horas)<\/p>\n<p><strong>Integraliza\u00e7\u00e3o curricular m\u00ednima<\/strong>: 4 anos (8 semestres)&nbsp;<\/p>\n<p><strong>Integraliza\u00e7\u00e3o curricular m\u00e1xima<\/strong>:&nbsp;6 anos (12 semestres)<\/p>\n<p><strong>Diploma Concedido<\/strong>: Bacharel em Rela\u00e7\u00f5es P\u00fablicas<\/p>\n<p><strong>Coordenador do Curso<\/strong>:&nbsp;Professor Doutor Jair Ant\u00f4nio Oliveira<\/p>\n<p><strong>Fone:<\/strong>&nbsp;(41) 3313-2019<\/p>\n<p><strong>E-mail<\/strong>:&nbsp;<a href=\"mailto:ccosrp@ufpr.br\" target=\"_blank\" rel=\"noopener\">ccosrp@ufpr.br<\/a><\/p>\n","protected":false},"excerpt":{"rendered":"<p>Denomina\u00e7\u00e3o: Bacharelado em Rela\u00e7\u00f5es P\u00fablicas Modalidade: Presencial Regime: Semestral Local de oferta: Setor de Artes, Comunica\u00e7\u00e3o e Design | Campus Juvev\u00ea (Rua Bom Jesus 650 , Juvev\u00ea &#8211; Curitiba\/PR) Turno: Matutino (com aulas eventuais no per\u00edodo noturno) &nbsp;N\u00famero de vagas\/ano: 30 por processo seletivo anual (vestibular\/SISU) Carga hor\u00e1ria total: 3.205 horas (o m\u00ednimo pela portaria [&hellip;]<\/p>\n","protected":false},"author":7,"featured_media":0,"parent":0,"menu_order":0,"comment_status":"closed","ping_status":"closed","template":"","meta":{"_acf_changed":false,"ngg_post_thumbnail":0,"footnotes":""},"class_list":["post-1732","page","type-page","status-publish","hentry"],"acf":[],"_links":{"self":[{"href":"https:\/\/sacod.ufpr.br\/comunicacao\/wp-json\/wp\/v2\/pages\/1732","targetHints":{"allow":["GET"]}}],"collection":[{"href":"https:\/\/sacod.ufpr.br\/comunicacao\/wp-json\/wp\/v2\/pages"}],"about":[{"href":"https:\/\/sacod.ufpr.br\/comunicacao\/wp-json\/wp\/v2\/types\/page"}],"author":[{"embeddable":true,"href":"https:\/\/sacod.ufpr.br\/comunicacao\/wp-json\/wp\/v2\/users\/7"}],"replies":[{"embeddable":true,"href":"https:\/\/sacod.ufpr.br\/comunicacao\/wp-json\/wp\/v2\/comments?post=1732"}],"version-history":[{"count":5,"href":"https:\/\/sacod.ufpr.br\/comunicacao\/wp-json\/wp\/v2\/pages\/1732\/revisions"}],"predecessor-version":[{"id":2881,"href":"https:\/\/sacod.ufpr.br\/comunicacao\/wp-json\/wp\/v2\/pages\/1732\/revisions\/2881"}],"wp:attachment":[{"href":"https:\/\/sacod.ufpr.br\/comunicacao\/wp-json\/wp\/v2\/media?parent=1732"}],"curies":[{"name":"wp","href":"https:\/\/api.w.org\/{rel}","templated":true}]}}