{"id":1110,"date":"2015-10-16T18:29:50","date_gmt":"2015-10-16T21:29:50","guid":{"rendered":"https:\/\/sacod.ufpr.br\/comunicacao\/?page_id=1110"},"modified":"2017-05-22T11:24:37","modified_gmt":"2017-05-22T14:24:37","slug":"optativas","status":"publish","type":"page","link":"https:\/\/sacod.ufpr.br\/comunicacao\/168-a-curso-de-relacoes-publicas\/optativas\/","title":{"rendered":"Optativas"},"content":{"rendered":"<p><a href=\"https:\/\/sacod.ufpr.br\/comunicacao\/wp-content\/uploads\/sites\/9\/2015\/10\/OC034-T\u00f3picos-Especiais-em-Teoria-da-Comunica\u00e7\u00e3o-IV.pdf\">OC034 &#8211; T\u00f3picos Especiais em Teoria da Comunica\u00e7\u00e3o IV<\/a><\/p>\n<p><a href=\"https:\/\/sacod.ufpr.br\/comunicacao\/wp-content\/uploads\/sites\/9\/2015\/10\/OC035-T\u00f3picos-Especiais-em-Teoria-da-Comunica\u00e7\u00e3o-V.pdf\">OC035 &#8211; T\u00f3picos Especiais em Teoria da Comunica\u00e7\u00e3o V<\/a><\/p>\n<p><a href=\"https:\/\/sacod.ufpr.br\/comunicacao\/wp-content\/uploads\/sites\/9\/2015\/10\/OC038-T\u00f3picos-Especiais-de-Teoria-da-Comunica\u00e7\u00e3o.pdf\">OC038 &#8211; T\u00f3picos Especiais de Teoria da Comunica\u00e7\u00e3o<\/a><\/p>\n<p><a href=\"https:\/\/sacod.ufpr.br\/comunicacao\/wp-content\/uploads\/sites\/9\/2015\/10\/OC039-Teoria-da-Interpreta\u00e7\u00e3o.pdf\">OC039 &#8211; Teoria da Interpreta\u00e7\u00e3o<\/a><\/p>\n<p><a href=\"https:\/\/sacod.ufpr.br\/comunicacao\/wp-content\/uploads\/sites\/9\/2015\/10\/OC044-T\u00e9cnicas-Avan\u00e7adas-em-Novas-M\u00eddias.pdf\">OC044 &#8211; T\u00e9cnicas Avan\u00e7adas em Novas M\u00eddias<\/a><\/p>\n<p><a href=\"https:\/\/sacod.ufpr.br\/comunicacao\/wp-content\/uploads\/sites\/9\/2015\/10\/OC051-Topicos-especiais-em-Comunica\u00e7\u00e3o-Sociedade-e-Cultura.pdf\">OC051 Topicos especiais em Comunica\u00e7\u00e3o Sociedade e Cultura<\/a><\/p>\n<p><a href=\"https:\/\/sacod.ufpr.br\/comunicacao\/wp-content\/uploads\/sites\/9\/2015\/10\/OC052-Comunica\u00e7\u00e3o-e-cultura.pdf\">OC052 &#8211; Comunica\u00e7\u00e3o e cultura<\/a><\/p>\n<p><a href=\"https:\/\/sacod.ufpr.br\/comunicacao\/wp-content\/uploads\/sites\/9\/2015\/10\/OC053-Comunica\u00e7\u00e3o-e-Sa\u00fade.pdf\">OC053 &#8211; Comunica\u00e7\u00e3o e Sa\u00fade<\/a><\/p>\n<p><a href=\"https:\/\/sacod.ufpr.br\/comunicacao\/wp-content\/uploads\/sites\/9\/2015\/10\/OC054-Comunica\u00e7\u00e3o-e-Hist\u00f3ria.pdf\">OC054 &#8211; Comunica\u00e7\u00e3o e Hist\u00f3ria<\/a><\/p>\n<p><a href=\"https:\/\/sacod.ufpr.br\/comunicacao\/wp-content\/uploads\/sites\/9\/2015\/10\/OC055-T\u00f3picos-Especiais-em-Comunica\u00e7\u00e3o-e-Linguagem.pdf\">OC055 &#8211; T\u00f3picos Especiais em Comunica\u00e7\u00e3o e Linguagem<\/a><\/p>\n<p><a href=\"https:\/\/sacod.ufpr.br\/comunicacao\/wp-content\/uploads\/sites\/9\/2015\/10\/OC056-Comunica\u00e7\u00e3o-e-Educa\u00e7\u00e3o.pdf\">OC056- Comunica\u00e7\u00e3o e Educa\u00e7\u00e3o<\/a><\/p>\n<p><a href=\"https:\/\/sacod.ufpr.br\/comunicacao\/wp-content\/uploads\/sites\/9\/2015\/10\/OC093-Comunica\u00e7\u00e3o-Popular-e-Alternativa.pdf\">OC093 -Comunica\u00e7\u00e3o Popular e Alternativa<\/a><\/p>\n<p><a href=\"https:\/\/sacod.ufpr.br\/comunicacao\/wp-content\/uploads\/sites\/9\/2015\/10\/OC094-Comunica\u00e7\u00e3o-e-Arte.pdf\">OC094 &#8211; Comunica\u00e7\u00e3o e Arte<\/a><\/p>\n<p><a href=\"https:\/\/sacod.ufpr.br\/comunicacao\/wp-content\/uploads\/sites\/9\/2015\/10\/OC095-Analise-do-Discurso.pdf\">OC095 &#8211; Analise do Discurso<\/a><\/p>\n<p><a href=\"https:\/\/sacod.ufpr.br\/comunicacao\/wp-content\/uploads\/sites\/9\/2015\/10\/OC097-Hist\u00f3ria-do-Cinema.pdf\">OC097 &#8211; Hist\u00f3ria do Cinema<\/a><\/p>\n<p><a href=\"https:\/\/sacod.ufpr.br\/comunicacao\/wp-content\/uploads\/sites\/9\/2015\/10\/OC098-Cinema-I.pdf\">OC098 &#8211; Cinema I<\/a><\/p>\n<p><a href=\"https:\/\/sacod.ufpr.br\/comunicacao\/wp-content\/uploads\/sites\/9\/2015\/10\/OC126-Document\u00e1rio-Audiovisual-I.pdf\">OC126 &#8211; Document\u00e1rio Audiovisual I<\/a><\/p>\n<p><a href=\"https:\/\/sacod.ufpr.br\/comunicacao\/wp-content\/uploads\/sites\/9\/2015\/10\/OC131-Assessoria-de-Imprensa.pdf\">OC131 &#8211; Assessoria de Imprensa<\/a><\/p>\n<p><a href=\"https:\/\/sacod.ufpr.br\/comunicacao\/wp-content\/uploads\/sites\/9\/2015\/10\/OC171-Jornalismo-Especializado-I.pdf\">OC171 &#8211; Jornalismo Especializado I<\/a><\/p>\n<p><a href=\"https:\/\/sacod.ufpr.br\/comunicacao\/wp-content\/uploads\/sites\/9\/2015\/10\/OC176-Jornalizmo-Especializado.pdf\">OC176 &#8211; Jornalizmo Especializado<\/a><\/p>\n<p><a href=\"https:\/\/sacod.ufpr.br\/comunicacao\/wp-content\/uploads\/sites\/9\/2015\/10\/OC177-Jornalismo-Especializado-Comunica\u00e7\u00e3o-e-Meio-Ambiente.pdf\">OC177 &#8211; Jornalismo Especializado &#8211; Comunica\u00e7\u00e3o e Meio Ambiente<\/a><\/p>\n<p><a href=\"https:\/\/sacod.ufpr.br\/comunicacao\/wp-content\/uploads\/sites\/9\/2015\/10\/OC178-Jornalismo-Especializado-VIII-Comunica\u00e7\u00e3o-Alternativa.pdf\">OC178 &#8211; Jornalismo Especializado VIII &#8211; Comunica\u00e7\u00e3o Alternativa<\/a><\/p>\n<p><a href=\"https:\/\/sacod.ufpr.br\/comunicacao\/wp-content\/uploads\/sites\/9\/2015\/10\/OC203-Reda\u00e7\u00e3o-e-Express\u00e3o-Oral-III.pdf\">OC203 &#8211; Reda\u00e7\u00e3o e Express\u00e3o Oral III<\/a><\/p>\n<p><a href=\"https:\/\/sacod.ufpr.br\/comunicacao\/wp-content\/uploads\/sites\/9\/2015\/10\/OC208-Comunica\u00e7\u00e3o-Especializada.pdf\">OC208 &#8211; Comunica\u00e7\u00e3o Especializada<\/a><\/p>\n<p><a href=\"https:\/\/sacod.ufpr.br\/comunicacao\/wp-content\/uploads\/sites\/9\/2015\/10\/OC214-Reda\u00e7\u00e3o-Publicit\u00e1ria-III.pdf\">OC214 &#8211; Reda\u00e7\u00e3o Publicit\u00e1ria III<\/a><\/p>\n<p><a href=\"https:\/\/sacod.ufpr.br\/comunicacao\/wp-content\/uploads\/sites\/9\/2015\/10\/OC235-Radiojornalismo.pdf\">OC235 &#8211; Radiojornalismo<\/a><\/p>\n<p><a href=\"https:\/\/sacod.ufpr.br\/comunicacao\/wp-content\/uploads\/sites\/9\/2015\/10\/OC236-Projeto-Experimental-em-jornalismo.pdf\">OC236 &#8211; Projeto Experimental em jornalismo<\/a><\/p>\n<p><a href=\"https:\/\/sacod.ufpr.br\/comunicacao\/wp-content\/uploads\/sites\/9\/2015\/10\/OC237-Projeto-Experimental-em-Raiojornalismo.pdf\">OC237 &#8211; Projeto Experimental em Raiojornalismo<\/a><\/p>\n<p><a href=\"https:\/\/sacod.ufpr.br\/comunicacao\/wp-content\/uploads\/sites\/9\/2015\/10\/OC245-T\u00e9cnicas-de-Administra\u00e7\u00e3o-em-RP.pdf\">OC245 &#8211; T\u00e9cnicas de Administra\u00e7\u00e3o em RP<\/a><\/p>\n<p><a href=\"https:\/\/sacod.ufpr.br\/comunicacao\/wp-content\/uploads\/sites\/9\/2015\/10\/OC276-Publicidade-e-Sociedade.pdf\">OC276 &#8211; Publicidade e Sociedade<\/a><\/p>\n<p><a href=\"https:\/\/sacod.ufpr.br\/comunicacao\/wp-content\/uploads\/sites\/9\/2015\/10\/OC277-Criatividade-em-Planejamento.pdf\">OC277 &#8211; Criatividade em Planejamento<\/a><\/p>\n<p><a href=\"https:\/\/sacod.ufpr.br\/comunicacao\/wp-content\/uploads\/sites\/9\/2015\/10\/OC278-Promo\u00e7\u00e3o-de-Vendas-e-Merchandising-.pdf\">OC278 &#8211; Promo\u00e7\u00e3o de Vendas e Merchandising<\/a><\/p>\n<p><a href=\"https:\/\/sacod.ufpr.br\/comunicacao\/wp-content\/uploads\/sites\/9\/2015\/10\/OC293-T\u00f3picos-Especiais-em-Marketing.pdf\">OC293 &#8211; T\u00f3picos Especiais em Marketing<\/a><\/p>\n<p><a href=\"https:\/\/sacod.ufpr.br\/comunicacao\/wp-content\/uploads\/sites\/9\/2015\/10\/OC295-Topicos-especiais-de-marketing-III.pdf\">OC295 &#8211; Topicos especiais de marketing III<\/a><\/p>\n<p><a href=\"https:\/\/sacod.ufpr.br\/comunicacao\/wp-content\/uploads\/sites\/9\/2015\/10\/OC318-T\u00f3picos-Especiais-em-Comunica\u00e7\u00e3o-P\u00fablica-cultura-e-media\u00e7\u00f5es.pdf\">OC318 &#8211; T\u00f3picos Especiais em Comunica\u00e7\u00e3o P\u00fablica &#8211; cultura e media\u00e7\u00f5es<\/a><\/p>\n<p><a href=\"https:\/\/sacod.ufpr.br\/comunicacao\/wp-content\/uploads\/sites\/9\/2015\/10\/OC319-T\u00f3picos-Especiais-em-Estudos-Organizacionais.pdf\">OC319 &#8211; T\u00f3picos Especiais em Estudos Organizacionais<\/a><\/p>\n<p><a href=\"https:\/\/sacod.ufpr.br\/comunicacao\/wp-content\/uploads\/sites\/9\/2015\/10\/OC332-T\u00f3picos-Especiais-em-Pragmatica-da-Comunica\u00e7\u00e3o.pdf\">OC332 &#8211; T\u00f3picos Especiais em Pragmatica da Comunica\u00e7\u00e3o<\/a><\/p>\n<p><a href=\"https:\/\/sacod.ufpr.br\/comunicacao\/wp-content\/uploads\/sites\/9\/2015\/10\/OC333-Comportamento-Humano-nas-Organiza\u00e7\u00f5es.pdf\">OC333 &#8211; Comportamento Humano nas Organiza\u00e7\u00f5es<\/a><\/p>\n<p><a href=\"https:\/\/sacod.ufpr.br\/comunicacao\/wp-content\/uploads\/sites\/9\/2015\/10\/OC341-T\u00e9cnicas-de-RP-I.pdf\">OC341 &#8211; T\u00e9cnicas de RP I<\/a><\/p>\n<p><a href=\"https:\/\/sacod.ufpr.br\/comunicacao\/wp-content\/uploads\/sites\/9\/2015\/10\/OC344-T\u00e9cnicas-de-Rela\u00e7\u00f5es-P\u00fablicas-IV.pdf\">OC344 &#8211; T\u00e9cnicas de Rela\u00e7\u00f5es P\u00fablicas IV<\/a><\/p>\n<p><a href=\"https:\/\/sacod.ufpr.br\/comunicacao\/wp-content\/uploads\/sites\/9\/2015\/10\/OC347-T\u00e9cnicas-de-RP-VII.pdf\">OC347 &#8211; T\u00e9cnicas de RP VII<\/a><\/p>\n<p><a href=\"https:\/\/sacod.ufpr.br\/comunicacao\/wp-content\/uploads\/sites\/9\/2015\/10\/OC351-T\u00f3picos-Especiais-em-RP-I.pdf\">OC351 &#8211; T\u00f3picos Especiais em RP I<\/a><\/p>\n<p><a href=\"https:\/\/sacod.ufpr.br\/comunicacao\/wp-content\/uploads\/sites\/9\/2015\/10\/OC357-T\u00f3picos-Especiais-em-Rela\u00e7\u00f5es-Publicas-VII-.pdf\">OC357 &#8211; T\u00f3picos Especiais em Rela\u00e7\u00f5es Publicas\u00a0<\/a><\/p>\n","protected":false},"excerpt":{"rendered":"<p>OC034 &#8211; T\u00f3picos Especiais em Teoria da Comunica\u00e7\u00e3o IV OC035 &#8211; T\u00f3picos Especiais em Teoria da Comunica\u00e7\u00e3o V OC038 &#8211; T\u00f3picos Especiais de Teoria da Comunica\u00e7\u00e3o OC039 &#8211; Teoria da Interpreta\u00e7\u00e3o OC044 &#8211; T\u00e9cnicas Avan\u00e7adas em Novas M\u00eddias OC051 Topicos especiais em Comunica\u00e7\u00e3o Sociedade e Cultura OC052 &#8211; Comunica\u00e7\u00e3o e cultura OC053 &#8211; Comunica\u00e7\u00e3o e [&hellip;]<\/p>\n","protected":false},"author":7,"featured_media":0,"parent":1732,"menu_order":0,"comment_status":"open","ping_status":"open","template":"","meta":{"_acf_changed":false,"ngg_post_thumbnail":0,"footnotes":""},"class_list":["post-1110","page","type-page","status-publish","hentry"],"acf":[],"_links":{"self":[{"href":"https:\/\/sacod.ufpr.br\/comunicacao\/wp-json\/wp\/v2\/pages\/1110","targetHints":{"allow":["GET"]}}],"collection":[{"href":"https:\/\/sacod.ufpr.br\/comunicacao\/wp-json\/wp\/v2\/pages"}],"about":[{"href":"https:\/\/sacod.ufpr.br\/comunicacao\/wp-json\/wp\/v2\/types\/page"}],"author":[{"embeddable":true,"href":"https:\/\/sacod.ufpr.br\/comunicacao\/wp-json\/wp\/v2\/users\/7"}],"replies":[{"embeddable":true,"href":"https:\/\/sacod.ufpr.br\/comunicacao\/wp-json\/wp\/v2\/comments?post=1110"}],"version-history":[{"count":3,"href":"https:\/\/sacod.ufpr.br\/comunicacao\/wp-json\/wp\/v2\/pages\/1110\/revisions"}],"predecessor-version":[{"id":1158,"href":"https:\/\/sacod.ufpr.br\/comunicacao\/wp-json\/wp\/v2\/pages\/1110\/revisions\/1158"}],"up":[{"embeddable":true,"href":"https:\/\/sacod.ufpr.br\/comunicacao\/wp-json\/wp\/v2\/pages\/1732"}],"wp:attachment":[{"href":"https:\/\/sacod.ufpr.br\/comunicacao\/wp-json\/wp\/v2\/media?parent=1110"}],"curies":[{"name":"wp","href":"https:\/\/api.w.org\/{rel}","templated":true}]}}