{"id":1023,"date":"2015-10-16T18:14:18","date_gmt":"2015-10-16T21:14:18","guid":{"rendered":"https:\/\/sacod.ufpr.br\/comunicacao\/?page_id=1023"},"modified":"2017-05-22T11:35:20","modified_gmt":"2017-05-22T14:35:20","slug":"publicidade-e-propaganda","status":"publish","type":"page","link":"https:\/\/sacod.ufpr.br\/comunicacao\/curso-de-comunicacao-social-2\/publicidade-e-propaganda\/","title":{"rendered":"Publicidade e Propaganda"},"content":{"rendered":"<p><a href=\"https:\/\/sacod.ufpr.br\/comunicacao\/wp-content\/uploads\/sites\/9\/2015\/10\/OC200-Est\u00e1gio-Supervisionado-em-PP.pdf\">OC200 Est\u00e1gio Supervisionado em PP<\/a><\/p>\n<p><a href=\"https:\/\/sacod.ufpr.br\/comunicacao\/wp-content\/uploads\/sites\/9\/2015\/10\/OC215-planejamento-de-comunica\u00e7\u00e3o.pdf\">OC215 &#8211; planejamento de comunica\u00e7\u00e3o<\/a><\/p>\n<p><a href=\"https:\/\/sacod.ufpr.br\/comunicacao\/wp-content\/uploads\/sites\/9\/2015\/10\/OC261-Cria\u00e7\u00e3o-Publicit\u00e1ria-I-.pdf\">OC261 &#8211; Cria\u00e7\u00e3o Publicit\u00e1ria I<\/a><\/p>\n<p><a href=\"https:\/\/sacod.ufpr.br\/comunicacao\/wp-content\/uploads\/sites\/9\/2015\/10\/OC262-Cria\u00e7\u00e3o-Publicit\u00e1ria-II.pdf\">OC262 &#8211; Cria\u00e7\u00e3o Publicit\u00e1ria II<\/a><\/p>\n<p><a href=\"https:\/\/sacod.ufpr.br\/comunicacao\/wp-content\/uploads\/sites\/9\/2015\/10\/OC263-T\u00e9cnicas-de-Veicula\u00e7\u00e3o-.pdf\">OC263 &#8211; T\u00e9cnicas de Veicula\u00e7\u00e3o<\/a><\/p>\n<p><a href=\"https:\/\/sacod.ufpr.br\/comunicacao\/wp-content\/uploads\/sites\/9\/2015\/10\/OC267-Foto-Publicit\u00e1ria-.pdf\">OC267 &#8211; Foto Publicit\u00e1ria<\/a><\/p>\n<p><a href=\"https:\/\/sacod.ufpr.br\/comunicacao\/wp-content\/uploads\/sites\/9\/2015\/10\/OC270-Introdu\u00e7\u00e3o-a-Publicidade-e-Propaganda.pdf\">OC270 &#8211; Introdu\u00e7\u00e3o a Publicidade e Propaganda<\/a><\/p>\n<p><a href=\"https:\/\/sacod.ufpr.br\/comunicacao\/wp-content\/uploads\/sites\/9\/2015\/10\/OC271-Psicologia-do-Consumidor.pdf\">OC271 &#8211; Psicologia do Consumidor<\/a><\/p>\n<p><a href=\"https:\/\/sacod.ufpr.br\/comunicacao\/wp-content\/uploads\/sites\/9\/2015\/10\/OC272-Introdu\u00e7\u00e3o-ao-Marketing.pdf\">OC272 &#8211; Introdu\u00e7\u00e3o ao Marketing<\/a><\/p>\n<p><a href=\"https:\/\/sacod.ufpr.br\/comunicacao\/wp-content\/uploads\/sites\/9\/2015\/10\/OC273-Elabora\u00e7\u00e3o-de-Planos-de-Marketing-.pdf\">OC273 &#8211; Elabora\u00e7\u00e3o de Planos de Marketing<\/a><\/p>\n<p><a href=\"https:\/\/sacod.ufpr.br\/comunicacao\/wp-content\/uploads\/sites\/9\/2015\/10\/OC282-Redacao-publicitaria-II.pdf\">OC282 &#8211; Redacao publicitaria II<\/a><\/p>\n<p><a href=\"https:\/\/sacod.ufpr.br\/comunicacao\/wp-content\/uploads\/sites\/9\/2015\/10\/OC283-Programa\u00e7\u00e3o-Visual-I-.pdf\">OC283 &#8211; Programa\u00e7\u00e3o Visual I<\/a><\/p>\n<p><a href=\"https:\/\/sacod.ufpr.br\/comunicacao\/wp-content\/uploads\/sites\/9\/2015\/10\/OC284-Programa\u00e7\u00e3o-Visual-II.pdf\">OC284 &#8211; Programa\u00e7\u00e3o Visual II<\/a><\/p>\n<p><a href=\"https:\/\/sacod.ufpr.br\/comunicacao\/wp-content\/uploads\/sites\/9\/2015\/10\/OC285-Produ\u00e7\u00e3o-Publicit\u00e1ria-em-TV-e-Cinema.pdf\">OC285 &#8211; Produ\u00e7\u00e3o Publicit\u00e1ria em TV e Cinema<\/a><\/p>\n<p><a href=\"https:\/\/sacod.ufpr.br\/comunicacao\/wp-content\/uploads\/sites\/9\/2015\/10\/OC286-Produ\u00e7\u00e3o-Publicit\u00e1ria-em-Audio.pdf\">OC286 &#8211; Produ\u00e7\u00e3o Publicit\u00e1ria em Audio<\/a><\/p>\n<p><a href=\"https:\/\/sacod.ufpr.br\/comunicacao\/wp-content\/uploads\/sites\/9\/2015\/10\/OC290-Etica-e-Legisla\u00e7\u00e3o-em-Publicidade-e-Propaganda-.pdf\">OC290 &#8211; Etica e Legisla\u00e7\u00e3o em Publicidade e Propaganda<\/a><\/p>\n<p><a href=\"https:\/\/sacod.ufpr.br\/comunicacao\/wp-content\/uploads\/sites\/9\/2015\/10\/OC296-Trabalho-de-Conclus\u00e3o-de-Curso-em-PP-I.pdf\">OC296 &#8211; Trabalho de Conclus\u00e3o de Curso em PP I<\/a><\/p>\n<p><a href=\"https:\/\/sacod.ufpr.br\/comunicacao\/wp-content\/uploads\/sites\/9\/2015\/10\/OC297-Trabalho-de-Conclus\u00e3o-de-Curso-em-PP-II.pdf\">OC297 &#8211; Trabalho de Conclus\u00e3o de Curso em PP II<\/a><\/p>\n","protected":false},"excerpt":{"rendered":"<p>OC200 Est\u00e1gio Supervisionado em PP OC215 &#8211; planejamento de comunica\u00e7\u00e3o OC261 &#8211; Cria\u00e7\u00e3o Publicit\u00e1ria I OC262 &#8211; Cria\u00e7\u00e3o Publicit\u00e1ria II OC263 &#8211; T\u00e9cnicas de Veicula\u00e7\u00e3o OC267 &#8211; Foto Publicit\u00e1ria OC270 &#8211; Introdu\u00e7\u00e3o a Publicidade e Propaganda OC271 &#8211; Psicologia do Consumidor OC272 &#8211; Introdu\u00e7\u00e3o ao Marketing OC273 &#8211; Elabora\u00e7\u00e3o de Planos de Marketing OC282 &#8211; [&hellip;]<\/p>\n","protected":false},"author":7,"featured_media":0,"parent":1656,"menu_order":0,"comment_status":"open","ping_status":"open","template":"","meta":{"_acf_changed":false,"ngg_post_thumbnail":0,"footnotes":""},"class_list":["post-1023","page","type-page","status-publish","hentry"],"acf":[],"_links":{"self":[{"href":"https:\/\/sacod.ufpr.br\/comunicacao\/wp-json\/wp\/v2\/pages\/1023","targetHints":{"allow":["GET"]}}],"collection":[{"href":"https:\/\/sacod.ufpr.br\/comunicacao\/wp-json\/wp\/v2\/pages"}],"about":[{"href":"https:\/\/sacod.ufpr.br\/comunicacao\/wp-json\/wp\/v2\/types\/page"}],"author":[{"embeddable":true,"href":"https:\/\/sacod.ufpr.br\/comunicacao\/wp-json\/wp\/v2\/users\/7"}],"replies":[{"embeddable":true,"href":"https:\/\/sacod.ufpr.br\/comunicacao\/wp-json\/wp\/v2\/comments?post=1023"}],"version-history":[{"count":3,"href":"https:\/\/sacod.ufpr.br\/comunicacao\/wp-json\/wp\/v2\/pages\/1023\/revisions"}],"predecessor-version":[{"id":1109,"href":"https:\/\/sacod.ufpr.br\/comunicacao\/wp-json\/wp\/v2\/pages\/1023\/revisions\/1109"}],"up":[{"embeddable":true,"href":"https:\/\/sacod.ufpr.br\/comunicacao\/wp-json\/wp\/v2\/pages\/1656"}],"wp:attachment":[{"href":"https:\/\/sacod.ufpr.br\/comunicacao\/wp-json\/wp\/v2\/media?parent=1023"}],"curies":[{"name":"wp","href":"https:\/\/api.w.org\/{rel}","templated":true}]}}